{"id":1669,"date":"2024-07-12T10:36:38","date_gmt":"2024-07-12T10:36:38","guid":{"rendered":"https:\/\/grupo.us.es\/estygeotec\/publications\/articles-copy\/"},"modified":"2025-05-19T15:49:58","modified_gmt":"2025-05-19T15:49:58","slug":"books","status":"publish","type":"page","link":"https:\/\/grupo.us.es\/estygeotec\/publications\/books\/","title":{"rendered":"Books"},"content":{"rendered":"\t\t<div data-elementor-type=\"wp-page\" data-elementor-id=\"1669\" class=\"elementor elementor-1669\" data-elementor-post-type=\"page\">\n\t\t\t\t<div class=\"elementor-element elementor-element-251fefe e-flex e-con-boxed e-con e-parent\" data-id=\"251fefe\" data-element_type=\"container\" data-e-type=\"container\">\n\t\t\t\t\t<div class=\"e-con-inner\">\n\t\t<div class=\"elementor-element elementor-element-6512caa e-flex e-con-boxed e-con e-child\" data-id=\"6512caa\" data-element_type=\"container\" data-e-type=\"container\">\n\t\t\t\t\t<div class=\"e-con-inner\">\n\t\t\t\t<div class=\"elementor-element elementor-element-74d9266 elementor-widget elementor-widget-text-editor\" data-id=\"74d9266\" data-element_type=\"widget\" data-e-type=\"widget\" data-widget_type=\"text-editor.default\">\n\t\t\t\t<div class=\"elementor-widget-container\">\n\t\t\t\t\t\t\t\t\t<p>\n<table id=\"tablepress-3\" class=\"tablepress tablepress-id-3\">\n<thead>\n<tr class=\"row-1\">\n\t<th class=\"column-1\">Year<\/th><th class=\"column-2\">Title<\/th><th class=\"column-3\">Authors<\/th><th class=\"column-4\">Editorial<\/th><th class=\"column-5\">SPI<\/th><th class=\"column-6\">Research topics<\/th>\n<\/tr>\n<\/thead>\n<tbody class=\"row-striping row-hover\">\n<tr class=\"row-2\">\n\t<td class=\"column-1\">2022<\/td><td class=\"column-2\"><a href=\"https:\/\/prisma.us.es\/publicacion\/216135\" target=\"_blank\">Resistencia de materiales: Teor\u00eda<\/a><\/td><td class=\"column-3\">Zapico Valle, JL; Garc\u00eda Di\u00e9guez, M; <a href=\"https:\/\/grupo.us.es\/estygeotec\/beatriz-zapico-blanco\/\" target=\"_blank\">Zapico Blanco, B<\/a><\/td><td class=\"column-4\">Bellisco Ediciones<\/td><td class=\"column-5\">&#8211;<\/td><td class=\"column-6\">Engineering and Architecture Education<\/td>\n<\/tr>\n<tr class=\"row-3\">\n\t<td class=\"column-1\">2021<\/td><td class=\"column-2\"><a href=\"https:\/\/prisma.us.es\/publicacion\/194594\" target=\"_blank\">Guia pr\u00e1tico escola resiliente aos sismos<\/a><\/td><td class=\"column-3\">Amaral Ferreira, M; Sousa Oliveira, C; Estevao, J; <a href=\"https:\/\/grupo.us.es\/estygeotec\/antonio-morales-esteban\/\" target=\"_blank\">Morales Esteban, A<\/a>; <a href=\"https:\/\/grupo.us.es\/estygeotec\/beatriz-zapico-blanco\/\" target=\"_blank\">Zapico Blanco, B<\/a>; <a href=\"https:\/\/grupo.us.es\/estygeotec\/emilio-romero-sanchez-ers\/\" target=\"_blank\">Romero Sanchez, E<\/a>; De Miguel Rodriguez, J; <a href=\"https:\/\/grupo.us.es\/estygeotec\/maria-victoria-requena-garcia-de-la-cruz-mvr\/\" target=\"_blank\">Requena-Garcia-Cruz, MV<\/a>; S\u00e1, L<\/td><td class=\"column-4\">Universidad de Sevilla<\/td><td class=\"column-5\">Q2<\/td><td class=\"column-6\">Engineering and Architecture Education<\/td>\n<\/tr>\n<tr class=\"row-4\">\n\t<td class=\"column-1\">2021<\/td><td class=\"column-2\"><a href=\"https:\/\/prisma.us.es\/publicacion\/194588\" target=\"_blank\">Por que \u00e9 que o ch\u00e3o se move?<\/a><\/td><td class=\"column-3\">Amaral Ferreira, M; Sousa Oliveira, C; Estevao, J; <a href=\"https:\/\/grupo.us.es\/estygeotec\/antonio-morales-esteban\/\" target=\"_blank\">Morales Esteban, A<\/a>; <a href=\"https:\/\/grupo.us.es\/estygeotec\/beatriz-zapico-blanco\/\" target=\"_blank\">Zapico Blanco, B<\/a>; <a href=\"https:\/\/grupo.us.es\/estygeotec\/emilio-romero-sanchez-ers\/\" target=\"_blank\">Romero Sanchez, E<\/a>; De Miguel Rodriguez, J; <a href=\"https:\/\/grupo.us.es\/estygeotec\/maria-victoria-requena-garcia-de-la-cruz-mvr\/\" target=\"_blank\">Requena-Garcia-Cruz, MV<\/a>; S\u00e1, L<\/td><td class=\"column-4\">Universidad de Sevilla<\/td><td class=\"column-5\">Q2<\/td><td class=\"column-6\">Engineering and Architecture Education<\/td>\n<\/tr>\n<tr class=\"row-5\">\n\t<td class=\"column-1\">2021<\/td><td class=\"column-2\"><a href=\"https:\/\/prisma.us.es\/publicacion\/194583\" target=\"_blank\">Practical guide for Earthquake resilient schools<\/a><\/td><td class=\"column-3\">Amaral Ferreira, M; Sousa Oliveira, C; Estevao, J; <a href=\"https:\/\/grupo.us.es\/estygeotec\/antonio-morales-esteban\/\" target=\"_blank\">Morales Esteban, A<\/a>; <a href=\"https:\/\/grupo.us.es\/estygeotec\/beatriz-zapico-blanco\/\" target=\"_blank\">Zapico Blanco, B<\/a>; <a href=\"https:\/\/grupo.us.es\/estygeotec\/emilio-romero-sanchez-ers\/\" target=\"_blank\">Romero Sanchez, E<\/a>; De Miguel Rodriguez, J; <a href=\"https:\/\/grupo.us.es\/estygeotec\/maria-victoria-requena-garcia-de-la-cruz-mvr\/\" target=\"_blank\">Requena-Garcia-Cruz, MV<\/a>; S\u00e1, L<\/td><td class=\"column-4\">Universidad de Sevilla<\/td><td class=\"column-5\">Q2<\/td><td class=\"column-6\">Engineering and Architecture Education<\/td>\n<\/tr>\n<tr class=\"row-6\">\n\t<td class=\"column-1\">2021<\/td><td class=\"column-2\"><a href=\"https:\/\/prisma.us.es\/publicacion\/228997\" target=\"_blank\">Rehabilitaci\u00f3n s\u00edsmica estructural de colegios de Educaci\u00f3n Primaria<\/a><\/td><td class=\"column-3\"><a href=\"https:\/\/grupo.us.es\/estygeotec\/antonio-morales-esteban\/\" target=\"_blank\">Morales Esteban, A<\/a>; <a href=\"https:\/\/grupo.us.es\/estygeotec\/emilio-romero-sanchez-ers\/\" target=\"_blank\">Romero Sanchez, E<\/a>;  <a href=\"https:\/\/grupo.us.es\/estygeotec\/beatriz-zapico-blanco\/\" target=\"_blank\">Zapico Blanco, B<\/a>; <a href=\"https:\/\/grupo.us.es\/estygeotec\/maria-victoria-requena-garcia-de-la-cruz-mvr\/\" target=\"_blank\">Requena-Garcia-Cruz, MV<\/a>; De Miguel Rodriguez, J; Estevao, J<\/td><td class=\"column-4\">Universidad de Sevilla<\/td><td class=\"column-5\">Q2<\/td><td class=\"column-6\">Seismic Hazard and Vulnerability<\/td>\n<\/tr>\n<tr class=\"row-7\">\n\t<td class=\"column-1\">2021<\/td><td class=\"column-2\"><a href=\"https:\/\/prisma.us.es\/publicacion\/194264\" target=\"_blank\">Schools, Seismicity and Retrofitting<\/a><\/td><td class=\"column-3\"><a href=\"https:\/\/grupo.us.es\/estygeotec\/antonio-morales-esteban\/\" target=\"_blank\">Morales Esteban, A<\/a>; <a href=\"https:\/\/grupo.us.es\/estygeotec\/emilio-romero-sanchez-ers\/\" target=\"_blank\">Romero Sanchez, E<\/a>;  <a href=\"https:\/\/grupo.us.es\/estygeotec\/beatriz-zapico-blanco\/\" target=\"_blank\">Zapico Blanco, B<\/a>; <a href=\"https:\/\/grupo.us.es\/estygeotec\/maria-victoria-requena-garcia-de-la-cruz-mvr\/\" target=\"_blank\">Requena-Garcia-Cruz, MV<\/a>; De Miguel Rodriguez, J; Estevao, J<\/td><td class=\"column-4\">Universidad de Sevilla<\/td><td class=\"column-5\">Q2<\/td><td class=\"column-6\">Seismic Hazard and Vulnerability<\/td>\n<\/tr>\n<tr class=\"row-8\">\n\t<td class=\"column-1\">2021<\/td><td class=\"column-2\"><a href=\"https:\/\/prisma.us.es\/publicacion\/194295\" target=\"_blank\">Why does the ground shake?<\/a><\/td><td class=\"column-3\">Amaral Ferreira, M; Sousa Oliveira, C; Estevao, J; <a href=\"https:\/\/grupo.us.es\/estygeotec\/antonio-morales-esteban\/\" target=\"_blank\">Morales Esteban, A<\/a>; <a href=\"https:\/\/grupo.us.es\/estygeotec\/beatriz-zapico-blanco\/\" target=\"_blank\">Zapico Blanco, B<\/a>; <a href=\"https:\/\/grupo.us.es\/estygeotec\/emilio-romero-sanchez-ers\/\" target=\"_blank\">Romero Sanchez, E<\/a>; De Miguel Rodriguez, J; <a href=\"https:\/\/grupo.us.es\/estygeotec\/maria-victoria-requena-garcia-de-la-cruz-mvr\/\" target=\"_blank\">Requena-Garcia-Cruz, MV<\/a>; S\u00e1, L<\/td><td class=\"column-4\">Universidad de Sevilla<\/td><td class=\"column-5\">Q2<\/td><td class=\"column-6\">Engineering and Architecture Education<\/td>\n<\/tr>\n<tr class=\"row-9\">\n\t<td class=\"column-1\">2020<\/td><td class=\"column-2\"><a href=\"https:\/\/prisma.us.es\/publicacion\/194598\" target=\"_blank\">\u00bfPor qu\u00e9 se mueve el suelo?<\/a><\/td><td class=\"column-3\">Amaral Ferreira, M; Sousa Oliveira, C; Estevao, J; <a href=\"https:\/\/grupo.us.es\/estygeotec\/antonio-morales-esteban\/\" target=\"_blank\">Morales Esteban, A<\/a>; <a href=\"https:\/\/grupo.us.es\/estygeotec\/beatriz-zapico-blanco\/\" target=\"_blank\">Zapico Blanco, B<\/a>; <a href=\"https:\/\/grupo.us.es\/estygeotec\/emilio-romero-sanchez-ers\/\" target=\"_blank\">Romero Sanchez, E<\/a>; De Miguel Rodriguez, J; <a href=\"https:\/\/grupo.us.es\/estygeotec\/maria-victoria-requena-garcia-de-la-cruz-mvr\/\" target=\"_blank\">Requena-Garcia-Cruz, MV<\/a>; S\u00e1, L<\/td><td class=\"column-4\">Universidad de Sevilla<\/td><td class=\"column-5\">Q2<\/td><td class=\"column-6\">Engineering and Architecture Education<\/td>\n<\/tr>\n<tr class=\"row-10\">\n\t<td class=\"column-1\">2020<\/td><td class=\"column-2\"><a href=\"https:\/\/prisma.us.es\/publicacion\/195439\" target=\"_blank\">Gu\u00eda pr\u00e1ctica para un colegio resiliente a los sismos. <\/a><\/td><td class=\"column-3\">Amaral Ferreira, M; Sousa Oliveira, C; Estevao, J; <a href=\"https:\/\/grupo.us.es\/estygeotec\/antonio-morales-esteban\/\" target=\"_blank\">Morales Esteban, A<\/a>; <a href=\"https:\/\/grupo.us.es\/estygeotec\/beatriz-zapico-blanco\/\" target=\"_blank\">Zapico Blanco, B<\/a>; <a href=\"https:\/\/grupo.us.es\/estygeotec\/emilio-romero-sanchez-ers\/\" target=\"_blank\">Romero Sanchez, E<\/a>; De Miguel Rodriguez, J; <a href=\"https:\/\/grupo.us.es\/estygeotec\/maria-victoria-requena-garcia-de-la-cruz-mvr\/\" target=\"_blank\">Requena-Garcia-Cruz, MV<\/a>; S\u00e1, L<\/td><td class=\"column-4\">Universidad de Sevilla<\/td><td class=\"column-5\">Q2<\/td><td class=\"column-6\">Engineering and Architecture Education<\/td>\n<\/tr>\n<tr class=\"row-11\">\n\t<td class=\"column-1\">2010<\/td><td class=\"column-2\"><a href=\"https:\/\/prisma.us.es\/publicacion\/104404\" target=\"_blank\">Seminario de Innovaci\u00f3n Investigaci\u00f3n y Transferencia en la ETSAS: 16 y 17 de junio de 2010), sal\u00f3n de actos o Aula Manuel Trillo : actas<\/a><\/td><td class=\"column-3\"><a href=\"https:\/\/grupo.us.es\/estygeotec\/narciso-jesus-vazquez-carretero-nvc\/\" target=\"_blank\">V\u00e1zquez Carretero, NJ<\/a>; <a href=\"https:\/\/grupo.us.es\/estygeotec\/percy-durand-neyra\/\" target=\"_blank\">Durand Neyra, P<\/a><\/td><td class=\"column-4\">Ministerio de Educaci\u00f3n, Subdirecci\u00f3n General de Documentaci\u00f3n y Publicaciones<\/td><td class=\"column-5\">&#8211;<\/td><td class=\"column-6\">Engineering and Architecture Education<\/td>\n<\/tr>\n<tr class=\"row-12\">\n\t<td class=\"column-1\">2009<\/td><td class=\"column-2\"><a href=\"https:\/\/prisma.us.es\/publicacion\/104403\" target=\"_blank\">Seminario de Innovaci\u00f3n e Investigaci\u00f3n Docente y Nuevas Metodolog\u00edas Docentes: (6 de octubre de 2010)<\/a><\/td><td class=\"column-3\"><a href=\"https:\/\/grupo.us.es\/estygeotec\/narciso-jesus-vazquez-carretero-nvc\/\" target=\"_blank\">V\u00e1zquez Carretero, NJ<\/a>; <a href=\"https:\/\/grupo.us.es\/estygeotec\/percy-durand-neyra\/\" target=\"_blank\">Durand Neyra, P<\/a><\/td><td class=\"column-4\">Universidad de Sevilla<\/td><td class=\"column-5\">Q4<\/td><td class=\"column-6\">Engineering and Architecture Education<\/td>\n<\/tr>\n<tr class=\"row-13\">\n\t<td class=\"column-1\">2009<\/td><td class=\"column-2\">ELASPSD data acquisition and signal generator user manual<\/td><td class=\"column-3\"><a href=\"https:\/\/grupo.us.es\/estygeotec\/beatriz-zapico-blanco\/\" target=\"_blank\">Zapico Blanco, B<\/a>; Molina, FJ<\/td><td class=\"column-4\">European Commission<\/td><td class=\"column-5\">&#8211;<\/td><td class=\"column-6\">Structural Innovation<\/td>\n<\/tr>\n<tr class=\"row-14\">\n\t<td class=\"column-1\">2009<\/td><td class=\"column-2\"><a href=\"https:\/\/prisma.us.es\/publicacion\/195799\" target=\"_blank\">Data acquisition and signal generator examples annex<\/a><\/td><td class=\"column-3\"><a href=\"https:\/\/grupo.us.es\/estygeotec\/beatriz-zapico-blanco\/\" target=\"_blank\">Zapico Blanco, B<\/a>; Molina, FJ<\/td><td class=\"column-4\">European Commission<\/td><td class=\"column-5\">&#8211;<\/td><td class=\"column-6\">Structural Innovation<\/td>\n<\/tr>\n<tr class=\"row-15\">\n\t<td class=\"column-1\">2009<\/td><td class=\"column-2\"><a href=\"https:\/\/prisma.us.es\/publicacion\/195798\" target=\"_blank\">Master configuration files annex<\/a><\/td><td class=\"column-3\"><a href=\"https:\/\/grupo.us.es\/estygeotec\/beatriz-zapico-blanco\/\" target=\"_blank\">Zapico Blanco, B<\/a>; Molina, FJ<\/td><td class=\"column-4\">European Commission<\/td><td class=\"column-5\">&#8211;<\/td><td class=\"column-6\">Structural Innovation<\/td>\n<\/tr>\n<tr class=\"row-16\">\n\t<td class=\"column-1\">2008<\/td><td class=\"column-2\"><a href=\"https:\/\/prisma.us.es\/publicacion\/194388\" target=\"_blank\">ELSAPSD New Testing Algorithm Applicable to Cyclic and Pseudo-Dynamic Experiments User Manual<\/a><\/td><td class=\"column-3\"><a href=\"https:\/\/grupo.us.es\/estygeotec\/beatriz-zapico-blanco\/\" target=\"_blank\">Zapico Blanco, B<\/a>; Molina, FJ<\/td><td class=\"column-4\">European Commission<\/td><td class=\"column-5\">&#8211;<\/td><td class=\"column-6\">Structural Innovation<\/td>\n<\/tr>\n<\/tbody>\n<\/table>\n<\/p>\t\t\t\t\t\t\t\t<\/div>\n\t\t\t\t<\/div>\n\t\t\t\t\t<\/div>\n\t\t\t\t<\/div>\n\t\t\t\t\t<\/div>\n\t\t\t\t<\/div>\n\t\t\t\t<\/div>\n\t\t","protected":false},"excerpt":{"rendered":"","protected":false},"author":5,"featured_media":0,"parent":720,"menu_order":0,"comment_status":"closed","ping_status":"closed","template":"","meta":{"_acf_changed":false,"footnotes":""},"class_list":["post-1669","page","type-page","status-publish","hentry"],"acf":[],"yoast_head":"<!-- This site is optimized with the Yoast SEO plugin v27.3 - https:\/\/yoast.com\/product\/yoast-seo-wordpress\/ -->\n<title>Books - TEP-107: Structures and Geotechnics<\/title>\n<meta name=\"robots\" content=\"index, follow, max-snippet:-1, max-image-preview:large, max-video-preview:-1\" \/>\n<link rel=\"canonical\" href=\"https:\/\/grupo.us.es\/estygeotec\/publications\/books\/\" \/>\n<meta property=\"og:locale\" content=\"en_GB\" \/>\n<meta property=\"og:type\" content=\"article\" \/>\n<meta property=\"og:title\" content=\"Books - TEP-107: Structures and Geotechnics\" \/>\n<meta property=\"og:url\" content=\"https:\/\/grupo.us.es\/estygeotec\/publications\/books\/\" \/>\n<meta property=\"og:site_name\" content=\"TEP-107: Structures and Geotechnics\" \/>\n<meta property=\"article:modified_time\" content=\"2025-05-19T15:49:58+00:00\" \/>\n<meta name=\"twitter:card\" content=\"summary_large_image\" \/>\n<meta name=\"twitter:label1\" content=\"Estimated reading time\" \/>\n\t<meta name=\"twitter:data1\" content=\"3 minutes\" \/>\n<script type=\"application\/ld+json\" class=\"yoast-schema-graph\">{\"@context\":\"https:\\\/\\\/schema.org\",\"@graph\":[{\"@type\":\"WebPage\",\"@id\":\"https:\\\/\\\/grupo.us.es\\\/estygeotec\\\/publications\\\/books\\\/\",\"url\":\"https:\\\/\\\/grupo.us.es\\\/estygeotec\\\/publications\\\/books\\\/\",\"name\":\"Books - TEP-107: Structures and Geotechnics\",\"isPartOf\":{\"@id\":\"https:\\\/\\\/grupo.us.es\\\/estygeotec\\\/#website\"},\"datePublished\":\"2024-07-12T10:36:38+00:00\",\"dateModified\":\"2025-05-19T15:49:58+00:00\",\"breadcrumb\":{\"@id\":\"https:\\\/\\\/grupo.us.es\\\/estygeotec\\\/publications\\\/books\\\/#breadcrumb\"},\"inLanguage\":\"en-GB\",\"potentialAction\":[{\"@type\":\"ReadAction\",\"target\":[\"https:\\\/\\\/grupo.us.es\\\/estygeotec\\\/publications\\\/books\\\/\"]}]},{\"@type\":\"BreadcrumbList\",\"@id\":\"https:\\\/\\\/grupo.us.es\\\/estygeotec\\\/publications\\\/books\\\/#breadcrumb\",\"itemListElement\":[{\"@type\":\"ListItem\",\"position\":1,\"name\":\"Portada\",\"item\":\"https:\\\/\\\/grupo.us.es\\\/estygeotec\\\/\"},{\"@type\":\"ListItem\",\"position\":2,\"name\":\"Publications\",\"item\":\"https:\\\/\\\/grupo.us.es\\\/estygeotec\\\/publications\\\/\"},{\"@type\":\"ListItem\",\"position\":3,\"name\":\"Books\"}]},{\"@type\":\"WebSite\",\"@id\":\"https:\\\/\\\/grupo.us.es\\\/estygeotec\\\/#website\",\"url\":\"https:\\\/\\\/grupo.us.es\\\/estygeotec\\\/\",\"name\":\"TEP-107: Structures and Geotechnics\",\"description\":\"Research Group\",\"publisher\":{\"@id\":\"https:\\\/\\\/grupo.us.es\\\/estygeotec\\\/#organization\"},\"potentialAction\":[{\"@type\":\"SearchAction\",\"target\":{\"@type\":\"EntryPoint\",\"urlTemplate\":\"https:\\\/\\\/grupo.us.es\\\/estygeotec\\\/?s={search_term_string}\"},\"query-input\":{\"@type\":\"PropertyValueSpecification\",\"valueRequired\":true,\"valueName\":\"search_term_string\"}}],\"inLanguage\":\"en-GB\"},{\"@type\":\"Organization\",\"@id\":\"https:\\\/\\\/grupo.us.es\\\/estygeotec\\\/#organization\",\"name\":\"TEP-107: Structures and Geotechnics\",\"url\":\"https:\\\/\\\/grupo.us.es\\\/estygeotec\\\/\",\"logo\":{\"@type\":\"ImageObject\",\"inLanguage\":\"en-GB\",\"@id\":\"https:\\\/\\\/grupo.us.es\\\/estygeotec\\\/#\\\/schema\\\/logo\\\/image\\\/\",\"url\":\"https:\\\/\\\/grupo.us.es\\\/estygeotec\\\/wp-content\\\/uploads\\\/2025\\\/05\\\/cropped-LOGO-1.png\",\"contentUrl\":\"https:\\\/\\\/grupo.us.es\\\/estygeotec\\\/wp-content\\\/uploads\\\/2025\\\/05\\\/cropped-LOGO-1.png\",\"width\":353,\"height\":102,\"caption\":\"TEP-107: Structures and Geotechnics\"},\"image\":{\"@id\":\"https:\\\/\\\/grupo.us.es\\\/estygeotec\\\/#\\\/schema\\\/logo\\\/image\\\/\"}}]}<\/script>\n<!-- \/ Yoast SEO plugin. -->","yoast_head_json":{"title":"Books - TEP-107: Structures and Geotechnics","robots":{"index":"index","follow":"follow","max-snippet":"max-snippet:-1","max-image-preview":"max-image-preview:large","max-video-preview":"max-video-preview:-1"},"canonical":"https:\/\/grupo.us.es\/estygeotec\/publications\/books\/","og_locale":"en_GB","og_type":"article","og_title":"Books - TEP-107: Structures and Geotechnics","og_url":"https:\/\/grupo.us.es\/estygeotec\/publications\/books\/","og_site_name":"TEP-107: Structures and Geotechnics","article_modified_time":"2025-05-19T15:49:58+00:00","twitter_card":"summary_large_image","twitter_misc":{"Estimated reading time":"3 minutes"},"schema":{"@context":"https:\/\/schema.org","@graph":[{"@type":"WebPage","@id":"https:\/\/grupo.us.es\/estygeotec\/publications\/books\/","url":"https:\/\/grupo.us.es\/estygeotec\/publications\/books\/","name":"Books - TEP-107: Structures and Geotechnics","isPartOf":{"@id":"https:\/\/grupo.us.es\/estygeotec\/#website"},"datePublished":"2024-07-12T10:36:38+00:00","dateModified":"2025-05-19T15:49:58+00:00","breadcrumb":{"@id":"https:\/\/grupo.us.es\/estygeotec\/publications\/books\/#breadcrumb"},"inLanguage":"en-GB","potentialAction":[{"@type":"ReadAction","target":["https:\/\/grupo.us.es\/estygeotec\/publications\/books\/"]}]},{"@type":"BreadcrumbList","@id":"https:\/\/grupo.us.es\/estygeotec\/publications\/books\/#breadcrumb","itemListElement":[{"@type":"ListItem","position":1,"name":"Portada","item":"https:\/\/grupo.us.es\/estygeotec\/"},{"@type":"ListItem","position":2,"name":"Publications","item":"https:\/\/grupo.us.es\/estygeotec\/publications\/"},{"@type":"ListItem","position":3,"name":"Books"}]},{"@type":"WebSite","@id":"https:\/\/grupo.us.es\/estygeotec\/#website","url":"https:\/\/grupo.us.es\/estygeotec\/","name":"TEP-107: Structures and Geotechnics","description":"Research Group","publisher":{"@id":"https:\/\/grupo.us.es\/estygeotec\/#organization"},"potentialAction":[{"@type":"SearchAction","target":{"@type":"EntryPoint","urlTemplate":"https:\/\/grupo.us.es\/estygeotec\/?s={search_term_string}"},"query-input":{"@type":"PropertyValueSpecification","valueRequired":true,"valueName":"search_term_string"}}],"inLanguage":"en-GB"},{"@type":"Organization","@id":"https:\/\/grupo.us.es\/estygeotec\/#organization","name":"TEP-107: Structures and Geotechnics","url":"https:\/\/grupo.us.es\/estygeotec\/","logo":{"@type":"ImageObject","inLanguage":"en-GB","@id":"https:\/\/grupo.us.es\/estygeotec\/#\/schema\/logo\/image\/","url":"https:\/\/grupo.us.es\/estygeotec\/wp-content\/uploads\/2025\/05\/cropped-LOGO-1.png","contentUrl":"https:\/\/grupo.us.es\/estygeotec\/wp-content\/uploads\/2025\/05\/cropped-LOGO-1.png","width":353,"height":102,"caption":"TEP-107: Structures and Geotechnics"},"image":{"@id":"https:\/\/grupo.us.es\/estygeotec\/#\/schema\/logo\/image\/"}}]}},"_links":{"self":[{"href":"https:\/\/grupo.us.es\/estygeotec\/wp-json\/wp\/v2\/pages\/1669","targetHints":{"allow":["GET"]}}],"collection":[{"href":"https:\/\/grupo.us.es\/estygeotec\/wp-json\/wp\/v2\/pages"}],"about":[{"href":"https:\/\/grupo.us.es\/estygeotec\/wp-json\/wp\/v2\/types\/page"}],"author":[{"embeddable":true,"href":"https:\/\/grupo.us.es\/estygeotec\/wp-json\/wp\/v2\/users\/5"}],"replies":[{"embeddable":true,"href":"https:\/\/grupo.us.es\/estygeotec\/wp-json\/wp\/v2\/comments?post=1669"}],"version-history":[{"count":0,"href":"https:\/\/grupo.us.es\/estygeotec\/wp-json\/wp\/v2\/pages\/1669\/revisions"}],"up":[{"embeddable":true,"href":"https:\/\/grupo.us.es\/estygeotec\/wp-json\/wp\/v2\/pages\/720"}],"wp:attachment":[{"href":"https:\/\/grupo.us.es\/estygeotec\/wp-json\/wp\/v2\/media?parent=1669"}],"curies":[{"name":"wp","href":"https:\/\/api.w.org\/{rel}","templated":true}]}}