{"id":1057,"date":"2023-11-09T16:54:07","date_gmt":"2023-11-09T16:54:07","guid":{"rendered":"http:\/\/grupo.us.es\/estygeotec\/?page_id=1057"},"modified":"2025-05-27T16:20:13","modified_gmt":"2025-05-27T16:20:13","slug":"teaching-innovation-projects","status":"publish","type":"page","link":"https:\/\/grupo.us.es\/estygeotec\/teaching-innovation-projects\/","title":{"rendered":"Teaching innovation projects"},"content":{"rendered":"\t\t<div data-elementor-type=\"wp-page\" data-elementor-id=\"1057\" class=\"elementor elementor-1057\" data-elementor-post-type=\"page\">\n\t\t\t\t<div class=\"elementor-element elementor-element-4623f49 e-flex e-con-boxed e-con e-parent\" data-id=\"4623f49\" data-element_type=\"container\" data-e-type=\"container\">\n\t\t\t\t\t<div class=\"e-con-inner\">\n\t\t<div class=\"elementor-element elementor-element-ed6d523 e-con-full e-flex e-con e-child\" data-id=\"ed6d523\" data-element_type=\"container\" data-e-type=\"container\">\n\t\t<div class=\"elementor-element elementor-element-2036836 e-con-full e-flex e-con e-child\" data-id=\"2036836\" data-element_type=\"container\" data-e-type=\"container\">\n\t\t<div class=\"elementor-element elementor-element-963114c e-flex e-con-boxed e-con e-child\" data-id=\"963114c\" data-element_type=\"container\" data-e-type=\"container\">\n\t\t\t\t\t<div class=\"e-con-inner\">\n\t\t\t\t<div class=\"elementor-element elementor-element-3bb0d11 elementor-widget elementor-widget-text-editor\" data-id=\"3bb0d11\" data-element_type=\"widget\" data-e-type=\"widget\" data-widget_type=\"text-editor.default\">\n\t\t\t\t<div class=\"elementor-widget-container\">\n\t\t\t\t\t\t\t\t\t<p>\n<table id=\"tablepress-10\" class=\"tablepress tablepress-id-10\">\n<thead>\n<tr class=\"row-1\">\n\t<th class=\"column-1\">Initial<\/th><th class=\"column-2\">Ending<\/th><th class=\"column-3\">Title<\/th><th class=\"column-4\">Main researcher<\/th><th class=\"column-5\">Institution<\/th>\n<\/tr>\n<\/thead>\n<tbody class=\"row-striping row-hover\">\n<tr class=\"row-2\">\n\t<td class=\"column-1\">01\/09\/2024<\/td><td class=\"column-2\">01\/07\/2025<\/td><td class=\"column-3\">Desarrollo de problemas automatizados para la pr\u00e1ctica y la evaluaci\u00f3n del alumnado en asignaturas del \u00e1rea de mec\u00e1nica de Medios Continuos y teor\u00eda de Estructuras<\/td><td class=\"column-4\"><a href=\"https:\/\/grupo.us.es\/estygeotec\/maria-victoria-requena-garcia-de-la-cruz-mvr\/\" target=\"_blank\">Requena-Garc\u00eda-Cruz, MV<\/a><\/td><td class=\"column-5\">University of C\u00e1diz<\/td>\n<\/tr>\n<tr class=\"row-3\">\n\t<td class=\"column-1\">01\/09\/2023<\/td><td class=\"column-2\">01\/07\/2024<\/td><td class=\"column-3\">Automatizaci\u00f3n de problemas pr\u00e1cticos reales y aplicaci\u00f3n de la clase invertida para asignaturas de mec\u00e1nica de medios continuos y teor\u00eda de estructuras<\/td><td class=\"column-4\"><a href=\"https:\/\/grupo.us.es\/estygeotec\/maria-victoria-requena-garcia-de-la-cruz-mvr\/\" target=\"_blank\">Requena-Garc\u00eda-Cruz, MV<\/a><\/td><td class=\"column-5\">University of C\u00e1diz<\/td>\n<\/tr>\n<\/tbody>\n<\/table>\n<!-- #tablepress-10 from cache --><\/p>\t\t\t\t\t\t\t\t<\/div>\n\t\t\t\t<\/div>\n\t\t\t\t\t<\/div>\n\t\t\t\t<\/div>\n\t\t\t\t<\/div>\n\t\t\t\t<\/div>\n\t\t\t\t\t<\/div>\n\t\t\t\t<\/div>\n\t\t\t\t<\/div>\n\t\t","protected":false},"excerpt":{"rendered":"","protected":false},"author":4,"featured_media":0,"parent":0,"menu_order":0,"comment_status":"closed","ping_status":"closed","template":"","meta":{"_acf_changed":false,"footnotes":""},"class_list":["post-1057","page","type-page","status-publish","hentry"],"acf":[],"yoast_head":"<!-- This site is optimized with the Yoast SEO plugin v27.3 - https:\/\/yoast.com\/product\/yoast-seo-wordpress\/ -->\n<title>Teaching innovation projects - TEP-107: Structures and Geotechnics<\/title>\n<meta name=\"description\" content=\"Explore the teaching innovation projects led by the TEP-107 Research Group at the University of Seville aimed at enhancing education\" \/>\n<meta name=\"robots\" content=\"index, follow, max-snippet:-1, max-image-preview:large, max-video-preview:-1\" \/>\n<link rel=\"canonical\" href=\"https:\/\/grupo.us.es\/estygeotec\/teaching-innovation-projects\/\" \/>\n<meta property=\"og:locale\" content=\"en_GB\" \/>\n<meta property=\"og:type\" content=\"article\" \/>\n<meta property=\"og:title\" content=\"Teaching innovation projects - TEP-107: Structures and Geotechnics\" \/>\n<meta property=\"og:description\" content=\"Explore the teaching innovation projects led by the TEP-107 Research Group at the University of Seville aimed at enhancing education\" \/>\n<meta property=\"og:url\" content=\"https:\/\/grupo.us.es\/estygeotec\/teaching-innovation-projects\/\" \/>\n<meta property=\"og:site_name\" content=\"TEP-107: Structures and Geotechnics\" \/>\n<meta property=\"article:modified_time\" content=\"2025-05-27T16:20:13+00:00\" \/>\n<meta name=\"twitter:card\" content=\"summary_large_image\" \/>\n<meta name=\"twitter:label1\" content=\"Estimated reading time\" \/>\n\t<meta name=\"twitter:data1\" content=\"1 minute\" \/>\n<script type=\"application\/ld+json\" class=\"yoast-schema-graph\">{\"@context\":\"https:\\\/\\\/schema.org\",\"@graph\":[{\"@type\":\"WebPage\",\"@id\":\"https:\\\/\\\/grupo.us.es\\\/estygeotec\\\/teaching-innovation-projects\\\/\",\"url\":\"https:\\\/\\\/grupo.us.es\\\/estygeotec\\\/teaching-innovation-projects\\\/\",\"name\":\"Teaching innovation projects - TEP-107: Structures and Geotechnics\",\"isPartOf\":{\"@id\":\"https:\\\/\\\/grupo.us.es\\\/estygeotec\\\/#website\"},\"datePublished\":\"2023-11-09T16:54:07+00:00\",\"dateModified\":\"2025-05-27T16:20:13+00:00\",\"description\":\"Explore the teaching innovation projects led by the TEP-107 Research Group at the University of Seville aimed at enhancing education\",\"breadcrumb\":{\"@id\":\"https:\\\/\\\/grupo.us.es\\\/estygeotec\\\/teaching-innovation-projects\\\/#breadcrumb\"},\"inLanguage\":\"en-GB\",\"potentialAction\":[{\"@type\":\"ReadAction\",\"target\":[\"https:\\\/\\\/grupo.us.es\\\/estygeotec\\\/teaching-innovation-projects\\\/\"]}]},{\"@type\":\"BreadcrumbList\",\"@id\":\"https:\\\/\\\/grupo.us.es\\\/estygeotec\\\/teaching-innovation-projects\\\/#breadcrumb\",\"itemListElement\":[{\"@type\":\"ListItem\",\"position\":1,\"name\":\"Portada\",\"item\":\"https:\\\/\\\/grupo.us.es\\\/estygeotec\\\/\"},{\"@type\":\"ListItem\",\"position\":2,\"name\":\"Teaching innovation projects\"}]},{\"@type\":\"WebSite\",\"@id\":\"https:\\\/\\\/grupo.us.es\\\/estygeotec\\\/#website\",\"url\":\"https:\\\/\\\/grupo.us.es\\\/estygeotec\\\/\",\"name\":\"TEP-107: Structures and Geotechnics\",\"description\":\"Research Group\",\"publisher\":{\"@id\":\"https:\\\/\\\/grupo.us.es\\\/estygeotec\\\/#organization\"},\"potentialAction\":[{\"@type\":\"SearchAction\",\"target\":{\"@type\":\"EntryPoint\",\"urlTemplate\":\"https:\\\/\\\/grupo.us.es\\\/estygeotec\\\/?s={search_term_string}\"},\"query-input\":{\"@type\":\"PropertyValueSpecification\",\"valueRequired\":true,\"valueName\":\"search_term_string\"}}],\"inLanguage\":\"en-GB\"},{\"@type\":\"Organization\",\"@id\":\"https:\\\/\\\/grupo.us.es\\\/estygeotec\\\/#organization\",\"name\":\"TEP-107: Structures and Geotechnics\",\"url\":\"https:\\\/\\\/grupo.us.es\\\/estygeotec\\\/\",\"logo\":{\"@type\":\"ImageObject\",\"inLanguage\":\"en-GB\",\"@id\":\"https:\\\/\\\/grupo.us.es\\\/estygeotec\\\/#\\\/schema\\\/logo\\\/image\\\/\",\"url\":\"https:\\\/\\\/grupo.us.es\\\/estygeotec\\\/wp-content\\\/uploads\\\/2025\\\/05\\\/cropped-LOGO-1.png\",\"contentUrl\":\"https:\\\/\\\/grupo.us.es\\\/estygeotec\\\/wp-content\\\/uploads\\\/2025\\\/05\\\/cropped-LOGO-1.png\",\"width\":353,\"height\":102,\"caption\":\"TEP-107: Structures and Geotechnics\"},\"image\":{\"@id\":\"https:\\\/\\\/grupo.us.es\\\/estygeotec\\\/#\\\/schema\\\/logo\\\/image\\\/\"}}]}<\/script>\n<!-- \/ Yoast SEO plugin. -->","yoast_head_json":{"title":"Teaching innovation projects - TEP-107: Structures and Geotechnics","description":"Explore the teaching innovation projects led by the TEP-107 Research Group at the University of Seville aimed at enhancing education","robots":{"index":"index","follow":"follow","max-snippet":"max-snippet:-1","max-image-preview":"max-image-preview:large","max-video-preview":"max-video-preview:-1"},"canonical":"https:\/\/grupo.us.es\/estygeotec\/teaching-innovation-projects\/","og_locale":"en_GB","og_type":"article","og_title":"Teaching innovation projects - TEP-107: Structures and Geotechnics","og_description":"Explore the teaching innovation projects led by the TEP-107 Research Group at the University of Seville aimed at enhancing education","og_url":"https:\/\/grupo.us.es\/estygeotec\/teaching-innovation-projects\/","og_site_name":"TEP-107: Structures and Geotechnics","article_modified_time":"2025-05-27T16:20:13+00:00","twitter_card":"summary_large_image","twitter_misc":{"Estimated reading time":"1 minute"},"schema":{"@context":"https:\/\/schema.org","@graph":[{"@type":"WebPage","@id":"https:\/\/grupo.us.es\/estygeotec\/teaching-innovation-projects\/","url":"https:\/\/grupo.us.es\/estygeotec\/teaching-innovation-projects\/","name":"Teaching innovation projects - TEP-107: Structures and Geotechnics","isPartOf":{"@id":"https:\/\/grupo.us.es\/estygeotec\/#website"},"datePublished":"2023-11-09T16:54:07+00:00","dateModified":"2025-05-27T16:20:13+00:00","description":"Explore the teaching innovation projects led by the TEP-107 Research Group at the University of Seville aimed at enhancing education","breadcrumb":{"@id":"https:\/\/grupo.us.es\/estygeotec\/teaching-innovation-projects\/#breadcrumb"},"inLanguage":"en-GB","potentialAction":[{"@type":"ReadAction","target":["https:\/\/grupo.us.es\/estygeotec\/teaching-innovation-projects\/"]}]},{"@type":"BreadcrumbList","@id":"https:\/\/grupo.us.es\/estygeotec\/teaching-innovation-projects\/#breadcrumb","itemListElement":[{"@type":"ListItem","position":1,"name":"Portada","item":"https:\/\/grupo.us.es\/estygeotec\/"},{"@type":"ListItem","position":2,"name":"Teaching innovation projects"}]},{"@type":"WebSite","@id":"https:\/\/grupo.us.es\/estygeotec\/#website","url":"https:\/\/grupo.us.es\/estygeotec\/","name":"TEP-107: Structures and Geotechnics","description":"Research Group","publisher":{"@id":"https:\/\/grupo.us.es\/estygeotec\/#organization"},"potentialAction":[{"@type":"SearchAction","target":{"@type":"EntryPoint","urlTemplate":"https:\/\/grupo.us.es\/estygeotec\/?s={search_term_string}"},"query-input":{"@type":"PropertyValueSpecification","valueRequired":true,"valueName":"search_term_string"}}],"inLanguage":"en-GB"},{"@type":"Organization","@id":"https:\/\/grupo.us.es\/estygeotec\/#organization","name":"TEP-107: Structures and Geotechnics","url":"https:\/\/grupo.us.es\/estygeotec\/","logo":{"@type":"ImageObject","inLanguage":"en-GB","@id":"https:\/\/grupo.us.es\/estygeotec\/#\/schema\/logo\/image\/","url":"https:\/\/grupo.us.es\/estygeotec\/wp-content\/uploads\/2025\/05\/cropped-LOGO-1.png","contentUrl":"https:\/\/grupo.us.es\/estygeotec\/wp-content\/uploads\/2025\/05\/cropped-LOGO-1.png","width":353,"height":102,"caption":"TEP-107: Structures and Geotechnics"},"image":{"@id":"https:\/\/grupo.us.es\/estygeotec\/#\/schema\/logo\/image\/"}}]}},"_links":{"self":[{"href":"https:\/\/grupo.us.es\/estygeotec\/wp-json\/wp\/v2\/pages\/1057","targetHints":{"allow":["GET"]}}],"collection":[{"href":"https:\/\/grupo.us.es\/estygeotec\/wp-json\/wp\/v2\/pages"}],"about":[{"href":"https:\/\/grupo.us.es\/estygeotec\/wp-json\/wp\/v2\/types\/page"}],"author":[{"embeddable":true,"href":"https:\/\/grupo.us.es\/estygeotec\/wp-json\/wp\/v2\/users\/4"}],"replies":[{"embeddable":true,"href":"https:\/\/grupo.us.es\/estygeotec\/wp-json\/wp\/v2\/comments?post=1057"}],"version-history":[{"count":0,"href":"https:\/\/grupo.us.es\/estygeotec\/wp-json\/wp\/v2\/pages\/1057\/revisions"}],"wp:attachment":[{"href":"https:\/\/grupo.us.es\/estygeotec\/wp-json\/wp\/v2\/media?parent=1057"}],"curies":[{"name":"wp","href":"https:\/\/api.w.org\/{rel}","templated":true}]}}