{"id":85,"date":"2021-11-04T11:19:46","date_gmt":"2021-11-04T11:19:46","guid":{"rendered":"https:\/\/grupo.us.es\/estudiolais\/?page_id=85"},"modified":"2024-11-26T08:41:50","modified_gmt":"2024-11-26T08:41:50","slug":"capitulos-de-libros","status":"publish","type":"page","link":"https:\/\/grupo.us.es\/estudiolais\/capitulos-de-libros\/","title":{"rendered":"Cap\u00edtulos de Libros"},"content":{"rendered":"\n<p>Rom\u00e1n, M. &amp; Palacios, J. (2021). El apego tras la adversidad temprana: Un estudio sobre apego y adopci\u00f3n. En E. Wolfberg y M. Marrone (Eds.). <em>Apego y parentalidad<\/em>. Madrid: Psim\u00e1tica.<\/p>\n\n\n\n<p>Palacios, J., Rom\u00e1n, M., Le\u00f3n, E., Moreno, C., &amp; Pe\u00f1arrubia, M.G. (2015). Born in Russia, raised in Spain. En A.V. Makhnach, A. M. Prikhozhan y N.N. Tolstykh (Eds.), <em>The problem of orphanhood in modern Russia: The psychological aspect <\/em>(pp. 544-565). Mosc\u00fa: Institute of Psychology of the Russian Academy of Sciences (RAS) Publishing House. ISBN: 978-5-9270-0284-9.<\/p>\n\n\n\n<p>Rom\u00e1n, M., Palacios, J., &amp; Moreno, C. (2011). Development and attachment in institutionalized children in Spain. EnMedimond International Proceedings, <em>15th European Conference on Developmental Psychology<\/em> (pp. 47-51). Bolonia: Medimond. ISBN: 978-88-7587-636-4.<\/p>\n\n\n\n<p>Palacios J., Rom\u00e1n M., Moreno C., S\u00e1nchez-Sandoval Y., Le\u00f3n E., &amp; L\u00f3pez A. (2011). Linguistic competence in internationally adopted children. EnMedimond International Proceedings, <em>15th European Conference on Developmental Psychology<\/em> (pp. 323-328). Bolonia: Medimond ISBN: 978-88-7587-636-4.<\/p>\n\n\n\n<p>Rom\u00e1n, M. &amp; Palacios, J. (2010). Los modelos internos de apego en ni\u00f1os y ni\u00f1as adoptados: Relevancia y evaluaci\u00f3n. En F. Loizaga (Ed.), <em>Adopci\u00f3n hoy. Nuevos desaf\u00edos, nuevas estrategias <\/em>(pp. 203-228). Bilbao: Editorial Mensajero. ISBN: 978-84-271-3142-2.<\/p>\n","protected":false},"excerpt":{"rendered":"<p>Rom\u00e1n, M. &amp; Palacios, J. (2021). El apego tras la adversidad temprana: Un estudio sobre apego y adopci\u00f3n. En E. Wolfberg y M. Marrone (Eds.). Apego y parentalidad. Madrid: Psim\u00e1tica. Palacios, J., Rom\u00e1n, M., Le\u00f3n, E., Moreno, C., &amp; Pe\u00f1arrubia, M.G. (2015). Born in Russia, raised in Spain. En A.V. Makhnach, A. M. Prikhozhan y [&hellip;]<\/p>\n","protected":false},"author":1,"featured_media":0,"parent":0,"menu_order":0,"comment_status":"closed","ping_status":"closed","template":"","meta":{"footnotes":""},"class_list":["post-85","page","type-page","status-publish","hentry"],"_links":{"self":[{"href":"https:\/\/grupo.us.es\/estudiolais\/wp-json\/wp\/v2\/pages\/85","targetHints":{"allow":["GET"]}}],"collection":[{"href":"https:\/\/grupo.us.es\/estudiolais\/wp-json\/wp\/v2\/pages"}],"about":[{"href":"https:\/\/grupo.us.es\/estudiolais\/wp-json\/wp\/v2\/types\/page"}],"author":[{"embeddable":true,"href":"https:\/\/grupo.us.es\/estudiolais\/wp-json\/wp\/v2\/users\/1"}],"replies":[{"embeddable":true,"href":"https:\/\/grupo.us.es\/estudiolais\/wp-json\/wp\/v2\/comments?post=85"}],"version-history":[{"count":8,"href":"https:\/\/grupo.us.es\/estudiolais\/wp-json\/wp\/v2\/pages\/85\/revisions"}],"predecessor-version":[{"id":1328,"href":"https:\/\/grupo.us.es\/estudiolais\/wp-json\/wp\/v2\/pages\/85\/revisions\/1328"}],"wp:attachment":[{"href":"https:\/\/grupo.us.es\/estudiolais\/wp-json\/wp\/v2\/media?parent=85"}],"curies":[{"name":"wp","href":"https:\/\/api.w.org\/{rel}","templated":true}]}}