{"id":83,"date":"2021-11-04T11:19:25","date_gmt":"2021-11-04T11:19:25","guid":{"rendered":"https:\/\/grupo.us.es\/estudiolais\/?page_id=83"},"modified":"2026-02-04T10:41:15","modified_gmt":"2026-02-04T10:41:15","slug":"articulos-cientificos","status":"publish","type":"page","link":"https:\/\/grupo.us.es\/estudiolais\/articulos-cientificos\/","title":{"rendered":"Art\u00edculos cient\u00edficos"},"content":{"rendered":"\n<p>Fuentes-Gonz\u00e1lez, A., Palacios, J., Rosnati, R., &amp; Rom\u00e1n, M. (2026). Profiles of protection trajectories among children in residential care. <em>Children and Youth Services Review<\/em>, <em>183<\/em>, Art\u00edculo 108790. <a href=\"https:\/\/doi.org\/10.1016\/j.childyouth.2026.108790\" target=\"_blank\" rel=\"noreferrer noopener\">https:\/\/doi.org\/10.1016\/j.childyouth.2026.108790<\/a>. <a href=\"https:\/\/www.sciencedirect.com\/science\/article\/pii\/S0190740926000435?via%3Dihub\" data-type=\"link\" data-id=\"https:\/\/www.sciencedirect.com\/science\/article\/pii\/S0190740926000435?via%3Dihub\">Enlace<\/a><\/p>\n\n\n\n<p>Fuentes-Gonz\u00e1lez, A., Rom\u00e1n, M., Moreno, C., &amp; Palacios, J. (2025). Acogimiento Residencial en Espa\u00f1a: Contextos de Origen y Trayectorias de Protecci\u00f3n.&nbsp;<em>Anuario de Psicolog\u00eda, 55<\/em>(3), 29-39.&nbsp;<a href=\"https:\/\/doi.org\/10.1344\/anpsic2025.55.3.3\">https:\/\/doi.org\/10.1344\/anpsic2025.55.3.3<\/a> <a href=\"https:\/\/revistes.ub.edu\/index.php\/Anuario-psicologia\/article\/view\/48190\/45484\" data-type=\"link\" data-id=\"https:\/\/revistes.ub.edu\/index.php\/Anuario-psicologia\/article\/view\/48190\/45484\">Enlace<\/a><\/p>\n\n\n\n<p>Ferrari, L., Koumantakis, E., Ranieri, S., Charrier, L., Rom\u00e1n, M., C\u00e1ceres, I., Miller, L. C., Moreno, C., Rivera, F., Berchialla, P., Comoretto, R. I., Carrera, P., P\u00e9rouse de Montclos, M. O., Theie, S., Palacios, J., &amp; Rosnati, R. (2025). Life satisfaction of adopted and non-adopted adolescents in four European countries. <em>Scientific Reports, 15<\/em>, 16312. <a href=\"https:\/\/doi.org\/10.1038\/s41598-025-00771-3\" target=\"_blank\" rel=\"noreferrer noopener\">https:\/\/doi.org\/10.1038\/s41598-025-00771-3<\/a> <a href=\"https:\/\/doi.org\/10.1038\/s41598-025-00771-3\">Enlace<\/a><\/p>\n\n\n\n<p>Carrera, P., Miller, L. C., Palacios, J., &amp; Rom\u00e1n, M. (2025). Psychosocial, neurocognitive, and physical development in Eastern European adopted adolescents with and without fetal alcohol spectrum disorder. <em>Alcoholism: Clinical and Experimental Research, 49<\/em>(6), 1248-1262. <a href=\"https:\/\/doi.org\/10.1111\/acer.70068\" target=\"_blank\" rel=\"noreferrer noopener\">https:\/\/doi.org\/10.1111\/acer.70068<\/a> <a href=\"https:\/\/doi.org\/10.1111\/acer.70068\">Enlace<\/a><\/p>\n\n\n\n<p>Palacios, J., Carrera, P., &amp; Rom\u00e1n, M. (2025). Long-term consequences of prenatal alcohol exposure in adoptees from Russia: From childhood into adolescence. <em>Adoption Quarterly<\/em>. <a href=\"https:\/\/doi.org\/10.1080\/10926755.2025.2519108\" target=\"_blank\" rel=\"noreferrer noopener\">https:\/\/doi.org\/10.1080\/10926755.2025.2519108<\/a> <a href=\"https:\/\/doi.org\/10.1080\/10926755.2025.2519108\">Enlace<\/a><\/p>\n\n\n\n<p>Rom\u00e1n, M., Carrera, P., Palacios, J., &amp; Moreno, M. C. (2025). Emotion understanding in internationally adopted children and children in residential care: Developmental periods and mediation by language. <em>International Journal of Behavioral Development<\/em>. <a href=\"https:\/\/doi.org\/10.1177\/01650254251315443\">https:\/\/doi.org\/10.1177\/01650254251315443<\/a> <a href=\"https:\/\/doi.org\/10.1177\/01650254251315443\" data-type=\"page\" data-id=\"492\">Enlace<\/a><\/p>\n\n\n\n<p>C\u00e1ceres, I., Palacios, J., Ferrari, L., Ranieri, S., Rosnati, R., Miller, L. C., Theie, S., Carrera, P., Perouse de Montclos, M. O., &amp; Rom\u00e1n, M. (2024). School victimization and psychosocial adjustment among Eastern European adopted adolescents across Europe. <em>Child: Health, Care &amp; Development, 50<\/em>(1). <a href=\"https:\/\/doi.org\/10.1111\/cch.13217\">https:\/\/doi.org\/10.1111\/cch.13217<\/a> <a href=\"https:\/\/doi.org\/10.1111\/cch.13217\">Enlace<\/a><\/p>\n\n\n\n<p>Carrera, P., Ferrari, L., C\u00e1ceres, I.M., Ranieri, S., Rosnati, R., Palacios, J. &amp; Rom\u00e1n, M. (2024). Birth country identification and exploration in adolescents internationally adopted from Russia. <em>Developmental Child Welfare, 6<\/em> (3-4), 206-220. <a href=\"https:\/\/doi.org\/10.1177\/25161032241296108\">https:\/\/doi.org\/10.1177\/25161032241296108<\/a> <a href=\"https:\/\/journals.sagepub.com\/doi\/10.1177\/25161032241296108\">Enlace<\/a><\/p>\n\n\n\n<p>Carrera, P., Rom\u00e1n, M., C\u00e1ceres, I. M., &amp; Palacios, J. (2024). Internalizing problems in adopted Eastern European adolescents: The role of the informant, early adversity and post-adoption processes. <em>Psicothema, 36<\/em>(2), 103-112. <a href=\"https:\/\/doi.org\/10.7334\/psicothema2023.152\" target=\"_blank\" rel=\"noreferrer noopener\">https:\/\/doi.org\/10.7334\/psicothema2023.152<\/a> <a href=\"https:\/\/www.psicothema.com\/pi?pii=4836\">Enlace<\/a><\/p>\n\n\n\n<p>Pe\u00f1arrubia, M., Rom\u00e1n, M., &amp; Palacios, J. (2022). Attachment representations and early adversity in internationally adopted children from Russian Federation using the Friends and Family Interview. <em>The Journal of Early Adolescence, 42<\/em>(8), 1162\u20131170. <a href=\"https:\/\/doi.org\/10.1177\/02724316221116050\">https:\/\/doi.org\/10.1177\/02724316221116050<\/a> <a href=\"https:\/\/journals.sagepub.com\/doi\/10.1177\/02724316221116050\">Enlace<\/a><\/p>\n\n\n\n<p>Miller, L. C., Canzi, E., Ranieri, S., Ferrari, L., Roman, M., Caceres, I., Steinar, T., P\u00e9rouse de Montclos, M., Rygvold, A., Dalen, M., Palacios, J. &amp; Rosnati, R. (2022). Special needs of internationally adopted adolescents in 4 receiving European countries: relation to mothers\u2019 adoption satisfaction. <em>Children and Youth Services Review<\/em>. <a href=\"https:\/\/doi.org\/10.1016\/j.childyouth.2022.106471\" target=\"_blank\" rel=\"noreferrer noopener\">10.1016\/j.childyouth.2022.106471<\/a> <a href=\"https:\/\/www.sciencedirect.com\/science\/article\/pii\/S0190740922001074?via%3Dihub\" target=\"_blank\" rel=\"noreferrer noopener\">Enlace<\/a><\/p>\n\n\n\n<p class=\"has-black-color has-text-color\">Rom\u00e1n, M., Palacios, J., &amp; Minnis, H. (2022). Changes in attachment disorder symptoms in children internationally adopted and in residential care. <em>Child Abuse &amp; Neglect, 123<\/em>, 105308. <a href=\"https:\/\/doi.org\/10.1016\/j.chiabu.2021.105308\">https:\/\/doi.org\/10.1016\/j.chiabu.2021.105308<\/a><strong> <\/strong><a href=\"https:\/\/www.sciencedirect.com\/science\/article\/pii\/S014521342100377X?via%3Dihub\">Enlace<\/a><\/p>\n\n\n\n<p class=\"has-black-color has-text-color\">C\u00e1ceres, I., Moreno, C., Rom\u00e1n, M., &amp; Palacios, J. (2021). The Social Competence of Internationally-Adopted and Institutionalized Children throughout Childhood: A Comparative and Longitudinal Study. <em>Early Childhood Research Quarterly, 57<\/em>(4), 260-270. <a href=\"https:\/\/doi.org\/10.1016\/j.ecresq.2021.07.002\">https:\/\/doi.org\/10.1016\/j.ecresq.2021.07.002<\/a> <a href=\"https:\/\/www.sciencedirect.com\/science\/article\/pii\/S0885200621000867?via%3Dihub\">Enlace<\/a><\/p>\n\n\n\n<p class=\"has-black-color has-text-color\">Molano, N., Le\u00f3n, E., Rom\u00e1n, M., Jim\u00e9nez-Morago, J. M., &amp; Moreno, C. (2021). Building up secure relationships: Analysis of adult-child interactions in foster and adoptive families. <em>Children and Youth Services Review<\/em>, <em>126<\/em>. <a href=\"https:\/\/doi.org\/10.1016\/j.childyouth.2021.106026\">https:\/\/doi.org\/10.1016\/j.childyouth.2021.106026<\/a> <a href=\"https:\/\/www.sciencedirect.com\/science\/article\/pii\/S0190740921001055?via%3Dihub\">Enlace<\/a><\/p>\n\n\n\n<p class=\"has-black-color has-text-color\">C\u00e1ceres, I., Rom\u00e1n, M., Moreno, C., Bukowski, W., &amp; Palacios, J. (2021). Peer Relationships During Late Childhood in Internationally Adopted and Institutionalized Children. <em>Social Development, 30(1)<\/em>, 171-186. <a href=\"https:\/\/doi.org\/10.1111\/sode.12467\">https:\/\/doi.org\/10.1111\/sode.12467<\/a> <a href=\"https:\/\/onlinelibrary.wiley.com\/doi\/epdf\/10.1111\/sode.12467\">Enlace<\/a><\/p>\n\n\n\n<p class=\"has-black-color has-text-color\">Pe\u00f1arrubia-S\u00e1nchez, M., Palacios, J., &amp; Rom\u00e1n, M. (2020). Executive function and early adversity in internationally adopted children. <em>Child and Youth Services Review, 108<\/em>. <a href=\"https:\/\/doi.org\/10.1016\/j.childyouth.2019.104587\" target=\"_blank\" rel=\"noreferrer noopener\">https:\/\/doi.org\/10.1016\/j.childyouth.2019.104587<\/a> <a href=\"https:\/\/www.sciencedirect.com\/science\/article\/pii\/S0190740919307078?via%3Dihub\">Enlace<\/a><\/p>\n\n\n\n<p class=\"has-black-color has-text-color\">Rom\u00e1n, M., Hodges, J., Palacios, J., Moreno, C., &amp; Hillman, S. (2018). Evaluaci\u00f3n de las representaciones mentales de apego a trav\u00e9s de las historias incompletas: Aplicaci\u00f3n espa\u00f1ola de Story Stem Assessment Profile (SSAP). <em>Revista Iberoamericana de Diagn\u00f3stico y Evaluaci\u00f3n \u2013 e Avalia\u00e7\u00e3o Psicol\u00f3gica. RIDEP, 46<\/em>(1), 5-19. <a href=\"https:\/\/doi.org\/10.21865\/RIDEP46.1.01\" target=\"_blank\" rel=\"noreferrer noopener\">https:\/\/doi.org\/10.21865\/RIDEP46.1.01<\/a> <a href=\"https:\/\/www.aidep.org\/sites\/default\/files\/2018-01\/RIDEP46-Art1.pdf\">Enlace<\/a><\/p>\n\n\n\n<p class=\"has-black-color has-text-color\">Le\u00f3n, E., Steele, M., Palacios, J., Rom\u00e1n, M., &amp; Moreno, C. (2018). Parenting adoptive children: Reflective functioning and parent-child interactions. A comparative, relational and predictive study. <em>Children and Youth Services Review, 95, <\/em>352-360<em>.<\/em><a href=\"https:\/\/doi.org\/10.1016\/j.childyouth.2018.11.009\" target=\"_blank\" rel=\"noreferrer noopener\">  https:\/\/doi.org\/10.1016\/j.childyouth.2018.11.009<\/a> <a href=\"https:\/\/pdf.sciencedirectassets.com\/271857\/1-s2.0-S0190740918X00115\/1-s2.0-S0190740918306194\/main.pdf?X-Amz-Security-Token=IQoJb3JpZ2luX2VjEB4aCXVzLWVhc3QtMSJGMEQCIECGLBE64uA3mkJphiSbrdnk2irboAGoVbZCbj%2FiVFFwAiB9WyMB9V4keSSRK7lrlHSfcOhxtEZNZ4R6acb6GhnUmiqDBAjX%2F%2F%2F%2F%2F%2F%2F%2F%2F%2F8BEAQaDDA1OTAwMzU0Njg2NSIMZM7vrk3fvOvLOWanKtcDz3nYymOY6Ow7n0Vtr16JuVzRaj4lxM1dDr09VC8D01WTCn0ZmD51U0JFTWJsa2fqZzniJu%2Fwu2l74vSfuBLWD%2BP%2BbiW7yC%2FilLEP0Iqhr7zuAhIXhErQwGfTxTXm674RimymeAci58h%2BYfGi5XntqW%2FZoFKhYKGoiEWuOw%2BIDq7j56qz10qhVP%2FwL2RGk9D%2BHMR7Pcwy0S2caOa8eLhoXZndE5yIG0HoXHOw5A7r30Jjb7Bv8yaOIUqfTcO3yWQwGWuWL%2Bg1pQ2QuF%2BufyvvXXKsC30O9G8cjDhEtZ8Jd3Lz7TNgId4%2FXjtmWNV9Hq6mcOPhte9slsHOZgptJUVHqrJYb8C2nymiLdsNlIhcT5KiIOOIjgNiFWfT21LMwRpQ19z%2BfAKGshzYnquuZJcZpyxQmsvZw%2Fo4lNuQ0WhOcs08E3OhVVz%2BsbBpvkj3PRVb6y0QFJbMN4oFS0HlOouEry3aKCbbG6xLglSVqDpm%2B9wELpVBEqOFo%2BFzxgjzjGwJ%2Fj9hzgzGVxrTbhH5S0o6LsIL6%2BGJ99qMyIp%2FyMvJzjGsaZJF7LEc68DtWB6Em2SUsEwBEj6mJNC%2BsYDqdaukcKYhUWOfjfCtvLE9SY8wpGxzWE093gIXMMLT3owGOqYBVLTEnuFVDttU3yHUfAuX%2FBKV4Js1Vd9Zx8vj0GIw9LFnISH%2Bqg2rDyobXfXgBS0SXvXCTIRd6iFxj5c7hG0H8QsmQmo822F%2Fz9gLgBHRbluCvyXPJ8BgHy8ELHr4Lk2CvsUT8j3Gk%2BsKL%2FYu%2BWQM%2BJTf90KRGGSOK7EXpe3HPJjOshiu04sFwjzX%2BFmjUde28Vg%2F8daFviVAx5EUo1Up8U3TkMpnag%3D%3D&amp;X-Amz-Algorithm=AWS4-HMAC-SHA256&amp;X-Amz-Date=20211119T141132Z&amp;X-Amz-SignedHeaders=host&amp;X-Amz-Expires=300&amp;X-Amz-Credential=ASIAQ3PHCVTYTWG225XE%2F20211119%2Fus-east-1%2Fs3%2Faws4_request&amp;X-Amz-Signature=1bd8ae18003f773162d330b5e2d9566a2e320359b0a8740c712769c8545a464f&amp;hash=6fc7e2f2ae0774918046e3e639cae40d51cbef19d9805d47c17aa3051cbc0452&amp;host=68042c943591013ac2b2430a89b270f6af2c76d8dfd086a07176afe7c76c2c61&amp;pii=S0190740918306194&amp;tid=spdf-6abbd561-3ca2-44f3-b04f-eac25f7342f8&amp;sid=e0ed0b949fa7a0426308f9d8b95087cde556gxrqb&amp;type=client\" data-type=\"URL\" data-id=\"https:\/\/pdf.sciencedirectassets.com\/271857\/1-s2.0-S0190740918X00115\/1-s2.0-S0190740918306194\/main.pdf?X-Amz-Security-Token=IQoJb3JpZ2luX2VjEB4aCXVzLWVhc3QtMSJGMEQCIECGLBE64uA3mkJphiSbrdnk2irboAGoVbZCbj%2FiVFFwAiB9WyMB9V4keSSRK7lrlHSfcOhxtEZNZ4R6acb6GhnUmiqDBAjX%2F%2F%2F%2F%2F%2F%2F%2F%2F%2F8BEAQaDDA1OTAwMzU0Njg2NSIMZM7vrk3fvOvLOWanKtcDz3nYymOY6Ow7n0Vtr16JuVzRaj4lxM1dDr09VC8D01WTCn0ZmD51U0JFTWJsa2fqZzniJu%2Fwu2l74vSfuBLWD%2BP%2BbiW7yC%2FilLEP0Iqhr7zuAhIXhErQwGfTxTXm674RimymeAci58h%2BYfGi5XntqW%2FZoFKhYKGoiEWuOw%2BIDq7j56qz10qhVP%2FwL2RGk9D%2BHMR7Pcwy0S2caOa8eLhoXZndE5yIG0HoXHOw5A7r30Jjb7Bv8yaOIUqfTcO3yWQwGWuWL%2Bg1pQ2QuF%2BufyvvXXKsC30O9G8cjDhEtZ8Jd3Lz7TNgId4%2FXjtmWNV9Hq6mcOPhte9slsHOZgptJUVHqrJYb8C2nymiLdsNlIhcT5KiIOOIjgNiFWfT21LMwRpQ19z%2BfAKGshzYnquuZJcZpyxQmsvZw%2Fo4lNuQ0WhOcs08E3OhVVz%2BsbBpvkj3PRVb6y0QFJbMN4oFS0HlOouEry3aKCbbG6xLglSVqDpm%2B9wELpVBEqOFo%2BFzxgjzjGwJ%2Fj9hzgzGVxrTbhH5S0o6LsIL6%2BGJ99qMyIp%2FyMvJzjGsaZJF7LEc68DtWB6Em2SUsEwBEj6mJNC%2BsYDqdaukcKYhUWOfjfCtvLE9SY8wpGxzWE093gIXMMLT3owGOqYBVLTEnuFVDttU3yHUfAuX%2FBKV4Js1Vd9Zx8vj0GIw9LFnISH%2Bqg2rDyobXfXgBS0SXvXCTIRd6iFxj5c7hG0H8QsmQmo822F%2Fz9gLgBHRbluCvyXPJ8BgHy8ELHr4Lk2CvsUT8j3Gk%2BsKL%2FYu%2BWQM%2BJTf90KRGGSOK7EXpe3HPJjOshiu04sFwjzX%2BFmjUde28Vg%2F8daFviVAx5EUo1Up8U3TkMpnag%3D%3D&amp;X-Amz-Algorithm=AWS4-HMAC-SHA256&amp;X-Amz-Date=20211119T141132Z&amp;X-Amz-SignedHeaders=host&amp;X-Amz-Expires=300&amp;X-Amz-Credential=ASIAQ3PHCVTYTWG225XE%2F20211119%2Fus-east-1%2Fs3%2Faws4_request&amp;X-Amz-Signature=1bd8ae18003f773162d330b5e2d9566a2e320359b0a8740c712769c8545a464f&amp;hash=6fc7e2f2ae0774918046e3e639cae40d51cbef19d9805d47c17aa3051cbc0452&amp;host=68042c943591013ac2b2430a89b270f6af2c76d8dfd086a07176afe7c76c2c61&amp;pii=S0190740918306194&amp;tid=spdf-6abbd561-3ca2-44f3-b04f-eac25f7342f8&amp;sid=e0ed0b949fa7a0426308f9d8b95087cde556gxrqb&amp;type=client\" target=\"_blank\" rel=\"noreferrer noopener\">Enlace<\/a><\/p>\n\n\n\n<p class=\"has-black-color has-text-color\">Paniagua, C., Palacios, J., Moreno, C., Rom\u00e1n, M., &amp; Rivera, F. (2016). Reconocimiento de emociones en menores con adversidad familiar temprana. <em>Apuntes de Psicolog\u00eda<\/em>, <em>34<\/em>(2-3), 321-330. <a href=\"https:\/\/doi.org\/10.55414\/ap.v34i2-3.624\">https:\/\/doi.org\/10.55414\/ap.v34i2-3.624<\/a> <a href=\"https:\/\/doi.org\/10.55414\/ap.v34i2-3.624\" data-type=\"URL\" data-id=\"https:\/\/idus.us.es\/bitstream\/handle\/11441\/86622\/1\/624-1406-1-SM.pdf?sequence=1\" target=\"_blank\" rel=\"noreferrer noopener\">Enlace<\/a><\/p>\n\n\n\n<p class=\"has-black-color has-text-color\">C\u00e1ceres, I., Le\u00f3n, E., Mar\u00edn, C., Rom\u00e1n, M., &amp; Palacios, J. (2016). Conductas facilitadoras del apego en las interacciones parento-filiales y funci\u00f3n reflexiva parental en familias adoptivas. <em>Apuntes de Psicolog\u00eda, 34<\/em>(2-3), 311-320. <a href=\"https:\/\/doi.org\/10.55414\/ap.v34i2-3.623\">https:\/\/doi.org\/10.55414\/ap.v34i2-3.623 <\/a> <a href=\"https:\/\/apuntesdepsicologia.es\/index.php\/revista\/article\/view\/623\" data-type=\"URL\" data-id=\"https:\/\/idus.us.es\/bitstream\/handle\/11441\/64736\/Conductas%20facilitadoras.pdf?sequence=1&amp;isAllowed=y\" target=\"_blank\" rel=\"noreferrer noopener\">Enlace<\/a><\/p>\n\n\n\n<p class=\"has-black-color has-text-color\">Jim\u00e9nez, J., Le\u00f3n, E., &amp; Rom\u00e1n, M. (2015). Adversity and adjustment in children in institutions, family foster care, and adoption. <em>The Spanish Journal of Psychology<\/em>, <em>18<\/em>(45), 1-10. <a href=\"https:\/\/doi.org\/10.1017\/sjp.2015.49\" target=\"_blank\" rel=\"noreferrer noopener\">https:\/\/doi.org\/10.1017\/sjp.2015.49<\/a> <a href=\"https:\/\/www.cambridge.org\/core\/journals\/spanish-journal-of-psychology\/article\/adversity-and-adjustment-in-children-in-institutions-family-foster-care-and-adoption\/F51AFEE721726BF14161DD7869C7ED18\">Enlace<\/a><\/p>\n\n\n\n<p class=\"has-black-color has-text-color\">Le\u00f3n, E., Palacios, J., Rom\u00e1n, M., Moreno, C., &amp; Pe\u00f1arrubia, M.G. (2015). Parental stress, family functioning and children\u00b4s psychological adjustment in adoptive families: A comparative and longitudinal study. <em>Family Science, 6<\/em>(1), 50-57. <a href=\"http:\/\/dx.doi.org\/10.1080\/19424620.2015.1080991\" target=\"_blank\" rel=\"noreferrer noopener\">http:\/\/dx.doi.org\/10.1080\/19424620.2015.1080991<\/a> <a href=\"https:\/\/www.researchgate.net\/profile\/Esperanza-Leon-2\/publication\/308416175_Parental_stress_family_dynamics_and_children%27s_psychological_adjustment_in_adoptive_families_a_comparative_and_longitudinal_study\/links\/582d71d808ae004f74bb3c65\/Parental-stress-family-dynamics-and-childrens-psychological-adjustment-in-adoptive-families-a-comparative-and-longitudinal-study.pdf\" data-type=\"URL\" data-id=\"https:\/\/www.researchgate.net\/profile\/Esperanza-Leon-2\/publication\/308416175_Parental_stress_family_dynamics_and_children%27s_psychological_adjustment_in_adoptive_families_a_comparative_and_longitudinal_study\/links\/582d71d808ae004f74bb3c65\/Parental-stress-family-dynamics-and-childrens-psychological-adjustment-in-adoptive-families-a-comparative-and-longitudinal-study.pdf\" target=\"_blank\" rel=\"noreferrer noopener\">Enlace<\/a><\/p>\n\n\n\n<p class=\"has-black-color has-text-color\">Palacios, J., Rom\u00e1n, M., Moreno, C., Le\u00f3n, E., &amp; Pe\u00f1arrubia, M.G. (2014). Differential plasticity in the recovery &nbsp;of adopted children after early adversity. <em>Child Development Perspectives, 8<\/em>(3), 169-174. <a href=\"https:\/\/doi.org\/10.1111\/cdep.12083\">https:\/\/doi.org\/10.1111\/cdep.12083<\/a> <a href=\"https:\/\/doi.org\/10.1111\/cdep.12083\" data-type=\"URL\" data-id=\"https:\/\/doi.org\/10.1111\/cdep.12083\" target=\"_blank\" rel=\"noreferrer noopener\">Enlace<\/a><\/p>\n\n\n\n<p class=\"has-black-color has-text-color\">Palacios, J., Moreno, C., &amp; Rom\u00e1n, M. (2013). Social competence in internationally adopted and institutionalized children. <em>Early Childhood Research Quarterly, 28<\/em>, 357-365<em>. <\/em> <a href=\"https:\/\/doi.org\/10.1016\/j.ecresq.2012.08.003\" data-type=\"URL\" data-id=\"https:\/\/doi.org\/10.1016\/j.ecresq.2012.08.003\" target=\"_blank\" rel=\"noreferrer noopener\">https:\/\/doi.org\/10.1016\/j.ecresq.2012.08.003<\/a> <a href=\"https:\/\/www.sciencedirect.com\/science\/article\/pii\/S0885200612000804?via%3Dihub\">Enlace<\/a><\/p>\n\n\n\n<p class=\"has-black-color has-text-color\">Rom\u00e1n, M., Palacios, J., Moreno, C., &amp; L\u00f3pez, A. (2012). Attachment representations in internationally adopted children. <em>Attachment and Human Development, 14<\/em>(6), 585-600<em>. <\/em><a href=\"https:\/\/doi.org\/10.1080\/14616734.2012.727257\">https:\/\/doi.org\/10.1080\/14616734.2012.727257<\/a> <a href=\"http:\/\/dx.doi.org\/10.1080\/14616734.2012.727257\" data-type=\"URL\" data-id=\"http:\/\/dx.doi.org\/10.1080\/14616734.2012.727257\" target=\"_blank\" rel=\"noreferrer noopener\">Enlace<\/a><\/p>\n\n\n\n<p class=\"has-black-color has-text-color\">Palacios, J., Rom\u00e1n, M., Moreno, C., &amp; Le\u00f3n, E. (2009). Family Context for Emotional Recovery in Internationally Adopted Children. <em>International Social Work, 52<\/em>, 609-620. <a href=\"https:\/\/doi.org\/10.1177\/0020872809337679\">https:\/\/doi.org\/10.1177\/0020872809337679<\/a> <a href=\"https:\/\/doi.org\/10.1177\/0020872809337679\">Enlace<\/a><\/p>\n\n\n\n<p class=\"has-black-color has-text-color\"><\/p>\n","protected":false},"excerpt":{"rendered":"<p>Fuentes-Gonz\u00e1lez, A., Palacios, J., Rosnati, R., &amp; Rom\u00e1n, M. (2026). Profiles of protection trajectories among children in residential care. Children and Youth Services Review, 183, Art\u00edculo 108790. https:\/\/doi.org\/10.1016\/j.childyouth.2026.108790. Enlace Fuentes-Gonz\u00e1lez, A., Rom\u00e1n, M., Moreno, C., &amp; Palacios, J. (2025). Acogimiento Residencial en Espa\u00f1a: Contextos de Origen y Trayectorias de Protecci\u00f3n.&nbsp;Anuario de Psicolog\u00eda, 55(3), 29-39.&nbsp;https:\/\/doi.org\/10.1344\/anpsic2025.55.3.3 Enlace [&hellip;]<\/p>\n","protected":false},"author":1,"featured_media":0,"parent":0,"menu_order":0,"comment_status":"closed","ping_status":"closed","template":"","meta":{"footnotes":""},"class_list":["post-83","page","type-page","status-publish","hentry"],"_links":{"self":[{"href":"https:\/\/grupo.us.es\/estudiolais\/wp-json\/wp\/v2\/pages\/83","targetHints":{"allow":["GET"]}}],"collection":[{"href":"https:\/\/grupo.us.es\/estudiolais\/wp-json\/wp\/v2\/pages"}],"about":[{"href":"https:\/\/grupo.us.es\/estudiolais\/wp-json\/wp\/v2\/types\/page"}],"author":[{"embeddable":true,"href":"https:\/\/grupo.us.es\/estudiolais\/wp-json\/wp\/v2\/users\/1"}],"replies":[{"embeddable":true,"href":"https:\/\/grupo.us.es\/estudiolais\/wp-json\/wp\/v2\/comments?post=83"}],"version-history":[{"count":62,"href":"https:\/\/grupo.us.es\/estudiolais\/wp-json\/wp\/v2\/pages\/83\/revisions"}],"predecessor-version":[{"id":1533,"href":"https:\/\/grupo.us.es\/estudiolais\/wp-json\/wp\/v2\/pages\/83\/revisions\/1533"}],"wp:attachment":[{"href":"https:\/\/grupo.us.es\/estudiolais\/wp-json\/wp\/v2\/media?parent=83"}],"curies":[{"name":"wp","href":"https:\/\/api.w.org\/{rel}","templated":true}]}}