{"id":75,"date":"2021-11-04T11:18:21","date_gmt":"2021-11-04T11:18:21","guid":{"rendered":"https:\/\/grupo.us.es\/estudiolais\/?page_id=75"},"modified":"2025-11-03T18:44:20","modified_gmt":"2025-11-03T18:44:20","slug":"t4-18-24-anos","status":"publish","type":"page","link":"https:\/\/grupo.us.es\/estudiolais\/t4-18-24-anos\/","title":{"rendered":"T4: 18-25 a\u00f1os"},"content":{"rendered":"\n<p><strong>El reto de la transici\u00f3n a la adultez en personas adoptadas y con otras medidas de protecci\u00f3n: un an\u00e1lisis longitudinal y transversal<\/strong>.<\/p>\n\n\n\n<figure class=\"wp-block-image size-large is-resized\"><img loading=\"lazy\" decoding=\"async\" width=\"1024\" height=\"683\" src=\"http:\/\/grupo.us.es\/estudiolais\/wp-content\/uploads\/2022\/04\/1-1024x683.jpg\" alt=\"\" class=\"wp-image-919\" style=\"width:570px;height:380px\" srcset=\"https:\/\/grupo.us.es\/estudiolais\/wp-content\/uploads\/2022\/04\/1-1024x683.jpg 1024w, https:\/\/grupo.us.es\/estudiolais\/wp-content\/uploads\/2022\/04\/1-300x200.jpg 300w, https:\/\/grupo.us.es\/estudiolais\/wp-content\/uploads\/2022\/04\/1-768x512.jpg 768w, https:\/\/grupo.us.es\/estudiolais\/wp-content\/uploads\/2022\/04\/1-1536x1024.jpg 1536w, https:\/\/grupo.us.es\/estudiolais\/wp-content\/uploads\/2022\/04\/1.jpg 1920w\" sizes=\"auto, (max-width: 1024px) 100vw, 1024px\" \/><\/figure>\n\n\n\n<p><\/p>\n\n\n\n<p>Referencia: <strong>PID2020-115836RB-I00<\/strong><\/p>\n\n\n\n<p>Responsables: Maite Rom\u00e1n Rodr\u00edguez y Mar\u00eda del Carmen Moreno Rodr\u00edguez<\/p>\n\n\n\n<p>Este proyecto aborda la cuarta recogida de datos del Longitudinal Adoption and Institutionalization Study, University of Seville (LAIS.US). Es una de las escasas investigaciones longitudinales vigentes mundialmente sobre adopci\u00f3n internacional y la \u00fanica que adem\u00e1s considera otras medidas de protecci\u00f3n infantil. Financiado v\u00eda I+D ministeriales, comenz\u00f3 cuando ni\u00f1os y ni\u00f1as ten\u00edan 4-8 a\u00f1os (T1), continu\u00f3 entre 8-13 (T2) y 13-18 (T3) comparando al grupo de adopci\u00f3n internacional con otro de acogimiento residencial y un grupo de comparaci\u00f3n. El objeto de estudio de esta nueva fase es la transici\u00f3n a la adultez (18-25 a\u00f1os). La investigaci\u00f3n sobre protecci\u00f3n infantil permite responder a preguntas espec\u00edficas sobre cada medida, pero adem\u00e1s es un experimento natural que posibilita el estudio en profundidad de temas cl\u00e1sicos como la influencia de las experiencias tempranas sobre el desarrollo posterior y la capacidad de recuperaci\u00f3n a partir de los da\u00f1os de la adversidad inicial. Muy exigente en la pr\u00e1ctica, la longitudinal es la mejor v\u00eda de estudio de esas cuestiones.<\/p>\n\n\n\n<p>Los contenidos nucleares de LAIS.US abordan temas centrales en el desarrollo humano: crecimiento y salud, desarrollo cognitivo y funci\u00f3n ejecutiva, apego, identidad e integraci\u00f3n social, analizando adem\u00e1s las caracter\u00edsticas del contexto familiar y las relaciones parento-filiales que permiten relacionar el desarrollo con el contexto en que ocurre. Los m\u00e9todos de estudio se van adaptando a las cambiantes edades de la muestra, pero manteniendo siempre los mismos conceptos nucleares. El reconocimiento internacional del estudio LAIS.US tiene mucho que ver con esos contenidos y con el car\u00e1cter longitudinal de la investigaci\u00f3n. La adultez emergente permitir\u00e1 abordar nuevos temas relacionados con la identidad, la b\u00fasqueda de or\u00edgenes y el acceso a roles adultos, en l\u00ednea con nuevas preocupaciones de la investigaci\u00f3n internacional sobre protecci\u00f3n infantil.<\/p>\n\n\n\n<p>En las tres recogidas de datos anteriores (con retenci\u00f3n superior al 70% de la muestra) el dise\u00f1o fue longitudinal y en este T4 sigue plante\u00e1ndose as\u00ed para el grupo de adopci\u00f3n internacional, con 69 sujetos potenciales. Con su mayor\u00eda de edad y la salida del sistema de protecci\u00f3n, el grupo de acogimiento residencial es de muy dif\u00edcil localizaci\u00f3n, ampli\u00e1ndose ahora el inter\u00e9s en otras medidas de protecci\u00f3n a una muestra transversal de j\u00f3venes con diferentes trayectorias de protecci\u00f3n (adopci\u00f3n nacional o procedente de otros pa\u00edses, acogimiento familiar y residencial) y un grupo de comparaci\u00f3n. El mismo planteamiento transversal se extiende a madres y padres adoptivos y acogedores. Otro rasgo de LAIS.US es su compromiso con la transferencia de conocimiento a intervenciones profesionales en protecci\u00f3n infantil. Ese compromiso se mantiene ahora para el tr\u00e1nsito a la adultez, con tantos retos a\u00f1adidos para las personas con historias personales a veces muy complejas, as\u00ed como para los responsables de su crianza, desarrollo y apoyo profesional.<\/p>\n\n\n\n<p><br>Tipo: Proyecto de investigaci\u00f3n<\/p>\n\n\n\n<p>Programa financiador: Plan Estatal 2017-2020 Retos &#8211; Proyectos I+D+i<\/p>\n\n\n\n<p>Entidad financiadora: Ministerio de Ciencia e Innovaci\u00f3n<\/p>\n\n\n\n<p>\u00c1mbito: Nacional<\/p>\n\n\n\n<p>Convocatoria competitiva: S\u00ed<\/p>\n\n\n\n<p>Fecha de inicio: 01\/09\/2021<\/p>\n\n\n\n<p>Fecha de fin: 31\/08\/2025<\/p>\n\n\n\n<p><a href=\"https:\/\/investigacion.us.es\/sisius\/sis_proyecto.php?ct=1&amp;cs=&amp;idproy=33900\" data-type=\"URL\" data-id=\"https:\/\/investigacion.us.es\/sisius\/sis_proyecto.php?ct=1&amp;cs=&amp;idproy=33900\">Ver Proyecto en SISIUS<\/a><\/p>\n\n\n\n<p><\/p>\n\n\n\n<p><\/p>\n\n\n\n<p><\/p>\n\n\n\n<p><\/p>\n","protected":false},"excerpt":{"rendered":"<p>El reto de la transici\u00f3n a la adultez en personas adoptadas y con otras medidas de protecci\u00f3n: un an\u00e1lisis longitudinal y transversal. Referencia: PID2020-115836RB-I00 Responsables: Maite Rom\u00e1n Rodr\u00edguez y Mar\u00eda del Carmen Moreno Rodr\u00edguez Este proyecto aborda la cuarta recogida de datos del Longitudinal Adoption and Institutionalization Study, University of Seville (LAIS.US). Es una de [&hellip;]<\/p>\n","protected":false},"author":1,"featured_media":0,"parent":0,"menu_order":0,"comment_status":"closed","ping_status":"closed","template":"","meta":{"footnotes":""},"class_list":["post-75","page","type-page","status-publish","hentry"],"_links":{"self":[{"href":"https:\/\/grupo.us.es\/estudiolais\/wp-json\/wp\/v2\/pages\/75","targetHints":{"allow":["GET"]}}],"collection":[{"href":"https:\/\/grupo.us.es\/estudiolais\/wp-json\/wp\/v2\/pages"}],"about":[{"href":"https:\/\/grupo.us.es\/estudiolais\/wp-json\/wp\/v2\/types\/page"}],"author":[{"embeddable":true,"href":"https:\/\/grupo.us.es\/estudiolais\/wp-json\/wp\/v2\/users\/1"}],"replies":[{"embeddable":true,"href":"https:\/\/grupo.us.es\/estudiolais\/wp-json\/wp\/v2\/comments?post=75"}],"version-history":[{"count":13,"href":"https:\/\/grupo.us.es\/estudiolais\/wp-json\/wp\/v2\/pages\/75\/revisions"}],"predecessor-version":[{"id":1509,"href":"https:\/\/grupo.us.es\/estudiolais\/wp-json\/wp\/v2\/pages\/75\/revisions\/1509"}],"wp:attachment":[{"href":"https:\/\/grupo.us.es\/estudiolais\/wp-json\/wp\/v2\/media?parent=75"}],"curies":[{"name":"wp","href":"https:\/\/api.w.org\/{rel}","templated":true}]}}