{"id":71,"date":"2021-11-04T11:17:47","date_gmt":"2021-11-04T11:17:47","guid":{"rendered":"https:\/\/grupo.us.es\/estudiolais\/?page_id=71"},"modified":"2024-11-26T08:47:12","modified_gmt":"2024-11-26T08:47:12","slug":"reconocimientos","status":"publish","type":"page","link":"https:\/\/grupo.us.es\/estudiolais\/reconocimientos\/","title":{"rendered":"Reconocimientos"},"content":{"rendered":"\n<p class=\"has-black-color has-text-color\">Tercer Premio a la \u201cMejor publicaci\u00f3n cient\u00edfica de Psicolog\u00eda\u201d de la Universidad de Sevilla en 2021 al art\u00edculo <em>Changes in Attachment Disorder symptoms in children internationally adopted and in residential care<\/em>, publicado en la revista <em>Child Abuse &amp; Neglect<\/em>. <a rel=\"noreferrer noopener\" href=\"https:\/\/investigacion.us.es\/noticias\/5066\" data-type=\"URL\" data-id=\"https:\/\/investigacion.us.es\/noticias\/5066\" target=\"_blank\">Ver enlace<\/a><\/p>\n\n\n\n<p class=\"has-black-color has-text-color\">Premio \u201c<em>Reconocimiento Institucional a los Trabajos Fin de M\u00e1ster con una Clara Transferencia a la Sociedad<\/em>\u201d por el Trabajo Fin de M\u00e1ster \u201cEvoluci\u00f3n de menores en acogimiento residencial en Espa\u00f1a: Trayectoria y desarrollo de un grupo de chicos y chicas en centros de acogida desde su infancia hasta su adolescencia\u201d (Alumna: Andrea Fuentes; Directora: Maite Rom\u00e1n).  <a rel=\"noreferrer noopener\" href=\"https:\/\/psicologia.us.es\/sites\/psicologia\/files\/agenda\/TFM_transferencia_scociedad_19_20_andrea_fuentes_gonzalez.pdf\" data-type=\"URL\" data-id=\"https:\/\/psicologia.us.es\/sites\/psicologia\/files\/agenda\/TFM_transferencia_scociedad_19_20_andrea_fuentes_gonzalez.pdf\" target=\"_blank\">Ver Enlace<\/a><\/p>\n\n\n\n<p class=\"has-black-color has-text-color\">Premio Joven a la Cultura Cient\u00edfica, Reconocimiento a la labor investigadora a Maite Rom\u00e1n Rodr\u00edguez. Ayuntamiento de Sevilla. Sevilla. Noviembre, 2015. <a rel=\"noreferrer noopener\" href=\"https:\/\/investigacion.us.es\/noticias\/2022\" data-type=\"URL\" data-id=\"https:\/\/investigacion.us.es\/noticias\/2022\" target=\"_blank\">Ver Enlace<\/a><\/p>\n\n\n\n<p><\/p>\n\n\n\n<p><\/p>\n\n\n\n<p><\/p>\n\n\n\n<p><\/p>\n\n\n\n<p><\/p>\n","protected":false},"excerpt":{"rendered":"<p>Tercer Premio a la \u201cMejor publicaci\u00f3n cient\u00edfica de Psicolog\u00eda\u201d de la Universidad de Sevilla en 2021 al art\u00edculo Changes in Attachment Disorder symptoms in children internationally adopted and in residential care, publicado en la revista Child Abuse &amp; Neglect. Ver enlace Premio \u201cReconocimiento Institucional a los Trabajos Fin de M\u00e1ster con una Clara Transferencia a [&hellip;]<\/p>\n","protected":false},"author":1,"featured_media":0,"parent":0,"menu_order":0,"comment_status":"closed","ping_status":"closed","template":"","meta":{"footnotes":""},"class_list":["post-71","page","type-page","status-publish","hentry"],"_links":{"self":[{"href":"https:\/\/grupo.us.es\/estudiolais\/wp-json\/wp\/v2\/pages\/71","targetHints":{"allow":["GET"]}}],"collection":[{"href":"https:\/\/grupo.us.es\/estudiolais\/wp-json\/wp\/v2\/pages"}],"about":[{"href":"https:\/\/grupo.us.es\/estudiolais\/wp-json\/wp\/v2\/types\/page"}],"author":[{"embeddable":true,"href":"https:\/\/grupo.us.es\/estudiolais\/wp-json\/wp\/v2\/users\/1"}],"replies":[{"embeddable":true,"href":"https:\/\/grupo.us.es\/estudiolais\/wp-json\/wp\/v2\/comments?post=71"}],"version-history":[{"count":14,"href":"https:\/\/grupo.us.es\/estudiolais\/wp-json\/wp\/v2\/pages\/71\/revisions"}],"predecessor-version":[{"id":1259,"href":"https:\/\/grupo.us.es\/estudiolais\/wp-json\/wp\/v2\/pages\/71\/revisions\/1259"}],"wp:attachment":[{"href":"https:\/\/grupo.us.es\/estudiolais\/wp-json\/wp\/v2\/media?parent=71"}],"curies":[{"name":"wp","href":"https:\/\/api.w.org\/{rel}","templated":true}]}}