{"id":60,"date":"2021-11-04T11:12:23","date_gmt":"2021-11-04T11:12:23","guid":{"rendered":"https:\/\/grupo.us.es\/estudiolais\/?page_id=60"},"modified":"2025-02-18T09:06:13","modified_gmt":"2025-02-18T09:06:13","slug":"equipo","status":"publish","type":"page","link":"https:\/\/grupo.us.es\/estudiolais\/equipo\/","title":{"rendered":"Investigadores"},"content":{"rendered":"\n<div class=\"wp-block-columns is-layout-flex wp-container-core-columns-is-layout-1 wp-block-columns-is-layout-flex\">\n<div class=\"wp-block-column is-layout-flow wp-block-column-is-layout-flow\">\n<figure class=\"wp-block-image size-full is-style-rounded\"><img loading=\"lazy\" decoding=\"async\" width=\"300\" height=\"300\" src=\"http:\/\/grupo.us.es\/estudiolais\/wp-content\/uploads\/2021\/11\/Foto-Maite-2018.4.jpg\" alt=\"\" class=\"wp-image-292\" srcset=\"https:\/\/grupo.us.es\/estudiolais\/wp-content\/uploads\/2021\/11\/Foto-Maite-2018.4.jpg 300w, https:\/\/grupo.us.es\/estudiolais\/wp-content\/uploads\/2021\/11\/Foto-Maite-2018.4-150x150.jpg 150w\" sizes=\"auto, (max-width: 300px) 100vw, 300px\" \/><\/figure>\n\n\n\n<p><strong>Maite Rom\u00e1n Rodr\u00edguez<\/strong><br>Profesora Titular del Departamento de Psicolog\u00eda Evolutiva y de la Educaci\u00f3n de la Universidad de Sevilla<br>IP y Coordinadora del Proyecto LAIS.US<br><a rel=\"noreferrer noopener\" href=\"https:\/\/investigacion.us.es\/sisius\/sis_showpub.php?idpers=9014\" data-type=\"URL\" data-id=\"https:\/\/investigacion.us.es\/sisius\/sis_showpub.php?idpers=9014\" target=\"_blank\">Perfil en SISIUS<\/a><br><a rel=\"noreferrer noopener\" href=\"https:\/\/bibliometria.us.es\/prisma\/investigador\/3701\" data-type=\"URL\" data-id=\"https:\/\/bibliometria.us.es\/prisma\/investigador\/3701\" target=\"_blank\">Perfil en PRISMA<\/a><br>e-mail: maiteroman@us.es<\/p>\n\n\n\n<p class=\"has-text-align-left has-normal-font-size\"><\/p>\n\n\n\n<p class=\"has-text-align-left\"><\/p>\n<\/div>\n\n\n\n<div class=\"wp-block-column is-layout-flow wp-block-column-is-layout-flow\">\n<figure class=\"wp-block-image size-full is-style-rounded\"><img loading=\"lazy\" decoding=\"async\" width=\"300\" height=\"300\" src=\"http:\/\/grupo.us.es\/estudiolais\/wp-content\/uploads\/2021\/11\/Carmen-Moreno-1.jpg\" alt=\"\" class=\"wp-image-297\" srcset=\"https:\/\/grupo.us.es\/estudiolais\/wp-content\/uploads\/2021\/11\/Carmen-Moreno-1.jpg 300w, https:\/\/grupo.us.es\/estudiolais\/wp-content\/uploads\/2021\/11\/Carmen-Moreno-1-150x150.jpg 150w\" sizes=\"auto, (max-width: 300px) 100vw, 300px\" \/><\/figure>\n\n\n\n<p class=\"has-normal-font-size\"><strong> Mar\u00eda del Carmen Moreno Rodr\u00edguez<\/strong><br>Catedr\u00e1tica de Psicolog\u00eda Evolutiva y de la Educaci\u00f3n en la Universidad de Sevilla<br>Co-IP del Proyecto de Investigaci\u00f3n LAIS.US<br><a href=\"https:\/\/investigacion.us.es\/sisius\/sis_showpub.php?idpers=1745\" data-type=\"URL\" data-id=\"https:\/\/investigacion.us.es\/sisius\/sis_showpub.php?idpers=1745\" target=\"_blank\" rel=\"noreferrer noopener\">Perfil en SISIUS<\/a><br><a href=\"https:\/\/bibliometria.us.es\/prisma\/investigador\/2843\" data-type=\"URL\" data-id=\"https:\/\/bibliometria.us.es\/prisma\/investigador\/2843\" target=\"_blank\" rel=\"noreferrer noopener\">Perfil en PRISMA<\/a><br>e-mail: mcmoreno@us.es <\/p>\n\n\n\n<p><\/p>\n<\/div>\n\n\n\n<div class=\"wp-block-column has-black-color has-text-color is-layout-flow wp-block-column-is-layout-flow\">\n<figure class=\"wp-block-image size-full is-style-rounded\"><img loading=\"lazy\" decoding=\"async\" width=\"300\" height=\"300\" src=\"http:\/\/grupo.us.es\/estudiolais\/wp-content\/uploads\/2021\/11\/Jesus-Palacios-41-1.jpg\" alt=\"\" class=\"wp-image-309\" srcset=\"https:\/\/grupo.us.es\/estudiolais\/wp-content\/uploads\/2021\/11\/Jesus-Palacios-41-1.jpg 300w, https:\/\/grupo.us.es\/estudiolais\/wp-content\/uploads\/2021\/11\/Jesus-Palacios-41-1-150x150.jpg 150w\" sizes=\"auto, (max-width: 300px) 100vw, 300px\" \/><figcaption class=\"wp-element-caption\"><strong>Jes\u00fas Palacios Gonz\u00e1lez<br><\/strong>Catedr\u00e1tico de Universidad jubilado, investigador honorario del Departamento de Psicolog\u00eda Evolutiva y de la Educaci\u00f3n de la Universidad de Sevilla<br>Co-IP del Proyecto de Investigaci\u00f3n LAIS.US<br>e-mail: jp@us.es        <\/figcaption><\/figure>\n<\/div>\n<\/div>\n\n\n\n<div class=\"wp-block-columns is-layout-flex wp-container-core-columns-is-layout-2 wp-block-columns-is-layout-flex\">\n<div class=\"wp-block-column is-layout-flow wp-block-column-is-layout-flow\">\n<figure class=\"wp-block-image size-full is-style-rounded\"><img loading=\"lazy\" decoding=\"async\" width=\"300\" height=\"300\" src=\"http:\/\/grupo.us.es\/estudiolais\/wp-content\/uploads\/2021\/11\/Isabel-Caceres.jpg\" alt=\"\" class=\"wp-image-306\" srcset=\"https:\/\/grupo.us.es\/estudiolais\/wp-content\/uploads\/2021\/11\/Isabel-Caceres.jpg 300w, https:\/\/grupo.us.es\/estudiolais\/wp-content\/uploads\/2021\/11\/Isabel-Caceres-150x150.jpg 150w\" sizes=\"auto, (max-width: 300px) 100vw, 300px\" \/><\/figure>\n\n\n\n<p><strong>Isabel Mar\u00eda C\u00e1ceres Campos<\/strong><br>Profesora ayudante doctora en el Departamento de Psicolog\u00eda Evolutiva y de la Educaci\u00f3n de la Universidad de Sevilla<br><a href=\"https:\/\/investigacion.us.es\/sisius\/sis_showpub.php?idpers=24665\" data-type=\"URL\" data-id=\"https:\/\/investigacion.us.es\/sisius\/sis_showpub.php?idpers=24665\" target=\"_blank\" rel=\"noreferrer noopener\">Perfil en SISIUS<\/a><br>e-mail: imcaceres@us.es<\/p>\n<\/div>\n\n\n\n<div class=\"wp-block-column is-layout-flow wp-block-column-is-layout-flow\">\n<figure class=\"wp-block-image size-full is-style-rounded\"><img loading=\"lazy\" decoding=\"async\" width=\"300\" height=\"300\" src=\"http:\/\/grupo.us.es\/estudiolais\/wp-content\/uploads\/2021\/11\/Pablo-Carrera.jpg\" alt=\"\" class=\"wp-image-307\" srcset=\"https:\/\/grupo.us.es\/estudiolais\/wp-content\/uploads\/2021\/11\/Pablo-Carrera.jpg 300w, https:\/\/grupo.us.es\/estudiolais\/wp-content\/uploads\/2021\/11\/Pablo-Carrera-150x150.jpg 150w\" sizes=\"auto, (max-width: 300px) 100vw, 300px\" \/><\/figure>\n\n\n\n<p><strong>Pablo Carrera Garc\u00eda<br><\/strong>Investigador postdoctoral en la Universidad Isabel I<br>e-mail: pabcargar@gmail.com<\/p>\n<\/div>\n\n\n\n<div class=\"wp-block-column is-layout-flow wp-block-column-is-layout-flow\">\n<figure class=\"wp-block-image size-full is-style-rounded\"><img loading=\"lazy\" decoding=\"async\" width=\"300\" height=\"300\" src=\"http:\/\/grupo.us.es\/estudiolais\/wp-content\/uploads\/2021\/11\/Andrea-Fuentes-1.jpg\" alt=\"\" class=\"wp-image-311\" srcset=\"https:\/\/grupo.us.es\/estudiolais\/wp-content\/uploads\/2021\/11\/Andrea-Fuentes-1.jpg 300w, https:\/\/grupo.us.es\/estudiolais\/wp-content\/uploads\/2021\/11\/Andrea-Fuentes-1-150x150.jpg 150w\" sizes=\"auto, (max-width: 300px) 100vw, 300px\" \/><\/figure>\n\n\n\n<p><strong>Andrea Fuentes Gonz\u00e1lez<\/strong><br>Investigadora predoctoral FPI en el Departamento de Psicolog\u00eda Evolutiva y de la Educaci\u00f3n de la Universidad de Sevilla<br>e-mail: afuentes3@us.es<\/p>\n<\/div>\n<\/div>\n\n\n\n<div class=\"wp-block-columns is-layout-flex wp-container-core-columns-is-layout-3 wp-block-columns-is-layout-flex\">\n<div class=\"wp-block-column is-layout-flow wp-block-column-is-layout-flow\">\n<figure class=\"wp-block-image size-full is-style-rounded\"><img loading=\"lazy\" decoding=\"async\" width=\"300\" height=\"300\" src=\"http:\/\/grupo.us.es\/estudiolais\/wp-content\/uploads\/2021\/11\/jesus-jimenez.jpg\" alt=\"\" class=\"wp-image-303\" srcset=\"https:\/\/grupo.us.es\/estudiolais\/wp-content\/uploads\/2021\/11\/jesus-jimenez.jpg 300w, https:\/\/grupo.us.es\/estudiolais\/wp-content\/uploads\/2021\/11\/jesus-jimenez-150x150.jpg 150w\" sizes=\"auto, (max-width: 300px) 100vw, 300px\" \/><\/figure>\n\n\n\n<p class=\"has-normal-font-size\"><strong> Jes\u00fas Miguel Jim\u00e9nez Morago<br><\/strong>Profesor Titular del Departamento de Psicolog\u00eda Evolutiva y de la Educaci\u00f3n de la Universidad de Sevilla<br><a rel=\"noreferrer noopener\" href=\"https:\/\/investigacion.us.es\/sisius\/sis_showpub.php?idpers=1742\" target=\"_blank\">Perfil en SISIUS<\/a><br><a rel=\"noreferrer noopener\" href=\"https:\/\/bibliometria.us.es\/prisma\/investigador\/2075\" data-type=\"URL\" data-id=\"https:\/\/bibliometria.us.es\/prisma\/investigador\/2075\" target=\"_blank\">Perfil en PRISMA<\/a><br>e-mail: morago@us.es<\/p>\n\n\n\n<p><\/p>\n<\/div>\n\n\n\n<div class=\"wp-block-column is-layout-flow wp-block-column-is-layout-flow\">\n<figure class=\"wp-block-image size-full is-style-rounded\"><img loading=\"lazy\" decoding=\"async\" width=\"300\" height=\"300\" src=\"http:\/\/grupo.us.es\/estudiolais\/wp-content\/uploads\/2021\/11\/Esperanza-Leon.jpg\" alt=\"\" class=\"wp-image-310\" srcset=\"https:\/\/grupo.us.es\/estudiolais\/wp-content\/uploads\/2021\/11\/Esperanza-Leon.jpg 300w, https:\/\/grupo.us.es\/estudiolais\/wp-content\/uploads\/2021\/11\/Esperanza-Leon-150x150.jpg 150w\" sizes=\"auto, (max-width: 300px) 100vw, 300px\" \/><\/figure>\n\n\n\n<p class=\"has-normal-font-size\"><strong>Esperanza Le\u00f3n Manso<br><\/strong>Profesora Titular del Departamento de Psicolog\u00eda Evolutiva y de la Educaci\u00f3n de la Universidad de Sevilla<br><a rel=\"noreferrer noopener\" href=\"https:\/\/investigacion.us.es\/sisius\/sis_showpub.php?idpers=4579\" target=\"_blank\">Perfil en SISIUS<\/a><br><a rel=\"noreferrer noopener\" href=\"https:\/\/bibliometria.us.es\/prisma\/investigador\/2173\" data-type=\"URL\" data-id=\"https:\/\/bibliometria.us.es\/prisma\/investigador\/2173\" target=\"_blank\">Perfil en PRISMA<\/a><br>e-mail: eleon@us.es<\/p>\n<\/div>\n\n\n\n<div class=\"wp-block-column is-layout-flow wp-block-column-is-layout-flow\">\n<figure class=\"wp-block-image size-full is-style-rounded\"><img loading=\"lazy\" decoding=\"async\" width=\"300\" height=\"300\" src=\"http:\/\/grupo.us.es\/estudiolais\/wp-content\/uploads\/2021\/11\/foto-mayte-cv-1.jpg\" alt=\"\" class=\"wp-image-312\" srcset=\"https:\/\/grupo.us.es\/estudiolais\/wp-content\/uploads\/2021\/11\/foto-mayte-cv-1.jpg 300w, https:\/\/grupo.us.es\/estudiolais\/wp-content\/uploads\/2021\/11\/foto-mayte-cv-1-150x150.jpg 150w\" sizes=\"auto, (max-width: 300px) 100vw, 300px\" \/><\/figure>\n\n\n\n<p class=\"has-normal-font-size\"><strong>Mar\u00eda Teresa Miranda V\u00e1zquez<br><\/strong>Investigadora predoctoral en el Departamento de Psicolog\u00eda Evolutiva y de la Educaci\u00f3n de la Universidad de Sevilla<br>e-mail: mirandamayte@gmail.com<\/p>\n<\/div>\n<\/div>\n\n\n\n<div class=\"wp-block-columns is-layout-flex wp-container-core-columns-is-layout-4 wp-block-columns-is-layout-flex\">\n<div class=\"wp-block-column is-layout-flow wp-block-column-is-layout-flow\">\n<figure class=\"wp-block-image size-full is-style-rounded\"><img loading=\"lazy\" decoding=\"async\" width=\"300\" height=\"300\" src=\"http:\/\/grupo.us.es\/estudiolais\/wp-content\/uploads\/2021\/11\/Nuria-Molano.jpg\" alt=\"\" class=\"wp-image-302\" srcset=\"https:\/\/grupo.us.es\/estudiolais\/wp-content\/uploads\/2021\/11\/Nuria-Molano.jpg 300w, https:\/\/grupo.us.es\/estudiolais\/wp-content\/uploads\/2021\/11\/Nuria-Molano-150x150.jpg 150w\" sizes=\"auto, (max-width: 300px) 100vw, 300px\" \/><\/figure>\n\n\n\n<p><strong>Nuria Molano M\u00e9rida<\/strong><br>Investigadora predoctoral FPU en el Departamento de Psicolog\u00eda Evolutiva y de la Educaci\u00f3n de la Universidad de Sevilla<br><a rel=\"noreferrer noopener\" href=\"https:\/\/investigacion.us.es\/sisius\/sis_showpub.php?idpers=25132\" data-type=\"URL\" data-id=\"https:\/\/investigacion.us.es\/sisius\/sis_showpub.php?idpers=25132\" target=\"_blank\">Perfil de SISIUS<\/a><br><a rel=\"noreferrer noopener\" href=\"https:\/\/bibliometria.us.es\/prisma\/investigador\/6487\" data-type=\"URL\" data-id=\"https:\/\/bibliometria.us.es\/prisma\/investigador\/6487\" target=\"_blank\">Perfil en PRISMA<\/a><br>e-mail: nmolano@us.es<\/p>\n<\/div>\n\n\n\n<div class=\"wp-block-column is-layout-flow wp-block-column-is-layout-flow\">\n<figure class=\"wp-block-image size-full is-style-rounded\"><img loading=\"lazy\" decoding=\"async\" width=\"300\" height=\"300\" src=\"http:\/\/grupo.us.es\/estudiolais\/wp-content\/uploads\/2021\/11\/Foto-Concepcio\u0301n-Moreno-Maldonado-1.jpg\" alt=\"\" class=\"wp-image-300\" srcset=\"https:\/\/grupo.us.es\/estudiolais\/wp-content\/uploads\/2021\/11\/Foto-Concepcio\u0301n-Moreno-Maldonado-1.jpg 300w, https:\/\/grupo.us.es\/estudiolais\/wp-content\/uploads\/2021\/11\/Foto-Concepcio\u0301n-Moreno-Maldonado-1-150x150.jpg 150w\" sizes=\"auto, (max-width: 300px) 100vw, 300px\" \/><\/figure>\n\n\n\n<p><strong>Concepci\u00f3n Moreno Maldonado<\/strong><br>Investigadora postdoctoral del Departamento de Psicolog\u00eda Evolutiva y de la Educaci\u00f3n de la Universidad de Sevilla<br><a rel=\"noreferrer noopener\" href=\"https:\/\/investigacion.us.es\/sisius\/sis_showpub.php?idpers=18985\" data-type=\"URL\" data-id=\"https:\/\/investigacion.us.es\/sisius\/sis_showpub.php?idpers=18985\" target=\"_blank\">Perfil en SISIUS<\/a><br><a rel=\"noreferrer noopener\" href=\"https:\/\/bibliometria.us.es\/prisma\/investigador\/4839\" data-type=\"URL\" data-id=\"https:\/\/bibliometria.us.es\/prisma\/investigador\/4839\" target=\"_blank\">Perfil en PRISMA<\/a><br>e-mail: mmoreno14@us.es<\/p>\n\n\n\n<p class=\"has-normal-font-size\"><\/p>\n\n\n\n<p class=\"has-normal-font-size\"><\/p>\n\n\n\n<p><strong> <\/strong><\/p>\n<\/div>\n\n\n\n<div class=\"wp-block-column is-layout-flow wp-block-column-is-layout-flow\">\n<figure class=\"wp-block-image size-full is-style-rounded\"><img loading=\"lazy\" decoding=\"async\" width=\"300\" height=\"300\" src=\"http:\/\/grupo.us.es\/estudiolais\/wp-content\/uploads\/2021\/11\/Carmen-Paniagua.jpg\" alt=\"\" class=\"wp-image-289\" srcset=\"https:\/\/grupo.us.es\/estudiolais\/wp-content\/uploads\/2021\/11\/Carmen-Paniagua.jpg 300w, https:\/\/grupo.us.es\/estudiolais\/wp-content\/uploads\/2021\/11\/Carmen-Paniagua-150x150.jpg 150w\" sizes=\"auto, (max-width: 300px) 100vw, 300px\" \/><\/figure>\n\n\n\n<p><strong>Carmen Elisa Paniagua Infantes<\/strong><br>Investigadora postdoctoral del Departamento de Psicolog\u00eda Evolutiva y de la Educaci\u00f3n de la Universidad de Sevilla<br><a rel=\"noreferrer noopener\" href=\"https:\/\/investigacion.us.es\/sisius\/sis_showpub.php?idpers=19849\" data-type=\"URL\" data-id=\"https:\/\/investigacion.us.es\/sisius\/sis_showpub.php?idpers=19849\" target=\"_blank\">Perfil en SISIUS<\/a><br><a rel=\"noreferrer noopener\" href=\"https:\/\/bibliometria.us.es\/prisma\/investigador\/4885\" data-type=\"URL\" data-id=\"https:\/\/bibliometria.us.es\/prisma\/investigador\/4885\" target=\"_blank\">Perfil en PRISMA<\/a><br>e-mail: cpaniagua@us.es<\/p>\n<\/div>\n<\/div>\n\n\n\n<div class=\"wp-block-columns is-layout-flex wp-container-core-columns-is-layout-5 wp-block-columns-is-layout-flex\">\n<div class=\"wp-block-column is-layout-flow wp-block-column-is-layout-flow\">\n<figure class=\"wp-block-image size-full is-style-rounded\"><img loading=\"lazy\" decoding=\"async\" width=\"300\" height=\"300\" src=\"http:\/\/grupo.us.es\/estudiolais\/wp-content\/uploads\/2021\/11\/Foto-Mari-Pen\u0303arrubia-1.jpg\" alt=\"\" class=\"wp-image-305\" srcset=\"https:\/\/grupo.us.es\/estudiolais\/wp-content\/uploads\/2021\/11\/Foto-Mari-Pen\u0303arrubia-1.jpg 300w, https:\/\/grupo.us.es\/estudiolais\/wp-content\/uploads\/2021\/11\/Foto-Mari-Pen\u0303arrubia-1-150x150.jpg 150w\" sizes=\"auto, (max-width: 300px) 100vw, 300px\" \/><figcaption class=\"wp-element-caption\"><strong>&nbsp;<br>Mar\u00eda Gracia Pe\u00f1arrubia S\u00e1nchez<\/strong><br>Investigadora del \u00e1rea de Psicolog\u00eda Evolutiva y de la Educaci\u00f3n<br>e-mail: mariagracia.ps@gmail.com <\/figcaption><\/figure>\n<\/div>\n\n\n\n<div class=\"wp-block-column is-layout-flow wp-block-column-is-layout-flow\">\n<figure class=\"wp-block-image size-full is-style-rounded\"><img loading=\"lazy\" decoding=\"async\" width=\"300\" height=\"300\" src=\"http:\/\/grupo.us.es\/estudiolais\/wp-content\/uploads\/2021\/11\/Foto_PilarRamos_3.jpg\" alt=\"\" class=\"wp-image-295\" srcset=\"https:\/\/grupo.us.es\/estudiolais\/wp-content\/uploads\/2021\/11\/Foto_PilarRamos_3.jpg 300w, https:\/\/grupo.us.es\/estudiolais\/wp-content\/uploads\/2021\/11\/Foto_PilarRamos_3-150x150.jpg 150w\" sizes=\"auto, (max-width: 300px) 100vw, 300px\" \/><figcaption class=\"wp-element-caption\"> <br><strong>Pilar Ramos Valverde<\/strong><br>Profesora Titular de Universidad en el Departamento de Psicolog\u00eda Evolutiva y de la Educaci\u00f3n de la Universidad de Sevilla<br><a rel=\"noreferrer noopener\" href=\"http:\/\/Pilar Ramos Valverde Profesora Titular de Universidad en el departamento de Psicolog\u00eda Evolutiva y de la Educaci\u00f3n de la Universidad de Sevilla. Perfil en SISIUS: https:\/\/investigacion.us.es\/sisius\/sis_showpub.php?idpers=11575 ORCID: 0000-0002-6916-2345\" target=\"_blank\">Perfil en SISIUS<\/a><br><a rel=\"noreferrer noopener\" href=\"https:\/\/bibliometria.us.es\/prisma\/investigador\/3475\" data-type=\"URL\" data-id=\"https:\/\/bibliometria.us.es\/prisma\/investigador\/3475\" target=\"_blank\">Perfil en PRISMA<\/a><br>e.mail: pilarramos@us.es <\/figcaption><\/figure>\n\n\n\n<p><\/p>\n\n\n\n<p><\/p>\n\n\n\n<p><\/p>\n<\/div>\n\n\n\n<div class=\"wp-block-column is-layout-flow wp-block-column-is-layout-flow\"><\/div>\n<\/div>\n\n\n\n<p><\/p>\n","protected":false},"excerpt":{"rendered":"<p>Maite Rom\u00e1n Rodr\u00edguezProfesora Titular del Departamento de Psicolog\u00eda Evolutiva y de la Educaci\u00f3n de la Universidad de SevillaIP y Coordinadora del Proyecto LAIS.USPerfil en SISIUSPerfil en PRISMAe-mail: maiteroman@us.es Mar\u00eda del Carmen Moreno Rodr\u00edguezCatedr\u00e1tica de Psicolog\u00eda Evolutiva y de la Educaci\u00f3n en la Universidad de SevillaCo-IP del Proyecto de Investigaci\u00f3n LAIS.USPerfil en SISIUSPerfil en PRISMAe-mail: mcmoreno@us.es [&hellip;]<\/p>\n","protected":false},"author":1,"featured_media":0,"parent":0,"menu_order":-1,"comment_status":"closed","ping_status":"closed","template":"","meta":{"footnotes":""},"class_list":["post-60","page","type-page","status-publish","hentry"],"_links":{"self":[{"href":"https:\/\/grupo.us.es\/estudiolais\/wp-json\/wp\/v2\/pages\/60","targetHints":{"allow":["GET"]}}],"collection":[{"href":"https:\/\/grupo.us.es\/estudiolais\/wp-json\/wp\/v2\/pages"}],"about":[{"href":"https:\/\/grupo.us.es\/estudiolais\/wp-json\/wp\/v2\/types\/page"}],"author":[{"embeddable":true,"href":"https:\/\/grupo.us.es\/estudiolais\/wp-json\/wp\/v2\/users\/1"}],"replies":[{"embeddable":true,"href":"https:\/\/grupo.us.es\/estudiolais\/wp-json\/wp\/v2\/comments?post=60"}],"version-history":[{"count":75,"href":"https:\/\/grupo.us.es\/estudiolais\/wp-json\/wp\/v2\/pages\/60\/revisions"}],"predecessor-version":[{"id":1396,"href":"https:\/\/grupo.us.es\/estudiolais\/wp-json\/wp\/v2\/pages\/60\/revisions\/1396"}],"wp:attachment":[{"href":"https:\/\/grupo.us.es\/estudiolais\/wp-json\/wp\/v2\/media?parent=60"}],"curies":[{"name":"wp","href":"https:\/\/api.w.org\/{rel}","templated":true}]}}