{"id":56,"date":"2021-11-04T11:05:21","date_gmt":"2021-11-04T11:05:21","guid":{"rendered":"https:\/\/grupo.us.es\/estudiolais\/?page_id=56"},"modified":"2025-11-03T18:46:12","modified_gmt":"2025-11-03T18:46:12","slug":"presentacion","status":"publish","type":"page","link":"https:\/\/grupo.us.es\/estudiolais\/presentacion\/","title":{"rendered":"Presentaci\u00f3n"},"content":{"rendered":"\n<p class=\"has-text-align-center has-black-color has-text-color\">Breve presentaci\u00f3n del estudio LAIS.US. <\/p>\n\n\n\n<figure class=\"wp-block-embed is-type-video is-provider-youtube wp-block-embed-youtube wp-embed-aspect-4-3 wp-has-aspect-ratio\"><div class=\"wp-block-embed__wrapper\">\n<iframe loading=\"lazy\" title=\"EL RETO DE LA TRANSICI\u00d3N A LA ADULTEZ EN PERSONAS CON DIFERENTES TRAYECTORIAS DE PROTECCI\u00d3N\" width=\"696\" height=\"522\" src=\"https:\/\/www.youtube.com\/embed\/6B-6Y1iqjus?feature=oembed\" frameborder=\"0\" allow=\"accelerometer; autoplay; clipboard-write; encrypted-media; gyroscope; picture-in-picture; web-share\" referrerpolicy=\"strict-origin-when-cross-origin\" allowfullscreen><\/iframe>\n<\/div><\/figure>\n\n\n\n<p class=\"has-text-align-left\">El estudio <em>Longitudinal Adoption and Institutionalization Study<\/em> (LAIS.US), que se inici\u00f3 en el a\u00f1o 2006 y que ha sido financiado a trav\u00e9s de cuatro proyectos I+D+i del Plan Nacional, aborda la doble tem\u00e1tica de la recuperaci\u00f3n tras la adversidad temprana, por un lado, y los procesos de desarrollo, estilos de vida y contextos de crianza, por otro, en una muestra de personas con experiencias de adversidad temprana que requirieron medidas de protecci\u00f3n. El estudio se caracteriza por un dise\u00f1o longitudinal a trav\u00e9s del que se ha evaluado hasta el momento a personas con distintas trayectorias de protecci\u00f3n en tres etapas evolutivas: cuando ten\u00edan entre 4 y 8 a\u00f1os en la primera recogida de datos (T1), entre 8 y 13 en la segunda (T2) y entre 13 y 18 a\u00f1os (T3). La muestra longitudinal se compone de tres subgrupos: un grupo de adopci\u00f3n internacional, un grupo de acogimiento residencial en Espa\u00f1a y un grupo de comparaci\u00f3n. Se han analizado distintas dimensiones evolutivas, como el desarrollo f\u00edsico y neuropsicol\u00f3gico, la funci\u00f3n ejecutiva, el desarrollo cognitivo, emocional (en especial, evaluaci\u00f3n del apego) y el ajuste psicol\u00f3gico y social, as\u00ed como sus microsistemas familiares, escolares y de iguales (participaron m\u00e1s de 1.500 menores, compa\u00f1eros y compa\u00f1eras de clase de los sujetos del estudio longitudinal). Este estudio representa una aproximaci\u00f3n novedosa, que integra un seguimiento longitudinal multi-informante (los propios sujetos, sus madres, padres o cuidadores, su profesorado y su grupo de iguales) y multi-m\u00e9todo (t\u00e9cnicas psicom\u00e9tricas, sociom\u00e9tricas, antropom\u00e9tricas, de auto-informe, narrativas y de observaci\u00f3n).<\/p>\n\n\n\n<p class=\"has-text-align-left\">El estudio LAIS.US se encuentra actualmente en su cuarta fase centrada en analizar la transici\u00f3n a la adultez (T4: 18-25 a\u00f1os), abordando temas centrales del desarrollo humano (salud f\u00edsica, salud mental y bienestar emocional, salud relacional) y analizando las caracter\u00edsticas del contexto familiar. La adultez emergente permitir\u00e1 abordar nuevos temas (por ejemplo, identidad, b\u00fasqueda de or\u00edgenes y acceso a roles adultos) en l\u00ednea con nuevas preocupaciones de la investigaci\u00f3n internacional. El dise\u00f1o longitudinal se ampliar\u00e1 con la incorporaci\u00f3n de j\u00f3venes con diferentes trayectorias de protecci\u00f3n (adopci\u00f3n internacional y nacional, acogimiento familiar y residencial) y madres y padres adoptivos y acogedores. Esta investigaci\u00f3n representa una aproximaci\u00f3n novedosa cuyas fases anteriores ya han aportado s\u00f3lidas evidencias en torno a las consecuencias de la adversidad inicial, las posibilidades y limitaciones de la recuperaci\u00f3n y sus implicaciones pr\u00e1cticas. Los hallazgos han sido difundidos en publicaciones en revistas, congresos y encuentros cient\u00edficos y han mostrado claras implicaciones de cara a la transferencia social del conocimiento.<\/p>\n\n\n\n<p><\/p>\n","protected":false},"excerpt":{"rendered":"<p>Breve presentaci\u00f3n del estudio LAIS.US. El estudio Longitudinal Adoption and Institutionalization Study (LAIS.US), que se inici\u00f3 en el a\u00f1o 2006 y que ha sido financiado a trav\u00e9s de cuatro proyectos I+D+i del Plan Nacional, aborda la doble tem\u00e1tica de la recuperaci\u00f3n tras la adversidad temprana, por un lado, y los procesos de desarrollo, estilos de [&hellip;]<\/p>\n","protected":false},"author":1,"featured_media":0,"parent":0,"menu_order":0,"comment_status":"closed","ping_status":"closed","template":"","meta":{"footnotes":""},"class_list":["post-56","page","type-page","status-publish","hentry"],"_links":{"self":[{"href":"https:\/\/grupo.us.es\/estudiolais\/wp-json\/wp\/v2\/pages\/56","targetHints":{"allow":["GET"]}}],"collection":[{"href":"https:\/\/grupo.us.es\/estudiolais\/wp-json\/wp\/v2\/pages"}],"about":[{"href":"https:\/\/grupo.us.es\/estudiolais\/wp-json\/wp\/v2\/types\/page"}],"author":[{"embeddable":true,"href":"https:\/\/grupo.us.es\/estudiolais\/wp-json\/wp\/v2\/users\/1"}],"replies":[{"embeddable":true,"href":"https:\/\/grupo.us.es\/estudiolais\/wp-json\/wp\/v2\/comments?post=56"}],"version-history":[{"count":19,"href":"https:\/\/grupo.us.es\/estudiolais\/wp-json\/wp\/v2\/pages\/56\/revisions"}],"predecessor-version":[{"id":1511,"href":"https:\/\/grupo.us.es\/estudiolais\/wp-json\/wp\/v2\/pages\/56\/revisions\/1511"}],"wp:attachment":[{"href":"https:\/\/grupo.us.es\/estudiolais\/wp-json\/wp\/v2\/media?parent=56"}],"curies":[{"name":"wp","href":"https:\/\/api.w.org\/{rel}","templated":true}]}}