{"id":513,"date":"2022-01-17T12:11:25","date_gmt":"2022-01-17T12:11:25","guid":{"rendered":"http:\/\/grupo.us.es\/estudiolais\/?page_id=513"},"modified":"2024-11-26T08:54:51","modified_gmt":"2024-11-26T08:54:51","slug":"t2-8-13-years","status":"publish","type":"page","link":"https:\/\/grupo.us.es\/estudiolais\/en\/t2-8-13-years\/","title":{"rendered":"T2: 8-13 years"},"content":{"rendered":"\n<p><strong>Attachment, social competence and executive function in children<a> <\/a>in care: a longitudinal study.<\/strong><\/p>\n\n\n\n<figure class=\"wp-block-image\"><img loading=\"lazy\" decoding=\"async\" width=\"600\" height=\"387\" src=\"http:\/\/grupo.us.es\/estudiolais\/wp-content\/uploads\/2022\/04\/depositphotos_67329377-stock-photo-close-up-of-woman-and.webp\" alt=\"\" class=\"wp-image-925\" srcset=\"https:\/\/grupo.us.es\/estudiolais\/wp-content\/uploads\/2022\/04\/depositphotos_67329377-stock-photo-close-up-of-woman-and.webp 600w, https:\/\/grupo.us.es\/estudiolais\/wp-content\/uploads\/2022\/04\/depositphotos_67329377-stock-photo-close-up-of-woman-and-300x194.webp 300w\" sizes=\"auto, (max-width: 600px) 100vw, 600px\" \/><\/figure>\n\n\n\n<hr class=\"wp-block-separator has-css-opacity\"\/>\n\n\n\n<p>Reference: <strong>PSI2010-19287<\/strong><\/p>\n\n\n\n<p>Principal Investigator (PI): Jes\u00fas Palacios Gonz\u00e1lez and Maite Rom\u00e1n Rodr\u00edguez<\/p>\n\n\n\n<p>This project is the continuity of R+D project SEJ2006-12216 that studies the psychological recovery processes in children with initial adversity. These children were transferred into two different protective situations (international adoption and institutionalization) and compared with a control group with no initial adversity growing up with their biological families (n= 148, aged 4 to 8 years). The project Attachment, Social Competence and Executive Function in Children in Need of Protection; A Longitudinal Study (PSI2010-19287), financed by Spain\u2019s Ministry of Economy and Competitiveness, was designed as a longitudinal follow-up study of children between 8 and 13 years of age. The sample retention rate was 70%. Data collection involved lengthy assessments of children and adults at their homes, shelters and schools. Contents explored in the previous project were maintained (physical and psychological development, with special emphasis on attachment and social competence) while other novel assessments were added, including executive function, which using the CANTAB neuropsychological test battery.<\/p>\n\n\n\n<p>The emotional characteristics of the caregivers and family dynamics were also assessed. Some of the instruments used required prior training abroad (England, Italy and the United States), in addition to adapting these instruments to the context of Spain. Thus, data stem from a variety of informants (children, adult responsible for the family, protection centers and schools) and techniques (from psychometric tests to narratives, from anthropometric and sociometric assessment to neuropsychological aspects). Complementing data from previous research, the results have proven that the recovery processes after initial adversity continue to progress (e.g., increased security in internal attachment patterns), but with important limitations being found in certain developmental areas (e.g. social integration with peers or executive function). Moreover, significant relationships were seen between the recovery processes and parenting contexts (e.g. significant relationships between the caregivers\u2019 reflective capacity and children\u2019s socioemotional recovery).<\/p>\n\n\n\n<p>Our research results have been published in a number of journals and presented at major specialized international conventions. Likewise, each participating family, foster care center and school received a personalized report referring to the most outstanding findings for each child (families and foster care centers), or for each classroom (schools). In summary, this is a complex and painstaking research project that has led to significant contributions in the study of children recovering from early adversity, with relevant repercussions both in theory (basic research) and day-to-day implication (transfer of knowledge to professional intervention and work with children and families).<\/p>\n\n\n\n<p>Type: Research Project<\/p>\n\n\n\n<p>Program funded&nbsp;by: National plan<\/p>\n\n\n\n<p>Funding source: Ministry of Science and Innovation<\/p>\n\n\n\n<p>Scope: National<\/p>\n\n\n\n<p>Competitive Summons: Yes<\/p>\n\n\n\n<p>Start Date: 01\/01\/2011<\/p>\n\n\n\n<p>End Date: 31\/12\/2013<\/p>\n\n\n\n<hr class=\"wp-block-separator has-css-opacity\"\/>\n\n\n\n<p><\/p>\n","protected":false},"excerpt":{"rendered":"<p>Attachment, social competence and executive function in children in care: a longitudinal study. Reference: PSI2010-19287 Principal Investigator (PI): Jes\u00fas Palacios Gonz\u00e1lez and Maite Rom\u00e1n Rodr\u00edguez This project is the continuity of R+D project SEJ2006-12216 that studies the psychological recovery processes in children with initial adversity. These children were transferred into two different protective situations (international [&hellip;]<\/p>\n","protected":false},"author":2,"featured_media":0,"parent":0,"menu_order":0,"comment_status":"closed","ping_status":"closed","template":"","meta":{"footnotes":""},"class_list":["post-513","page","type-page","status-publish","hentry"],"_links":{"self":[{"href":"https:\/\/grupo.us.es\/estudiolais\/wp-json\/wp\/v2\/pages\/513","targetHints":{"allow":["GET"]}}],"collection":[{"href":"https:\/\/grupo.us.es\/estudiolais\/wp-json\/wp\/v2\/pages"}],"about":[{"href":"https:\/\/grupo.us.es\/estudiolais\/wp-json\/wp\/v2\/types\/page"}],"author":[{"embeddable":true,"href":"https:\/\/grupo.us.es\/estudiolais\/wp-json\/wp\/v2\/users\/2"}],"replies":[{"embeddable":true,"href":"https:\/\/grupo.us.es\/estudiolais\/wp-json\/wp\/v2\/comments?post=513"}],"version-history":[{"count":9,"href":"https:\/\/grupo.us.es\/estudiolais\/wp-json\/wp\/v2\/pages\/513\/revisions"}],"predecessor-version":[{"id":1284,"href":"https:\/\/grupo.us.es\/estudiolais\/wp-json\/wp\/v2\/pages\/513\/revisions\/1284"}],"wp:attachment":[{"href":"https:\/\/grupo.us.es\/estudiolais\/wp-json\/wp\/v2\/media?parent=513"}],"curies":[{"name":"wp","href":"https:\/\/api.w.org\/{rel}","templated":true}]}}