{"id":492,"date":"2022-01-17T10:48:15","date_gmt":"2022-01-17T10:48:15","guid":{"rendered":"http:\/\/grupo.us.es\/estudiolais\/?page_id=492"},"modified":"2025-01-14T08:50:47","modified_gmt":"2025-01-14T08:50:47","slug":"health-behaviour-in-school-aged-children-hbsc","status":"publish","type":"page","link":"https:\/\/grupo.us.es\/estudiolais\/health-behaviour-in-school-aged-children-hbsc\/","title":{"rendered":"Health Behaviour in School-aged Children (HBSC)"},"content":{"rendered":"\n<p><\/p>\n\n\n\n<p>El estudio <strong>LAIS.US<\/strong> en su tercera fase (T3) se encuentra conectado con el Estudio <strong><em>Health Behaviour in School-aged Children<\/em> (HBSC)<\/strong>. Este estudio sobre las conductas saludables de los j\u00f3venes escolarizados es un proyecto auspiciado por la Organizaci\u00f3n Mundial de la Salud (OMS) en el que participan casi 50 pa\u00edses occidentales y est\u00e1 liderado en Espa\u00f1a por la Dra. Carmen Moreno.\u00a0 En el siguiente enlace podr\u00e1 acceder a la web del estudio: <a href=\"https:\/\/www.hbsc.es\/\" target=\"_blank\" rel=\"noreferrer noopener\">https:\/\/www.hbsc.es\/<\/a>\u00a0 A partir de la conexi\u00f3n de ambos estudios se han desarrollado los siguientes art\u00edculos:<\/p>\n\n\n\n<p>Paniagua, C., Moreno, C., S\u00e1nchez-Queija, I. &amp; Rivera, F. (2020). Bullying and its influence on well-being in adopted adolescents. <em>Journal of Child and Family Studies, 29<\/em>(9), 2463\u20132471. <a href=\"http:\/\/10.1093\/bjsw\/bcy028\" data-type=\"URL\" data-id=\"10.1093\/bjsw\/bcy028\"><strong>10.1007\/s10826-020-01782-6<\/strong><\/a><\/p>\n\n\n\n<p>Paniagua, C., Moreno, C., Rom\u00e1n, M., Palacios, J., Grotevant, H. &amp; Rivera, F. (2020). Under the Same Label: Adopted Adolescents\u2019 Heterogeneity in Well-Being and Perception of Social Contexts. <em>Youth &amp; Society, 52<\/em>(8), 1544-1568<em>. <\/em>2020. <strong><a href=\"http:\/\/10.1177\/0044118X19828081\" data-type=\"page\" target=\"_blank\" rel=\"noreferrer noopener\">10.1177\/0044118X19828081<\/a>.<\/strong> ISSN: 0044-118X<\/p>\n\n\n\n<p>Paniagua, C., Moreno, C., Rivera, F. &amp; Ramos, P. (2019). The sources of support and their relation on the global health of adopted and non-adopted adolescents. <em>Children and Youth Services Review, 98, <\/em>228-237<em>. <\/em>  <strong><a href=\"http:\/\/10.1016\/j.childyouth.2019.01.010\" data-type=\"URL\" data-id=\"10.1016\/j.childyouth.2019.01.010\">10.1016\/j.childyouth.2019.01.010<\/a>.<\/strong> ISSN: 0190-7409<\/p>\n\n\n\n<p>Paniagua, C., Moreno, C., Rivera, F. &amp; Jim\u00e9nez-Iglesias, I. (2019). Adolescents\u2019 perceptions of family relationships in adoptees and non-adoptees: More similarities than differences. <em>The British Journal of Social Work, 49<\/em>(1), 25-43<em>.<\/em> <strong><a href=\"http:\/\/10.1093\/bjsw\/bcy028\" data-type=\"URL\" data-id=\"10.1093\/bjsw\/bcy028\">10.1093\/bjsw\/bcy028<\/a><\/strong> .Print ISSN 0045-3102 Online ISSN 1468-263x&nbsp;<\/p>\n","protected":false},"excerpt":{"rendered":"<p>El estudio LAIS.US en su tercera fase (T3) se encuentra conectado con el Estudio Health Behaviour in School-aged Children (HBSC). Este estudio sobre las conductas saludables de los j\u00f3venes escolarizados es un proyecto auspiciado por la Organizaci\u00f3n Mundial de la Salud (OMS) en el que participan casi 50 pa\u00edses occidentales y est\u00e1 liderado en Espa\u00f1a [&hellip;]<\/p>\n","protected":false},"author":2,"featured_media":0,"parent":0,"menu_order":0,"comment_status":"closed","ping_status":"closed","template":"","meta":{"footnotes":""},"class_list":["post-492","page","type-page","status-publish","hentry"],"_links":{"self":[{"href":"https:\/\/grupo.us.es\/estudiolais\/wp-json\/wp\/v2\/pages\/492","targetHints":{"allow":["GET"]}}],"collection":[{"href":"https:\/\/grupo.us.es\/estudiolais\/wp-json\/wp\/v2\/pages"}],"about":[{"href":"https:\/\/grupo.us.es\/estudiolais\/wp-json\/wp\/v2\/types\/page"}],"author":[{"embeddable":true,"href":"https:\/\/grupo.us.es\/estudiolais\/wp-json\/wp\/v2\/users\/2"}],"replies":[{"embeddable":true,"href":"https:\/\/grupo.us.es\/estudiolais\/wp-json\/wp\/v2\/comments?post=492"}],"version-history":[{"count":10,"href":"https:\/\/grupo.us.es\/estudiolais\/wp-json\/wp\/v2\/pages\/492\/revisions"}],"predecessor-version":[{"id":1367,"href":"https:\/\/grupo.us.es\/estudiolais\/wp-json\/wp\/v2\/pages\/492\/revisions\/1367"}],"wp:attachment":[{"href":"https:\/\/grupo.us.es\/estudiolais\/wp-json\/wp\/v2\/media?parent=492"}],"curies":[{"name":"wp","href":"https:\/\/api.w.org\/{rel}","templated":true}]}}