{"id":487,"date":"2021-12-23T12:53:37","date_gmt":"2021-12-23T12:53:37","guid":{"rendered":"http:\/\/grupo.us.es\/estudiolais\/?page_id=487"},"modified":"2025-02-18T09:09:22","modified_gmt":"2025-02-18T09:09:22","slug":"team","status":"publish","type":"page","link":"https:\/\/grupo.us.es\/estudiolais\/en\/team\/","title":{"rendered":"Researchers"},"content":{"rendered":"\n<div class=\"wp-block-columns is-layout-flex wp-container-core-columns-is-layout-1 wp-block-columns-is-layout-flex\">\n<div class=\"wp-block-column is-layout-flow wp-block-column-is-layout-flow\">\n<figure class=\"wp-block-image size-full is-style-rounded\"><img loading=\"lazy\" decoding=\"async\" width=\"300\" height=\"300\" src=\"http:\/\/grupo.us.es\/estudiolais\/wp-content\/uploads\/2021\/11\/Foto-Maite-2018.4.jpg\" alt=\"\" class=\"wp-image-292\" srcset=\"https:\/\/grupo.us.es\/estudiolais\/wp-content\/uploads\/2021\/11\/Foto-Maite-2018.4.jpg 300w, https:\/\/grupo.us.es\/estudiolais\/wp-content\/uploads\/2021\/11\/Foto-Maite-2018.4-150x150.jpg 150w\" sizes=\"auto, (max-width: 300px) 100vw, 300px\" \/><figcaption class=\"wp-element-caption\"><strong>Maite Rom\u00e1n Rodr\u00edguez<\/strong> <br>Tenured professor<br>Department of Developmental and Educational Psychology<br>(Universidad de Sevilla)<br>LR y Coordinator of the project LAIS.US<br><a rel=\"noreferrer noopener\" href=\"https:\/\/investigacion.us.es\/sisius\/sis_showpub.php?idpers=9014\" data-type=\"URL\" data-id=\"https:\/\/investigacion.us.es\/sisius\/sis_showpub.php?idpers=9014\" target=\"_blank\">Profile in SISIUS<\/a><br><a rel=\"noreferrer noopener\" href=\"https:\/\/bibliometria.us.es\/prisma\/investigador\/3701\" data-type=\"URL\" data-id=\"https:\/\/bibliometria.us.es\/prisma\/investigador\/3701\" target=\"_blank\">Profile in PRISMA<\/a><br>e-mail: maiteroman@us.es<\/figcaption><\/figure>\n\n\n\n<p><\/p>\n\n\n\n<figure class=\"wp-block-image size-full is-style-rounded\"><img loading=\"lazy\" decoding=\"async\" width=\"300\" height=\"300\" src=\"http:\/\/grupo.us.es\/estudiolais\/wp-content\/uploads\/2021\/11\/Isabel-Caceres.jpg\" alt=\"\" class=\"wp-image-306\" srcset=\"https:\/\/grupo.us.es\/estudiolais\/wp-content\/uploads\/2021\/11\/Isabel-Caceres.jpg 300w, https:\/\/grupo.us.es\/estudiolais\/wp-content\/uploads\/2021\/11\/Isabel-Caceres-150x150.jpg 150w\" sizes=\"auto, (max-width: 300px) 100vw, 300px\" \/><figcaption class=\"wp-element-caption\"><strong>Isabel Mar\u00eda C\u00e1ceres Campos<\/strong><br>Assistant professor Department of Developmental and Educational Psychology (Universidad de Sevilla)<br><a href=\"https:\/\/investigacion.us.es\/sisius\/sis_showpub.php?idpers=24665\" target=\"_blank\" rel=\"noreferrer noopener\">Profile in SISIUS<\/a><br>e-mail: imcaceres@us.es<\/figcaption><\/figure>\n\n\n\n<p class=\"has-white-color has-text-color\">g<\/p>\n\n\n\n<figure class=\"wp-block-image size-full is-style-rounded\"><img loading=\"lazy\" decoding=\"async\" width=\"300\" height=\"300\" src=\"http:\/\/grupo.us.es\/estudiolais\/wp-content\/uploads\/2021\/11\/jesus-jimenez.jpg\" alt=\"\" class=\"wp-image-303\" srcset=\"https:\/\/grupo.us.es\/estudiolais\/wp-content\/uploads\/2021\/11\/jesus-jimenez.jpg 300w, https:\/\/grupo.us.es\/estudiolais\/wp-content\/uploads\/2021\/11\/jesus-jimenez-150x150.jpg 150w\" sizes=\"auto, (max-width: 300px) 100vw, 300px\" \/><figcaption class=\"wp-element-caption\"><strong>Jes\u00fas Miguel Jim\u00e9nez Morago<br><\/strong>Tenured professor<br>Department of Developmental and Educational Psychology<br>(Universidad de Sevilla) <br><a rel=\"noreferrer noopener\" href=\"https:\/\/investigacion.us.es\/sisius\/sis_showpub.php?idpers=1742\" target=\"_blank\">Profile in SISIUS<\/a><br><a rel=\"noreferrer noopener\" href=\"https:\/\/bibliometria.us.es\/prisma\/investigador\/2075\" target=\"_blank\">Profile in PRISMA<\/a><br>e-mail: morago@us.es<\/figcaption><\/figure>\n\n\n\n<p class=\"has-white-color has-text-color\">g<\/p>\n\n\n\n<figure class=\"wp-block-image size-full is-style-rounded\"><img loading=\"lazy\" decoding=\"async\" width=\"300\" height=\"300\" src=\"http:\/\/grupo.us.es\/estudiolais\/wp-content\/uploads\/2021\/11\/Nuria-Molano.jpg\" alt=\"\" class=\"wp-image-302\" srcset=\"https:\/\/grupo.us.es\/estudiolais\/wp-content\/uploads\/2021\/11\/Nuria-Molano.jpg 300w, https:\/\/grupo.us.es\/estudiolais\/wp-content\/uploads\/2021\/11\/Nuria-Molano-150x150.jpg 150w\" sizes=\"auto, (max-width: 300px) 100vw, 300px\" \/><figcaption class=\"wp-element-caption\"><strong>Nuria Molano M\u00e9rida<\/strong><br>PhD researcher                              Department of Developmental and Educational Psychology<br>(Universidad de Sevilla)  <br><a rel=\"noreferrer noopener\" href=\"https:\/\/investigacion.us.es\/sisius\/sis_showpub.php?idpers=25132\" target=\"_blank\">Profile in SISIUS<\/a><br><a rel=\"noreferrer noopener\" href=\"https:\/\/bibliometria.us.es\/prisma\/investigador\/6487\" target=\"_blank\">Profile in PRISMA<\/a><br>e-mail: nmolano@us.es<\/figcaption><\/figure>\n\n\n\n<p class=\"has-white-color has-text-color\">g<\/p>\n\n\n\n<figure class=\"wp-block-image size-full is-style-rounded\"><img loading=\"lazy\" decoding=\"async\" width=\"300\" height=\"300\" src=\"http:\/\/grupo.us.es\/estudiolais\/wp-content\/uploads\/2021\/11\/Foto-Mari-Pen\u0303arrubia-1.jpg\" alt=\"\" class=\"wp-image-305\" srcset=\"https:\/\/grupo.us.es\/estudiolais\/wp-content\/uploads\/2021\/11\/Foto-Mari-Pen\u0303arrubia-1.jpg 300w, https:\/\/grupo.us.es\/estudiolais\/wp-content\/uploads\/2021\/11\/Foto-Mari-Pen\u0303arrubia-1-150x150.jpg 150w\" sizes=\"auto, (max-width: 300px) 100vw, 300px\" \/><figcaption class=\"wp-element-caption\"><strong>Mar\u00eda Gracia Pe\u00f1arrubia S\u00e1nchez<\/strong><br>Researcher of Developmental and Educational Psychology  <br>e-mail: mariagracia.ps@gmail.com<\/figcaption><\/figure>\n\n\n\n<p class=\"has-white-color has-text-color\">g<\/p>\n\n\n\n<p><\/p>\n\n\n\n<p><\/p>\n\n\n\n<p class=\"has-white-color has-text-color\">g<\/p>\n\n\n\n<p class=\"has-white-color has-text-color\">g<\/p>\n\n\n\n<p class=\"has-text-align-left\"><\/p>\n<\/div>\n\n\n\n<div class=\"wp-block-column is-layout-flow wp-block-column-is-layout-flow\">\n<figure class=\"wp-block-image is-style-rounded\"><img loading=\"lazy\" decoding=\"async\" width=\"300\" height=\"300\" src=\"http:\/\/grupo.us.es\/estudiolais\/wp-content\/uploads\/2021\/11\/Carmen-Moreno-1.jpg\" alt=\"\" class=\"wp-image-297\" srcset=\"https:\/\/grupo.us.es\/estudiolais\/wp-content\/uploads\/2021\/11\/Carmen-Moreno-1.jpg 300w, https:\/\/grupo.us.es\/estudiolais\/wp-content\/uploads\/2021\/11\/Carmen-Moreno-1-150x150.jpg 150w\" sizes=\"auto, (max-width: 300px) 100vw, 300px\" \/><figcaption class=\"wp-element-caption\"><strong>Mar\u00eda del Carmen Moreno Rodr\u00edguez<\/strong><br>Professor                        Department Developmental and Educational Psychology<br>(Universidad de Sevilla)<br>Co-LR  of the project LAIS.US <br><a rel=\"noreferrer noopener\" href=\"https:\/\/investigacion.us.es\/sisius\/sis_showpub.php?idpers=1745\" target=\"_blank\">Profile in SISIUS<\/a><br><a rel=\"noreferrer noopener\" href=\"https:\/\/bibliometria.us.es\/prisma\/investigador\/2843\" target=\"_blank\">Profile in PRISMA<\/a><br>e-mail: mcmoreno@us.es<\/figcaption><\/figure>\n\n\n\n<p class=\"has-white-color has-text-color\">g<\/p>\n\n\n\n<figure class=\"wp-block-image size-full is-style-rounded\"><img loading=\"lazy\" decoding=\"async\" width=\"300\" height=\"300\" src=\"http:\/\/grupo.us.es\/estudiolais\/wp-content\/uploads\/2021\/11\/Pablo-Carrera.jpg\" alt=\"\" class=\"wp-image-307\" srcset=\"https:\/\/grupo.us.es\/estudiolais\/wp-content\/uploads\/2021\/11\/Pablo-Carrera.jpg 300w, https:\/\/grupo.us.es\/estudiolais\/wp-content\/uploads\/2021\/11\/Pablo-Carrera-150x150.jpg 150w\" sizes=\"auto, (max-width: 300px) 100vw, 300px\" \/><figcaption class=\"wp-element-caption\"><strong>Pablo Carrera Garc\u00eda<br><\/strong>Postdoctoral researcher at the University Isabel I<br>e-mail: pabcargar@gmail.com<\/figcaption><\/figure>\n\n\n\n<p class=\"has-white-color has-text-color\">gg<\/p>\n\n\n\n<p class=\"has-white-color has-text-color\">g<\/p>\n\n\n\n<figure class=\"wp-block-image size-full is-style-rounded\"><img loading=\"lazy\" decoding=\"async\" width=\"300\" height=\"300\" src=\"http:\/\/grupo.us.es\/estudiolais\/wp-content\/uploads\/2021\/11\/Esperanza-Leon.jpg\" alt=\"\" class=\"wp-image-310\" srcset=\"https:\/\/grupo.us.es\/estudiolais\/wp-content\/uploads\/2021\/11\/Esperanza-Leon.jpg 300w, https:\/\/grupo.us.es\/estudiolais\/wp-content\/uploads\/2021\/11\/Esperanza-Leon-150x150.jpg 150w\" sizes=\"auto, (max-width: 300px) 100vw, 300px\" \/><figcaption class=\"wp-element-caption\"><strong>Esperanza Le\u00f3n Manso<br><\/strong>Tenured professor<br>Department of Developmental and Educational Psychology<br>(Universidad de Sevilla)  <br><a rel=\"noreferrer noopener\" href=\"https:\/\/investigacion.us.es\/sisius\/sis_showpub.php?idpers=4579\" target=\"_blank\">Profile in SISIUS<\/a><br><a rel=\"noreferrer noopener\" href=\"https:\/\/bibliometria.us.es\/prisma\/investigador\/2173\" target=\"_blank\">Profile in PRISMA<\/a><br>e-mail: eleon@us.es<\/figcaption><\/figure>\n\n\n\n<p class=\"has-white-color has-text-color\">g<\/p>\n\n\n\n<figure class=\"wp-block-image size-full is-style-rounded\"><img loading=\"lazy\" decoding=\"async\" width=\"300\" height=\"300\" src=\"http:\/\/grupo.us.es\/estudiolais\/wp-content\/uploads\/2021\/11\/Foto-Concepcio\u0301n-Moreno-Maldonado-1.jpg\" alt=\"\" class=\"wp-image-300\" srcset=\"https:\/\/grupo.us.es\/estudiolais\/wp-content\/uploads\/2021\/11\/Foto-Concepcio\u0301n-Moreno-Maldonado-1.jpg 300w, https:\/\/grupo.us.es\/estudiolais\/wp-content\/uploads\/2021\/11\/Foto-Concepcio\u0301n-Moreno-Maldonado-1-150x150.jpg 150w\" sizes=\"auto, (max-width: 300px) 100vw, 300px\" \/><figcaption class=\"wp-element-caption\"><strong>Concepci\u00f3n Moreno Maldonado<\/strong><br>Postdoctoral researcher Department of Developmental and Educational Psychology<br>(Universidad de Sevilla)<br><a rel=\"noreferrer noopener\" href=\"https:\/\/investigacion.us.es\/sisius\/sis_showpub.php?idpers=18985\" target=\"_blank\">Profile in SISIUS<\/a><br><a rel=\"noreferrer noopener\" href=\"https:\/\/bibliometria.us.es\/prisma\/investigador\/4839\" target=\"_blank\">Profile in PRISMA<\/a><br>e-mail: mmoreno14@us.es<\/figcaption><\/figure>\n\n\n\n<p class=\"has-white-color has-text-color\">g<\/p>\n\n\n\n<figure class=\"wp-block-image size-full is-style-rounded\"><img loading=\"lazy\" decoding=\"async\" width=\"300\" height=\"300\" src=\"http:\/\/grupo.us.es\/estudiolais\/wp-content\/uploads\/2021\/11\/Foto_PilarRamos_3.jpg\" alt=\"\" class=\"wp-image-295\" srcset=\"https:\/\/grupo.us.es\/estudiolais\/wp-content\/uploads\/2021\/11\/Foto_PilarRamos_3.jpg 300w, https:\/\/grupo.us.es\/estudiolais\/wp-content\/uploads\/2021\/11\/Foto_PilarRamos_3-150x150.jpg 150w\" sizes=\"auto, (max-width: 300px) 100vw, 300px\" \/><figcaption class=\"wp-element-caption\"><strong>Pilar Ramos Valverde<\/strong><br>Tenured professor<br>Department of Developmental and Educational Psychology<br>(Universidad de Sevilla)<br><a rel=\"noreferrer noopener\" href=\"http:\/\/Pilar Ramos Valverde Profesora Titular de Universidad en el departamento de Psicolog\u00eda Evolutiva y de la Educaci\u00f3n de la Universidad de Sevilla. Perfil en SISIUS: https:\/\/investigacion.us.es\/sisius\/sis_showpub.php?idpers=11575 ORCID: 0000-0002-6916-2345\" target=\"_blank\">Profile in SISIUS<\/a><br><a rel=\"noreferrer noopener\" href=\"https:\/\/bibliometria.us.es\/prisma\/investigador\/3475\" target=\"_blank\">Profile in PRISMA<\/a><br>e.mail: pilarramos@us.es<\/figcaption><\/figure>\n\n\n\n<p class=\"has-white-color has-text-color\"><\/p>\n\n\n\n<p class=\"has-white-color has-text-color\"><\/p>\n\n\n\n<p><\/p>\n\n\n\n<p class=\"has-white-color has-text-color\">g<\/p>\n\n\n\n<p><\/p>\n<\/div>\n\n\n\n<div class=\"wp-block-column is-layout-flow wp-block-column-is-layout-flow\">\n<figure class=\"wp-block-image size-full is-style-rounded\"><img loading=\"lazy\" decoding=\"async\" width=\"300\" height=\"300\" src=\"http:\/\/grupo.us.es\/estudiolais\/wp-content\/uploads\/2021\/11\/Jesus-Palacios-41-1.jpg\" alt=\"\" class=\"wp-image-309\" srcset=\"https:\/\/grupo.us.es\/estudiolais\/wp-content\/uploads\/2021\/11\/Jesus-Palacios-41-1.jpg 300w, https:\/\/grupo.us.es\/estudiolais\/wp-content\/uploads\/2021\/11\/Jesus-Palacios-41-1-150x150.jpg 150w\" sizes=\"auto, (max-width: 300px) 100vw, 300px\" \/><figcaption class=\"wp-element-caption\"><strong>Jes\u00fas Palacios Gonz\u00e1lez<br><\/strong>Retired Professor, Honorary Research Fellow<br>Department Developmental and Educational Psychology (Universidad de Sevilla)<br>Co-LR of the project LAIS.US<br>e-mail: jp@us.es<\/figcaption><\/figure>\n\n\n\n<p class=\"has-white-color has-text-color\">g<\/p>\n\n\n\n<p class=\"has-white-color has-text-color\">g<\/p>\n\n\n\n<figure class=\"wp-block-image size-full is-style-rounded\"><img loading=\"lazy\" decoding=\"async\" width=\"300\" height=\"300\" src=\"http:\/\/grupo.us.es\/estudiolais\/wp-content\/uploads\/2021\/11\/Andrea-Fuentes-1.jpg\" alt=\"\" class=\"wp-image-311\" srcset=\"https:\/\/grupo.us.es\/estudiolais\/wp-content\/uploads\/2021\/11\/Andrea-Fuentes-1.jpg 300w, https:\/\/grupo.us.es\/estudiolais\/wp-content\/uploads\/2021\/11\/Andrea-Fuentes-1-150x150.jpg 150w\" sizes=\"auto, (max-width: 300px) 100vw, 300px\" \/><figcaption class=\"wp-element-caption\"><strong>Andrea Fuentes Gonz\u00e1lez<\/strong><br>PhD researcher  <br>Department of Developmental and Educational Psychology<br>(Universidad de Sevilla) <br>e-mail: afuentes3@us.es<\/figcaption><\/figure>\n\n\n\n<p class=\"has-white-color has-text-color\">g<\/p>\n\n\n\n<figure class=\"wp-block-image size-full is-style-rounded\"><img loading=\"lazy\" decoding=\"async\" width=\"300\" height=\"300\" src=\"http:\/\/grupo.us.es\/estudiolais\/wp-content\/uploads\/2021\/11\/foto-mayte-cv-1.jpg\" alt=\"\" class=\"wp-image-312\" srcset=\"https:\/\/grupo.us.es\/estudiolais\/wp-content\/uploads\/2021\/11\/foto-mayte-cv-1.jpg 300w, https:\/\/grupo.us.es\/estudiolais\/wp-content\/uploads\/2021\/11\/foto-mayte-cv-1-150x150.jpg 150w\" sizes=\"auto, (max-width: 300px) 100vw, 300px\" \/><figcaption class=\"wp-element-caption\"><strong>Mar\u00eda Teresa Miranda V\u00e1zquez<br><\/strong> PhD researcher                               Department of Developmental and Educational Psychology<br>(Universidad de Sevilla)  <br>e-mail:mirandamayte@gmail.com<br><br><\/figcaption><\/figure>\n\n\n\n<p class=\"has-white-color has-text-color\">g<\/p>\n\n\n\n<p class=\"has-white-color has-text-color\">g<\/p>\n\n\n\n<figure class=\"wp-block-image size-full is-style-rounded\"><img loading=\"lazy\" decoding=\"async\" width=\"300\" height=\"300\" src=\"http:\/\/grupo.us.es\/estudiolais\/wp-content\/uploads\/2021\/11\/Carmen-Paniagua-1.jpg\" alt=\"\" class=\"wp-image-298\" srcset=\"https:\/\/grupo.us.es\/estudiolais\/wp-content\/uploads\/2021\/11\/Carmen-Paniagua-1.jpg 300w, https:\/\/grupo.us.es\/estudiolais\/wp-content\/uploads\/2021\/11\/Carmen-Paniagua-1-150x150.jpg 150w\" sizes=\"auto, (max-width: 300px) 100vw, 300px\" \/><\/figure>\n\n\n\n<p><strong>Carmen Elisa Paniagua Infantes<\/strong><br>Postdoctoral researcher Department of Developmental and Educational Psychology<br>(Universidad de Sevilla)<br><a rel=\"noreferrer noopener\" href=\"https:\/\/investigacion.us.es\/sisius\/sis_showpub.php?idpers=18985\" target=\"_blank\"><\/a><a rel=\"noreferrer noopener\" href=\"https:\/\/investigacion.us.es\/sisius\/sis_showpub.php?idpers=19849\" target=\"_blank\"><\/a><a rel=\"noreferrer noopener\" href=\"https:\/\/investigacion.us.es\/sisius\/sis_showpub.php?idpers=19849\" target=\"_blank\"><\/a><a rel=\"noreferrer noopener\" href=\"https:\/\/investigacion.us.es\/sisius\/sis_showpub.php?idpers=19849\" target=\"_blank\"><\/a><a rel=\"noreferrer noopener\" href=\"https:\/\/investigacion.us.es\/sisius\/sis_showpub.php?idpers=19849\" target=\"_blank\">Profile in SISIUS<\/a> <a rel=\"noreferrer noopener\" href=\"https:\/\/investigacion.us.es\/sisius\/sis_showpub.php?idpers=19849\" target=\"_blank\"><\/a><br><a rel=\"noreferrer noopener\" href=\"https:\/\/bibliometria.us.es\/prisma\/investigador\/4839\" target=\"_blank\">Profile in PRISMA<\/a><br>e-mail: cpaniagua@us.es<\/p>\n\n\n\n<p class=\"has-white-color has-text-color\">g<\/p>\n\n\n\n<p><\/p>\n\n\n\n<p><br><\/p>\n\n\n\n<p><\/p>\n\n\n\n<p><\/p>\n<\/div>\n<\/div>\n","protected":false},"excerpt":{"rendered":"<p>g g g g g g g gg g g g g g g g g g Carmen Elisa Paniagua InfantesPostdoctoral researcher Department of Developmental and Educational Psychology(Universidad de Sevilla)Profile in SISIUS Profile in PRISMAe-mail: cpaniagua@us.es g<\/p>\n","protected":false},"author":2,"featured_media":0,"parent":0,"menu_order":0,"comment_status":"closed","ping_status":"closed","template":"","meta":{"footnotes":""},"class_list":["post-487","page","type-page","status-publish","hentry"],"_links":{"self":[{"href":"https:\/\/grupo.us.es\/estudiolais\/wp-json\/wp\/v2\/pages\/487","targetHints":{"allow":["GET"]}}],"collection":[{"href":"https:\/\/grupo.us.es\/estudiolais\/wp-json\/wp\/v2\/pages"}],"about":[{"href":"https:\/\/grupo.us.es\/estudiolais\/wp-json\/wp\/v2\/types\/page"}],"author":[{"embeddable":true,"href":"https:\/\/grupo.us.es\/estudiolais\/wp-json\/wp\/v2\/users\/2"}],"replies":[{"embeddable":true,"href":"https:\/\/grupo.us.es\/estudiolais\/wp-json\/wp\/v2\/comments?post=487"}],"version-history":[{"count":82,"href":"https:\/\/grupo.us.es\/estudiolais\/wp-json\/wp\/v2\/pages\/487\/revisions"}],"predecessor-version":[{"id":1398,"href":"https:\/\/grupo.us.es\/estudiolais\/wp-json\/wp\/v2\/pages\/487\/revisions\/1398"}],"wp:attachment":[{"href":"https:\/\/grupo.us.es\/estudiolais\/wp-json\/wp\/v2\/media?parent=487"}],"curies":[{"name":"wp","href":"https:\/\/api.w.org\/{rel}","templated":true}]}}