{"id":393,"date":"2021-11-10T21:37:40","date_gmt":"2021-11-10T21:37:40","guid":{"rendered":"http:\/\/grupo.us.es\/estudiolais\/?page_id=393"},"modified":"2025-06-30T11:25:45","modified_gmt":"2025-06-30T11:25:45","slug":"tesis-doctorales","status":"publish","type":"page","link":"https:\/\/grupo.us.es\/estudiolais\/tesis-doctorales\/","title":{"rendered":"Tesis doctorales"},"content":{"rendered":"\n<p>Fuentes-Gonz\u00e1lez, A. (2025). <em>Experiencias adversas en la infancia, trayectorias de protecci\u00f3n y desarrollo de ni\u00f1os, ni\u00f1as y adolescentes en acogimiento residencial.<\/em> Tesis Doctoral. Directora: Maite Rom\u00e1n. Sevilla: Universidad de Sevilla. Calificaci\u00f3n: Sobresaliente Cum Laude.<\/p>\n\n\n\n<p>C\u00e1ceres, I. (2021). <em>El desarrollo social de menores adoptados internacionalmente e institucionalizados: Habilidades sociales y relaciones con iguales a lo largo de la infancia y la adolescencia<\/em>. Tesis Doctoral. Directoras: Maite Rom\u00e1n y Carmen Moreno. Sevilla: Universidad de Sevilla. Calificaci\u00f3n: Sobresaliente Cum Laude. <a href=\"https:\/\/idus.us.es\/handle\/11441\/126575\" data-type=\"URL\" data-id=\"https:\/\/idus.us.es\/handle\/11441\/126575\" target=\"_blank\" rel=\"noreferrer noopener\">Ver aqu\u00ed<\/a><\/p>\n\n\n\n<p>Pe\u00f1arrubia, M.G. (2015). <em>Funci\u00f3n ejecutiva en ni\u00f1os y ni\u00f1as adoptados internacionalmente y su relaci\u00f3n con el desarrollo socioemocional<\/em>. Tesis Doctoral. Directores: Jes\u00fas Palacios y Maite Rom\u00e1n. Sevilla: Universidad de Sevilla. Calificaci\u00f3n: Sobresaliente Cum Laude. <a href=\"https:\/\/idus.us.es\/handle\/11441\/34462\" data-type=\"URL\" data-id=\"https:\/\/idus.us.es\/handle\/11441\/34462\" target=\"_blank\" rel=\"noreferrer noopener\">Ver aqu\u00ed<\/a><\/p>\n\n\n\n<p>Oropesa, F.N. (2015). <em>An\u00e1lisis del contexto familiar en la adopci\u00f3n: caracter\u00edsticas psicol\u00f3gicas de los padres y madres y procesos de relaci\u00f3n entre padres e hijos<\/em>. Tesis Doctoral. Director: Jes\u00fas Palacios y Esperanza Le\u00f3n. Sevilla: Universidad de Sevilla.  Calificaci\u00f3n: Sobresaliente Cum Laude. <a rel=\"noreferrer noopener\" href=\"https:\/\/idus.us.es\/handle\/11441\/36593\" data-type=\"URL\" data-id=\"https:\/\/idus.us.es\/handle\/11441\/36593\" target=\"_blank\">Ver aqu\u00ed<\/a><\/p>\n\n\n\n<p>Rom\u00e1n, M. (2010). <em>El apego en ni\u00f1os y ni\u00f1as adoptados. Modelos internos, conductas y trastornos de apego<\/em>. Tesis Doctoral. Director: Jes\u00fas Palacios. Sevilla: Universidad de Sevilla.  Calificaci\u00f3n: Sobresaliente Cum Laude. <a href=\"https:\/\/idus.us.es\/handle\/11441\/15474\" data-type=\"URL\" data-id=\"https:\/\/idus.us.es\/handle\/11441\/15474\" target=\"_blank\" rel=\"noreferrer noopener\">Ver aqu\u00ed<\/a><\/p>\n\n\n\n<p><\/p>\n\n\n\n<p><\/p>\n\n\n\n<p><\/p>\n\n\n\n<p><\/p>\n\n\n\n<p><\/p>\n\n\n\n<p><\/p>\n\n\n\n<p><\/p>\n","protected":false},"excerpt":{"rendered":"<p>Fuentes-Gonz\u00e1lez, A. (2025). Experiencias adversas en la infancia, trayectorias de protecci\u00f3n y desarrollo de ni\u00f1os, ni\u00f1as y adolescentes en acogimiento residencial. Tesis Doctoral. Directora: Maite Rom\u00e1n. Sevilla: Universidad de Sevilla. Calificaci\u00f3n: Sobresaliente Cum Laude. C\u00e1ceres, I. (2021). El desarrollo social de menores adoptados internacionalmente e institucionalizados: Habilidades sociales y relaciones con iguales a lo largo [&hellip;]<\/p>\n","protected":false},"author":2,"featured_media":0,"parent":0,"menu_order":0,"comment_status":"closed","ping_status":"closed","template":"","meta":{"footnotes":""},"class_list":["post-393","page","type-page","status-publish","hentry"],"_links":{"self":[{"href":"https:\/\/grupo.us.es\/estudiolais\/wp-json\/wp\/v2\/pages\/393","targetHints":{"allow":["GET"]}}],"collection":[{"href":"https:\/\/grupo.us.es\/estudiolais\/wp-json\/wp\/v2\/pages"}],"about":[{"href":"https:\/\/grupo.us.es\/estudiolais\/wp-json\/wp\/v2\/types\/page"}],"author":[{"embeddable":true,"href":"https:\/\/grupo.us.es\/estudiolais\/wp-json\/wp\/v2\/users\/2"}],"replies":[{"embeddable":true,"href":"https:\/\/grupo.us.es\/estudiolais\/wp-json\/wp\/v2\/comments?post=393"}],"version-history":[{"count":15,"href":"https:\/\/grupo.us.es\/estudiolais\/wp-json\/wp\/v2\/pages\/393\/revisions"}],"predecessor-version":[{"id":1442,"href":"https:\/\/grupo.us.es\/estudiolais\/wp-json\/wp\/v2\/pages\/393\/revisions\/1442"}],"wp:attachment":[{"href":"https:\/\/grupo.us.es\/estudiolais\/wp-json\/wp\/v2\/media?parent=393"}],"curies":[{"name":"wp","href":"https:\/\/api.w.org\/{rel}","templated":true}]}}