{"id":2459,"date":"2026-01-26T16:34:46","date_gmt":"2026-01-26T15:34:46","guid":{"rendered":"https:\/\/grupo.us.es\/estgeoand\/?page_id=2459"},"modified":"2026-02-23T19:18:01","modified_gmt":"2026-02-23T18:18:01","slug":"actividad-cientifica","status":"publish","type":"page","link":"https:\/\/grupo.us.es\/estgeoand\/actividad-cientifica\/","title":{"rendered":"Actividad Cient\u00edfica"},"content":{"rendered":"\t\t<div data-elementor-type=\"wp-page\" data-elementor-id=\"2459\" class=\"elementor elementor-2459\">\n\t\t\t\t<div class=\"elementor-element elementor-element-93263f3 e-flex e-con-boxed e-con e-parent\" data-id=\"93263f3\" data-element_type=\"container\" data-settings=\"{&quot;background_background&quot;:&quot;classic&quot;}\">\n\t\t\t\t\t<div class=\"e-con-inner\">\n\t\t<div class=\"elementor-element elementor-element-6c32ff7 e-flex e-con-boxed e-con e-child\" data-id=\"6c32ff7\" data-element_type=\"container\">\n\t\t\t\t\t<div class=\"e-con-inner\">\n\t\t\t\t<div class=\"elementor-element elementor-element-888fcee elementor-widget elementor-widget-heading\" data-id=\"888fcee\" data-element_type=\"widget\" data-widget_type=\"heading.default\">\n\t\t\t\t<div class=\"elementor-widget-container\">\n\t\t\t\t\t<h1 class=\"elementor-heading-title elementor-size-default\">Actividad Cient\u00edfica<\/h1>\t\t\t\t<\/div>\n\t\t\t\t<\/div>\n\t\t\t\t\t<\/div>\n\t\t\t\t<\/div>\n\t\t\t\t\t<\/div>\n\t\t\t\t<\/div>\n\t\t<div class=\"elementor-element elementor-element-45a8f5e e-flex e-con-boxed e-con e-parent\" data-id=\"45a8f5e\" data-element_type=\"container\">\n\t\t\t\t\t<div class=\"e-con-inner\">\n\t\t\t\t<div class=\"elementor-element elementor-element-0c29fe5 elementor-widget elementor-widget-spacer\" data-id=\"0c29fe5\" data-element_type=\"widget\" data-widget_type=\"spacer.default\">\n\t\t\t\t<div class=\"elementor-widget-container\">\n\t\t\t\t\t\t\t<div class=\"elementor-spacer\">\n\t\t\t<div class=\"elementor-spacer-inner\"><\/div>\n\t\t<\/div>\n\t\t\t\t\t\t<\/div>\n\t\t\t\t<\/div>\n\t\t\t\t\t<\/div>\n\t\t\t\t<\/div>\n\t\t<div class=\"elementor-element elementor-element-15cacd8 e-flex e-con-boxed e-con e-parent\" data-id=\"15cacd8\" data-element_type=\"container\">\n\t\t\t\t\t<div class=\"e-con-inner\">\n\t\t\t\t<div class=\"elementor-element elementor-element-5e11873 elementor-widget elementor-widget-text-editor\" data-id=\"5e11873\" data-element_type=\"widget\" data-widget_type=\"text-editor.default\">\n\t\t\t\t<div class=\"elementor-widget-container\">\n\t\t\t\t\t\t\t\t\t<h4>Jes\u00fas Ventura Fern\u00e1ndez<\/h4>\t\t\t\t\t\t\t\t<\/div>\n\t\t\t\t<\/div>\n\t\t\t\t<div class=\"elementor-element elementor-element-8c7f6e5 elementor-widget elementor-widget-text-editor\" data-id=\"8c7f6e5\" data-element_type=\"widget\" data-widget_type=\"text-editor.default\">\n\t\t\t\t<div class=\"elementor-widget-container\">\n\t\t\t\t\t\t\t\t\t<ul><li>Google Scholar: <a href=\"https:\/\/scholar.google.com\/citations?user=rRX-VXwAAAAJ&amp;hl=es&amp;oi=ao\">https:\/\/scholar.google.com\/citations?user=rRX-VXwAAAAJ&amp;hl=es&amp;oi=ao<\/a><\/li><li>ORCID: <a href=\"https:\/\/orcid.org\/0000-0002-8271-1011\">https:\/\/orcid.org\/0000-0002-8271-1011<\/a><\/li><li>PRISMA: <a href=\"https:\/\/prisma.us.es\/investigador\/4326\">https:\/\/prisma.us.es\/investigador\/4326<\/a><\/li><li>SISIUS: <a href=\"https:\/\/investigacion.us.es\/sisius\/sis_showpub.php?idpers=1291\">https:\/\/investigacion.us.es\/sisius\/sis_showpub.php?idpers=1291<\/a><\/li><\/ul>\t\t\t\t\t\t\t\t<\/div>\n\t\t\t\t<\/div>\n\t\t\t\t\t<\/div>\n\t\t\t\t<\/div>\n\t\t<div class=\"elementor-element elementor-element-18bc343 e-flex e-con-boxed e-con e-parent\" data-id=\"18bc343\" data-element_type=\"container\">\n\t\t\t\t\t<div class=\"e-con-inner\">\n\t\t\t\t<div class=\"elementor-element elementor-element-30b2c9b elementor-widget elementor-widget-text-editor\" data-id=\"30b2c9b\" data-element_type=\"widget\" data-widget_type=\"text-editor.default\">\n\t\t\t\t<div class=\"elementor-widget-container\">\n\t\t\t\t\t\t\t\t\t<h4>Rosa Mar\u00eda Jord\u00e1 Borrell<\/h4>\t\t\t\t\t\t\t\t<\/div>\n\t\t\t\t<\/div>\n\t\t\t\t<div class=\"elementor-element elementor-element-a03c56f elementor-widget elementor-widget-text-editor\" data-id=\"a03c56f\" data-element_type=\"widget\" data-widget_type=\"text-editor.default\">\n\t\t\t\t<div class=\"elementor-widget-container\">\n\t\t\t\t\t\t\t\t\t<ul><li>Google Scholar: <a href=\"https:\/\/scholar.google.com\/citations?hl=es&amp;user=GcDBmjYAAAAJ\">https:\/\/scholar.google.com\/citations?hl=es&amp;user=GcDBmjYAAAAJ<\/a><\/li><li>ORCID: <a href=\"https:\/\/orcid.org\/0000-0002-4680-4771\">https:\/\/orcid.org\/0000-0002-4680-4771<\/a><\/li><\/ul><p>\u00a0<\/p>\t\t\t\t\t\t\t\t<\/div>\n\t\t\t\t<\/div>\n\t\t\t\t\t<\/div>\n\t\t\t\t<\/div>\n\t\t<div class=\"elementor-element elementor-element-bc3ba8c e-flex e-con-boxed e-con e-parent\" data-id=\"bc3ba8c\" data-element_type=\"container\">\n\t\t\t\t\t<div class=\"e-con-inner\">\n\t\t\t\t<div class=\"elementor-element elementor-element-e0e9a47 elementor-widget elementor-widget-text-editor\" data-id=\"e0e9a47\" data-element_type=\"widget\" data-widget_type=\"text-editor.default\">\n\t\t\t\t<div class=\"elementor-widget-container\">\n\t\t\t\t\t\t\t\t\t<h4>Francisca Ruiz Rodr\u00edguez<\/h4>\t\t\t\t\t\t\t\t<\/div>\n\t\t\t\t<\/div>\n\t\t\t\t<div class=\"elementor-element elementor-element-66a8327 elementor-widget elementor-widget-text-editor\" data-id=\"66a8327\" data-element_type=\"widget\" data-widget_type=\"text-editor.default\">\n\t\t\t\t<div class=\"elementor-widget-container\">\n\t\t\t\t\t\t\t\t\t<ul><li>Google Scholar: <a href=\"https:\/\/scholar.google.com\/citations?hl=es&amp;user=E66nMhgAAAAJ\">https:\/\/scholar.google.com\/citations?hl=es&amp;user=E66nMhgAAAAJ<\/a><\/li><li>ORCID: <a href=\"https:\/\/orcid.org\/0000-0002-5409-3631\">https:\/\/orcid.org\/0000-0002-5409-3631<\/a><\/li><li>PRISMA: <a href=\"https:\/\/prisma.us.es\/investigador\/3831\">https:\/\/prisma.us.es\/investigador\/3831<\/a><\/li><li>SISIUS: <a href=\"https:\/\/investigacion.us.es\/sisius\/sis_showpub.php?idpers=1290\">https:\/\/investigacion.us.es\/sisius\/sis_showpub.php?idpers=1290<\/a><\/li><\/ul>\t\t\t\t\t\t\t\t<\/div>\n\t\t\t\t<\/div>\n\t\t\t\t\t<\/div>\n\t\t\t\t<\/div>\n\t\t<div class=\"elementor-element elementor-element-155b8dd e-flex e-con-boxed e-con e-parent\" data-id=\"155b8dd\" data-element_type=\"container\">\n\t\t\t\t\t<div class=\"e-con-inner\">\n\t\t\t\t<div class=\"elementor-element elementor-element-b9e22ff elementor-widget elementor-widget-text-editor\" data-id=\"b9e22ff\" data-element_type=\"widget\" data-widget_type=\"text-editor.default\">\n\t\t\t\t<div class=\"elementor-widget-container\">\n\t\t\t\t\t\t\t\t\t<h4>Jes\u00fas Gabriel Moreno Navarro<\/h4>\t\t\t\t\t\t\t\t<\/div>\n\t\t\t\t<\/div>\n\t\t\t\t<div class=\"elementor-element elementor-element-8db125c elementor-widget elementor-widget-text-editor\" data-id=\"8db125c\" data-element_type=\"widget\" data-widget_type=\"text-editor.default\">\n\t\t\t\t<div class=\"elementor-widget-container\">\n\t\t\t\t\t\t\t\t\t<ul><li>Web personal: <a href=\"https:\/\/personal.us.es\/jgamore\/\">https:\/\/personal.us.es\/jgamore\/<\/a><\/li><\/ul>\t\t\t\t\t\t\t\t<\/div>\n\t\t\t\t<\/div>\n\t\t\t\t\t<\/div>\n\t\t\t\t<\/div>\n\t\t<div class=\"elementor-element elementor-element-a0c3d37 e-flex e-con-boxed e-con e-parent\" data-id=\"a0c3d37\" data-element_type=\"container\">\n\t\t\t\t\t<div class=\"e-con-inner\">\n\t\t\t\t<div class=\"elementor-element elementor-element-6133676 elementor-widget elementor-widget-text-editor\" data-id=\"6133676\" data-element_type=\"widget\" data-widget_type=\"text-editor.default\">\n\t\t\t\t<div class=\"elementor-widget-container\">\n\t\t\t\t\t\t\t\t\t<h4>\u00c1ngel Luis Lucendo Monedero<\/h4>\t\t\t\t\t\t\t\t<\/div>\n\t\t\t\t<\/div>\n\t\t\t\t<div class=\"elementor-element elementor-element-6494da4 elementor-widget elementor-widget-text-editor\" data-id=\"6494da4\" data-element_type=\"widget\" data-widget_type=\"text-editor.default\">\n\t\t\t\t<div class=\"elementor-widget-container\">\n\t\t\t\t\t\t\t\t\t<ul><li>Google Scholar: <a href=\"https:\/\/scholar.google.com\/citations?hl=es&amp;user=WxycXNoAAAAJ\">https:\/\/scholar.google.com\/citations?hl=es&amp;user=WxycXNoAAAAJ<\/a><\/li><li>ORCID: <a href=\"https:\/\/orcid.org\/0000-0001-8730-6544\">https:\/\/orcid.org\/0000-0001-8730-6544<\/a><\/li><li>PRISMA: <a href=\"https:\/\/prisma.us.es\/investigador\/2365\">https:\/\/prisma.us.es\/investigador\/2365<\/a><\/li><li>SISIUS: <a href=\"https:\/\/investigacion.us.es\/sisius\/sis_showpub.php?idpers=6362\">https:\/\/investigacion.us.es\/sisius\/sis_showpub.php?idpers=6362<\/a><\/li><\/ul>\t\t\t\t\t\t\t\t<\/div>\n\t\t\t\t<\/div>\n\t\t\t\t\t<\/div>\n\t\t\t\t<\/div>\n\t\t<div class=\"elementor-element elementor-element-e814e80 e-flex e-con-boxed e-con e-parent\" data-id=\"e814e80\" data-element_type=\"container\">\n\t\t\t\t\t<div class=\"e-con-inner\">\n\t\t\t\t<div class=\"elementor-element elementor-element-8170bc4 elementor-widget elementor-widget-text-editor\" data-id=\"8170bc4\" data-element_type=\"widget\" data-widget_type=\"text-editor.default\">\n\t\t\t\t<div class=\"elementor-widget-container\">\n\t\t\t\t\t\t\t\t\t<h4>Francisco Manuel Fern\u00e1ndez Latorre<\/h4>\t\t\t\t\t\t\t\t<\/div>\n\t\t\t\t<\/div>\n\t\t\t\t<div class=\"elementor-element elementor-element-bf1b31a elementor-widget elementor-widget-text-editor\" data-id=\"bf1b31a\" data-element_type=\"widget\" data-widget_type=\"text-editor.default\">\n\t\t\t\t<div class=\"elementor-widget-container\">\n\t\t\t\t\t\t\t\t\t<ul><li>Google Scholar: <a href=\"https:\/\/scholar.google.com\/citations?user=HB22pUYAAAAJ&amp;hl=es&amp;oi=sra\">https:\/\/scholar.google.com\/citations?user=HB22pUYAAAAJ&amp;hl=es&amp;oi=sra<\/a><\/li><li>ORCID: <a href=\"https:\/\/orcid.org\/0000-0002-7732-6928\">https:\/\/orcid.org\/0000-0002-7732-6928<\/a><\/li><\/ul>\t\t\t\t\t\t\t\t<\/div>\n\t\t\t\t<\/div>\n\t\t\t\t\t<\/div>\n\t\t\t\t<\/div>\n\t\t<div class=\"elementor-element elementor-element-e454923 e-flex e-con-boxed e-con e-parent\" data-id=\"e454923\" data-element_type=\"container\">\n\t\t\t\t\t<div class=\"e-con-inner\">\n\t\t\t\t<div class=\"elementor-element elementor-element-7307a41 elementor-widget elementor-widget-text-editor\" data-id=\"7307a41\" data-element_type=\"widget\" data-widget_type=\"text-editor.default\">\n\t\t\t\t<div class=\"elementor-widget-container\">\n\t\t\t\t\t\t\t\t\t<h4>Antonio Gavira Narv\u00e1ez<\/h4>\t\t\t\t\t\t\t\t<\/div>\n\t\t\t\t<\/div>\n\t\t\t\t<div class=\"elementor-element elementor-element-9bf73b3 elementor-widget elementor-widget-text-editor\" data-id=\"9bf73b3\" data-element_type=\"widget\" data-widget_type=\"text-editor.default\">\n\t\t\t\t<div class=\"elementor-widget-container\">\n\t\t\t\t\t\t\t\t\t<ul><li>Google Scholar: <a href=\"https:\/\/scholar.google.com\/citations?user=zPKBDXYAAAAJ\">https:\/\/scholar.google.com\/citations?user=zPKBDXYAAAAJ<\/a><\/li><li>ORCID: <a href=\"https:\/\/orcid.org\/0000-0002-5389-8315\">https:\/\/orcid.org\/0000-0002-5389-8315<\/a><\/li><li>Dialnet: <a href=\"https:\/\/dialnet.unirioja.es\/servlet\/autor?codigo=3033891\">https:\/\/dialnet.unirioja.es\/servlet\/autor?codigo=3033891<\/a><\/li><li>ResearchGate: <a href=\"https:\/\/www.researchgate.net\/profile\/Antonio-Gavira-Narvaez\">https:\/\/www.researchgate.net\/profile\/Antonio-Gavira-Narvaez<\/a><\/li><\/ul>\t\t\t\t\t\t\t\t<\/div>\n\t\t\t\t<\/div>\n\t\t\t\t\t<\/div>\n\t\t\t\t<\/div>\n\t\t<div class=\"elementor-element elementor-element-a2cdfb1 e-flex e-con-boxed e-con e-parent\" data-id=\"a2cdfb1\" data-element_type=\"container\">\n\t\t\t\t\t<div class=\"e-con-inner\">\n\t\t\t\t<div class=\"elementor-element elementor-element-d9e7a40 elementor-widget elementor-widget-text-editor\" data-id=\"d9e7a40\" data-element_type=\"widget\" data-widget_type=\"text-editor.default\">\n\t\t\t\t<div class=\"elementor-widget-container\">\n\t\t\t\t\t\t\t\t\t<h4>Gustavo Antonio Contreras Cabrera<\/h4>\t\t\t\t\t\t\t\t<\/div>\n\t\t\t\t<\/div>\n\t\t\t\t<div class=\"elementor-element elementor-element-177aa3b elementor-widget elementor-widget-text-editor\" data-id=\"177aa3b\" data-element_type=\"widget\" data-widget_type=\"text-editor.default\">\n\t\t\t\t<div class=\"elementor-widget-container\">\n\t\t\t\t\t\t\t\t\t<ul><li>Google Scholar: <a href=\"https:\/\/scholar.google.com\/citations?user=57G5lzkAAAAJ&amp;hl=es\">https:\/\/scholar.google.com\/citations?user=57G5lzkAAAAJ&amp;hl=es<\/a><\/li><li>ORCID: \u00a0<a href=\"https:\/\/orcid.org\/0000-0003-2903-0484\">https:\/\/orcid.org\/0000-0003-2903-0484<\/a><\/li><\/ul>\t\t\t\t\t\t\t\t<\/div>\n\t\t\t\t<\/div>\n\t\t\t\t\t<\/div>\n\t\t\t\t<\/div>\n\t\t<div class=\"elementor-element elementor-element-e1e2a78 e-flex e-con-boxed e-con e-parent\" data-id=\"e1e2a78\" data-element_type=\"container\">\n\t\t\t\t\t<div class=\"e-con-inner\">\n\t\t\t\t<div class=\"elementor-element elementor-element-6525b26 elementor-widget elementor-widget-text-editor\" data-id=\"6525b26\" data-element_type=\"widget\" data-widget_type=\"text-editor.default\">\n\t\t\t\t<div class=\"elementor-widget-container\">\n\t\t\t\t\t\t\t\t\t<h4>Reyes Manuela Gonz\u00e1lez Rela\u00f1o<\/h4>\t\t\t\t\t\t\t\t<\/div>\n\t\t\t\t<\/div>\n\t\t\t\t<div class=\"elementor-element elementor-element-50c7fe1 elementor-widget elementor-widget-text-editor\" data-id=\"50c7fe1\" data-element_type=\"widget\" data-widget_type=\"text-editor.default\">\n\t\t\t\t<div class=\"elementor-widget-container\">\n\t\t\t\t\t\t\t\t\t<ul><li>Google Scholar: <a href=\"https:\/\/scholar.google.com\/citations?user=9zIsSLwAAAAJ&amp;hl=es\">https:\/\/scholar.google.com\/citations?user=9zIsSLwAAAAJ&amp;hl=es<\/a><\/li><li>ORCID: <a href=\"https:\/\/orcid.org\/0000-0003-1560-2779\">https:\/\/orcid.org\/0000-0003-1560-2779<\/a><\/li><li>PRISMA: <a href=\"https:\/\/prisma.us.es\/investigador\/1792\">https:\/\/prisma.us.es\/investigador\/1792<\/a><\/li><li>Scopus: <a href=\"https:\/\/www.scopus.com\/authid\/detail.uri?authorId=56676254600\">https:\/\/www.scopus.com\/authid\/detail.uri?authorId=56676254600<\/a><\/li><li>WoS: <a href=\"https:\/\/www.webofscience.com\/wos\/author\/record\/L-2889-2014\">https:\/\/www.webofscience.com\/wos\/author\/record\/L-2889-2014<\/a><\/li><\/ul>\t\t\t\t\t\t\t\t<\/div>\n\t\t\t\t<\/div>\n\t\t\t\t\t<\/div>\n\t\t\t\t<\/div>\n\t\t<div class=\"elementor-element elementor-element-a7d09f7 e-flex e-con-boxed e-con e-parent\" data-id=\"a7d09f7\" data-element_type=\"container\">\n\t\t\t\t\t<div class=\"e-con-inner\">\n\t\t\t\t<div class=\"elementor-element elementor-element-6b7f862 elementor-widget elementor-widget-text-editor\" data-id=\"6b7f862\" data-element_type=\"widget\" data-widget_type=\"text-editor.default\">\n\t\t\t\t<div class=\"elementor-widget-container\">\n\t\t\t\t\t\t\t\t\t<h4>Javier L\u00f3pez Otero<\/h4>\t\t\t\t\t\t\t\t<\/div>\n\t\t\t\t<\/div>\n\t\t\t\t<div class=\"elementor-element elementor-element-1df960b elementor-widget elementor-widget-text-editor\" data-id=\"1df960b\" data-element_type=\"widget\" data-widget_type=\"text-editor.default\">\n\t\t\t\t<div class=\"elementor-widget-container\">\n\t\t\t\t\t\t\t\t\t<ul><li>Google Scholar: <a href=\"https:\/\/scholar.google.com\/citations?hl=es&amp;user=d_tI7eAAAAAJ\">https:\/\/scholar.google.com\/citations?hl=es&amp;user=d_tI7eAAAAAJ<\/a><\/li><li>ORCID: <a href=\"https:\/\/orcid.org\/0000-0002-6543-2926\">https:\/\/orcid.org\/0000-0002-6543-2926<\/a><\/li><\/ul>\t\t\t\t\t\t\t\t<\/div>\n\t\t\t\t<\/div>\n\t\t\t\t\t<\/div>\n\t\t\t\t<\/div>\n\t\t<div class=\"elementor-element elementor-element-ec46f08 e-flex e-con-boxed e-con e-parent\" data-id=\"ec46f08\" data-element_type=\"container\">\n\t\t\t\t\t<div class=\"e-con-inner\">\n\t\t\t\t<div class=\"elementor-element elementor-element-ae13272 elementor-widget elementor-widget-text-editor\" data-id=\"ae13272\" data-element_type=\"widget\" data-widget_type=\"text-editor.default\">\n\t\t\t\t<div class=\"elementor-widget-container\">\n\t\t\t\t\t\t\t\t\t<h4>Luis Copano Ortiz<\/h4>\t\t\t\t\t\t\t\t<\/div>\n\t\t\t\t<\/div>\n\t\t\t\t<div class=\"elementor-element elementor-element-cfb0ba1 elementor-widget elementor-widget-text-editor\" data-id=\"cfb0ba1\" data-element_type=\"widget\" data-widget_type=\"text-editor.default\">\n\t\t\t\t<div class=\"elementor-widget-container\">\n\t\t\t\t\t\t\t\t\t<ul><li>Google Scholar: <a href=\"https:\/\/scholar.google.com\/citations?hl=es&amp;user=w1L4kWMAAAAJ\">https:\/\/scholar.google.com\/citations?hl=es&amp;user=w1L4kWMAAAAJ<\/a><\/li><li>ORCID: <a href=\"https:\/\/orcid.org\/0000-0002-3438-3447\">https:\/\/orcid.org\/0000-0002-3438-3447<\/a><\/li><li>SISIUS: <a href=\"https:\/\/investigacion.us.es\/sisius\/sis_showpub.php?idpers=34253\">https:\/\/investigacion.us.es\/sisius\/sis_showpub.php?idpers=34253<\/a><\/li><li>Dialnet: <a href=\"https:\/\/dialnet.unirioja.es\/servlet\/autor?codigo=3254218\">https:\/\/dialnet.unirioja.es\/servlet\/autor?codigo=3254218<\/a><\/li><li>Portal Investigaci\u00f3n VIU: <a href=\"https:\/\/portaldeinvestigacionviu.com\/es\/main\/seecvn2\/1083\/-\">https:\/\/portaldeinvestigacionviu.com\/es\/main\/seecvn2\/1083\/-<\/a><\/li><\/ul>\t\t\t\t\t\t\t\t<\/div>\n\t\t\t\t<\/div>\n\t\t\t\t\t<\/div>\n\t\t\t\t<\/div>\n\t\t<div class=\"elementor-element elementor-element-30db5a0 e-flex e-con-boxed e-con e-parent\" data-id=\"30db5a0\" data-element_type=\"container\">\n\t\t\t\t\t<div class=\"e-con-inner\">\n\t\t\t\t<div class=\"elementor-element elementor-element-29c9edf elementor-widget elementor-widget-text-editor\" data-id=\"29c9edf\" data-element_type=\"widget\" data-widget_type=\"text-editor.default\">\n\t\t\t\t<div class=\"elementor-widget-container\">\n\t\t\t\t\t\t\t\t\t<h4>Mar\u00eda Inmaculada Espa\u00f1a R\u00edos<\/h4>\t\t\t\t\t\t\t\t<\/div>\n\t\t\t\t<\/div>\n\t\t\t\t<div class=\"elementor-element elementor-element-ecfb320 elementor-widget elementor-widget-text-editor\" data-id=\"ecfb320\" data-element_type=\"widget\" data-widget_type=\"text-editor.default\">\n\t\t\t\t<div class=\"elementor-widget-container\">\n\t\t\t\t\t\t\t\t\t<ul><li>ORCID: <a href=\"https:\/\/orcid.org\/0000-0002-7004-6093\">https:\/\/orcid.org\/0000-0002-7004-6093<\/a><\/li><li>SISIUS: <a href=\"https:\/\/investigacion.us.es\/sisius\/sis_showpub.php?idpers=1282\">https:\/\/investigacion.us.es\/sisius\/sis_showpub.php?idpers=1282<\/a><\/li><li>PRISMA: <a href=\"https:\/\/prisma.us.es\/investigador\/1173\">https:\/\/prisma.us.es\/investigador\/1173<\/a><\/li><li>Dialnet: <a href=\"https:\/\/dialnet.unirioja.es\/servlet\/autor?codigo=205983\">https:\/\/dialnet.unirioja.es\/servlet\/autor?codigo=205983<\/a><\/li><\/ul>\t\t\t\t\t\t\t\t<\/div>\n\t\t\t\t<\/div>\n\t\t\t\t\t<\/div>\n\t\t\t\t<\/div>\n\t\t<div class=\"elementor-element elementor-element-cbf6053 e-flex e-con-boxed e-con e-parent\" data-id=\"cbf6053\" data-element_type=\"container\">\n\t\t\t\t\t<div class=\"e-con-inner\">\n\t\t\t\t<div class=\"elementor-element elementor-element-c523729 elementor-widget elementor-widget-text-editor\" data-id=\"c523729\" data-element_type=\"widget\" data-widget_type=\"text-editor.default\">\n\t\t\t\t<div class=\"elementor-widget-container\">\n\t\t\t\t\t\t\t\t\t<h4>Eduardo L\u00f3pez Mag\u00e1n<\/h4>\t\t\t\t\t\t\t\t<\/div>\n\t\t\t\t<\/div>\n\t\t\t\t<div class=\"elementor-element elementor-element-096157e elementor-widget elementor-widget-text-editor\" data-id=\"096157e\" data-element_type=\"widget\" data-widget_type=\"text-editor.default\">\n\t\t\t\t<div class=\"elementor-widget-container\">\n\t\t\t\t\t\t\t\t\t<ul><li>Google Scholar: <a href=\"https:\/\/scholar.google.com\/citations?hl=es&amp;user=WxupScMAAAAJ\">https:\/\/scholar.google.com\/citations?hl=es&amp;user=WxupScMAAAAJ<\/a><\/li><li>ORCID: <a href=\"https:\/\/orcid.org\/0000-0002-7354-9040\">https:\/\/orcid.org\/0000-0002-7354-9040<\/a><\/li><\/ul>\t\t\t\t\t\t\t\t<\/div>\n\t\t\t\t<\/div>\n\t\t\t\t\t<\/div>\n\t\t\t\t<\/div>\n\t\t<div class=\"elementor-element elementor-element-f467207 e-flex e-con-boxed e-con e-parent\" data-id=\"f467207\" data-element_type=\"container\">\n\t\t\t\t\t<div class=\"e-con-inner\">\n\t\t\t\t<div class=\"elementor-element elementor-element-49e143d elementor-widget elementor-widget-text-editor\" data-id=\"49e143d\" data-element_type=\"widget\" data-widget_type=\"text-editor.default\">\n\t\t\t\t<div class=\"elementor-widget-container\">\n\t\t\t\t\t\t\t\t\t<h4>Lloren\u00e7 Quetglas Llull<\/h4>\t\t\t\t\t\t\t\t<\/div>\n\t\t\t\t<\/div>\n\t\t\t\t<div class=\"elementor-element elementor-element-c798daf elementor-widget elementor-widget-text-editor\" data-id=\"c798daf\" data-element_type=\"widget\" data-widget_type=\"text-editor.default\">\n\t\t\t\t<div class=\"elementor-widget-container\">\n\t\t\t\t\t\t\t\t\t<ul><li>Google Scholar: <a href=\"https:\/\/scholar.google.es\/citations?user=2-FwKUoAAAAJ&amp;hl=es\">https:\/\/scholar.google.es\/citations?user=2-FwKUoAAAAJ&amp;hl=es<\/a><\/li><li>ORCID: <a href=\"https:\/\/orcid.org\/0000-0003-4497-5208\">https:\/\/orcid.org\/0000-0003-4497-5208<\/a><\/li><li>Portal Investigaci\u00f3n VIU: <a href=\"https:\/\/portaldeinvestigacionviu.com\/es\/main\/seecvn2\/1640\/-\">https:\/\/portaldeinvestigacionviu.com\/es\/main\/seecvn2\/1640\/-<\/a><\/li><\/ul>\t\t\t\t\t\t\t\t<\/div>\n\t\t\t\t<\/div>\n\t\t\t\t\t<\/div>\n\t\t\t\t<\/div>\n\t\t\t\t<\/div>\n\t\t","protected":false},"excerpt":{"rendered":"<p>Actividad Cient\u00edfica Jes\u00fas Ventura Fern\u00e1ndez Google Scholar: https:\/\/scholar.google.com\/citations?user=rRX-VXwAAAAJ&amp;hl=es&amp;oi=ao ORCID: https:\/\/orcid.org\/0000-0002-8271-1011 PRISMA: https:\/\/prisma.us.es\/investigador\/4326 SISIUS: https:\/\/investigacion.us.es\/sisius\/sis_showpub.php?idpers=1291 Rosa Mar\u00eda Jord\u00e1 Borrell Google Scholar: https:\/\/scholar.google.com\/citations?hl=es&amp;user=GcDBmjYAAAAJ ORCID: https:\/\/orcid.org\/0000-0002-4680-4771 \u00a0 Francisca Ruiz Rodr\u00edguez Google Scholar: https:\/\/scholar.google.com\/citations?hl=es&amp;user=E66nMhgAAAAJ ORCID: https:\/\/orcid.org\/0000-0002-5409-3631 PRISMA: https:\/\/prisma.us.es\/investigador\/3831 SISIUS: https:\/\/investigacion.us.es\/sisius\/sis_showpub.php?idpers=1290 Jes\u00fas Gabriel Moreno Navarro Web personal: https:\/\/personal.us.es\/jgamore\/ \u00c1ngel Luis Lucendo Monedero Google Scholar: https:\/\/scholar.google.com\/citations?hl=es&amp;user=WxycXNoAAAAJ ORCID: https:\/\/orcid.org\/0000-0001-8730-6544 PRISMA: https:\/\/prisma.us.es\/investigador\/2365 SISIUS: [&hellip;]<\/p>\n","protected":false},"author":1,"featured_media":0,"parent":0,"menu_order":0,"comment_status":"closed","ping_status":"closed","template":"","meta":{"site-sidebar-layout":"no-sidebar","site-content-layout":"page-builder","ast-site-content-layout":"default","site-content-style":"default","site-sidebar-style":"default","ast-global-header-display":"","ast-banner-title-visibility":"","ast-main-header-display":"","ast-hfb-above-header-display":"","ast-hfb-below-header-display":"","ast-hfb-mobile-header-display":"","site-post-title":"disabled","ast-breadcrumbs-content":"","ast-featured-img":"disabled","footer-sml-layout":"","theme-transparent-header-meta":"enabled","adv-header-id-meta":"","stick-header-meta":"","header-above-stick-meta":"","header-main-stick-meta":"","header-below-stick-meta":"","astra-migrate-meta-layouts":"default","ast-page-background-enabled":"default","ast-page-background-meta":{"desktop":{"background-color":"var(--ast-global-color-4)","background-image":"","background-repeat":"repeat","background-position":"center center","background-size":"auto","background-attachment":"scroll","background-type":"","background-media":"","overlay-type":"","overlay-color":"","overlay-opacity":"","overlay-gradient":""},"tablet":{"background-color":"","background-image":"","background-repeat":"repeat","background-position":"center center","background-size":"auto","background-attachment":"scroll","background-type":"","background-media":"","overlay-type":"","overlay-color":"","overlay-opacity":"","overlay-gradient":""},"mobile":{"background-color":"","background-image":"","background-repeat":"repeat","background-position":"center center","background-size":"auto","background-attachment":"scroll","background-type":"","background-media":"","overlay-type":"","overlay-color":"","overlay-opacity":"","overlay-gradient":""}},"ast-content-background-meta":{"desktop":{"background-color":"var(--ast-global-color-5)","background-image":"","background-repeat":"repeat","background-position":"center center","background-size":"auto","background-attachment":"scroll","background-type":"","background-media":"","overlay-type":"","overlay-color":"","overlay-opacity":"","overlay-gradient":""},"tablet":{"background-color":"var(--ast-global-color-5)","background-image":"","background-repeat":"repeat","background-position":"center center","background-size":"auto","background-attachment":"scroll","background-type":"","background-media":"","overlay-type":"","overlay-color":"","overlay-opacity":"","overlay-gradient":""},"mobile":{"background-color":"var(--ast-global-color-5)","background-image":"","background-repeat":"repeat","background-position":"center center","background-size":"auto","background-attachment":"scroll","background-type":"","background-media":"","overlay-type":"","overlay-color":"","overlay-opacity":"","overlay-gradient":""}},"footnotes":""},"class_list":["post-2459","page","type-page","status-publish","hentry"],"_links":{"self":[{"href":"https:\/\/grupo.us.es\/estgeoand\/wp-json\/wp\/v2\/pages\/2459","targetHints":{"allow":["GET"]}}],"collection":[{"href":"https:\/\/grupo.us.es\/estgeoand\/wp-json\/wp\/v2\/pages"}],"about":[{"href":"https:\/\/grupo.us.es\/estgeoand\/wp-json\/wp\/v2\/types\/page"}],"author":[{"embeddable":true,"href":"https:\/\/grupo.us.es\/estgeoand\/wp-json\/wp\/v2\/users\/1"}],"replies":[{"embeddable":true,"href":"https:\/\/grupo.us.es\/estgeoand\/wp-json\/wp\/v2\/comments?post=2459"}],"version-history":[{"count":12,"href":"https:\/\/grupo.us.es\/estgeoand\/wp-json\/wp\/v2\/pages\/2459\/revisions"}],"predecessor-version":[{"id":2553,"href":"https:\/\/grupo.us.es\/estgeoand\/wp-json\/wp\/v2\/pages\/2459\/revisions\/2553"}],"wp:attachment":[{"href":"https:\/\/grupo.us.es\/estgeoand\/wp-json\/wp\/v2\/media?parent=2459"}],"curies":[{"name":"wp","href":"https:\/\/api.w.org\/{rel}","templated":true}]}}