{"id":2140,"date":"2025-11-13T11:29:06","date_gmt":"2025-11-13T10:29:06","guid":{"rendered":"https:\/\/grupo.us.es\/estgeoand\/about-2\/"},"modified":"2026-02-23T19:28:53","modified_gmt":"2026-02-23T18:28:53","slug":"sobre-nosotros","status":"publish","type":"page","link":"https:\/\/grupo.us.es\/estgeoand\/sobre-nosotros\/","title":{"rendered":"Sobre Nosotros"},"content":{"rendered":"\t\t<div data-elementor-type=\"wp-page\" data-elementor-id=\"2140\" class=\"elementor elementor-2140\">\n\t\t\t\t<div class=\"elementor-element elementor-element-dcfb448 e-flex e-con-boxed e-con e-parent\" data-id=\"dcfb448\" data-element_type=\"container\" data-settings=\"{&quot;background_background&quot;:&quot;classic&quot;}\">\n\t\t\t\t\t<div class=\"e-con-inner\">\n\t\t<div class=\"elementor-element elementor-element-d21b7e0 e-flex e-con-boxed e-con e-child\" data-id=\"d21b7e0\" data-element_type=\"container\">\n\t\t\t\t\t<div class=\"e-con-inner\">\n\t\t\t\t<div class=\"elementor-element elementor-element-e9fd9dc elementor-widget elementor-widget-heading\" data-id=\"e9fd9dc\" data-element_type=\"widget\" data-widget_type=\"heading.default\">\n\t\t\t\t<div class=\"elementor-widget-container\">\n\t\t\t\t\t<h1 class=\"elementor-heading-title elementor-size-default\">Sobre Nosotros<\/h1>\t\t\t\t<\/div>\n\t\t\t\t<\/div>\n\t\t\t\t\t<\/div>\n\t\t\t\t<\/div>\n\t\t\t\t\t<\/div>\n\t\t\t\t<\/div>\n\t\t<div class=\"elementor-element elementor-element-65efc57 e-flex e-con-boxed e-con e-parent\" data-id=\"65efc57\" data-element_type=\"container\">\n\t\t\t\t\t<div class=\"e-con-inner\">\n\t\t<div class=\"elementor-element elementor-element-8a93833 e-con-full e-flex e-con e-child\" data-id=\"8a93833\" data-element_type=\"container\">\n\t\t\t\t<div class=\"elementor-element elementor-element-6abcbdc elementor-widget elementor-widget-spacer\" data-id=\"6abcbdc\" data-element_type=\"widget\" data-widget_type=\"spacer.default\">\n\t\t\t\t<div class=\"elementor-widget-container\">\n\t\t\t\t\t\t\t<div class=\"elementor-spacer\">\n\t\t\t<div class=\"elementor-spacer-inner\"><\/div>\n\t\t<\/div>\n\t\t\t\t\t\t<\/div>\n\t\t\t\t<\/div>\n\t\t\t\t<div class=\"elementor-element elementor-element-cc02c9f elementor-widget elementor-widget-text-editor\" data-id=\"cc02c9f\" data-element_type=\"widget\" data-widget_type=\"text-editor.default\">\n\t\t\t\t<div class=\"elementor-widget-container\">\n\t\t\t\t\t\t\t\t\t<p>El Grupo de investigaci\u00f3n \u201cEstudios Geogr\u00e1ficos Andaluces\u201d (EGA) hunde sus ra\u00edces en la llegada a la Universidad de Sevilla del Dr. Gabriel Marcos Cano Garc\u00eda como catedr\u00e1tico de Geograf\u00eda a mitad de los a\u00f1os 70 del pasado siglo XX, si bien no ser\u00eda hasta 1987 cuando este Grupo se institucionaliza a partir de la aprobaci\u00f3n del Plan Andaluz de Investigaci\u00f3n (P.A.I), asign\u00e1ndosele inicialmente el c\u00f3digo 5019 y con posterioridad (1995) el que mantiene en la actualidad, HUM-136, que le convierte en el de trayectoria m\u00e1s dilatada de los vinculados a la titulaci\u00f3n de Geograf\u00eda en la Hispalense.<\/p>\t\t\t\t\t\t\t\t<\/div>\n\t\t\t\t<\/div>\n\t\t\t\t<\/div>\n\t\t\t\t\t<\/div>\n\t\t\t\t<\/div>\n\t\t<div class=\"elementor-element elementor-element-67c3de5 e-flex e-con-boxed e-con e-parent\" data-id=\"67c3de5\" data-element_type=\"container\">\n\t\t\t\t\t<div class=\"e-con-inner\">\n\t\t<div class=\"elementor-element elementor-element-23b1b53 e-con-full e-flex e-con e-child\" data-id=\"23b1b53\" data-element_type=\"container\">\n\t\t\t\t<div class=\"elementor-element elementor-element-7b988c7 elementor-widget elementor-widget-text-editor\" data-id=\"7b988c7\" data-element_type=\"widget\" data-widget_type=\"text-editor.default\">\n\t\t\t\t<div class=\"elementor-widget-container\">\n\t\t\t\t\t\t\t\t\t<p>Desde 1997 su directora fue la Dra. Rosa Mar\u00eda Jord\u00e1 Borrell, hasta su jubilaci\u00f3n como catedr\u00e1tica em\u00e9rita de An\u00e1lisis Geogr\u00e1fico Regional de la US en 2022. Desde el 18\/10\/2022 su responsable es el Dr. Jes\u00fas Ventura Fern\u00e1ndez, en la actualidad Profesor Titular de esta misma \u00e1rea de conocimiento en la Universidad de Sevilla. En estos momentos, el Grupo de investigaci\u00f3n EGA est\u00e1 compuesto por 14 miembros. De todos ellos, 11 poseen el grado de doctor, estando 8 adscritos a la Universidad de Sevilla (<a href=\"https:\/\/prisma.us.es\/colectivo\/grupo\/HUM-136\">PRISMA <\/a><a href=\"https:\/\/prisma.us.es\/colectivo\/grupo\/HUM-136\">HUM-136 (EGA)<\/a>).<\/p>\t\t\t\t\t\t\t\t<\/div>\n\t\t\t\t<\/div>\n\t\t\t\t<\/div>\n\t\t\t\t\t<\/div>\n\t\t\t\t<\/div>\n\t\t<div class=\"elementor-element elementor-element-5efbe39 e-flex e-con-boxed e-con e-parent\" data-id=\"5efbe39\" data-element_type=\"container\">\n\t\t\t\t\t<div class=\"e-con-inner\">\n\t\t<div class=\"elementor-element elementor-element-8dc9016 e-con-full e-flex e-con e-child\" data-id=\"8dc9016\" data-element_type=\"container\">\n\t\t\t\t<div class=\"elementor-element elementor-element-b363f6b elementor-widget elementor-widget-text-editor\" data-id=\"b363f6b\" data-element_type=\"widget\" data-widget_type=\"text-editor.default\">\n\t\t\t\t<div class=\"elementor-widget-container\">\n\t\t\t\t\t\t\t\t\t<p>Esta amplia trayectoria explica la evoluci\u00f3n en las l\u00edneas de investigaci\u00f3n que se han ido acumulando, desde las m\u00e1s tradicionalmente relacionadas con la corriente regional de la Geograf\u00eda, como <em>Ordenaci\u00f3n y Organizaci\u00f3n del Territorio. Demarcaciones Intermedias y Comarcales<\/em>; <em>Servicios, Equipamientos e Infraestructuras en Andaluc\u00eda<\/em>; o <em>Estrategias de Desarrollo Regional y Local en \u00c1reas Perif\u00e9ricas y Fronterizas: Andaluc\u00eda, Latinoam\u00e9rica y Magreb<\/em>;\u00a0 a otras m\u00e1s innovadoras y vinculadas a una disciplina geogr\u00e1fica m\u00e1s tecnificada y preocupada, en especial, por los flujos que se producen sobre la superficie terrestre: <em>Impactos Socioecon\u00f3micos y Territoriales de las Nuevas Tecnolog\u00edas de la <\/em>Informaci\u00f3n <em>y la Innovaci\u00f3n<\/em>; y <em>Movilidad Sostenible, Intermodalidad e Itinerarios no Motorizados<\/em>.<\/p>\t\t\t\t\t\t\t\t<\/div>\n\t\t\t\t<\/div>\n\t\t\t\t<\/div>\n\t\t\t\t\t<\/div>\n\t\t\t\t<\/div>\n\t\t<div class=\"elementor-element elementor-element-a6cf9cb e-flex e-con-boxed e-con e-parent\" data-id=\"a6cf9cb\" data-element_type=\"container\">\n\t\t\t\t\t<div class=\"e-con-inner\">\n\t\t<div class=\"elementor-element elementor-element-fb23005 e-con-full e-flex e-con e-child\" data-id=\"fb23005\" data-element_type=\"container\">\n\t\t\t\t<div class=\"elementor-element elementor-element-7238237 elementor-widget elementor-widget-text-editor\" data-id=\"7238237\" data-element_type=\"widget\" data-widget_type=\"text-editor.default\">\n\t\t\t\t<div class=\"elementor-widget-container\">\n\t\t\t\t\t\t\t\t\t<p>Por todo ello no debe de extra\u00f1ar que sus c\u00f3digos SIC (<em>Standard Industrial Classification<\/em>), tanto de la actividad del Grupo como de su tecnolog\u00eda generada, correspondan en la actualidad a Tecnolog\u00eda, Sociedad y Empleo; Infraestructuras para ciencias sociales y humanas; Informaci\u00f3n y medios de comunicaci\u00f3n; y Aspectos socioecon\u00f3micos y modelos de desarrollo. No obstante, los vertiginosos cambios que origina la denominada Sociedad de la Informaci\u00f3n y las Comunicaciones para el Conocimiento (SICC) conllevan a que las m\u00e1s recientes promociones de investigadores pongan mayor \u00e9nfasis en la utilizaci\u00f3n de nuevas herramientas con las que seguir avanzando, desde una perspectiva geogr\u00e1fica, pero con utilizaci\u00f3n abundante de estos nuevos instrumentos, como son los derivados del uso masivo de datos (<em>Big Data<\/em>) y el aprovechamiento de las potencialidades que presenta la denominada Inteligencia Artificial (<em>AI <\/em>por sus siglas en ingl\u00e9s).<\/p>\t\t\t\t\t\t\t\t<\/div>\n\t\t\t\t<\/div>\n\t\t\t\t<\/div>\n\t\t\t\t\t<\/div>\n\t\t\t\t<\/div>\n\t\t<div class=\"elementor-element elementor-element-df65959 e-flex e-con-boxed e-con e-parent\" data-id=\"df65959\" data-element_type=\"container\">\n\t\t\t\t\t<div class=\"e-con-inner\">\n\t\t<div class=\"elementor-element elementor-element-c223bf9 e-con-full e-flex e-con e-child\" data-id=\"c223bf9\" data-element_type=\"container\">\n\t\t\t\t<div class=\"elementor-element elementor-element-3825264 elementor-widget elementor-widget-text-editor\" data-id=\"3825264\" data-element_type=\"widget\" data-widget_type=\"text-editor.default\">\n\t\t\t\t<div class=\"elementor-widget-container\">\n\t\t\t\t\t\t\t\t\t<p><a href=\"https:\/\/investigacion.us.es\/sisius\/sis_depgrupos.php?seltext=HUM136&amp;selfield=CODIGO\">SISIUS: Grupo de Investigaci\u00f3n: Estudios Geogr\u00e1ficos Andaluces<\/a><\/p>\t\t\t\t\t\t\t\t<\/div>\n\t\t\t\t<\/div>\n\t\t\t\t<\/div>\n\t\t\t\t\t<\/div>\n\t\t\t\t<\/div>\n\t\t\t\t<\/div>\n\t\t","protected":false},"excerpt":{"rendered":"<p>Sobre Nosotros El Grupo de investigaci\u00f3n \u201cEstudios Geogr\u00e1ficos Andaluces\u201d (EGA) hunde sus ra\u00edces en la llegada a la Universidad de Sevilla del Dr. Gabriel Marcos Cano Garc\u00eda como catedr\u00e1tico de Geograf\u00eda a mitad de los a\u00f1os 70 del pasado siglo XX, si bien no ser\u00eda hasta 1987 cuando este Grupo se institucionaliza a partir de [&hellip;]<\/p>\n","protected":false},"author":1,"featured_media":0,"parent":0,"menu_order":0,"comment_status":"closed","ping_status":"closed","template":"","meta":{"site-sidebar-layout":"no-sidebar","site-content-layout":"page-builder","ast-site-content-layout":"full-width-container","site-content-style":"unboxed","site-sidebar-style":"unboxed","ast-global-header-display":"","ast-banner-title-visibility":"","ast-main-header-display":"","ast-hfb-above-header-display":"","ast-hfb-below-header-display":"","ast-hfb-mobile-header-display":"","site-post-title":"disabled","ast-breadcrumbs-content":"","ast-featured-img":"disabled","footer-sml-layout":"","theme-transparent-header-meta":"enabled","adv-header-id-meta":"","stick-header-meta":"","header-above-stick-meta":"","header-main-stick-meta":"","header-below-stick-meta":"","astra-migrate-meta-layouts":"set","ast-page-background-enabled":"default","ast-page-background-meta":{"desktop":{"background-color":"var(--ast-global-color-4)","background-image":"","background-repeat":"repeat","background-position":"center center","background-size":"auto","background-attachment":"scroll","background-type":"","background-media":"","overlay-type":"","overlay-color":"","overlay-opacity":"","overlay-gradient":""},"tablet":{"background-color":"","background-image":"","background-repeat":"repeat","background-position":"center center","background-size":"auto","background-attachment":"scroll","background-type":"","background-media":"","overlay-type":"","overlay-color":"","overlay-opacity":"","overlay-gradient":""},"mobile":{"background-color":"","background-image":"","background-repeat":"repeat","background-position":"center center","background-size":"auto","background-attachment":"scroll","background-type":"","background-media":"","overlay-type":"","overlay-color":"","overlay-opacity":"","overlay-gradient":""}},"ast-content-background-meta":{"desktop":{"background-color":"var(--ast-global-color-5)","background-image":"","background-repeat":"repeat","background-position":"center center","background-size":"auto","background-attachment":"scroll","background-type":"","background-media":"","overlay-type":"","overlay-color":"","overlay-opacity":"","overlay-gradient":""},"tablet":{"background-color":"var(--ast-global-color-5)","background-image":"","background-repeat":"repeat","background-position":"center center","background-size":"auto","background-attachment":"scroll","background-type":"","background-media":"","overlay-type":"","overlay-color":"","overlay-opacity":"","overlay-gradient":""},"mobile":{"background-color":"var(--ast-global-color-5)","background-image":"","background-repeat":"repeat","background-position":"center center","background-size":"auto","background-attachment":"scroll","background-type":"","background-media":"","overlay-type":"","overlay-color":"","overlay-opacity":"","overlay-gradient":""}},"footnotes":""},"class_list":["post-2140","page","type-page","status-publish","hentry"],"_links":{"self":[{"href":"https:\/\/grupo.us.es\/estgeoand\/wp-json\/wp\/v2\/pages\/2140","targetHints":{"allow":["GET"]}}],"collection":[{"href":"https:\/\/grupo.us.es\/estgeoand\/wp-json\/wp\/v2\/pages"}],"about":[{"href":"https:\/\/grupo.us.es\/estgeoand\/wp-json\/wp\/v2\/types\/page"}],"author":[{"embeddable":true,"href":"https:\/\/grupo.us.es\/estgeoand\/wp-json\/wp\/v2\/users\/1"}],"replies":[{"embeddable":true,"href":"https:\/\/grupo.us.es\/estgeoand\/wp-json\/wp\/v2\/comments?post=2140"}],"version-history":[{"count":33,"href":"https:\/\/grupo.us.es\/estgeoand\/wp-json\/wp\/v2\/pages\/2140\/revisions"}],"predecessor-version":[{"id":2565,"href":"https:\/\/grupo.us.es\/estgeoand\/wp-json\/wp\/v2\/pages\/2140\/revisions\/2565"}],"wp:attachment":[{"href":"https:\/\/grupo.us.es\/estgeoand\/wp-json\/wp\/v2\/media?parent=2140"}],"curies":[{"name":"wp","href":"https:\/\/api.w.org\/{rel}","templated":true}]}}