{"id":2139,"date":"2025-11-13T11:29:06","date_gmt":"2025-11-13T10:29:06","guid":{"rendered":"https:\/\/grupo.us.es\/estgeoand\/home-2\/"},"modified":"2026-03-17T09:30:58","modified_gmt":"2026-03-17T08:30:58","slug":"inicio","status":"publish","type":"page","link":"https:\/\/grupo.us.es\/estgeoand\/","title":{"rendered":"Inicio"},"content":{"rendered":"\t\t<div data-elementor-type=\"wp-page\" data-elementor-id=\"2139\" class=\"elementor elementor-2139\">\n\t\t\t\t<div class=\"elementor-element elementor-element-9e1a3b7 e-flex e-con-boxed e-con e-parent\" data-id=\"9e1a3b7\" data-element_type=\"container\" data-settings=\"{&quot;background_background&quot;:&quot;classic&quot;}\">\n\t\t\t\t\t<div class=\"e-con-inner\">\n\t\t<div class=\"elementor-element elementor-element-8f73ee5 e-con-full e-flex e-con e-child\" data-id=\"8f73ee5\" data-element_type=\"container\">\n\t\t\t\t<div class=\"elementor-element elementor-element-4a02dab elementor-widget elementor-widget-heading\" data-id=\"4a02dab\" data-element_type=\"widget\" data-widget_type=\"heading.default\">\n\t\t\t\t<div class=\"elementor-widget-container\">\n\t\t\t\t\t<h1 class=\"elementor-heading-title elementor-size-default\">Estudios Geogr\u00e1ficos<\/h1>\t\t\t\t<\/div>\n\t\t\t\t<\/div>\n\t\t\t\t<div class=\"elementor-element elementor-element-93873aa elementor-widget elementor-widget-heading\" data-id=\"93873aa\" data-element_type=\"widget\" data-widget_type=\"heading.default\">\n\t\t\t\t<div class=\"elementor-widget-container\">\n\t\t\t\t\t<h1 class=\"elementor-heading-title elementor-size-default\">Andaluces<\/h1>\t\t\t\t<\/div>\n\t\t\t\t<\/div>\n\t\t\t\t<div class=\"elementor-element elementor-element-e46045d elementor-widget elementor-widget-text-editor\" data-id=\"e46045d\" data-element_type=\"widget\" data-widget_type=\"text-editor.default\">\n\t\t\t\t<div class=\"elementor-widget-container\">\n\t\t\t\t\t\t\t\t\t<p>Desarrollo, Organizaci\u00f3n territorial, Innovaci\u00f3n, TIGs e Infraestructuras para la movilidad en Andaluc\u00eda<\/p>\t\t\t\t\t\t\t\t<\/div>\n\t\t\t\t<\/div>\n\t\t\t\t<div class=\"elementor-element elementor-element-a1a4966 elementor-widget elementor-widget-image\" data-id=\"a1a4966\" data-element_type=\"widget\" data-widget_type=\"image.default\">\n\t\t\t\t<div class=\"elementor-widget-container\">\n\t\t\t\t\t\t\t\t\t\t\t\t\t\t\t<img decoding=\"async\" width=\"300\" height=\"166\" src=\"https:\/\/grupo.us.es\/estgeoand\/wp-content\/uploads\/2026\/01\/LogoEGA_sinfondo-1-e1769090991295-300x166.png\" class=\"attachment-medium size-medium wp-image-2429\" alt=\"\" srcset=\"https:\/\/grupo.us.es\/estgeoand\/wp-content\/uploads\/2026\/01\/LogoEGA_sinfondo-1-e1769090991295-300x166.png 300w, https:\/\/grupo.us.es\/estgeoand\/wp-content\/uploads\/2026\/01\/LogoEGA_sinfondo-1-e1769090991295-768x424.png 768w, https:\/\/grupo.us.es\/estgeoand\/wp-content\/uploads\/2026\/01\/LogoEGA_sinfondo-1-e1769090991295.png 832w\" sizes=\"(max-width: 300px) 100vw, 300px\" \/>\t\t\t\t\t\t\t\t\t\t\t\t\t\t\t<\/div>\n\t\t\t\t<\/div>\n\t\t\t\t<\/div>\n\t\t\t\t\t<\/div>\n\t\t\t\t<\/div>\n\t\t<div class=\"elementor-element elementor-element-285af5d e-flex e-con-boxed e-con e-parent\" data-id=\"285af5d\" data-element_type=\"container\">\n\t\t\t\t\t<div class=\"e-con-inner\">\n\t\t\t\t<div class=\"elementor-element elementor-element-ce8d6cf elementor-widget elementor-widget-spacer\" data-id=\"ce8d6cf\" data-element_type=\"widget\" data-widget_type=\"spacer.default\">\n\t\t\t\t<div class=\"elementor-widget-container\">\n\t\t\t\t\t\t\t<div class=\"elementor-spacer\">\n\t\t\t<div class=\"elementor-spacer-inner\"><\/div>\n\t\t<\/div>\n\t\t\t\t\t\t<\/div>\n\t\t\t\t<\/div>\n\t\t\t\t\t<\/div>\n\t\t\t\t<\/div>\n\t\t<div class=\"elementor-element elementor-element-62493f0 e-flex e-con-boxed e-con e-parent\" data-id=\"62493f0\" data-element_type=\"container\">\n\t\t\t\t\t<div class=\"e-con-inner\">\n\t\t<div class=\"elementor-element elementor-element-efa2388 e-con-full e-flex e-con e-child\" data-id=\"efa2388\" data-element_type=\"container\">\n\t\t\t\t<\/div>\n\t\t<div class=\"elementor-element elementor-element-adccbe4 e-con-full e-flex e-con e-child\" data-id=\"adccbe4\" data-element_type=\"container\">\n\t\t\t\t<div class=\"elementor-element elementor-element-adb2173 elementor-widget elementor-widget-video\" data-id=\"adb2173\" data-element_type=\"widget\" data-settings=\"{&quot;youtube_url&quot;:&quot;https:\\\/\\\/youtu.be\\\/KyB47qg4zu0&quot;,&quot;yt_privacy&quot;:&quot;yes&quot;,&quot;video_type&quot;:&quot;youtube&quot;,&quot;controls&quot;:&quot;yes&quot;}\" data-widget_type=\"video.default\">\n\t\t\t\t<div class=\"elementor-widget-container\">\n\t\t\t\t\t\t\t<div class=\"elementor-wrapper elementor-open-inline\">\n\t\t\t<div class=\"elementor-video\"><\/div>\t\t<\/div>\n\t\t\t\t\t\t<\/div>\n\t\t\t\t<\/div>\n\t\t\t\t<\/div>\n\t\t<div class=\"elementor-element elementor-element-1b9744b e-con-full e-flex e-con e-child\" data-id=\"1b9744b\" data-element_type=\"container\">\n\t\t\t\t<\/div>\n\t\t\t\t\t<\/div>\n\t\t\t\t<\/div>\n\t\t<div class=\"elementor-element elementor-element-34880fb e-flex e-con-boxed e-con e-parent\" data-id=\"34880fb\" data-element_type=\"container\">\n\t\t\t\t\t<div class=\"e-con-inner\">\n\t\t\t\t<div class=\"elementor-element elementor-element-a96abfa elementor-widget elementor-widget-spacer\" data-id=\"a96abfa\" data-element_type=\"widget\" data-widget_type=\"spacer.default\">\n\t\t\t\t<div class=\"elementor-widget-container\">\n\t\t\t\t\t\t\t<div class=\"elementor-spacer\">\n\t\t\t<div class=\"elementor-spacer-inner\"><\/div>\n\t\t<\/div>\n\t\t\t\t\t\t<\/div>\n\t\t\t\t<\/div>\n\t\t\t\t<div class=\"elementor-element elementor-element-2144d21 elementor-widget elementor-widget-heading\" data-id=\"2144d21\" data-element_type=\"widget\" data-widget_type=\"heading.default\">\n\t\t\t\t<div class=\"elementor-widget-container\">\n\t\t\t\t\t<h4 class=\"elementor-heading-title elementor-size-default\">Noticias<\/h4>\t\t\t\t<\/div>\n\t\t\t\t<\/div>\n\t\t\t\t<div class=\"elementor-element elementor-element-880d3d8 elementor-widget-divider--view-line elementor-widget elementor-widget-divider\" data-id=\"880d3d8\" data-element_type=\"widget\" data-widget_type=\"divider.default\">\n\t\t\t\t<div class=\"elementor-widget-container\">\n\t\t\t\t\t\t\t<div class=\"elementor-divider\">\n\t\t\t<span class=\"elementor-divider-separator\">\n\t\t\t\t\t\t<\/span>\n\t\t<\/div>\n\t\t\t\t\t\t<\/div>\n\t\t\t\t<\/div>\n\t\t\t\t\t<\/div>\n\t\t\t\t<\/div>\n\t\t<div class=\"elementor-element elementor-element-72a1db0 e-flex e-con-boxed e-con e-parent\" data-id=\"72a1db0\" data-element_type=\"container\">\n\t\t\t\t\t<div class=\"e-con-inner\">\n\t\t\t\t<div class=\"elementor-element elementor-element-a6cdab6 elementor-grid-3 elementor-grid-tablet-2 elementor-grid-mobile-1 elespare-section-title-elespare-left elementor-widget elementor-widget-post-grid\" data-id=\"a6cdab6\" data-element_type=\"widget\" data-settings=\"{&quot;columns&quot;:&quot;3&quot;,&quot;columns_tablet&quot;:&quot;2&quot;,&quot;columns_mobile&quot;:&quot;1&quot;}\" data-widget_type=\"post-grid.default\">\n\t\t\t\t<div class=\"elementor-widget-container\">\n\t\t\t\t\t    <div class=\"elespare-grid-wrap grid-layout has-background  elespare-has-equal-height\">\n\n      <div class=\"elespare-posts-wrap  elementor-grid grid-style-1  elespare-image-zoom elespare-light \">\n                    <div class=\"elespare-posts-grid-post-items\">\n\n              <div class=\"elespare-img-wrapper\">\n                    <a href=\"https:\/\/grupo.us.es\/estgeoand\/credencial-big-data\/\">\n            <img decoding=\"async\" width=\"150\" height=\"150\" src=\"https:\/\/grupo.us.es\/estgeoand\/wp-content\/uploads\/2026\/01\/istockphoto-2228206274-612x612-1-150x150.jpg\" class=\"attachment-thumbnail size-thumbnail wp-post-image\" alt=\"\" \/>        <\/a>\n    \n                <ul class='elespare-cat-links solid'><li class=\"elespare-meta-category\">\n                                <a class=\"elespare-categories\" href=\"https:\/\/grupo.us.es\/estgeoand\/category\/cursos\/\">\n                                    Cursos\n                                <\/a>\n                            <\/li><\/ul>              <\/div>\n              <div class=\"elespare-content-wrapper\">\n                                \n    <h4 class=\"elespare-post-title\">\n        <a href=\"https:\/\/grupo.us.es\/estgeoand\/credencial-big-data\/\"> <span>Microcredencial universitaria en Big Data, Inteligencia Artificial y Sistemas de Informaci\u00f3n Geogr\u00e1fica para la Planificaci\u00f3n Territorial<\/span><\/a>\n    <\/h4>\n          <div class=\"elespare-metadata\">\n                          <span class=\"elespare-posts-full-post-author\">\n            <a href=\"https:\/\/grupo.us.es\/estgeoand\/2026\/\">\n              <i class=\"demo-icon elespare-icons-clock-regular\" aria-hidden=\"true\"><\/i>\n              26\/01\/2026\n            <\/a>\n          <\/span>\n                          <span class=\"comment_count\">\n            <i class=\"demo-icon elespare-icons-comment-empty\"><\/i>\n            0          <\/span>\n              <\/div>\n\n              <\/div>\n            <\/div>\n              <\/div>\n    <\/div>\n    \t\t\t\t<\/div>\n\t\t\t\t<\/div>\n\t\t\t\t\t<\/div>\n\t\t\t\t<\/div>\n\t\t<div class=\"elementor-element elementor-element-20dea96 e-flex e-con-boxed e-con e-parent\" data-id=\"20dea96\" data-element_type=\"container\">\n\t\t\t\t\t<div class=\"e-con-inner\">\n\t\t\t\t<div class=\"elementor-element elementor-element-fe43db6 elementor-widget elementor-widget-spacer\" data-id=\"fe43db6\" data-element_type=\"widget\" data-widget_type=\"spacer.default\">\n\t\t\t\t<div class=\"elementor-widget-container\">\n\t\t\t\t\t\t\t<div class=\"elementor-spacer\">\n\t\t\t<div class=\"elementor-spacer-inner\"><\/div>\n\t\t<\/div>\n\t\t\t\t\t\t<\/div>\n\t\t\t\t<\/div>\n\t\t\t\t<div class=\"elementor-element elementor-element-0c5ae88 elementor-widget-divider--view-line elementor-widget elementor-widget-divider\" data-id=\"0c5ae88\" data-element_type=\"widget\" data-widget_type=\"divider.default\">\n\t\t\t\t<div class=\"elementor-widget-container\">\n\t\t\t\t\t\t\t<div class=\"elementor-divider\">\n\t\t\t<span class=\"elementor-divider-separator\">\n\t\t\t\t\t\t<\/span>\n\t\t<\/div>\n\t\t\t\t\t\t<\/div>\n\t\t\t\t<\/div>\n\t\t\t\t\t<\/div>\n\t\t\t\t<\/div>\n\t\t<div class=\"elementor-element elementor-element-eef07f1 e-flex e-con-boxed e-con e-parent\" data-id=\"eef07f1\" data-element_type=\"container\" data-settings=\"{&quot;background_background&quot;:&quot;classic&quot;}\">\n\t\t\t\t\t<div class=\"e-con-inner\">\n\t\t<div class=\"elementor-element elementor-element-560a2f2 e-con-full e-flex e-con e-child\" data-id=\"560a2f2\" data-element_type=\"container\">\n\t\t\t\t<\/div>\n\t\t<div class=\"elementor-element elementor-element-2969cd2 e-con-full e-flex e-con e-child\" data-id=\"2969cd2\" data-element_type=\"container\">\n\t\t\t\t<div class=\"elementor-element elementor-element-e609acf elementor-widget elementor-widget-heading\" data-id=\"e609acf\" data-element_type=\"widget\" data-widget_type=\"heading.default\">\n\t\t\t\t<div class=\"elementor-widget-container\">\n\t\t\t\t\t<h4 class=\"elementor-heading-title elementor-size-default\">Plan Andaluz de Investigaci\u00f3n, Desarrollo e Innovaci\u00f3n (P.A.I.D.I.) - HUM-136<\/h4>\t\t\t\t<\/div>\n\t\t\t\t<\/div>\n\t\t\t\t<\/div>\n\t\t<div class=\"elementor-element elementor-element-dff0224 e-con-full e-flex e-con e-child\" data-id=\"dff0224\" data-element_type=\"container\">\n\t\t\t\t<\/div>\n\t\t\t\t\t<\/div>\n\t\t\t\t<\/div>\n\t\t<div class=\"elementor-element elementor-element-8133361 e-flex e-con-boxed e-con e-parent\" data-id=\"8133361\" data-element_type=\"container\">\n\t\t\t\t\t<div class=\"e-con-inner\">\n\t\t\t\t\t<\/div>\n\t\t\t\t<\/div>\n\t\t\t\t<\/div>\n\t\t","protected":false},"excerpt":{"rendered":"<p>Estudios Geogr\u00e1ficos Andaluces Desarrollo, Organizaci\u00f3n territorial, Innovaci\u00f3n, TIGs e Infraestructuras para la movilidad en Andaluc\u00eda Noticias Cursos Microcredencial universitaria en Big Data, Inteligencia Artificial y Sistemas de Informaci\u00f3n Geogr\u00e1fica para la Planificaci\u00f3n Territorial 26\/01\/2026 0 Congresos Congreso de Ejemplo 20\/01\/2026 0 Infraestructura Noticia de Ejemplo 20\/01\/2026 0 Plan Andaluz de Investigaci\u00f3n, Desarrollo e Innovaci\u00f3n (P.A.I.D.I.) [&hellip;]<\/p>\n","protected":false},"author":1,"featured_media":0,"parent":0,"menu_order":0,"comment_status":"closed","ping_status":"closed","template":"","meta":{"site-sidebar-layout":"no-sidebar","site-content-layout":"page-builder","ast-site-content-layout":"default","site-content-style":"default","site-sidebar-style":"default","ast-global-header-display":"","ast-banner-title-visibility":"","ast-main-header-display":"","ast-hfb-above-header-display":"","ast-hfb-below-header-display":"","ast-hfb-mobile-header-display":"","site-post-title":"disabled","ast-breadcrumbs-content":"","ast-featured-img":"disabled","footer-sml-layout":"","theme-transparent-header-meta":"enabled","adv-header-id-meta":"","stick-header-meta":"","header-above-stick-meta":"","header-main-stick-meta":"","header-below-stick-meta":"","astra-migrate-meta-layouts":"default","ast-page-background-enabled":"default","ast-page-background-meta":{"desktop":{"background-color":"var(--ast-global-color-4)","background-image":"","background-repeat":"repeat","background-position":"center center","background-size":"auto","background-attachment":"scroll","background-type":"","background-media":"","overlay-type":"","overlay-color":"","overlay-opacity":"","overlay-gradient":""},"tablet":{"background-color":"","background-image":"","background-repeat":"repeat","background-position":"center center","background-size":"auto","background-attachment":"scroll","background-type":"","background-media":"","overlay-type":"","overlay-color":"","overlay-opacity":"","overlay-gradient":""},"mobile":{"background-color":"","background-image":"","background-repeat":"repeat","background-position":"center center","background-size":"auto","background-attachment":"scroll","background-type":"","background-media":"","overlay-type":"","overlay-color":"","overlay-opacity":"","overlay-gradient":""}},"ast-content-background-meta":{"desktop":{"background-color":"var(--ast-global-color-5)","background-image":"","background-repeat":"repeat","background-position":"center center","background-size":"auto","background-attachment":"scroll","background-type":"","background-media":"","overlay-type":"","overlay-color":"","overlay-opacity":"","overlay-gradient":""},"tablet":{"background-color":"var(--ast-global-color-5)","background-image":"","background-repeat":"repeat","background-position":"center center","background-size":"auto","background-attachment":"scroll","background-type":"","background-media":"","overlay-type":"","overlay-color":"","overlay-opacity":"","overlay-gradient":""},"mobile":{"background-color":"var(--ast-global-color-5)","background-image":"","background-repeat":"repeat","background-position":"center center","background-size":"auto","background-attachment":"scroll","background-type":"","background-media":"","overlay-type":"","overlay-color":"","overlay-opacity":"","overlay-gradient":""}},"footnotes":""},"class_list":["post-2139","page","type-page","status-publish","hentry"],"_links":{"self":[{"href":"https:\/\/grupo.us.es\/estgeoand\/wp-json\/wp\/v2\/pages\/2139","targetHints":{"allow":["GET"]}}],"collection":[{"href":"https:\/\/grupo.us.es\/estgeoand\/wp-json\/wp\/v2\/pages"}],"about":[{"href":"https:\/\/grupo.us.es\/estgeoand\/wp-json\/wp\/v2\/types\/page"}],"author":[{"embeddable":true,"href":"https:\/\/grupo.us.es\/estgeoand\/wp-json\/wp\/v2\/users\/1"}],"replies":[{"embeddable":true,"href":"https:\/\/grupo.us.es\/estgeoand\/wp-json\/wp\/v2\/comments?post=2139"}],"version-history":[{"count":58,"href":"https:\/\/grupo.us.es\/estgeoand\/wp-json\/wp\/v2\/pages\/2139\/revisions"}],"predecessor-version":[{"id":2584,"href":"https:\/\/grupo.us.es\/estgeoand\/wp-json\/wp\/v2\/pages\/2139\/revisions\/2584"}],"wp:attachment":[{"href":"https:\/\/grupo.us.es\/estgeoand\/wp-json\/wp\/v2\/media?parent=2139"}],"curies":[{"name":"wp","href":"https:\/\/api.w.org\/{rel}","templated":true}]}}