{"id":619,"date":"2019-08-06T08:20:18","date_gmt":"2019-08-06T08:20:18","guid":{"rendered":"http:\/\/democontent.codex-themes.com\/sites-wpb-v5\/agency-media\/?page_id=619"},"modified":"2024-05-05T21:45:05","modified_gmt":"2024-05-05T19:45:05","slug":"publications","status":"publish","type":"page","link":"https:\/\/grupo.us.es\/entinn\/publications-projects\/publications\/","title":{"rendered":"Publications"},"content":{"rendered":"<div class=\"wpb-content-wrapper\"><p>[vc_row full_width=&#8221;stretch_row&#8221; video_bg=&#8221;yes&#8221; video_bg_url=&#8221;&#8221; css=&#8221;.vc_custom_1563450947254{margin-bottom: 0px !important;background-color: #222434 !important;}&#8221;][vc_column css=&#8221;.vc_custom_1563450678921{padding-top: 0px !important;}&#8221;]<div class=\"clearboth\"><\/div><style>#thegem-divider-69dfe6a45a63d {margin-top: 130px !important;}<\/style><div id=\"thegem-divider-69dfe6a45a63d\" class=\"gem-divider  \" style=\"\" ><\/div>[vc_column_text css_animation=&#8221;bottom-to-top&#8221;]<\/p>\n<div class=\"title-h1\" style=\"text-align: center;\"><span style=\"color: #ffffff;\"><span class=\"light\">selected publications<\/span><\/span><\/div>\n<p>[\/vc_column_text]<div class=\"clearboth\"><\/div><style>#thegem-divider-69dfe6a45a665 {margin-top: 25px !important;}#thegem-divider-69dfe6a45a665 {margin-bottom: 30px !important;}<\/style><div id=\"thegem-divider-69dfe6a45a665\" class=\"gem-divider  custom-blue-divider align-center\" style=\"border-color: #89cd84;\" ><\/div>[vc_row_inner][vc_column_inner offset=&#8221;vc_col-lg-offset-2 vc_col-lg-8&#8243;][vc_column_text css_animation=&#8221;bottom-to-top&#8221;]Below you can find a list of some of our most relevant publications in top-tier academic journals[\/vc_column_text][\/vc_column_inner][\/vc_row_inner]<div class=\"clearboth\"><\/div><style>#thegem-divider-69dfe6a45a67d {margin-top: 155px !important;}<\/style><div id=\"thegem-divider-69dfe6a45a67d\" class=\"gem-divider  \" style=\"\" ><\/div>[\/vc_column][\/vc_row][vc_row video_bg=&#8221;yes&#8221; video_bg_url=&#8221;&#8221; css=&#8221;.vc_custom_1563450908562{background-color: #ffffff !important;}&#8221; el_class=&#8221;z-index&#8221;][vc_column css=&#8221;.vc_custom_1563452193467{margin-top: -90px !important;padding-top: 0px !important;background-color: #ffffff !important;}&#8221;]<div class=\"clearboth\"><\/div><style>#thegem-divider-69dfe6a45a690 {margin-top: 25px !important;}<\/style><div id=\"thegem-divider-69dfe6a45a690\" class=\"gem-divider  \" style=\"\" ><\/div><style>.thegem-custom-69dfe6a45a6d46093 .gem-icon  {font-size: 16px;}.thegem-custom-69dfe6a45a6d46093 .gem-icon:not(.gem-simple-icon) .gem-icon-inner {width: 24px; height: 24px; line-height: 24px;}.thegem-custom-69dfe6a45a6d46093 .gem-icon.gem-simple-icon {width: 16px; height: 16px; line-height: 16px;}.gem-infotext.thegem-custom-69dfe6a45a6d46093 .gem-infotext-icon {margin-top:-2px !important;}.gem-infotext.thegem-custom-69dfe6a45a6d46093 .gem-infotext-icon {margin-right:8px !important;}<\/style><div class=\"gem-infotext alignment-left thegem-custom-69dfe6a45a6d46093\"> <div class=\"gem-infotext-wrap position--left vertical--center\"> <div class=\"gem-infotext-icon\"> <div class=\"gem-icon gem-simple-icon gem-icon-pack-material gem-icon-size-custom\"> <div class=\"gem-icon-inner\"><span class=\"gem-icon-half-1\"><span class=\"back-angle\">&#xf1a0;<\/span><\/span><span class=\"gem-icon-half-2\"><span class=\"back-angle\">&#xf1a0;<\/span><\/span><\/div> <\/div> <\/div> <div class=\"gem-infotext\"> <div class=\"gem-infotext__title\"> <div class=\"title-customize title-default\" style=\"\"> 2022-2024 <\/div> <\/div> <div class=\"gem-infotext__subtitle\"> <div class=\"subtitle-customize text-body\" style=\"\"> Li\u00f1\u00e1n, F., Ja\u00e9n, I. &amp; Rodr\u00edguez, M.J. (2024) Gender and sex in starting up: a social stereotype approach, Entrepreneurship &amp; Regional Development, 36(3-4), 243-265.<\/p>\n<p>Li\u00f1\u00e1n, F., Ja\u00e9n, I. &amp; Dom\u00ednguez-Quintero, A.M. (2024) An action phase theory approach to the configuration of entrepreneurial goal and implementation intentions, International Journal of Entrepreneurial Behavior &amp; Research, 30(11), pp. 64-90.<\/p>\n<p>Li\u00f1\u00e1n, F., &amp; Ja\u00e9n, I. (2022). The Covid-19 pandemic and entrepreneurship: some reflections. International Journal of Emerging Markets, 17(5), 1165-1174.<\/p>\n<p>Li\u00f1\u00e1n, F., Ja\u00e9n, I., &amp; Mart\u00edn, D. (2022). Does entrepreneurship fit her? Women entrepreneurs, gender-role orientation, and entrepreneurial culture. Small Business Economics, 58(2), 1051-1071. <\/div> <\/div> <\/div> <\/div> <\/div><div class=\"clearboth\"><\/div><style>#thegem-divider-69dfe6a45a752 {margin-top: 25px !important;}<\/style><div id=\"thegem-divider-69dfe6a45a752\" class=\"gem-divider  \" style=\"\" ><\/div><style>.thegem-custom-69dfe6a45a7986376 .gem-icon  {font-size: 16px;}.thegem-custom-69dfe6a45a7986376 .gem-icon:not(.gem-simple-icon) .gem-icon-inner {width: 24px; height: 24px; line-height: 24px;}.thegem-custom-69dfe6a45a7986376 .gem-icon.gem-simple-icon {width: 16px; height: 16px; line-height: 16px;}.gem-infotext.thegem-custom-69dfe6a45a7986376 .gem-infotext-icon {margin-top:-2px !important;}.gem-infotext.thegem-custom-69dfe6a45a7986376 .gem-infotext-icon {margin-right:8px !important;}<\/style><div class=\"gem-infotext alignment-left thegem-custom-69dfe6a45a7986376\"> <div class=\"gem-infotext-wrap position--left vertical--center\"> <div class=\"gem-infotext-icon\"> <div class=\"gem-icon gem-simple-icon gem-icon-pack-material gem-icon-size-custom\"> <div class=\"gem-icon-inner\"><span class=\"gem-icon-half-1\"><span class=\"back-angle\">&#xf1a0;<\/span><\/span><span class=\"gem-icon-half-2\"><span class=\"back-angle\">&#xf1a0;<\/span><\/span><\/div> <\/div> <\/div> <div class=\"gem-infotext\"> <div class=\"gem-infotext__title\"> <div class=\"title-customize title-default\" style=\"\"> 2019-2021 <\/div> <\/div> <div class=\"gem-infotext__subtitle\"> <div class=\"subtitle-customize text-body\" style=\"\"> Guerrero, M., Li\u00f1\u00e1n, F., &amp; C\u00e1ceres-Carrasco, F. R. (2021). The influence of ecosystems on the entrepreneurship process: a comparison across developed and developing economies. Small Business Economics, 57(4), 1733-1759.<\/p>\n<p>Santos, S. C., Neumeyer, X., Caetano, A., &amp; Li\u00f1\u00e1n, F. (2021). Understanding how and when personal values foster entrepreneurial behavior: A humane perspective. Journal of Small Business Management, 59(3), 373-396.<\/p>\n<p>Jones, P., Dung, P., Dobson, S., &amp; Li\u00f1\u00e1n, F. (2021). Entrepreneurial Implementation Intention as Moderating the Stability of Entrepreneurial Goal Intention: a Sensemaking Approach. Journal of Business Research, 123, 97-105.<\/p>\n<p>Hueso, J. A., Ja\u00e9n, I., &amp; Li\u00f1\u00e1n, F. (2021). From personal values to entrepreneurial intention: a systematic literature review. International Journal of Entrepreneurial Behavior &amp; Research, 27(1), 205-230.<\/p>\n<p>Hueso, J. A., Ja\u00e9n, I., Li\u00f1\u00e1n, F., &amp; Basuki, W. (2020). The influence of collectivistic personal values on the formation of entrepreneurial intentions. International Small Business Journal, 38 (5), 449-473.<\/p>\n<p>Li\u00f1\u00e1n, F., Paul, J., &amp; Fayolle, A. (2020). SMEs and entrepreneurship in the era of globalization: advances and theoretical approaches. Small Business Economics, 55 (3), 695-703.<\/p>\n<p>Dom\u00ednguez-Quintero, A. M., Gonz\u00e1lez-Rodr\u00edguez, M. R., &amp; Paddison, B. (2020). The mediating role of experience quality on authenticity and satisfaction in the context of cultural-heritage tourism. Current Issues in Tourism, 23(2), 248-260.<\/p>\n<p>Ahmed, T., Chandran, V. G. R., Klobas, J. E., Li\u00f1\u00e1n, F., &amp; Kokkalis, P. (2020). Entrepreneurship education programmes: How learning, inspiration and resources affect intentions for new venture creation in a developing economy. The International Journal of Management Education, 18(1), 100327.<\/p>\n<p>Mart\u00ednez-Rom\u00e1n, J. A., Gamero, J., Tamayo, J. A., &amp; Delgado-Gonz\u00e1lez, L. (2020). Empirical analysis of organizational archetypes based on generation and adoption of knowledge and technologies. Technovation, 96, 102145.<\/p>\n<p>Gonz\u00e1lez-Rodr\u00edguez, M. R., Dom\u00ednguez-Quintero, A. M., &amp; Paddison, B. (2020). The direct and indirect influence of experience quality on satisfaction: the importance of emotions. Current Issues in Tourism, 23(22), 2779-2797.<\/p>\n<p>Mart\u00ednez-Rom\u00e1n, J. A., Gamero, J., de Loreto Delgado-Gonz\u00e1lez, M., &amp; Tamayo, J. A. (2019). Innovativeness and internationalization in SMEs: An empirical analysis in European countries. Technological Forecasting and Social Change, 148, 119716.<\/p>\n<p>Fern\u00e1ndez-Serrano, J., Mart\u00ednez-Rom\u00e1n, J. A., &amp; Romero, I. (2019). The entrepreneur in the regional innovation system. A comparative study for high-and low-income regions. Entrepreneurship &amp; Regional Development, 31(5-6), 337-356.<\/p>\n<p>Riviezzo, A., Santos, S. C., Li\u00f1\u00e1n, F., Napolitano, M. R., &amp; Fusco, F. (2019). European universities seeking entrepreneurial paths: the moderating effect of contextual variables on the entrepreneurial orientation-performance relationship. Technological Forecasting and Social Change, 141, 232-248.<\/p>\n<p>Al-Jubari, I., Hassan, A., &amp; Li\u00f1\u00e1n, F. (2019). Entrepreneurial intention among University students in Malaysia: integrating self-determination theory and the theory of planned behavior. International Entrepreneurship and Management Journal, 15 (4), 1323-1342 <\/div> <\/div> <\/div> <\/div> <\/div><div class=\"clearboth\"><\/div><style>#thegem-divider-69dfe6a45a7e9 {margin-top: 25px !important;}<\/style><div id=\"thegem-divider-69dfe6a45a7e9\" class=\"gem-divider  \" style=\"\" ><\/div><style>.thegem-custom-69dfe6a45a8313962 .gem-icon  {font-size: 16px;}.thegem-custom-69dfe6a45a8313962 .gem-icon:not(.gem-simple-icon) .gem-icon-inner {width: 24px; height: 24px; line-height: 24px;}.thegem-custom-69dfe6a45a8313962 .gem-icon.gem-simple-icon {width: 16px; height: 16px; line-height: 16px;}.gem-infotext.thegem-custom-69dfe6a45a8313962 .gem-infotext-icon {margin-top:-2px !important;}.gem-infotext.thegem-custom-69dfe6a45a8313962 .gem-infotext-icon {margin-right:8px !important;}<\/style><div class=\"gem-infotext alignment-left thegem-custom-69dfe6a45a8313962\"> <div class=\"gem-infotext-wrap position--left vertical--center\"> <div class=\"gem-infotext-icon\"> <div class=\"gem-icon gem-simple-icon gem-icon-pack-material gem-icon-size-custom\"> <div class=\"gem-icon-inner\"><span class=\"gem-icon-half-1\"><span class=\"back-angle\">&#xf1a0;<\/span><\/span><span class=\"gem-icon-half-2\"><span class=\"back-angle\">&#xf1a0;<\/span><\/span><\/div> <\/div> <\/div> <div class=\"gem-infotext\"> <div class=\"gem-infotext__title\"> <div class=\"title-customize title-default\" style=\"\"> 2014-2018 <\/div> <\/div> <div class=\"gem-infotext__subtitle\"> <div class=\"subtitle-customize text-body\" style=\"\"> Nabi, G., Walmsley, A., Li\u00f1\u00e1n, F., Akhtar, I., &amp; Neame, C. (2018). Does entrepreneurship education in the first year of higher education develop entrepreneurial intentions? The role of learning and inspiration. Studies in Higher Education, 43(3), 452\u2013467.<\/p>\n<p>Nabi, G., Li\u00f1\u00e1n, F., Krueger, N., Fayolle, A., &amp; Walmsley, A. (2017). The impact of entrepreneurship education in higher education: A systematic review and research agenda. Academy of Management Learning &amp; Education, 16(2), 277-299.<\/p>\n<p>Mart\u00ednez-Rom\u00e1n, J. A., Tamayo, J. A., &amp; Gamero, J. (2017). Innovativeness and its influence on growth and market extension in construction firms in the Andalusian region. Journal of Engineering and Technology Management, 43, 19-33.<\/p>\n<p>Li\u00f1\u00e1n, F., Moriano, J.A. &amp; Ja\u00e9n, I. (2016): Individualism and entrepreneurship: Does the pattern depend on the social context? International Small Business Journal, 34 (6), 760\u2013776.<\/p>\n<p>Plotnikova, M., Romero, I., &amp; Mart\u00ednez-Rom\u00e1n, J. A. (2016). Process innovation in small businesses: the self-employed as entrepreneurs. Small Business Economics, 47, 939-954.<\/p>\n<p>Santos, F.J., Roomi, M.A. &amp; Li\u00f1\u00e1n, F. (2016): About Gender Differences and the Social Environment in the Development of Entrepreneurial Intentions. Journal of Small Business Management, 54(1), 49-66.<\/p>\n<p>Li\u00f1\u00e1n, F. &amp; Fayolle, A. (2015): A systematic literature review on Entrepreneurial Intentions: Citation, Thematic Analyses, and Research Agenda. International Entrepreneurship and Management Journal, 11(4), 907-933.<\/p>\n<p>Mart\u00ednez-Rom\u00e1n, J. A., Tamayo, J. A., Gamero, J., &amp; Romero, J. E. (2015). Innovativeness and business performances in tourism SMEs. Annals of Tourism Research, 54, 118-135.<\/p>\n<p>Fayolle, A. &amp; Li\u00f1\u00e1n, F. (2014): The future of research on entrepreneurial intentions. Journal of Business Research 67(5), 663-666.<\/p>\n<p>Fayolle, A., Li\u00f1\u00e1n, F. &amp; Moriano, J.A. (2014) : Beyond Entrepreneurial Intentions: Values and Motivations in Entrepreneurship. International Entrepreneurship and Management Journal, 10(4), 679-689. DOI : 10.1007\/s11365-014-0306-7<\/p>\n<p>Li\u00f1\u00e1n, F. &amp; Fern\u00e1ndez-Serrano, J. (2014): National culture, entrepreneurship and economic development: different patterns across the European Union. Small Business Economics 42(4), 685-701. DOI: 10.1007\/s11187-013-9520-x <\/div> <\/div> <\/div> <\/div> <\/div><div class=\"clearboth\"><\/div><style>#thegem-divider-69dfe6a45a875 {margin-top: 25px !important;}<\/style><div id=\"thegem-divider-69dfe6a45a875\" class=\"gem-divider  \" style=\"\" ><\/div><style>.thegem-custom-69dfe6a45a8a32107 .gem-icon  {font-size: 16px;}.thegem-custom-69dfe6a45a8a32107 .gem-icon:not(.gem-simple-icon) .gem-icon-inner {width: 24px; height: 24px; line-height: 24px;}.thegem-custom-69dfe6a45a8a32107 .gem-icon.gem-simple-icon {width: 16px; height: 16px; line-height: 16px;}.gem-infotext.thegem-custom-69dfe6a45a8a32107 .gem-infotext-icon {margin-top:-2px !important;}.gem-infotext.thegem-custom-69dfe6a45a8a32107 .gem-infotext-icon {margin-right:8px !important;}<\/style><div class=\"gem-infotext alignment-left thegem-custom-69dfe6a45a8a32107\"> <div class=\"gem-infotext-wrap position--left vertical--center\"> <div class=\"gem-infotext-icon\"> <div class=\"gem-icon gem-simple-icon gem-icon-pack-material gem-icon-size-custom\"> <div class=\"gem-icon-inner\"><span class=\"gem-icon-half-1\"><span class=\"back-angle\">&#xf1a0;<\/span><\/span><span class=\"gem-icon-half-2\"><span class=\"back-angle\">&#xf1a0;<\/span><\/span><\/div> <\/div> <\/div> <div class=\"gem-infotext\"> <div class=\"gem-infotext__title\"> <div class=\"title-customize title-default\" style=\"\"> 2009-2013 <\/div> <\/div> <div class=\"gem-infotext__subtitle\"> <div class=\"subtitle-customize text-body\" style=\"\"> Krueger, N., Li\u00f1\u00e1n, F. &amp; Nabi, G. (2013) Cultural values and entrepreneurship. Entrepreneurship and Regional Development 25 (09-10), 703-707<\/p>\n<p>Nabi, G. &amp; Li\u00f1\u00e1n, F. (2013): Considering business start-up in recession time: The role of risk perception and economic context in shaping the entrepreneurial intent. International Journal of Entrepreneurial Behaviour &amp; Research, 19(6), 633-655. DOI: 10.1108\/IJEBR-10-2012-0107.<\/p>\n<p>Ja\u00e9n, I. &amp; Li\u00f1\u00e1n, F. (2013): Work values in a changing economic environment: the role of entrepreneurial capital. International Journal of Manpower. 34(8), 939-960.<\/p>\n<p>Romero, I., &amp; Mart\u00ednez-Rom\u00e1n, J. A. (2012). Self-employment and innovation. Exploring the determinants of innovative behavior in small businesses. Research Policy, 41(1), 178-189.<\/p>\n<p>Li\u00f1\u00e1n, F., Urbano, D. &amp; Guerrero, M. (2011): Regional variations in entrepreneurial cognitions: start-up intentions of university students in Spain. Entrepreneurship and Regional Development, 23(3&amp;4), 187-215.<\/p>\n<p>Li\u00f1\u00e1n, F., Santos, F. J., &amp; Fern\u00e1ndez, J. (2011). The influence of perceptions on potential entrepreneurs. International Entrepreneurship and Management Journal, 7(3), 373-390.<\/p>\n<p>Li\u00f1\u00e1n, F., Rodr\u00edguez-Cohard, J.C. &amp; Rueda-Cantuche, J.M. (2011). Factors Affecting Entrepreneurial Intention Levels: a Role for Education. International Entrepreneurship and Management Journal. 7(2), 195-218.<\/p>\n<p>Mart\u00ednez-Rom\u00e1n, J. A., Gamero, J., &amp; Tamayo, J. A. (2011). Analysis of innovation in SMEs using an innovative capability-based non-linear model: A study in the province of Seville (Spain). Technovation, 31(9), 459-475.<\/p>\n<p>Nabi, G. &amp; Li\u00f1\u00e1n, F. (2011) \"Graduate entrepreneurship in the developing world: intentions, education and development\", Education + Training, 53 (5), 325-334.<\/p>\n<p>Li\u00f1\u00e1n, F. &amp; Chen, Y.W. (2009). Development and cross-cultural application of a specific instrument to measure entrepreneurial intentions. Entrepreneurship Theory &amp; Practice, 33(3), 593-617. <\/div> <\/div> <\/div> <\/div> <\/div><div class=\"clearboth\"><\/div><style>#thegem-divider-69dfe6a45a8f2 {margin-top: 25px !important;}<\/style><div id=\"thegem-divider-69dfe6a45a8f2\" class=\"gem-divider  \" style=\"\" ><\/div>[\/vc_column][\/vc_row][vc_row css=&#8221;.vc_custom_1461155796874{margin-bottom: 0px !important;}&#8221; el_id=&#8221;wrapbox&#8221;][vc_column css=&#8221;.vc_custom_1458920426591{margin-bottom: -230px !important;}&#8221;]<div class=\"clearboth\"><\/div><style>#thegem-divider-69dfe6a45a8ff {margin-top: -140px !important;}<\/style><div id=\"thegem-divider-69dfe6a45a8ff\" class=\"gem-divider  \" style=\"\" ><\/div>[\/vc_column][\/vc_row]<\/p>\n<\/div>","protected":false},"excerpt":{"rendered":"<p>[vc_row full_width=&#8221;stretch_row&#8221; video_bg=&#8221;yes&#8221; video_bg_url=&#8221;&#8221; css=&#8221;.vc_custom_1563450947254{margin-bottom: 0px !important;background-color: #222434 !important;}&#8221;][vc_column css=&#8221;.vc_custom_1563450678921{padding-top: 0px !important;}&#8221;][vc_column_text css_animation=&#8221;bottom-to-top&#8221;] selected publications [\/vc_column_text][vc_row_inner][vc_column_inner offset=&#8221;vc_col-lg-offset-2 vc_col-lg-8&#8243;][vc_column_text css_animation=&#8221;bottom-to-top&#8221;]Below you&#8230;<\/p>\n","protected":false},"author":1,"featured_media":0,"parent":677,"menu_order":1,"comment_status":"closed","ping_status":"closed","template":"","meta":{"footnotes":""},"_links":{"self":[{"href":"https:\/\/grupo.us.es\/entinn\/wp-json\/wp\/v2\/pages\/619"}],"collection":[{"href":"https:\/\/grupo.us.es\/entinn\/wp-json\/wp\/v2\/pages"}],"about":[{"href":"https:\/\/grupo.us.es\/entinn\/wp-json\/wp\/v2\/types\/page"}],"author":[{"embeddable":true,"href":"https:\/\/grupo.us.es\/entinn\/wp-json\/wp\/v2\/users\/1"}],"replies":[{"embeddable":true,"href":"https:\/\/grupo.us.es\/entinn\/wp-json\/wp\/v2\/comments?post=619"}],"version-history":[{"count":33,"href":"https:\/\/grupo.us.es\/entinn\/wp-json\/wp\/v2\/pages\/619\/revisions"}],"predecessor-version":[{"id":1090,"href":"https:\/\/grupo.us.es\/entinn\/wp-json\/wp\/v2\/pages\/619\/revisions\/1090"}],"up":[{"embeddable":true,"href":"https:\/\/grupo.us.es\/entinn\/wp-json\/wp\/v2\/pages\/677"}],"wp:attachment":[{"href":"https:\/\/grupo.us.es\/entinn\/wp-json\/wp\/v2\/media?parent=619"}],"curies":[{"name":"wp","href":"https:\/\/api.w.org\/{rel}","templated":true}]}}