{"id":527,"date":"2019-07-18T11:07:41","date_gmt":"2019-07-18T11:07:41","guid":{"rendered":"http:\/\/democontent.codex-themes.com\/sites-wpb-v5\/agency-media\/?page_id=527"},"modified":"2024-06-04T14:37:56","modified_gmt":"2024-06-04T12:37:56","slug":"projects","status":"publish","type":"page","link":"https:\/\/grupo.us.es\/entinn\/publications-projects\/projects\/","title":{"rendered":"Projects"},"content":{"rendered":"<div class=\"wpb-content-wrapper\"><p>[vc_row full_width=&#8221;stretch_row&#8221; video_bg=&#8221;yes&#8221; video_bg_url=&#8221;&#8221; css=&#8221;.vc_custom_1563450947254{margin-bottom: 0px !important;background-color: #222434 !important;}&#8221;][vc_column css=&#8221;.vc_custom_1563450678921{padding-top: 0px !important;}&#8221;]<div class=\"clearboth\"><\/div><style>#thegem-divider-69e8189cc237f {margin-top: 130px !important;}<\/style><div id=\"thegem-divider-69e8189cc237f\" class=\"gem-divider  \" style=\"\" ><\/div>[vc_column_text css_animation=&#8221;bottom-to-top&#8221;]<\/p>\n<div class=\"title-h1\" style=\"text-align: center;\"><span style=\"color: #ffffff;\"><span class=\"light\">Most relevant activity<\/span><\/span><\/div>\n<p>[\/vc_column_text]<div class=\"clearboth\"><\/div><style>#thegem-divider-69e8189cc23b7 {margin-top: 25px !important;}#thegem-divider-69e8189cc23b7 {margin-bottom: 30px !important;}<\/style><div id=\"thegem-divider-69e8189cc23b7\" class=\"gem-divider  custom-blue-divider align-center\" style=\"border-color: #89cd84;\" ><\/div>[vc_row_inner][vc_column_inner offset=&#8221;vc_col-lg-offset-2 vc_col-lg-8&#8243;][vc_column_text css_animation=&#8221;bottom-to-top&#8221;]<\/p>\n<p style=\"text-align: center;\">Below you can find a summary of some of the most relevant projects and contracts undertaken by the members of the E&amp;I Research Group<\/p>\n<p>[\/vc_column_text][\/vc_column_inner][\/vc_row_inner]<div class=\"clearboth\"><\/div><style>#thegem-divider-69e8189cc23d8 {margin-top: 155px !important;}<\/style><div id=\"thegem-divider-69e8189cc23d8\" class=\"gem-divider  \" style=\"\" ><\/div>[\/vc_column][\/vc_row][vc_row video_bg=&#8221;yes&#8221; video_bg_url=&#8221;&#8221; css=&#8221;.vc_custom_1563450908562{background-color: #ffffff !important;}&#8221; el_class=&#8221;z-index&#8221;][vc_column css=&#8221;.vc_custom_1563452193467{margin-top: -90px !important;padding-top: 0px !important;background-color: #ffffff !important;}&#8221;]<div class=\"clearboth\"><\/div><style>#thegem-divider-69e8189cc23f0 {margin-top: 25px !important;}<\/style><div id=\"thegem-divider-69e8189cc23f0\" class=\"gem-divider  \" style=\"\" ><\/div><style>.thegem-custom-69e8189cc24491187 .gem-icon  {font-size: 16px;}.thegem-custom-69e8189cc24491187 .gem-icon:not(.gem-simple-icon) .gem-icon-inner {width: 24px; height: 24px; line-height: 24px;}.thegem-custom-69e8189cc24491187 .gem-icon.gem-simple-icon {width: 16px; height: 16px; line-height: 16px;}.gem-infotext.thegem-custom-69e8189cc24491187 .gem-infotext-icon {margin-top:-2px !important;}.gem-infotext.thegem-custom-69e8189cc24491187 .gem-infotext-icon {margin-right:8px !important;}<\/style><div class=\"gem-infotext alignment-left thegem-custom-69e8189cc24491187\"> <div class=\"gem-infotext-wrap position--left vertical--center\"> <div class=\"gem-infotext-icon\"> <div class=\"gem-icon gem-simple-icon gem-icon-pack-material gem-icon-size-custom\"> <div class=\"gem-icon-inner\"><span class=\"gem-icon-half-1\"><span class=\"back-angle\">&#xf1a0;<\/span><\/span><span class=\"gem-icon-half-2\"><span class=\"back-angle\">&#xf1a0;<\/span><\/span><\/div> <\/div> <\/div> <div class=\"gem-infotext\"> <div class=\"gem-infotext__title\"> <div class=\"title-customize title-default\" style=\"\"> Las Tics en la Creaci\u00f3n y Consolidaci\u00f3n de Empresas Innovadoras: un An\u00e1lisis desde la Perspectiva de G\u00e9nero (TIC-Empresari@s) <\/div> <\/div> <div class=\"gem-infotext__subtitle\"> <div class=\"subtitle-customize text-body\" style=\"font-style:italic; \"> PIs: Francisco Li\u00f1\u00e1n \/ Jos\u00e9 Fern\u00e1ndez Serrano.<br \/>\nPlan Estatal 2017-2020 Generaci\u00f3n Conocimiento - Proyectos I+D+i.<br \/>\nDuration: 01-06-2020 \/ 29-02-2024 <\/div> <\/div> <div class=\"gem-infotext__description\"> <div class=\"description-customize text-body-tiny\" style=\"\"> Ref.: PID2019-110166GB-I00 <\/div> <\/div> <\/div> <\/div> <\/div><div class=\"clearboth\"><\/div><style>#thegem-divider-69e8189cc24eb {margin-top: 25px !important;}<\/style><div id=\"thegem-divider-69e8189cc24eb\" class=\"gem-divider  \" style=\"\" ><\/div><style>.thegem-custom-69e8189cc25463036 .gem-icon  {font-size: 16px;}.thegem-custom-69e8189cc25463036 .gem-icon:not(.gem-simple-icon) .gem-icon-inner {width: 24px; height: 24px; line-height: 24px;}.thegem-custom-69e8189cc25463036 .gem-icon.gem-simple-icon {width: 16px; height: 16px; line-height: 16px;}.gem-infotext.thegem-custom-69e8189cc25463036 .gem-infotext-icon {margin-top:-2px !important;}.gem-infotext.thegem-custom-69e8189cc25463036 .gem-infotext-icon {margin-right:8px !important;}.gem-infotext.thegem-custom-69e8189cc25463036 .title-customize {color:#1e73be !important;}.gem-infotext.thegem-custom-69e8189cc25463036 .subtitle-customize {color:#1e73be !important;}.gem-infotext.thegem-custom-69e8189cc25463036 .description-customize {color:#1e73be !important;}<\/style><div class=\"gem-infotext alignment-left thegem-custom-69e8189cc25463036\"> <a href=\"http:\/\/grupo.us.es\/entinn\/pf\/inclusive-entrepreneurship\/\" target=\"_blank\" title=\"Inclusive Entrepreneurship Policy Country Assessment \u2013 Spain\" class=\"gem-infotext-wrap position--left vertical--center\" > <div class=\"gem-infotext-icon\"> <div class=\"gem-icon gem-simple-icon gem-icon-pack-material gem-icon-size-custom\"> <div class=\"gem-icon-inner\"><span class=\"gem-icon-half-1\"><span class=\"back-angle\">&#xf1a0;<\/span><\/span><span class=\"gem-icon-half-2\"><span class=\"back-angle\">&#xf1a0;<\/span><\/span><\/div> <\/div> <\/div> <div class=\"gem-infotext\"> <div class=\"gem-infotext__title\"> <div class=\"title-customize title-default\" style=\"font-style:italic; \"> Inclusive entrepreneurship policy country assessments 2022-23 <\/div> <\/div> <div class=\"gem-infotext__subtitle\"> <div class=\"subtitle-customize text-body\" style=\"font-style:italic; \"> Coordinator: Francisco Li\u00f1\u00e1n.<br \/>\nOrganisation for Economic Cooperation and Development (OECD).<br \/>\nDuration: Biannual since 2014 tp 2024 <\/div> <\/div> <div class=\"gem-infotext__description\"> <div class=\"description-customize text-body-tiny\" style=\"font-style:italic; \"> Ref.: 4772\/0827\/FIUS (2023) + others (previous years) <\/div> <\/div> <\/div> <\/a> <\/div><div class=\"clearboth\"><\/div><style>#thegem-divider-69e8189cc25c3 {margin-top: 25px !important;}<\/style><div id=\"thegem-divider-69e8189cc25c3\" class=\"gem-divider  \" style=\"\" ><\/div><style>.thegem-custom-69e8189cc25f75250 .gem-icon  {font-size: 16px;}.thegem-custom-69e8189cc25f75250 .gem-icon:not(.gem-simple-icon) .gem-icon-inner {width: 24px; height: 24px; line-height: 24px;}.thegem-custom-69e8189cc25f75250 .gem-icon.gem-simple-icon {width: 16px; height: 16px; line-height: 16px;}.gem-infotext.thegem-custom-69e8189cc25f75250 .gem-infotext-icon {margin-top:-2px !important;}.gem-infotext.thegem-custom-69e8189cc25f75250 .gem-infotext-icon {margin-right:8px !important;}.gem-infotext.thegem-custom-69e8189cc25f75250 .title-customize {color:#1e73be !important;}.gem-infotext.thegem-custom-69e8189cc25f75250 .subtitle-customize {color:#1e73be !important;}.gem-infotext.thegem-custom-69e8189cc25f75250 .description-customize {color:#1e73be !important;}<\/style><div class=\"gem-infotext alignment-left thegem-custom-69e8189cc25f75250\"> <a href=\"http:\/\/grupo.us.es\/entinn\/pf\/global-entrepreneurship-monitor\/\" target=\"_blank\" title=\"Global Entrepreneurship Monitor\" class=\"gem-infotext-wrap position--left vertical--center\" > <div class=\"gem-infotext-icon\"> <div class=\"gem-icon gem-simple-icon gem-icon-pack-material gem-icon-size-custom\"> <div class=\"gem-icon-inner\"><span class=\"gem-icon-half-1\"><span class=\"back-angle\">&#xf1a0;<\/span><\/span><span class=\"gem-icon-half-2\"><span class=\"back-angle\">&#xf1a0;<\/span><\/span><\/div> <\/div> <\/div> <div class=\"gem-infotext\"> <div class=\"gem-infotext__title\"> <div class=\"title-customize title-default\" style=\"font-style:italic; \"> Global Entrepreneurship Monitor (GEM) Report for Sevilla <\/div> <\/div> <div class=\"gem-infotext__subtitle\"> <div class=\"subtitle-customize text-body\" style=\"font-style:italic; \"> Coordinator at University of Seville: Francisco Li\u00f1\u00e1n<br \/>\nProdetur S.A.<br \/>\nDuration: Annually since 2018 until 2014 (and ongoing) <\/div> <\/div> <div class=\"gem-infotext__description\"> <div class=\"description-customize text-body-tiny\" style=\"font-style:italic; \"> Ref.: 4855\/0827\/FIUS (2023) + others (previous years) <\/div> <\/div> <\/div> <\/a> <\/div><div class=\"clearboth\"><\/div><style>#thegem-divider-69e8189cc2651 {margin-top: 25px !important;}<\/style><div id=\"thegem-divider-69e8189cc2651\" class=\"gem-divider  \" style=\"\" ><\/div><style>.thegem-custom-69e8189cc267c1671 .gem-icon  {font-size: 16px;}.thegem-custom-69e8189cc267c1671 .gem-icon:not(.gem-simple-icon) .gem-icon-inner {width: 24px; height: 24px; line-height: 24px;}.thegem-custom-69e8189cc267c1671 .gem-icon.gem-simple-icon {width: 16px; height: 16px; line-height: 16px;}.gem-infotext.thegem-custom-69e8189cc267c1671 .gem-infotext-icon {margin-top:-2px !important;}.gem-infotext.thegem-custom-69e8189cc267c1671 .gem-infotext-icon {margin-right:8px !important;}<\/style><div class=\"gem-infotext alignment-left thegem-custom-69e8189cc267c1671\"> <div class=\"gem-infotext-wrap position--left vertical--center\"> <div class=\"gem-infotext-icon\"> <div class=\"gem-icon gem-simple-icon gem-icon-pack-material gem-icon-size-custom\"> <div class=\"gem-icon-inner\"><span class=\"gem-icon-half-1\"><span class=\"back-angle\">&#xf1a0;<\/span><\/span><span class=\"gem-icon-half-2\"><span class=\"back-angle\">&#xf1a0;<\/span><\/span><\/div> <\/div> <\/div> <div class=\"gem-infotext\"> <div class=\"gem-infotext__title\"> <div class=\"title-customize title-default\" style=\"\"> La innovaci\u00f3n en las PYME de Paraguay: Factores determinantes, tipolog\u00edas y resultados <\/div> <\/div> <div class=\"gem-infotext__subtitle\"> <div class=\"subtitle-customize text-body\" style=\"font-style:italic; \"> Consejo Nacional de Ciencia y Tecnolog\u00eda (CONACYT). Gobierno de Paraguay<br \/>\nDuration: 01-01-2018 \/ 29-05-2020<br \/>\nRef.: PINV15-0137 <\/div> <\/div> <div class=\"gem-infotext__description\"> <div class=\"description-customize text-body-tiny\" style=\"\"> Ref.: 4855\/0827\/FIUS <\/div> <\/div> <\/div> <\/div> <\/div><div class=\"clearboth\"><\/div><style>#thegem-divider-69e8189cc26d3 {margin-top: 25px !important;}<\/style><div id=\"thegem-divider-69e8189cc26d3\" class=\"gem-divider  \" style=\"\" ><\/div><style>.thegem-custom-69e8189cc27046386 .gem-icon  {font-size: 16px;}.thegem-custom-69e8189cc27046386 .gem-icon:not(.gem-simple-icon) .gem-icon-inner {width: 24px; height: 24px; line-height: 24px;}.thegem-custom-69e8189cc27046386 .gem-icon.gem-simple-icon {width: 16px; height: 16px; line-height: 16px;}.gem-infotext.thegem-custom-69e8189cc27046386 .gem-infotext-icon {margin-top:-2px !important;}.gem-infotext.thegem-custom-69e8189cc27046386 .gem-infotext-icon {margin-right:8px !important;}<\/style><div class=\"gem-infotext alignment-left thegem-custom-69e8189cc27046386\"> <div class=\"gem-infotext-wrap position--left vertical--center\"> <div class=\"gem-infotext-icon\"> <div class=\"gem-icon gem-simple-icon gem-icon-pack-material gem-icon-size-custom\"> <div class=\"gem-icon-inner\"><span class=\"gem-icon-half-1\"><span class=\"back-angle\">&#xf1a0;<\/span><\/span><span class=\"gem-icon-half-2\"><span class=\"back-angle\">&#xf1a0;<\/span><\/span><\/div> <\/div> <\/div> <div class=\"gem-infotext\"> <div class=\"gem-infotext__title\"> <div class=\"title-customize title-default\" style=\"\"> Estudio Longitudinal sobre el Proceso de Surgimiento de Emprendedores de Alto Impacto <\/div> <\/div> <div class=\"gem-infotext__subtitle\"> <div class=\"subtitle-customize text-body\" style=\"font-style:italic; \"> Pls: Francisco Li\u00f1\u00e1n \/ Jos\u00e9 Fern\u00e1ndez Serrano.<br \/>\nPlan Estatal 2013-2016 Excelencia - Proyectos I+D.<br \/>\nDuration: 30-12-2016 \/ 31-12-2020 <\/div> <\/div> <div class=\"gem-infotext__description\"> <div class=\"description-customize text-body-tiny\" style=\"\"> Ref.: ECO2016-75655-P <\/div> <\/div> <\/div> <\/div> <\/div><div class=\"clearboth\"><\/div><style>#thegem-divider-69e8189cc2743 {margin-top: 25px !important;}<\/style><div id=\"thegem-divider-69e8189cc2743\" class=\"gem-divider  \" style=\"\" ><\/div><style>.thegem-custom-69e8189cc27709157 .gem-icon  {font-size: 16px;}.thegem-custom-69e8189cc27709157 .gem-icon:not(.gem-simple-icon) .gem-icon-inner {width: 24px; height: 24px; line-height: 24px;}.thegem-custom-69e8189cc27709157 .gem-icon.gem-simple-icon {width: 16px; height: 16px; line-height: 16px;}.gem-infotext.thegem-custom-69e8189cc27709157 .gem-infotext-icon {margin-top:-2px !important;}.gem-infotext.thegem-custom-69e8189cc27709157 .gem-infotext-icon {margin-right:8px !important;}<\/style><div class=\"gem-infotext alignment-left thegem-custom-69e8189cc27709157\"> <div class=\"gem-infotext-wrap position--left vertical--center\"> <div class=\"gem-infotext-icon\"> <div class=\"gem-icon gem-simple-icon gem-icon-pack-material gem-icon-size-custom\"> <div class=\"gem-icon-inner\"><span class=\"gem-icon-half-1\"><span class=\"back-angle\">&#xf1a0;<\/span><\/span><span class=\"gem-icon-half-2\"><span class=\"back-angle\">&#xf1a0;<\/span><\/span><\/div> <\/div> <\/div> <div class=\"gem-infotext\"> <div class=\"gem-infotext__title\"> <div class=\"title-customize title-default\" style=\"\"> An\u00e1lisis de la Calidad del Tejido Empresarial Atendiendo a Aspectos Cualitativos de las Empresas y Empresarios: Implicaciones desde el Punto de Vista del Desarrollo Econ\u00f3mico de las Regiones Espa\u00f1olas <\/div> <\/div> <div class=\"gem-infotext__subtitle\"> <div class=\"subtitle-customize text-body\" style=\"font-style:italic; \"> Coordinator: Joaquin J. Guzman-Cuevas<br \/>\nProyectos de Excelencia, Junta de Andalucia<br \/>\nDuration: 03-02-2010 \/ 02-08-2014 <\/div> <\/div> <div class=\"gem-infotext__description\"> <div class=\"description-customize text-body-tiny\" style=\"\"> Ref.: P09-SEJ-4857 <\/div> <\/div> <\/div> <\/div> <\/div><div class=\"clearboth\"><\/div><style>#thegem-divider-69e8189cc27bd {margin-top: 25px !important;}<\/style><div id=\"thegem-divider-69e8189cc27bd\" class=\"gem-divider  \" style=\"\" ><\/div><style>.thegem-custom-69e8189cc27f08856 .gem-icon  {font-size: 16px;}.thegem-custom-69e8189cc27f08856 .gem-icon:not(.gem-simple-icon) .gem-icon-inner {width: 24px; height: 24px; line-height: 24px;}.thegem-custom-69e8189cc27f08856 .gem-icon.gem-simple-icon {width: 16px; height: 16px; line-height: 16px;}.gem-infotext.thegem-custom-69e8189cc27f08856 .gem-infotext-icon {margin-top:-2px !important;}.gem-infotext.thegem-custom-69e8189cc27f08856 .gem-infotext-icon {margin-right:8px !important;}<\/style><div class=\"gem-infotext alignment-left thegem-custom-69e8189cc27f08856\"> <div class=\"gem-infotext-wrap position--left vertical--center\"> <div class=\"gem-infotext-icon\"> <div class=\"gem-icon gem-simple-icon gem-icon-pack-material gem-icon-size-custom\"> <div class=\"gem-icon-inner\"><span class=\"gem-icon-half-1\"><span class=\"back-angle\">&#xf1a0;<\/span><\/span><span class=\"gem-icon-half-2\"><span class=\"back-angle\">&#xf1a0;<\/span><\/span><\/div> <\/div> <\/div> <div class=\"gem-infotext\"> <div class=\"gem-infotext__title\"> <div class=\"title-customize title-default\" style=\"\"> Valores Culturales y Aspectos Socioecon\u00f3micos como Determinantes de la Intenci\u00f3n Empresarial: An\u00e1lisis Comparativo de las Regiones Espa\u00f1olas <\/div> <\/div> <div class=\"gem-infotext__subtitle\"> <div class=\"subtitle-customize text-body\" style=\"font-style:italic; \"> Coordinator: Francisco Li\u00f1\u00e1n.<br \/>\nProyectos de Excelencia de la Junta de Andaluc\u00eda.<br \/>\nDuration: 13-01-2009 \/ 31-12-2013 <\/div> <\/div> <div class=\"gem-infotext__description\"> <div class=\"description-customize text-body-tiny\" style=\"\"> Ref.: P08-SEJ-03542 <\/div> <\/div> <\/div> <\/div> <\/div><div class=\"clearboth\"><\/div><style>#thegem-divider-69e8189cc2824 {margin-top: 25px !important;}<\/style><div id=\"thegem-divider-69e8189cc2824\" class=\"gem-divider  \" style=\"\" ><\/div><style>.thegem-custom-69e8189cc284d1885 .gem-icon  {font-size: 16px;}.thegem-custom-69e8189cc284d1885 .gem-icon:not(.gem-simple-icon) .gem-icon-inner {width: 24px; height: 24px; line-height: 24px;}.thegem-custom-69e8189cc284d1885 .gem-icon.gem-simple-icon {width: 16px; height: 16px; line-height: 16px;}.gem-infotext.thegem-custom-69e8189cc284d1885 .gem-infotext-icon {margin-top:-2px !important;}.gem-infotext.thegem-custom-69e8189cc284d1885 .gem-infotext-icon {margin-right:8px !important;}<\/style><div class=\"gem-infotext alignment-left thegem-custom-69e8189cc284d1885\"> <div class=\"gem-infotext-wrap position--left vertical--center\"> <div class=\"gem-infotext-icon\"> <div class=\"gem-icon gem-simple-icon gem-icon-pack-material gem-icon-size-custom\"> <div class=\"gem-icon-inner\"><span class=\"gem-icon-half-1\"><span class=\"back-angle\">&#xf1a0;<\/span><\/span><span class=\"gem-icon-half-2\"><span class=\"back-angle\">&#xf1a0;<\/span><\/span><\/div> <\/div> <\/div> <div class=\"gem-infotext\"> <div class=\"gem-infotext__title\"> <div class=\"title-customize title-default\" style=\"\"> Modelizaci\u00f3n, An\u00e1lisis y Medici\u00f3n de la Innovaci\u00f3n en las Empresas Andaluzas <\/div> <\/div> <div class=\"gem-infotext__subtitle\"> <div class=\"subtitle-customize text-body\" style=\"font-style:italic; \"> Centro de Estudios Andaluces<br \/>\nDuration: 01-05-2011 \/ 15-04-2012 <\/div> <\/div> <div class=\"gem-infotext__description\"> <div class=\"description-customize text-body-tiny\" style=\"\"> Ref.: PRY096\/11. 1210\/0356 <\/div> <\/div> <\/div> <\/div> <\/div><div class=\"clearboth\"><\/div><style>#thegem-divider-69e8189cc2890 {margin-top: 25px !important;}<\/style><div id=\"thegem-divider-69e8189cc2890\" class=\"gem-divider  \" style=\"\" ><\/div><style>.thegem-custom-69e8189cc28bd9524 .gem-icon  {font-size: 16px;}.thegem-custom-69e8189cc28bd9524 .gem-icon:not(.gem-simple-icon) .gem-icon-inner {width: 24px; height: 24px; line-height: 24px;}.thegem-custom-69e8189cc28bd9524 .gem-icon.gem-simple-icon {width: 16px; height: 16px; line-height: 16px;}.gem-infotext.thegem-custom-69e8189cc28bd9524 .gem-infotext-icon {margin-top:-2px !important;}.gem-infotext.thegem-custom-69e8189cc28bd9524 .gem-infotext-icon {margin-right:8px !important;}<\/style><div class=\"gem-infotext alignment-left thegem-custom-69e8189cc28bd9524\"> <div class=\"gem-infotext-wrap position--left vertical--center\"> <div class=\"gem-infotext-icon\"> <div class=\"gem-icon gem-simple-icon gem-icon-pack-material gem-icon-size-custom\"> <div class=\"gem-icon-inner\"><span class=\"gem-icon-half-1\"><span class=\"back-angle\">&#xf1a0;<\/span><\/span><span class=\"gem-icon-half-2\"><span class=\"back-angle\">&#xf1a0;<\/span><\/span><\/div> <\/div> <\/div> <div class=\"gem-infotext\"> <div class=\"gem-infotext__title\"> <div class=\"title-customize title-default\" style=\"\"> Endeavour: Enrepreneurial Development as a vehicle to promote European Higher Education <\/div> <\/div> <div class=\"gem-infotext__subtitle\"> <div class=\"subtitle-customize text-body\" style=\"font-style:italic; \"> Coordinator: Francisco Li\u00f1\u00e1n.<br \/>\nProyecto Internacional (EU).<br \/>\nDuration: 01-12-2006 \/ 30-11-2009 <\/div> <\/div> <div class=\"gem-infotext__description\"> <div class=\"description-customize text-body-tiny\" style=\"\"> Ref.: 2006-2859\/001 MUN-MUNB41 <\/div> <\/div> <\/div> <\/div> <\/div><div class=\"clearboth\"><\/div><style>#thegem-divider-69e8189cc2901 {margin-top: 25px !important;}<\/style><div id=\"thegem-divider-69e8189cc2901\" class=\"gem-divider  \" style=\"\" ><\/div>[\/vc_column][\/vc_row][vc_row css=&#8221;.vc_custom_1461155796874{margin-bottom: 0px !important;}&#8221; el_id=&#8221;wrapbox&#8221;][vc_column css=&#8221;.vc_custom_1458920426591{margin-bottom: -230px !important;}&#8221;]<div class=\"clearboth\"><\/div><style>#thegem-divider-69e8189cc290e {margin-top: -140px !important;}<\/style><div id=\"thegem-divider-69e8189cc290e\" class=\"gem-divider  \" style=\"\" ><\/div>[\/vc_column][\/vc_row]<\/p>\n<\/div>","protected":false},"excerpt":{"rendered":"<p>[vc_row full_width=&#8221;stretch_row&#8221; video_bg=&#8221;yes&#8221; video_bg_url=&#8221;&#8221; css=&#8221;.vc_custom_1563450947254{margin-bottom: 0px !important;background-color: #222434 !important;}&#8221;][vc_column css=&#8221;.vc_custom_1563450678921{padding-top: 0px !important;}&#8221;][vc_column_text css_animation=&#8221;bottom-to-top&#8221;] Most relevant activity [\/vc_column_text][vc_row_inner][vc_column_inner offset=&#8221;vc_col-lg-offset-2 vc_col-lg-8&#8243;][vc_column_text css_animation=&#8221;bottom-to-top&#8221;]&#8230;<\/p>\n","protected":false},"author":1,"featured_media":0,"parent":677,"menu_order":2,"comment_status":"closed","ping_status":"closed","template":"","meta":{"footnotes":""},"_links":{"self":[{"href":"https:\/\/grupo.us.es\/entinn\/wp-json\/wp\/v2\/pages\/527"}],"collection":[{"href":"https:\/\/grupo.us.es\/entinn\/wp-json\/wp\/v2\/pages"}],"about":[{"href":"https:\/\/grupo.us.es\/entinn\/wp-json\/wp\/v2\/types\/page"}],"author":[{"embeddable":true,"href":"https:\/\/grupo.us.es\/entinn\/wp-json\/wp\/v2\/users\/1"}],"replies":[{"embeddable":true,"href":"https:\/\/grupo.us.es\/entinn\/wp-json\/wp\/v2\/comments?post=527"}],"version-history":[{"count":32,"href":"https:\/\/grupo.us.es\/entinn\/wp-json\/wp\/v2\/pages\/527\/revisions"}],"predecessor-version":[{"id":1152,"href":"https:\/\/grupo.us.es\/entinn\/wp-json\/wp\/v2\/pages\/527\/revisions\/1152"}],"up":[{"embeddable":true,"href":"https:\/\/grupo.us.es\/entinn\/wp-json\/wp\/v2\/pages\/677"}],"wp:attachment":[{"href":"https:\/\/grupo.us.es\/entinn\/wp-json\/wp\/v2\/media?parent=527"}],"curies":[{"name":"wp","href":"https:\/\/api.w.org\/{rel}","templated":true}]}}