{"id":391,"date":"2022-04-12T17:00:42","date_gmt":"2022-04-12T17:00:42","guid":{"rendered":"http:\/\/grupo.us.es\/encrucijada\/?page_id=391"},"modified":"2023-01-23T14:47:41","modified_gmt":"2023-01-23T14:47:41","slug":"participantes-en-el-proyecto","status":"publish","type":"page","link":"https:\/\/grupo.us.es\/encrucijada\/participantes-en-el-proyecto\/","title":{"rendered":"Participantes"},"content":{"rendered":"\n<div class=\"wp-block-columns is-layout-flex wp-container-core-columns-is-layout-9d6595d7 wp-block-columns-is-layout-flex\">\n<div class=\"wp-block-column is-layout-flow wp-block-column-is-layout-flow\">\n<h3><strong>A<\/strong><\/h3>\n<hr>\n<p><a href=\"https:\/\/grupo.us.es\/encrucijada\/tag\/adela-tarifa-fernandez\/\" target=\"_blank\" rel=\"noopener\">Adela Tarifa Fern\u00e1ndez<\/a><\/p>\n<p><a href=\"https:\/\/grupo.us.es\/encrucijada\/tag\/adrian-contreras-guerrero\/\" target=\"_blank\" rel=\"noopener\">Adri\u00e1n Contreras Guerrero<\/a><\/p>\n<p style=\"text-align: justify;\"><a href=\"https:\/\/grupo.us.es\/encrucijada\/tag\/alba-de-la-cruz-redondo\/\" target=\"_blank\" rel=\"noopener\">Alba de la Cruz Redondo<\/a><\/p>\n<p><a href=\"https:\/\/grupo.us.es\/encrucijada\/tag\/alberto-corada-alonso\/\" target=\"_blank\" rel=\"noopener\">Alberto Corada Alonso<\/a><\/p>\n<p><a href=\"https:\/\/grupo.us.es\/encrucijada\/tag\/alberto-jose-campillo-pardo\/\" target=\"_blank\" rel=\"noopener\">Alberto Jos\u00e9 Campillo Pardo<\/a><\/p>\n<p><a href=\"https:\/\/grupo.us.es\/encrucijada\/tag\/alberto-jose-gullon-abao\/\" target=\"_blank\" rel=\"noopener\">Alberto Jos\u00e9 Gull\u00f3n Abao<\/a><\/p>\n<p style=\"text-align: justify;\"><a href=\"https:\/\/grupo.us.es\/encrucijada\/tag\/alfonso-jesus-heredia-lopez\/\" target=\"_blank\" rel=\"noopener\">Alfonso Jes\u00fas Heredia L\u00f3pez<\/a><\/p>\n<p><a href=\"https:\/\/grupo.us.es\/encrucijada\/tag\/alfonso-jesus-hernandez-rodriguez\/\" target=\"_blank\" rel=\"noopener\">Alfonso Jes\u00fas Hern\u00e1ndez Rodr\u00edguez<\/a><\/p>\n<p><a href=\"https:\/\/grupo.us.es\/encrucijada\/tag\/alfredo-bueno-jimenez\/\" target=\"_blank\" rel=\"noopener\">Alfredo Bueno Jim\u00e9nez<\/a><\/p>\n<p style=\"text-align: justify;\"><a href=\"https:\/\/grupo.us.es\/encrucijada\/tag\/alvaro-chaparro-sainz\/\" target=\"_blank\" rel=\"noopener\">\u00c1lvaro Chaparro Sainz<\/a><\/p>\n<p><a href=\"https:\/\/grupo.us.es\/encrucijada\/tag\/alvaro-recio-mir\/\" target=\"_blank\" rel=\"noopener\">\u00c1lvaro Recio Mir<\/a><\/p>\n<p><a href=\"https:\/\/grupo.us.es\/encrucijada\/tag\/alonso-manuel-macias-dominguez\/\" target=\"_blank\" rel=\"noopener\">Alonso Manuel Mac\u00edas Dom\u00ednguez<\/a><\/p>\n<p><a href=\"https:\/\/grupo.us.es\/encrucijada\/tag\/ana-gloria-marquez-redondo\/\" target=\"_blank\" rel=\"noopener\">Ana Gloria M\u00e1rquez Redondo<\/a><\/p>\n<p style=\"text-align: justify;\"><a href=\"https:\/\/grupo.us.es\/encrucijada\/tag\/ana-maria-crespo-solana\/\" target=\"_blank\" rel=\"noopener\">Ana Mar\u00eda Crespo Solana<\/a><\/p>\n<p><a href=\"https:\/\/grupo.us.es\/encrucijada\/tag\/andrea-arcuri\/\" target=\"_blank\" rel=\"noopener\">Andrea Arcuri<\/a><\/p>\n<p style=\"text-align: justify;\"><a href=\"https:\/\/grupo.us.es\/encrucijada\/tag\/antonio-jimenez-estrella\/\" target=\"_blank\" rel=\"noopener\">Antonio Jim\u00e9nez Estrella<\/a><\/p>\n<p style=\"text-align: justify;\"><a href=\"https:\/\/grupo.us.es\/encrucijada\/tag\/antuanett-garibeh-louze\/\" target=\"_blank\" rel=\"noopener\">Antuanett Garibeh Louze<\/a><\/p>\n<p><a href=\"https:\/\/grupo.us.es\/encrucijada\/tag\/arturo-morgado-garcia\/\" target=\"_blank\" rel=\"noopener\">Arturo Morgado Garc\u00eda<\/a><\/p>\n<p><a href=\"https:\/\/grupo.us.es\/encrucijada\/tag\/ascension-lopez-vazquez\/\" target=\"_blank\" rel=\"noopener\">Ascensi\u00f3n L\u00f3pez V\u00e1zquez<\/a><\/p>\n<p><a href=\"https:\/\/grupo.us.es\/encrucijada\/tag\/ascension-mazuela-anguita\/\" target=\"_blank\" rel=\"noopener\">Ascensi\u00f3n Mazuela Anguita<\/a><\/p>\n<h3 style=\"text-align: justify;\"><strong>B<\/strong><\/h3>\n<hr>\n<p>B\u00e9atrice Orite P\u00e9rez<\/p>\n<p><a href=\"https:\/\/grupo.us.es\/encrucijada\/tag\/begona-lopez-bueno\/\">Bego\u00f1a L\u00f3pez Bueno<\/a><\/p>\n<h3><strong>C<\/strong><\/h3>\n<hr>\n<p><a href=\"https:\/\/grupo.us.es\/encrucijada\/tag\/carlos-javier-garrido-garcia\/\" target=\"_blank\" rel=\"noopener\">Carlos Javier Garrido Garc\u00eda<\/a><\/p>\n<p><a href=\"https:\/\/grupo.us.es\/encrucijada\/tag\/carlos-jose-romero-mensaque\/\" target=\"_blank\" rel=\"noopener\">Carlos Jos\u00e9 Romero Mensaque<\/a><\/p>\n<p><a href=\"https:\/\/grupo.us.es\/encrucijada\/tag\/carmen-vallejo-naranjo\/\" target=\"_blank\" rel=\"noopener\">Carmen Vallejo Naranjo<\/a><\/p>\n<p><a href=\"https:\/\/grupo.us.es\/encrucijada\/tag\/clara-bejarano-pellicer\/\" target=\"_blank\" rel=\"noopener\">Clara Bejarano Pellicer<\/a><\/p>\n<p><a href=\"https:\/\/grupo.us.es\/encrucijada\/tag\/cristina-ramos-cobano\/\" target=\"_blank\" rel=\"noopener\">Cristina Ramos Cobano<\/a><\/p>\n<h3><strong>D<\/strong><\/h3>\n<hr>\n<p><a href=\"https:\/\/grupo.us.es\/encrucijada\/tag\/daniel-garcia-cabrera\/\" target=\"_blank\" rel=\"noopener\">Daniel Garc\u00eda Cabrera<\/a><\/p>\n<p><a href=\"https:\/\/grupo.us.es\/encrucijada\/tag\/david-gonzalez-cruz\/\" target=\"_blank\" rel=\"noopener\">David Gonz\u00e1lez Cruz<\/a><\/p>\n<p><a href=\"https:\/\/grupo.us.es\/encrucijada\/tag\/david-rafael-ruiz-blanco\/\" target=\"_blank\" rel=\"noopener\">David Rafael Ruiz Blanco<\/a><\/p>\n<p><a href=\"https:\/\/grupo.us.es\/encrucijada\/tag\/demetrio-enrique-brisset-martin\/\" target=\"_blank\" rel=\"noopener\">Demetrio Enrique Brisset Mart\u00edn<\/a><\/p>\n<p><a href=\"https:\/\/grupo.us.es\/encrucijada\/tag\/domingo-marcos-gimenez-carrillo\/\" target=\"_blank\" rel=\"noopener\">Domingo Marcos Gim\u00e9nez Carrillo<\/a><\/p>\n<h3><strong>E<\/strong><\/h3>\n<hr>\n<p><a href=\"https:\/\/grupo.us.es\/encrucijada\/tag\/eduardo-corona-perez\/\" target=\"_blank\" rel=\"noopener\">Eduardo Corona P\u00e9rez<\/a><\/p>\n<p><a href=\"https:\/\/grupo.us.es\/encrucijada\/tag\/elisa-martin-valdepenas-yague\/\" target=\"_blank\" rel=\"noopener\">Elisa Mart\u00edn-Valdepe\u00f1as Yag\u00fce<\/a><\/p>\n<p><a href=\"https:\/\/grupo.us.es\/encrucijada\/tag\/elizabeth-garcia-gil\/\" target=\"_blank\" rel=\"noopener\">Elizabeth Garc\u00eda Gil<\/a><\/p>\n<p><a href=\"https:\/\/grupo.us.es\/encrucijada\/tag\/esteban-mira-caballos\/\" target=\"_blank\" rel=\"noopener\">Esteban Mira Caballos<\/a><\/p>\n<h3><strong>F<\/strong><\/h3>\n<hr>\n<p><a href=\"https:\/\/grupo.us.es\/encrucijada\/tag\/fermin-valenzuela-sanchez\/\" target=\"_blank\" rel=\"noopener\">Ferm\u00edn Valenzuela S\u00e1nchez<\/a><\/p>\n<p><a href=\"https:\/\/grupo.us.es\/encrucijada\/tag\/francisco-andujar-castillo\/\" target=\"_blank\" rel=\"noopener\">Francisco And\u00fajar Castillo<\/a><\/p>\n<p><a href=\"https:\/\/grupo.us.es\/encrucijada\/tag\/francisco-de-asis-amor-martin\/\" target=\"_blank\" rel=\"noopener\">Francisco de As\u00eds Amor Mart\u00edn<\/a><\/p>\n<p><a href=\"https:\/\/grupo.us.es\/encrucijada\/tag\/francisco-gil-martinez\/\" target=\"_blank\" rel=\"noopener\">Francisco Gil Mart\u00ednez<\/a><\/p>\n<p><a href=\"https:\/\/grupo.us.es\/encrucijada\/tag\/francisco-hidalgo-fernandez\/\" target=\"_blank\" rel=\"noopener\">Francisco Hidalgo Fern\u00e1ndez<\/a><\/p>\n<p><a href=\"https:\/\/grupo.us.es\/encrucijada\/tag\/francisco-javier-garcia-dominguez\/\" target=\"_blank\" rel=\"noopener\">Francisco Javier Garc\u00eda Dom\u00ednguez<\/a><\/p>\n<p><a href=\"https:\/\/grupo.us.es\/encrucijada\/tag\/francisco-nunez-roldan\/\" target=\"_blank\" rel=\"noopener\">Francisco N\u00fa\u00f1ez Rold\u00e1n<\/a><\/p>\n<p><a href=\"https:\/\/grupo.us.es\/encrucijada\/tag\/francisco-roa-alonso\/\" target=\"_blank\" rel=\"noopener\">Francisco Roa Alonso<\/a><\/p>\n<p><a href=\"https:\/\/grupo.us.es\/encrucijada\/tag\/francisco-sanchez-montes-gonzalez\/\" target=\"_blank\" rel=\"noopener\">Francisco S\u00e1nchez-Montes Gonz\u00e1lez<\/a><\/p>\n<\/div>\n\n\n\n<div class=\"wp-block-column is-layout-flow wp-block-column-is-layout-flow\">\n<h3><strong>G<\/strong><\/h3>\n<hr>\n<p><a href=\"https:\/\/grupo.us.es\/encrucijada\/tag\/german-jimenez-montes\/\" target=\"_blank\" rel=\"noopener\">Germ\u00e1n Jim\u00e9nez Montes<\/a><\/p>\n<p><a href=\"https:\/\/grupo.us.es\/encrucijada\/tag\/gloria-angeles-franco-rubio\/\" target=\"_blank\" rel=\"noopener\">Gloria \u00c1ngeles Franco Rubio<\/a><\/p>\n<p><a href=\"https:\/\/grupo.us.es\/encrucijada\/tag\/guadalupe-carrasco-gonzalez\/\" target=\"_blank\" rel=\"noopener\">Guadalupe Carrasco Gonz\u00e1lez<\/a><\/p>\n<h3><strong>I<\/strong><\/h3>\n<hr>\n<p><a href=\"https:\/\/grupo.us.es\/encrucijada\/tag\/ignacio-jose-garcia-zapata\/\" target=\"_blank\" rel=\"noopener\">Ignacio Jos\u00e9 Garc\u00eda Zapata<\/a><\/p>\n<p><a href=\"https:\/\/grupo.us.es\/encrucijada\/tag\/ines-gomez-gonzalez\/\" target=\"_blank\" rel=\"noopener\">In\u00e9s G\u00f3mez Gonz\u00e1lez<\/a><\/p>\n<p><a href=\"https:\/\/grupo.us.es\/encrucijada\/tag\/inmaculada-arias-de-saavedra-alias\/\" target=\"_blank\" rel=\"noopener\">Inmaculada Arias de Saavedra Al\u00edas<\/a><\/p>\n<p><a href=\"https:\/\/grupo.us.es\/encrucijada\/tag\/isabel-maria-melero-munoz\/\" target=\"_blank\" rel=\"noopener\">Isabel Mar\u00eda Melero Mu\u00f1oz<\/a><\/p>\n<p><a href=\"https:\/\/grupo.us.es\/encrucijada\/tag\/isabel-maria-sanchez-andujar\/\" target=\"_blank\" rel=\"noopener\">Isabel Mar\u00eda S\u00e1nchez And\u00fajar<\/a><\/p>\n<p><a href=\"https:\/\/grupo.us.es\/encrucijada\/tag\/isabella-iannuzzi\/\" target=\"_blank\" rel=\"noopener\">Isabella Iannuzzi<\/a><\/p>\n<p><a href=\"https:\/\/grupo.us.es\/encrucijada\/tag\/ismael-jimenez-jimenez\/\" target=\"_blank\" rel=\"noopener\">Ismael Jim\u00e9nez Jim\u00e9nez<\/a><\/p>\n<h3><strong>J<\/strong><\/h3>\n<hr>\n<p><a href=\"https:\/\/grupo.us.es\/encrucijada\/tag\/javier-castillo-fernandez\/\" target=\"_blank\" rel=\"noopener\">Javier Castillo Fern\u00e1ndez<\/a><\/p>\n<p><a href=\"https:\/\/grupo.us.es\/encrucijada\/tag\/javier-fernandez-martin\/\" target=\"_blank\" rel=\"noopener\">Javier Fern\u00e1ndez Mart\u00edn<\/a><\/p>\n<p><a href=\"https:\/\/grupo.us.es\/encrucijada\/tag\/javier-maldonado-rosso\/\" target=\"_blank\" rel=\"noopener\">Javier Maldonado Rosso<\/a><\/p>\n<p><a href=\"https:\/\/grupo.us.es\/encrucijada\/tag\/javier-navarro-luna\/\" target=\"_blank\" rel=\"noopener\">Javier Navarro Luna<\/a><\/p>\n<p><a href=\"https:\/\/grupo.us.es\/encrucijada\/tag\/jesus-manuel-gonzalez-beltran\/\" target=\"_blank\" rel=\"noopener\">Jes\u00fas Manuel Gonz\u00e1lez Beltr\u00e1n<\/a><\/p>\n<p><a href=\"https:\/\/grupo.us.es\/encrucijada\/tag\/jesus-rivas-carmona\/\" target=\"_blank\" rel=\"noopener\">Jes\u00fas Rivas Carmona<\/a><\/p>\n<p><a href=\"https:\/\/grupo.us.es\/encrucijada\/tag\/jonatan-orozco-cruz\/\" target=\"_blank\" rel=\"noopener\">Jonat\u00e1n Orozco Cruz<\/a><\/p>\n<p><a href=\"https:\/\/grupo.us.es\/encrucijada\/tag\/jose-antonio-cano-arjona\/\" target=\"_blank\" rel=\"noopener\">Jos\u00e9 Antonio Cano Arjona<\/a><\/p>\n<p><a href=\"https:\/\/grupo.us.es\/encrucijada\/tag\/jose-antonio-diaz-gomez\/\" target=\"_blank\" rel=\"noopener\">Jos\u00e9 Antonio D\u00edaz G\u00f3mez<\/a><\/p>\n<p><a href=\"https:\/\/grupo.us.es\/encrucijada\/tag\/jose-carlos-posada-simeon\/\" target=\"_blank\" rel=\"noopener\">Jos\u00e9 Carlos Posada Sime\u00f3n<\/a><\/p>\n<p><a href=\"https:\/\/grupo.us.es\/encrucijada\/tag\/jose-jaime-garcia-bernal\/\" target=\"_blank\" rel=\"noopener\">Jos\u00e9 Jaime Garc\u00eda Bernal<\/a><\/p>\n<p><a href=\"https:\/\/grupo.us.es\/encrucijada\/tag\/jose-manuel-diaz-blanco\/\" target=\"_blank\" rel=\"noopener\">Jos\u00e9 Manuel D\u00edaz Blanco<\/a><\/p>\n<p><a href=\"https:\/\/grupo.us.es\/encrucijada\/tag\/jose-manuel-gomez-moreno-calera\/\" target=\"_blank\" rel=\"noopener\">Jos\u00e9 Manuel G\u00f3mez-Moreno Calera<\/a><\/p>\n<p><a href=\"https:\/\/grupo.us.es\/encrucijada\/tag\/jose-manuel-rodriguez-domingo\/\" target=\"_blank\" rel=\"noopener\">Jos\u00e9 Manuel Rodr\u00edguez Domingo<\/a><\/p>\n<p><a href=\"https:\/\/grupo.us.es\/encrucijada\/tag\/jose-maria-valverde-tercedor\/\" target=\"_blank\" rel=\"noopener\">Jos\u00e9 Mar\u00eda Valverde Tercedor<\/a><\/p>\n<p><a href=\"https:\/\/grupo.us.es\/encrucijada\/tag\/jose-policarpo-cruz-cabrera\/\" target=\"_blank\" rel=\"noopener\">Jos\u00e9 Policarpo Cruz Cabrera<\/a><\/p>\n<p><a href=\"https:\/\/grupo.us.es\/encrucijada\/tag\/juan-antonio-diaz-sanchez\/\" target=\"_blank\" rel=\"noopener\">Juan Antonio D\u00edaz S\u00e1nchez<\/a><\/p>\n<p><a href=\"https:\/\/grupo.us.es\/encrucijada\/tag\/juan-carpio-elias\/\" target=\"_blank\" rel=\"noopener\">Juan Carpio El\u00edas<\/a><\/p>\n<p><a href=\"https:\/\/grupo.us.es\/encrucijada\/tag\/juan-diego-perez-cebada\/\" target=\"_blank\" rel=\"noopener\">Juan Diego P\u00e9rez Cebada<\/a><\/p>\n<p><a href=\"https:\/\/grupo.us.es\/encrucijada\/tag\/juan-jose-iglesias-rodriguez\/\" target=\"_blank\" rel=\"noopener\">Juan Jos\u00e9 Iglesias Rodr\u00edguez<\/a><\/p>\n<p><a href=\"https:\/\/grupo.us.es\/encrucijada\/tag\/juan-jose-jimenez-sanchez\/\" target=\"_blank\" rel=\"noopener\">Juan Jos\u00e9 Jim\u00e9nez S\u00e1nchez<\/a><\/p>\n<p><a href=\"https:\/\/grupo.us.es\/encrucijada\/tag\/juan-varo-zafra\/\" target=\"_blank\" rel=\"noopener\">Juan Varo Zafra<\/a><\/p>\n<p><a href=\"https:\/\/grupo.us.es\/encrucijada\/tag\/juan-manuel-castillo-rubio\/\" target=\"_blank\" rel=\"noopener\">Juan Manuel Castillo Rubio<\/a><\/p>\n<p><a href=\"https:\/\/grupo.us.es\/encrucijada\/tag\/julia-garcia-gonzalez\/\" target=\"_blank\" rel=\"noopener\">Julia Garc\u00eda Gonz\u00e1lez<\/a><\/p>\n<p><a href=\"https:\/\/grupo.us.es\/encrucijada\/tag\/julian-jose-lozano-navarro\/\" target=\"_blank\" rel=\"noopener\">Juli\u00e1n Jos\u00e9 Lozano Navarro<\/a><\/p>\n<p><a href=\"https:\/\/grupo.us.es\/encrucijada\/tag\/julian-pablo-diaz-lopez\/\" target=\"_blank\" rel=\"noopener\">Juli\u00e1n Pablo D\u00edaz L\u00f3pez<\/a><\/p>\n<h3><strong>L<\/strong><\/h3>\n<hr>\n<p><a href=\"https:\/\/grupo.us.es\/encrucijada\/tag\/laura-olivan-santaliestra\/\" target=\"_blank\" rel=\"noopener\">Laura Oliv\u00e1n Santaliestra<\/a><\/p>\n<p><a href=\"https:\/\/grupo.us.es\/encrucijada\/tag\/laura-paz-rescala\/\" target=\"_blank\" rel=\"noopener\">Laura Paz Rescala<\/a><\/p>\n<p><a href=\"https:\/\/grupo.us.es\/encrucijada\/tag\/lilyam-padron-reyes\/\" target=\"_blank\" rel=\"noopener\">Lilyam Padr\u00f3n Reyes<\/a><\/p>\n<p><a href=\"https:\/\/grupo.us.es\/encrucijada\/tag\/lola-gonzalez-ripoll\/\" target=\"_blank\" rel=\"noopener\">Lola Gonz\u00e1lez Ripoll<\/a><\/p>\n<p><a href=\"https:\/\/grupo.us.es\/encrucijada\/tag\/lucia-andujar-rodriguez\/\" target=\"_blank\" rel=\"noopener\">Luc\u00eda And\u00fajar Rodr\u00edguez<\/a><\/p>\n<p><a href=\"https:\/\/grupo.us.es\/encrucijada\/tag\/lydia-pastrana-jimenez\/\" target=\"_blank\" rel=\"noopener\">Lydia Pastrana Jim\u00e9nez<\/a><\/p>\n<\/div>\n\n\n\n<div class=\"wp-block-column is-layout-flow wp-block-column-is-layout-flow\">\n<h3><strong>M<\/strong><\/h3>\n<hr \/>\n<p><a href=\"https:\/\/grupo.us.es\/encrucijada\/tag\/magdalena-diaz-hernandez\/\" target=\"_blank\" rel=\"noopener\">Magdalena D\u00edaz Hern\u00e1ndez<\/a><\/p>\n<p><a href=\"https:\/\/grupo.us.es\/encrucijada\/tag\/manuel-antonio-ramos-suarez\/\" target=\"_blank\" rel=\"noopener\">Manuel Antonio Ramos Su\u00e1rez<\/a><\/p>\n<p>Manuel Blanco P\u00e9rez<\/p>\n<p><a href=\"https:\/\/grupo.us.es\/encrucijada\/tag\/manuel-bustos-rodriguez\/\" target=\"_blank\" rel=\"noopener\">Manuel Bustos Rodr\u00edguez<\/a><\/p>\n<p><a href=\"https:\/\/grupo.us.es\/encrucijada\/tag\/manuel-francisco-fernandez-chaves\/\" target=\"_blank\" rel=\"noopener\">Manuel Francisco Fern\u00e1ndez Chaves<\/a><\/p>\n<p><a href=\"https:\/\/grupo.us.es\/encrucijada\/tag\/manuel-garcia-luque\/\" target=\"_blank\" rel=\"noopener\">Manuel Garc\u00eda Luque<\/a><\/p>\n<p><a href=\"https:\/\/grupo.us.es\/encrucijada\/tag\/manuel-herrero-sanchez\/\" target=\"_blank\" rel=\"noopener\">Manuel Herrero S\u00e1nchez<\/a><\/p>\n<p><a href=\"https:\/\/grupo.us.es\/encrucijada\/tag\/manuel-martin-riego\/\" target=\"_blank\" rel=\"noopener\">Manuel Mart\u00edn Riego<\/a><\/p>\n<p><a href=\"https:\/\/grupo.us.es\/encrucijada\/tag\/manuel-pelaez-del-rosal\/\" target=\"_blank\" rel=\"noopener\">Manuel Pel\u00e1ez del Rosal<\/a><\/p>\n<p><a href=\"https:\/\/grupo.us.es\/encrucijada\/tag\/manuel-pena-diaz\/\" target=\"_blank\" rel=\"noopener\">Manuel Pe\u00f1a D\u00edaz<\/a><\/p>\n<p><a href=\"https:\/\/grupo.us.es\/encrucijada\/tag\/manuel-reyes-ruiz\/\" target=\"_blank\" rel=\"noopener\">Manuel Reyes Ruiz<\/a><\/p>\n<p><a href=\"https:\/\/grupo.us.es\/encrucijada\/tag\/marcos-fernandez-garcia\/\" target=\"_blank\" rel=\"noopener\">Marcos Fern\u00e1ndez Garc\u00eda<\/a><\/p>\n<p><a href=\"https:\/\/grupo.us.es\/encrucijada\/tag\/maria-baudot-monroy\/\" target=\"_blank\" rel=\"noopener\">Mar\u00eda Baudot Monroy<\/a><\/p>\n<p><a href=\"https:\/\/grupo.us.es\/encrucijada\/tag\/maria-castano-jimenez\/\" target=\"_blank\" rel=\"noopener\">Mar\u00eda Casta\u00f1o Jim\u00e9nez<\/a><\/p>\n<p><a href=\"https:\/\/grupo.us.es\/encrucijada\/tag\/maria-de-la-encarnacion-cambil-hernandez\/\" target=\"_blank\" rel=\"noopener\">Mar\u00eda de la Encarnaci\u00f3n Cambil Hern\u00e1ndez<\/a><\/p>\n<p><a href=\"https:\/\/grupo.us.es\/encrucijada\/tag\/maria-del-mar-felices-de-la-fuente\/\" target=\"_blank\" rel=\"noopener\">Mar\u00eda del Mar Felices de la Fuente<\/a><\/p>\n<p>Mar\u00eda del Pilar Pezzi Crist\u00f3bal<\/p>\n<p><a href=\"https:\/\/grupo.us.es\/encrucijada\/tag\/maria-grove-gordillo\/\" target=\"_blank\" rel=\"noopener\">Mar\u00eda Grove Gordillo<\/a><\/p>\n<p><a href=\"https:\/\/grupo.us.es\/encrucijada\/tag\/maria-isabel-cabanillas-barroso\/\" target=\"_blank\" rel=\"noopener\">Mar\u00eda Isabel Cabanillas Barroso<\/a><\/p>\n<p><a href=\"https:\/\/grupo.us.es\/encrucijada\/tag\/maria-luisa-alvarez-y-canas\/\" target=\"_blank\" rel=\"noopener\">Mar\u00eda Luisa \u00c1lvarez y Ca\u00f1as<\/a><\/p>\n<p><a href=\"https:\/\/grupo.us.es\/encrucijada\/tag\/maria-luisa-candau-chacon\/\" target=\"_blank\" rel=\"noopener\">Mar\u00eda Luisa Candau Chac\u00f3n<\/a><\/p>\n<p><a href=\"https:\/\/grupo.us.es\/encrucijada\/tag\/maria-soledad-gomez-navarro\/\" target=\"_blank\" rel=\"noopener\">Mar\u00eda Soledad G\u00f3mez Navarro<\/a><\/p>\n<p><a href=\"https:\/\/grupo.us.es\/encrucijada\/tag\/maria-victoria-lopez-cordon-cortezo\/\" target=\"_blank\" rel=\"noopener\">Mar\u00eda Victoria L\u00f3pez-Cord\u00f3n Cortezo<\/a><\/p>\n<p><a href=\"https:\/\/grupo.us.es\/encrucijada\/tag\/marina-camino-carrasco\/\" target=\"_blank\" rel=\"noopener\">Marina Camino Carrasco<\/a><\/p>\n<p><a href=\"https:\/\/grupo.us.es\/encrucijada\/tag\/marta-burdons-martinez\/\" target=\"_blank\" rel=\"noopener\">Marta Burdons Mart\u00ednez<\/a><\/p>\n<p><a href=\"https:\/\/grupo.us.es\/encrucijada\/tag\/marta-ruiz-sastre\/\" target=\"_blank\" rel=\"noopener\">Marta Ruiz Sastre<\/a><\/p>\n<p><a href=\"https:\/\/grupo.us.es\/encrucijada\/tag\/mercedes-gamero-rojas\/\" target=\"_blank\" rel=\"noopener\">Mercedes Gamero Rojas<\/a><\/p>\n<p>Michel Boeglin<\/p>\n<p><a href=\"https:\/\/grupo.us.es\/encrucijada\/tag\/miguel-cordoba-salmeron\/\" target=\"_blank\" rel=\"noopener\">Miguel C\u00f3rdoba Salmer\u00f3n<\/a><\/p>\n<p><a href=\"https:\/\/grupo.us.es\/encrucijada\/tag\/miguel-luis-lopez-guadalupe-munoz\/\" target=\"_blank\" rel=\"noopener\">Miguel Luis L\u00f3pez-Guadalupe Mu\u00f1oz<\/a><\/p>\n<p><a href=\"https:\/\/grupo.us.es\/encrucijada\/tag\/miguel-royano-cabrera\/\" target=\"_blank\" rel=\"noopener\">Miguel Royano Cabrera<\/a><\/p>\n<p><a href=\"https:\/\/grupo.us.es\/encrucijada\/tag\/milagros-leon-vegas\/\" target=\"_blank\" rel=\"noopener\">Milagros Le\u00f3n Vegas<\/a><\/p>\n<p><a href=\"https:\/\/grupo.us.es\/encrucijada\/tag\/montserrat-cachero-vinuesa\/\" target=\"_blank\" rel=\"noopener\">Montserrat Cachero Vinuesa<\/a><\/p>\n<h3><strong>N<\/strong><\/h3>\n<hr \/>\n<p><a href=\"https:\/\/grupo.us.es\/encrucijada\/tag\/natalia-maillard-alvarez\/\" target=\"_blank\" rel=\"noopener\">Natalia Maillard \u00c1lvarez<\/a><\/p>\n<p><a href=\"https:\/\/grupo.us.es\/encrucijada\/tag\/natalia-gonzalez-heras\/\" target=\"_blank\" rel=\"noopener\">Natalia Gonz\u00e1lez Heras<\/a><\/p>\n<h3><strong>O<\/strong><\/h3>\n<hr \/>\n<h3><strong>P<\/strong><\/h3>\n<hr \/>\n<p><a href=\"https:\/\/grupo.us.es\/encrucijada\/tag\/pablo-jesus-lorite-cruz\/\" target=\"_blank\" rel=\"noopener\">Pablo Jes\u00fas Lorite Cruz<\/a><\/p>\n<p><a href=\"https:\/\/grupo.us.es\/encrucijada\/tag\/pablo-ortega-del-cerro\/\" target=\"_blank\" rel=\"noopener\">Pablo Ortega del Cerro<\/a><\/p>\n<p><a href=\"https:\/\/grupo.us.es\/encrucijada\/tag\/palmira-garcia-hidalgo\/\" target=\"_blank\" rel=\"noopener\">Palmira Garc\u00eda Hidalgo<\/a><\/p>\n<p><a href=\"https:\/\/grupo.us.es\/encrucijada\/tag\/pedro-luengo-gutierrez\/\" target=\"_blank\" rel=\"noopener\">Pedro Luengo Guti\u00e9rrez<\/a><\/p>\n<p>Pilar Yb\u00e1\u00f1ez Worboys<\/p>\n<h3><strong>R<\/strong><\/h3>\n<hr \/>\n<p><a href=\"https:\/\/grupo.us.es\/encrucijada\/tag\/rafael-mauricio-perez-garcia\/\" target=\"_blank\" rel=\"noopener\">Rafael Mauricio P\u00e9rez Garc\u00eda<\/a><\/p>\n<p><a href=\"https:\/\/grupo.us.es\/encrucijada\/tag\/rafael-soto-escobar\/\" target=\"_blank\" rel=\"noopener\">Rafael Soto Escobar<\/a><\/p>\n<p><a href=\"https:\/\/grupo.us.es\/encrucijada\/tag\/ramon-de-la-campa-carmona\/\" target=\"_blank\" rel=\"noopener\">Ram\u00f3n de la Campa Carmona<\/a><\/p>\n<p><a href=\"https:\/\/grupo.us.es\/encrucijada\/tag\/raul-gonzalez-arevalo\/\" target=\"_blank\" rel=\"noopener\">Ra\u00fal Gonz\u00e1lez Ar\u00e9valo<\/a><\/p>\n<p><a href=\"https:\/\/grupo.us.es\/encrucijada\/tag\/rocio-moreno-cabanillas\/\" target=\"_blank\" rel=\"noopener\">Roc\u00edo Moreno Cabanillas<\/a><\/p>\n<p><a href=\"https:\/\/grupo.us.es\/encrucijada\/tag\/rosa-isusi-fagoaga\/\" target=\"_blank\" rel=\"noopener\">Rosa Isusi Fagoaga<\/a><\/p>\n<p><a href=\"https:\/\/grupo.us.es\/encrucijada\/tag\/rosario-marquez-macias\/\" target=\"_blank\" rel=\"noopener\">Rosario M\u00e1rquez Mac\u00edas<\/a><\/p>\n<h3><strong>S<\/strong><\/h3>\n<hr \/>\n<p><a href=\"https:\/\/grupo.us.es\/encrucijada\/tag\/sandra-dominguez-pichardo\/\" target=\"_blank\" rel=\"noopener\">Sandra Dom\u00ednguez Pichardo<\/a><\/p>\n<h3><strong>V<\/strong><\/h3>\n<hr \/>\n<p><a href=\"https:\/\/grupo.us.es\/encrucijada\/tag\/valeriano-sanchez-ramos\/\" target=\"_blank\" rel=\"noopener\">Valeriano S\u00e1nchez Ramos<\/a><\/p>\n<p><a href=\"https:\/\/grupo.us.es\/encrucijada\/tag\/vicente-montojo-montojo\/\" target=\"_blank\" rel=\"noopener\">Vicente Montojo Montojo<\/a><\/p>\n<\/div>\n<\/div>\n\n\n\n<p><\/p>\n","protected":false},"excerpt":{"rendered":"<p>A Adela Tarifa Fern\u00e1ndez Adri\u00e1n Contreras Guerrero Alba de la Cruz Redondo Alberto Corada Alonso Alberto Jos\u00e9 Campillo Pardo Alberto Jos\u00e9 Gull\u00f3n Abao Alfonso Jes\u00fas Heredia L\u00f3pez Alfonso Jes\u00fas Hern\u00e1ndez Rodr\u00edguez Alfredo Bueno Jim\u00e9nez \u00c1lvaro Chaparro Sainz \u00c1lvaro Recio Mir Alonso Manuel Mac\u00edas Dom\u00ednguez Ana Gloria M\u00e1rquez Redondo Ana Mar\u00eda Crespo Solana Andrea Arcuri Antonio [&hellip;]<\/p>\n","protected":false},"author":1,"featured_media":0,"parent":0,"menu_order":0,"comment_status":"closed","ping_status":"closed","template":"","meta":{"_vp_format_video_url":"","_vp_image_focal_point":[],"footnotes":""},"class_list":["post-391","page","type-page","status-publish","hentry","entry"],"_links":{"self":[{"href":"https:\/\/grupo.us.es\/encrucijada\/wp-json\/wp\/v2\/pages\/391","targetHints":{"allow":["GET"]}}],"collection":[{"href":"https:\/\/grupo.us.es\/encrucijada\/wp-json\/wp\/v2\/pages"}],"about":[{"href":"https:\/\/grupo.us.es\/encrucijada\/wp-json\/wp\/v2\/types\/page"}],"author":[{"embeddable":true,"href":"https:\/\/grupo.us.es\/encrucijada\/wp-json\/wp\/v2\/users\/1"}],"replies":[{"embeddable":true,"href":"https:\/\/grupo.us.es\/encrucijada\/wp-json\/wp\/v2\/comments?post=391"}],"version-history":[{"count":163,"href":"https:\/\/grupo.us.es\/encrucijada\/wp-json\/wp\/v2\/pages\/391\/revisions"}],"predecessor-version":[{"id":3884,"href":"https:\/\/grupo.us.es\/encrucijada\/wp-json\/wp\/v2\/pages\/391\/revisions\/3884"}],"wp:attachment":[{"href":"https:\/\/grupo.us.es\/encrucijada\/wp-json\/wp\/v2\/media?parent=391"}],"curies":[{"name":"wp","href":"https:\/\/api.w.org\/{rel}","templated":true}]}}