{"id":358,"date":"2022-04-12T14:27:40","date_gmt":"2022-04-12T14:27:40","guid":{"rendered":"http:\/\/grupo.us.es\/encrucijada\/?page_id=358"},"modified":"2022-11-29T09:40:19","modified_gmt":"2022-11-29T09:40:19","slug":"recursos-web","status":"publish","type":"page","link":"https:\/\/grupo.us.es\/encrucijada\/recursos-web\/","title":{"rendered":"Recursos digitales"},"content":{"rendered":"\n<div class=\"wp-block-columns is-layout-flex wp-container-core-columns-is-layout-9d6595d7 wp-block-columns-is-layout-flex\">\n<div class=\"wp-block-column is-layout-flow wp-block-column-is-layout-flow\">\n<h3><strong>Archivos y bibliotecas<\/strong><\/h3>\n<p style=\"text-align: justify;\"><a href=\"http:\/\/www.archivobibliotecadiputacion.almeria.es\/\" target=\"_blank\" rel=\"noopener\">Archivo Biblioteca. Diputaci\u00f3n de Almer\u00eda<\/a><\/p>\n<p><a href=\"https:\/\/www.granada.org\/inet\/archivomunpal.nsf\/wbyclave\/inicio\" target=\"_blank\" rel=\"noopener\">Archivo Hist\u00f3rico Municipal de Granada<\/a><\/p>\n<p><a href=\"https:\/\/archivomunicipal.malaga.eu\/es\/index.html\" target=\"_blank\" rel=\"noopener\">Archivo Municipal de M\u00e1laga<\/a><\/p>\n<p><a href=\"https:\/\/icas.sevilla.org\/espacios\/sahp\" target=\"_blank\" rel=\"noopener\">Archivo, Hemeroteca y Publicaciones. Ayuntamiento de Sevilla<\/a><\/p>\n<p><a href=\"https:\/\/archivo.cordoba.es\/\" target=\"_blank\" rel=\"noopener\">Archivo Municipal de C\u00f3rdoba<\/a><\/p>\n<p><a href=\"https:\/\/www.juntadeandalucia.es\/cultura\/archivos\/ahpcadiz\" target=\"_blank\" rel=\"noopener\">Archivo Hist\u00f3rico Provincial de C\u00e1diz<\/a><\/p>\n<p><a href=\"https:\/\/www.juntadeandalucia.es\/cultura\/archivos\/ahpcordoba\" target=\"_blank\" rel=\"noopener\">Archivo Hist\u00f3rico Provincial de C\u00f3rdoba<\/a><\/p>\n<p><a href=\"https:\/\/www.juntadeandalucia.es\/cultura\/archivos\/ahpgranada\" target=\"_blank\" rel=\"noopener\">Archivo Hist\u00f3rico Provincial de Granada<\/a><\/p>\n<p><a href=\"https:\/\/www.juntadeandalucia.es\/cultura\/archivos\/web_es\/contenido?id=127ac794-58a4-11dd-b44b-31450f5b9dd5&amp;idArchivo=127ac794-58a4-11dd-b44b-31450f5b9dd5&amp;idContArch=de37fe4f-393e-11dd-97cd-31450f5b9dd5&amp;idProvincia=de37fe4f-393e-11dd-97cd-31450f5b9dd5\" target=\"_blank\" rel=\"noopener\">Archivo Hist\u00f3rico Provincial de Huelva<\/a><\/p>\n<p><a href=\"https:\/\/www.juntadeandalucia.es\/cultura\/archivos\/ahpalmeria\" target=\"_blank\" rel=\"noopener\">Archivo Hist\u00f3rico Provincial de Almer\u00eda<\/a><\/p>\n<p><a href=\"https:\/\/www.juntadeandalucia.es\/cultura\/archivos\/ahpjaen\" target=\"_blank\" rel=\"noopener\">Archivo Hist\u00f3rico Provincial de Ja\u00e9n<\/a><\/p>\n<p><a href=\"https:\/\/www.juntadeandalucia.es\/cultura\/archivos\/ahpsevilla\" target=\"_blank\" rel=\"noopener\">Archivo Hist\u00f3rico Provincial de Sevilla<\/a><\/p>\n<p><a href=\"https:\/\/www.juntadeandalucia.es\/cultura\/archivos\/ahpmalaga\" target=\"_blank\" rel=\"noopener\">Archivo Hist\u00f3rico Provincial de M\u00e1laga<\/a><\/p>\n<p><a href=\"https:\/\/archivocti.uma.es\/\" target=\"_blank\" rel=\"noopener\">Archivo Hist\u00f3rico Fotogr\u00e1fico de la Universidad de M\u00e1laga<\/a><\/p>\n<p><a href=\"https:\/\/www.juntadeandalucia.es\/cultura\/archivos\/web_es\/realchancilleria\" target=\"_blank\" rel=\"noopener\">Archivo de la Real Chanciller\u00eda de Granada<\/a><\/p>\n<p><a href=\"http:\/\/www.agfcms.com\/\" target=\"_blank\" rel=\"noopener\">Archivo General Fundaci\u00f3n Casa Medina Sidonia<\/a><\/p>\n<p><a href=\"https:\/\/archivohuelva.oaistore.es\/inicio\/proyecto.php\" target=\"_blank\" rel=\"noopener\">Biblioteca Digital. Archivo Municipal de Huelva<\/a><\/p>\n<p><a href=\"http:\/\/bibliotecavirtual.malaga.es\/es\/estaticos\/contenido.cmd?pagina=estaticos\/presentacion\" target=\"_blank\" rel=\"noopener\">Biblioteca Virtual de la Provincia de M\u00e1laga<\/a><\/p>\n<p><a href=\"https:\/\/www.bibliotecasdeandalucia.es\/web\/biblioteca-virtual-de-andalucia\/la-biblioteca\" target=\"_blank\" rel=\"noopener\">Biblioteca Virtual de Andaluc\u00eda<\/a><\/p>\n<p><a href=\"http:\/\/www.bne.es\/es\/Catalogos\/BibliotecaDigitalHispanica\/Inicio\/index.html\" target=\"_blank\" rel=\"noopener\">Biblioteca Digital Hisp\u00e1nica<\/a><\/p>\n<p><a href=\"https:\/\/bibliotecavirtual.defensa.gob.es\/BVMDefensa\/es\/inicio\/inicio.do\" target=\"_blank\" rel=\"noopener\">Biblioteca Virtual de Defensa<\/a><\/p>\n<p><a href=\"https:\/\/bvpb.mcu.es\/es\/inicio\/inicio.do\" target=\"_blank\" rel=\"noopener\">Biblioteca Virtual del Patrimonio Bibliogr\u00e1fico<\/a><\/p>\n<p style=\"text-align: justify;\"><a href=\"https:\/\/www.cervantesvirtual.com\/\" target=\"_blank\" rel=\"noopener\">Biblioteca Virtual Miguel de Cervantes<\/a><\/p>\n<p><a href=\"https:\/\/bibliotecadigital.rah.es\/es\/inicio\/inicio.do\" target=\"_blank\" rel=\"noopener\">Biblioteca Digital Real Academia de la Historia<\/a><\/p>\n<p><a href=\"https:\/\/bib.us.es\/machado\/fondo_antiguo\" target=\"_blank\" rel=\"noopener\">Fondo Antiguo de la Biblioteca de la Universidad de Sevilla<\/a><\/p>\n<p><a href=\"https:\/\/pares.culturaydeporte.gob.es\/inicio.html\" target=\"_blank\" rel=\"noopener\">PARES. Portal de Archivos Espa\u00f1oles<\/a><\/p>\n<p><a href=\"https:\/\/realbiblioteca.es\/\" target=\"_blank\" rel=\"noopener\">Real Biblioteca del Palacio Real de Madrid. RBD Digital<\/a><\/p>\n<p><a href=\"https:\/\/bndigital.bnportugal.gov.pt\" target=\"_blank\" rel=\"noopener\">Biblioteca Nacional de Portugal Digital<\/a><\/p>\n<p style=\"text-align: justify;\"><a href=\"https:\/\/gallica.bnf.fr\/accueil\/es\/content\/accueil-es?mode=desktop\" target=\"_blank\" rel=\"noopener\">Gallica. Biblioteca Nacional de Francia<\/a><\/p>\n<p style=\"text-align: justify;\"><a href=\"https:\/\/www.bl.uk\/help\/online-collections\" target=\"_blank\" rel=\"noopener\">Online Collections British Library<\/a><\/p>\n<h3>\u00a0<\/h3>\n<h3><strong>Cartotecas<\/strong><\/h3>\n<p><a href=\"https:\/\/www.juntadeandalucia.es\/institutodeestadisticaycartografia\/prodCartografia\/cartoteca\/index.htm\" target=\"_blank\" rel=\"noopener\">Cartograf\u00eda Hist\u00f3rica de Andaluc\u00eda<\/a><\/p>\n<ul>\n<li><a href=\"https:\/\/www.juntadeandalucia.es\/institutodeestadisticaycartografia\/prodCartografia\/cartoteca\/colecciones\/pandemias\/acceso-galeria.htm\" target=\"_blank\" rel=\"noopener\">Colecci\u00f3n pandemias de Andaluc\u00eda<\/a><\/li>\n<li><a href=\"https:\/\/www.juntadeandalucia.es\/institutodeestadisticaycartografia\/prodCartografia\/cartoteca\/colecciones\/vinas-de-roa\/acceso-galeria.htm\" target=\"_blank\" rel=\"noopener\">Colecci\u00f3n Antonio Vi\u00f1as de Roa<\/a><\/li>\n<li><a href=\"https:\/\/www.juntadeandalucia.es\/institutodeestadisticaycartografia\/prodCartografia\/cartoteca\/colecciones\/gonzalez-cordon\/acceso-galeria.htm\" target=\"_blank\" rel=\"noopener\">Colecci\u00f3n Antonio Gonz\u00e1lez Cord\u00f3n<\/a><\/li>\n<li><a href=\"https:\/\/www.juntadeandalucia.es\/institutodeestadisticaycartografia\/prodCartografia\/cartoteca\/colecciones\/rodriguez-hidalgo\/acceso-galeria.htm\" target=\"_blank\" rel=\"noopener\">Colecci\u00f3n Jos\u00e9 Manuel Rodr\u00edguez Hidalgo<\/a><\/li>\n<\/ul>\n<p><a href=\"https:\/\/www.sevilla.org\/no8do-digital\/expo-no8do\/cartografia-historica\" target=\"_blank\" rel=\"noopener\">Planos hist\u00f3ricos de Sevilla. Ayuntamiento de Sevilla<\/a><\/p>\n<p><a href=\"https:\/\/www.ign.es\/web\/catalogo-cartoteca\/index.html\" target=\"_blank\" rel=\"noopener\">Cartoteca del Instituto Geogr\u00e1fico Nacional<\/a><\/p>\n<p><a href=\"http:\/\/www.mcu.es\/ccbae\/es\/consulta\/resultados_busqueda.cmd?busq_codsecc=MCAGS&amp;tipo_busqueda=mapas_planos_dibujos&amp;descrip_codsecc=Material%20cartografico%20AGS\" target=\"_blank\" rel=\"noopener\">Material cartogr\u00e1fico del Archivo General de Simancas<\/a><\/p>\n<p><a href=\"http:\/\/178.255.108.59\/dguot\/Cartoteca\/index_old.php\" target=\"_blank\" rel=\"noopener\">Cartoteca Hist\u00f3rica Digital de Extremadura<\/a><\/p>\n<p><a href=\"https:\/\/cartotecadigital.icgc.cat\/digital\/collection\/espanya\/id\/1023\" target=\"_blank\" rel=\"noopener\">Cartoteca Digital del Instituto Cartogr\u00e1fico y Geol\u00f3gico de Catalu\u00f1a<\/a><\/p>\n<p><a href=\"http:\/\/guiadigital.uam.es\/SCUAM\/index.php\" target=\"_blank\" rel=\"noopener\">Servicio de Cartograf\u00eda de la Universidad Aut\u00f3noma de Madrid<\/a><\/p>\n<p><a href=\"https:\/\/www.bne.es\/es\/colecciones\/geografia-mapas\" target=\"_blank\" rel=\"noopener\">Geograf\u00eda y mapas. Biblioteca Nacional de Espa\u00f1a<\/a><\/p>\n<p><a href=\"https:\/\/www.cervantesvirtual.com\/portales\/biblioteca_virtual_del_banco_de_la_republica\/catalogo_cartografia\/\" target=\"_blank\" rel=\"noopener\">Cartograf\u00eda hist\u00f3rica. Biblioteca Virtual Miguel de Cervantes<\/a><\/p>\n<p><a href=\"https:\/\/www.rah.es\/cartografia-y-artes-graficas\/\" target=\"_blank\" rel=\"noopener\">Secci\u00f3n de Cartograf\u00eda y Artes Cr\u00e1ficas. Real Academia de la Historia<\/a><\/p>\n<p><a href=\"https:\/\/bibliotecanacional.gov.co\/es-co\/colecciones\/biblioteca-digital\/mapoteca\" target=\"_blank\" rel=\"noopener\">Mapoteca. Biblioteca Nacional de Colombia<\/a><\/p>\n<h2>\u00a0<\/h2>\n<p>\u00a0<\/p>\n<\/div>\n\n\n\n<div class=\"wp-block-column is-layout-flow wp-block-column-is-layout-flow\">\n<h3><strong>Repositorios documentales<\/strong><\/h3>\n<p><a href=\"http:\/\/www.bidiso.es\/index.htm;jsessionid=882BE131362F0A595B44D270B7A29660\" target=\"_blank\" rel=\"noopener\">Biblioteca Digital Siglo de Oro<\/a><\/p>\n<p><a href=\"https:\/\/www.centrodedocumentacionmusicaldeandalucia.es\/opencms\/\" target=\"_blank\" rel=\"noopener\">Centro de Documentaci\u00f3n Musical de Andaluc\u00eda<\/a><\/p>\n<p><a href=\"https:\/\/www.deutschefotothek.de\/\" target=\"_blank\" rel=\"noopener\">Deutsche Fotothek<\/a><\/p>\n<p><a href=\"https:\/\/digibug.ugr.es\/\" target=\"_blank\" rel=\"noopener\">DIGIBUG: Repositorio Institucional de la Universidad de Granada<\/a><\/p>\n<p><a href=\"https:\/\/www.juntadeandalucia.es\/cultura\/cdaea\/elektra\/galeria_list.html\" target=\"_blank\" rel=\"noopener\">Elektra: Archivo Digital de las Artes Esc\u00e9nicas de Andaluc\u00eda<\/a><\/p>\n<p><a href=\"https:\/\/www.ebsco.com\/es\/products\/digital-archives\/european-views-of-the-americas\" target=\"_blank\" rel=\"noopener\">European Views of the Americas: 1493 to 1750<\/a><\/p>\n<p><a href=\"https:\/\/www.europeana.eu\/es\" target=\"_blank\" rel=\"noopener\">Europeana<\/a><\/p>\n<p><a href=\"https:\/\/gredos.usal.es\/handle\/10366\/129725\" target=\"_blank\" rel=\"noopener\">Gredos: Repositorio documental de la Universidad de Salamanca<\/a><\/p>\n<p><a href=\"https:\/\/helvia.uco.es\/xmlui\/\" target=\"_blank\" rel=\"noopener\">Helvia: Repositorio Institucional de la Universidad de C\u00f3rdoba<\/a><\/p>\n<p><a href=\"https:\/\/hispana.mcu.es\/es\/inicio\/inicio.do\" target=\"_blank\" rel=\"noopener\">Hispana. Acceso en l\u00ednea al Patrimonio Cultural<\/a><\/p>\n<p><a href=\"https:\/\/mediateca.inah.gob.mx\/islandora_74\/\" target=\"_blank\" rel=\"noopener\">Mediateca del Instituto Nacional de Antropolog\u00eda e Historia de M\u00e9xico<\/a><\/p>\n<p><a href=\"https:\/\/rodin.uca.es\/\" target=\"_blank\" rel=\"noopener\">RODIN. Repositorio Institucional de la Universidad de C\u00e1diz<\/a><\/p>\n<p><a href=\"http:\/\/manuscripts.thewalters.org\/\" target=\"_blank\" rel=\"noopener\">The Walters Ex Libris<\/a><\/p>\n<p><a href=\"https:\/\/ws096.juntadeandalucia.es\/archivaWeb\/\" target=\"_blank\" rel=\"noopener\">@rchivAWeb<\/a><\/p>\n<p><a href=\"https:\/\/www.juntadeandalucia.es\/cultura\/idea\/opacidea\/abnetcl.cgi\/O7185\/ID566f1afb?ACC=101\" target=\"_blank\" rel=\"noopener\">Red de Centros de Documentaci\u00f3n y Bibliotecas Especializadas de Andaluc\u00eda<\/a><\/p>\n<h4>\u00a0<\/h4>\n<h4><strong>Arte y patrimonio<\/strong><\/h4>\n<p><a href=\"http:\/\/ceres.mcu.es\/pages\/SimpleSearch?index=true\" target=\"_blank\" rel=\"noopener\">CERES: Red Digital de Colecciones de Museos de Espa\u00f1a<\/a><\/p>\n<p><a href=\"https:\/\/www.juntadeandalucia.es\/cultura\/enclaves\/\" target=\"_blank\" rel=\"noopener\">Enclaves culturales de Andaluc\u00eda<\/a><\/p>\n<p><a href=\"http:\/\/catalogos.mecd.es\/IPCE\/cgi-ipce\/ipcefototeca\/O13446\/IDf77a49c0?ACC=101\" target=\"_blank\" rel=\"noopener\">Fototeca del Instituto del Patrimonio Cultural de Espa\u00f1a<\/a><\/p>\n<p><a href=\"https:\/\/guiadigital.iaph.es\/\" target=\"_blank\" rel=\"noopener\">Gu\u00eda Digital del Patrimonio Cultural de Andaluc\u00eda<\/a><\/p>\n<p><a href=\"https:\/\/www.juntadeandalucia.es\/organismos\/iaph.html\" target=\"_blank\" rel=\"noopener\">Instituto Andaluz del Patrimonio Hist\u00f3rico<\/a><\/p>\n<p><a href=\"https:\/\/www.museosdeandalucia.es\/web\/museodebellasartesdesevilla\/inicio\" target=\"_blank\" rel=\"noopener\">Museo de Bellas Artes de Sevilla<\/a><\/p>\n<p><a href=\"https:\/\/www.museodelprado.es\/coleccion\" target=\"_blank\" rel=\"noopener\">Museo Nacional del Prado<\/a><\/p>\n<p><a href=\"http:\/\/www.patrimonioartistico.us.es\/index.jsp\" target=\"_blank\" rel=\"noopener\">Patrimonio Hist\u00f3rico-Art\u00edstico Universidad de Sevilla<\/a><\/p>\n<p><a href=\"https:\/\/www.museosdeandalucia.es\/web\/museosdeandalucia\" target=\"_blank\" rel=\"noopener\">Museos de Andaluc\u00eda<\/a><\/p>\n<h3>\u00a0<\/h3>\n<h3><strong>Plataformas did\u00e1cticas y de investigaci\u00f3n<\/strong><\/h3>\n<p><a href=\"https:\/\/www.red-aracne.es\/presentacion\" target=\"_blank\" rel=\"noopener\">ARACNE. Red de Humanidades Digitales y Letras Hisp\u00e1nicas<\/a><\/p>\n<p><a href=\"https:\/\/www.bieses.net\/\" target=\"_blank\" rel=\"noopener\">Bieses. Bibliograf\u00eda de Escritoras Espa\u00f1olas<\/a><\/p>\n<p><a href=\"https:\/\/www.centrodeestudiosandaluces.es\/\" target=\"_blank\" rel=\"noopener\">Centro de Estudios Andaluces<\/a><\/p>\n<p><a href=\"http:\/\/www2.ual.es\/ideimand\/\" target=\"_blank\" rel=\"noopener\">Identidad e Imagen de Andaluc\u00eda en la Edad Moderna<\/a><\/p>\n<p><a href=\"https:\/\/www.modernalia.es\/\" target=\"_blank\" rel=\"noopener\">Modernalia. Recursos para la ense\u00f1anza de la Historia Moderna<\/a><\/p>\n<p><a href=\"https:\/\/www.alhambra-patronato.es\/ria\/\" target=\"_blank\" rel=\"noopener\">Recursos de Investigaci\u00f3n de la Alhambra<\/a><\/p>\n<p><a href=\"https:\/\/colaboraeducacion30.juntadeandalucia.es\/educacion\/colabora\/web\/vivir-y-sentir-el-patrimonio\/inicio\" target=\"_blank\" rel=\"noopener\">Vivir y sentir el patrimonio<\/a><\/p>\n<\/div>\n<\/div>\n","protected":false},"excerpt":{"rendered":"<p>Archivos y bibliotecas Archivo Biblioteca. Diputaci\u00f3n de Almer\u00eda Archivo Hist\u00f3rico Municipal de Granada Archivo Municipal de M\u00e1laga Archivo, Hemeroteca y Publicaciones. Ayuntamiento de Sevilla Archivo Municipal de C\u00f3rdoba Archivo Hist\u00f3rico Provincial de C\u00e1diz Archivo Hist\u00f3rico Provincial de C\u00f3rdoba Archivo Hist\u00f3rico Provincial de Granada Archivo Hist\u00f3rico Provincial de Huelva Archivo Hist\u00f3rico Provincial de Almer\u00eda Archivo Hist\u00f3rico [&hellip;]<\/p>\n","protected":false},"author":1,"featured_media":0,"parent":0,"menu_order":0,"comment_status":"closed","ping_status":"closed","template":"","meta":{"_vp_format_video_url":"","_vp_image_focal_point":[],"footnotes":""},"class_list":["post-358","page","type-page","status-publish","hentry","entry"],"_links":{"self":[{"href":"https:\/\/grupo.us.es\/encrucijada\/wp-json\/wp\/v2\/pages\/358","targetHints":{"allow":["GET"]}}],"collection":[{"href":"https:\/\/grupo.us.es\/encrucijada\/wp-json\/wp\/v2\/pages"}],"about":[{"href":"https:\/\/grupo.us.es\/encrucijada\/wp-json\/wp\/v2\/types\/page"}],"author":[{"embeddable":true,"href":"https:\/\/grupo.us.es\/encrucijada\/wp-json\/wp\/v2\/users\/1"}],"replies":[{"embeddable":true,"href":"https:\/\/grupo.us.es\/encrucijada\/wp-json\/wp\/v2\/comments?post=358"}],"version-history":[{"count":28,"href":"https:\/\/grupo.us.es\/encrucijada\/wp-json\/wp\/v2\/pages\/358\/revisions"}],"predecessor-version":[{"id":3510,"href":"https:\/\/grupo.us.es\/encrucijada\/wp-json\/wp\/v2\/pages\/358\/revisions\/3510"}],"wp:attachment":[{"href":"https:\/\/grupo.us.es\/encrucijada\/wp-json\/wp\/v2\/media?parent=358"}],"curies":[{"name":"wp","href":"https:\/\/api.w.org\/{rel}","templated":true}]}}