{"id":217,"date":"2021-03-22T10:23:36","date_gmt":"2021-03-22T10:23:36","guid":{"rendered":"http:\/\/grupo.us.es\/ecplab\/?page_id=217"},"modified":"2021-04-08T09:08:29","modified_gmt":"2021-04-08T09:08:29","slug":"assigned-tasks","status":"publish","type":"page","link":"https:\/\/grupo.us.es\/ecplab\/assigned-tasks\/","title":{"rendered":"ASSIGNED TASKS"},"content":{"rendered":"\n<h1>Patr\u00f3n:\u202fASSIGNED TASKS<\/h1>\n\n\n\n<p><strong>Problema<\/strong>: Situaciones o proyectos en los que necesitamos gestionar m\u00faltiples tareas cambiando el contenedor al que pertenece, generalmente para representar que la tarea est\u00e1 asignada a una persona u otra.<\/p>\n\n\n\n<p><strong>Motivaci\u00f3n<\/strong>: Este patr\u00f3n se utilizar\u00e1 para controlar tareas din\u00e1micas, centr\u00e1ndose en su asignaci\u00f3n y aprovechando la posibilidad de que las cartas fluyan entre las listas. Uno de los usos m\u00e1s frecuentes de este patr\u00f3n es la gesti\u00f3n de trabajo colaborativo. Con este patr\u00f3n, el usuario sabr\u00e1 qu\u00e9 tareas est\u00e1n asignadas a cada trabajador y podr\u00e1 modificarlo din\u00e1micamente. Es bastante \u00fatil para equilibrar el esfuerzo, logrando una distribuci\u00f3n equitativa de las tareas en cada momento.<\/p>\n\n\n\n<p><strong>Soluci\u00f3n y representaci\u00f3n gr\u00e1fica: <\/strong>Cada lista suele representar a una persona o un departamento, que es completamente independiente de los dem\u00e1s, sin ning\u00fan tipo de precedencia u orden entre ellos. Cada lista contendr\u00e1 las tareas relacionadas con su tema correspondiente. El tablero resultante ser\u00e1 similar a muchas listas de tareas pendientes, independientes entre s\u00ed, pero juntas en el mismo tablero.<\/p>\n\n\n\n<div class=\"wp-block-image\"><figure class=\"aligncenter size-large\"><a href=\"https:\/\/user-images.githubusercontent.com\/47741431\/110808758-96122e80-8284-11eb-9d0b-9b7a12452d2c.png\" target=\"_blank\" rel=\"noopener noreferrer\"><img src=\"https:\/\/user-images.githubusercontent.com\/47741431\/111295307-83647480-864b-11eb-97d3-b2e942d7dc0c.png\" alt=\"assigned tasks board design\"\/><\/a><\/figure><\/div>\n\n\n\n<p><strong>Patrones Relacionados:<\/strong><\/p>\n\n\n\n<p>Este patr\u00f3n es bastante similar a \u00ab<a href=\"http:\/\/grupo.us.es\/ecplab\/categorized-tasks\/\">Categorized Tasks<\/a>\u00ab, diferenci\u00e1ndose s\u00f3lo en la existencia de flujo de las cartas o no. En este patr\u00f3n, las tareas son din\u00e1micas y se pueden asignar a diferentes personas o departamentos a medida que cambian en la vida real. Sin embargo, en \u00ab<a href=\"http:\/\/grupo.us.es\/ecplab\/categorized-tasks\/\">Categorized Tasks<\/a>\u00bb no se permite cambiar el tema en el que se almacena una tarjeta.<\/p>\n\n\n\n<p>Tambi\u00e9n es similar a \u00ab<a href=\"http:\/\/grupo.us.es\/ecplab\/kanban\/\">Kanban<\/a>\u00ab, pero este segundo patr\u00f3n se centra en la evoluci\u00f3n de la tarea, no en su departamento responsable o asignado, como en \u00abAssigned Tasks\u00bb.<\/p>\n\n\n\n<p><strong>Ejemplo:<\/strong><\/p>\n\n\n\n<div class=\"wp-block-image\"><figure class=\"aligncenter\"><img src=\"https:\/\/user-images.githubusercontent.com\/47741431\/110649281-bf19bd00-81b9-11eb-803e-846a3fb0ca48.png\" alt=\"image\"\/><\/figure><\/div>\n\n\n\n<p>En esta plantilla tenemos el ejemplo de un equipo formado por cinco personas. Cada una de ellas tiene asignadas las tareas que son de su responsabilidad, siendo posible intercambiarlas con otros compa\u00f1eros (por ejemplo, una vez finalicen la parte que les corresponde, para que siga otra persona). Ese intercambio de tareas depende del contexto de la empresa (en el ejemplo no viene descrito, motivo por el que no hemos incluido unas flechas concretas en la anterior representaci\u00f3n), pero a priori, el flujo de cartas podr\u00eda ser completamente libre (de una persona del departamento a otra).<\/p>\n\n\n\n<p><strong>Ejemplos de Plantillas de Trello:<\/strong><\/p>\n\n\n\n<ul><li><a href=\"https:\/\/trello.com\/templates\/team-management\/team-tasks---5-things-workflow-DQDXYzN7\">Team Tasks &#8211; 5 Things Workflow<\/a><\/li><\/ul>\n\n\n\n<p><\/p>\n","protected":false},"excerpt":{"rendered":"<p>Patr\u00f3n:\u202fASSIGNED TASKS Problema: Situaciones o proyectos en los que necesitamos gestionar m\u00faltiples tareas cambiando el contenedor al que pertenece, generalmente para representar que la tarea est\u00e1 asignada a una persona u otra. Motivaci\u00f3n: Este patr\u00f3n se utilizar\u00e1 para controlar tareas din\u00e1micas, centr\u00e1ndose en su asignaci\u00f3n y aprovechando la posibilidad de que las cartas fluyan entre&hellip;<\/p>\n","protected":false},"author":3,"featured_media":0,"parent":0,"menu_order":0,"comment_status":"closed","ping_status":"closed","template":"","meta":{"_es_post_content":"<!-- wp:heading {\"level\":1} -->\n<h1>Patr\u00f3n:\u202fASSIGNED TASKS<\/h1>\n<!-- \/wp:heading -->\n\n<!-- wp:paragraph -->\n<p><strong>Problema<\/strong>: Situaciones o proyectos en los que necesitamos gestionar m\u00faltiples tareas cambiando el contenedor al que pertenece, generalmente para representar que la tarea est\u00e1 asignada a una persona u otra.<\/p>\n<!-- \/wp:paragraph -->\n\n<!-- wp:paragraph -->\n<p><strong>Motivaci\u00f3n<\/strong>: Este patr\u00f3n se utilizar\u00e1 para controlar tareas din\u00e1micas, centr\u00e1ndose en su asignaci\u00f3n y aprovechando la posibilidad de que las cartas fluyan entre las listas. Uno de los usos m\u00e1s frecuentes de este patr\u00f3n es la gesti\u00f3n de trabajo colaborativo. Con este patr\u00f3n, el usuario sabr\u00e1 qu\u00e9 tareas est\u00e1n asignadas a cada trabajador y podr\u00e1 modificarlo din\u00e1micamente. Es bastante \u00fatil para equilibrar el esfuerzo, logrando una distribuci\u00f3n equitativa de las tareas en cada momento.<\/p>\n<!-- \/wp:paragraph -->\n\n<!-- wp:paragraph -->\n<p><strong>Soluci\u00f3n y representaci\u00f3n gr\u00e1fica: <\/strong>Cada lista suele representar a una persona o un departamento, que es completamente independiente de los dem\u00e1s, sin ning\u00fan tipo de precedencia u orden entre ellos. Cada lista contendr\u00e1 las tareas relacionadas con su tema correspondiente. El tablero resultante ser\u00e1 similar a muchas listas de tareas pendientes, independientes entre s\u00ed, pero juntas en el mismo tablero.<\/p>\n<!-- \/wp:paragraph -->\n\n<!-- wp:image {\"align\":\"center\",\"sizeSlug\":\"large\",\"linkDestination\":\"custom\"} -->\n<div class=\"wp-block-image\"><figure class=\"aligncenter size-large\"><a href=\"https:\/\/user-images.githubusercontent.com\/47741431\/110808758-96122e80-8284-11eb-9d0b-9b7a12452d2c.png\" target=\"_blank\" rel=\"noopener noreferrer\"><img src=\"https:\/\/user-images.githubusercontent.com\/47741431\/111295307-83647480-864b-11eb-97d3-b2e942d7dc0c.png\" alt=\"assigned tasks board design\"\/><\/a><\/figure><\/div>\n<!-- \/wp:image -->\n\n<!-- wp:paragraph -->\n<p><strong>Patrones Relacionados:<\/strong><\/p>\n<!-- \/wp:paragraph -->\n\n<!-- wp:paragraph -->\n<p>Este patr\u00f3n es bastante similar a \"<a href=\"http:\/\/grupo.us.es\/ecplab\/categorized-tasks\/\">Categorized Tasks<\/a>\", diferenci\u00e1ndose s\u00f3lo en la existencia de flujo de las cartas o no. En este patr\u00f3n, las tareas son din\u00e1micas y se pueden asignar a diferentes personas o departamentos a medida que cambian en la vida real. Sin embargo, en \"<a href=\"http:\/\/grupo.us.es\/ecplab\/categorized-tasks\/\">Categorized Tasks<\/a>\" no se permite cambiar el tema en el que se almacena una tarjeta.<\/p>\n<!-- \/wp:paragraph -->\n\n<!-- wp:paragraph -->\n<p>Tambi\u00e9n es similar a \"<a href=\"http:\/\/grupo.us.es\/ecplab\/kanban\/\">Kanban<\/a>\", pero este segundo patr\u00f3n se centra en la evoluci\u00f3n de la tarea, no en su departamento responsable o asignado, como en \"Assigned Tasks\".<\/p>\n<!-- \/wp:paragraph -->\n\n<!-- wp:paragraph -->\n<p><strong>Ejemplo:<\/strong><\/p>\n<!-- \/wp:paragraph -->\n\n<!-- wp:image {\"align\":\"center\"} -->\n<div class=\"wp-block-image\"><figure class=\"aligncenter\"><img src=\"https:\/\/user-images.githubusercontent.com\/47741431\/110649281-bf19bd00-81b9-11eb-803e-846a3fb0ca48.png\" alt=\"image\"\/><\/figure><\/div>\n<!-- \/wp:image -->\n\n<!-- wp:paragraph -->\n<p>En esta plantilla tenemos el ejemplo de un equipo formado por cinco personas. Cada una de ellas tiene asignadas las tareas que son de su responsabilidad, siendo posible intercambiarlas con otros compa\u00f1eros (por ejemplo, una vez finalicen la parte que les corresponde, para que siga otra persona). Ese intercambio de tareas depende del contexto de la empresa (en el ejemplo no viene descrito, motivo por el que no hemos incluido unas flechas concretas en la anterior representaci\u00f3n), pero a priori, el flujo de cartas podr\u00eda ser completamente libre (de una persona del departamento a otra).<\/p>\n<!-- \/wp:paragraph -->\n\n<!-- wp:paragraph -->\n<p><strong>Ejemplos de Plantillas de Trello:<\/strong><\/p>\n<!-- \/wp:paragraph -->\n\n<!-- wp:list -->\n<ul><li><a href=\"https:\/\/trello.com\/templates\/team-management\/team-tasks---5-things-workflow-DQDXYzN7\">Team Tasks - 5 Things Workflow<\/a><\/li><\/ul>\n<!-- \/wp:list -->\n\n<!-- wp:paragraph -->\n<p><\/p>\n<!-- \/wp:paragraph -->","_es_post_name":"assigned-tasks","_es_post_excerpt":"","_es_post_title":"ASSIGNED TASKS","_en_post_content":"<!-- wp:heading {\"level\":1} -->\n<h1>Pattern:\u202fASSIGNED TASKS<\/h1>\n<!-- \/wp:heading -->\n\n<!-- wp:paragraph -->\n<p><strong>Problem:<\/strong>\u202f Situations or projects in which we need to manage multiple tasks by changing the container to which it belongs, usually to represent that the task is assigned to one person or another.<\/p>\n<!-- \/wp:paragraph -->\n\n<!-- wp:paragraph -->\n<p><strong>Motivation:<\/strong>&nbsp;This pattern will be used for controlling dynamic tasks, focusing on its assignment, exploiting the possibility of card flow. One of the most frequent uses of this pattern is managing collaborative work assignment. With this pattern, the user will know which tasks are assigned to each worker and it will be able to change it. It is quite useful for effort balancing, achieving an equitative distribution of task at each moment.<\/p>\n<!-- \/wp:paragraph -->\n\n<!-- wp:paragraph -->\n<p><strong>Solution and graphic representation:<\/strong>\u202f Each list usually represents a person or a department, which is completely independent of the others, without any type of precedence or order between them. Each list will contain the tasks related to its corresponding topic. The resulting board will be similar to many to-do lists, independent of each other, but together in the same board.<\/p>\n<!-- \/wp:paragraph -->\n\n<!-- wp:image {\"align\":\"center\",\"sizeSlug\":\"large\",\"linkDestination\":\"custom\"} -->\n<div class=\"wp-block-image\"><figure class=\"aligncenter size-large\"><a href=\"https:\/\/user-images.githubusercontent.com\/47741431\/110808758-96122e80-8284-11eb-9d0b-9b7a12452d2c.png\" target=\"_blank\" rel=\"noopener noreferrer\"><img src=\"https:\/\/user-images.githubusercontent.com\/47741431\/111295307-83647480-864b-11eb-97d3-b2e942d7dc0c.png\" alt=\"assigned tasks board design\"\/><\/a><\/figure><\/div>\n<!-- \/wp:image -->\n\n<!-- wp:paragraph -->\n<p><strong>Related Patterns:<\/strong><\/p>\n<!-- \/wp:paragraph -->\n\n<!-- wp:paragraph -->\n<p>This pattern is quite similar to \u201c<a href=\"http:\/\/grupo.us.es\/ecplab\/categorized-tasks\/\">Categorized Tasks<\/a>\u201d, differing only in the card flow. In this pattern, tasks are dynamic and can be assigned to different people or department as they change in real life. However, in \u201c<a href=\"http:\/\/grupo.us.es\/ecplab\/categorized-tasks\/\">Categorized Tasks<\/a>\u201d it\u2019s not allowed to change the topic in which a card is stored.<\/p>\n<!-- \/wp:paragraph -->\n\n<!-- wp:paragraph -->\n<p>It\u2019s also similar to \u201c<a href=\"http:\/\/grupo.us.es\/ecplab\/kanban\/\">Kanban<\/a>\u201d, but this second pattern focus on the evolution of the task, not in its responsible or assigned department, as in \"Assigned Tasks\".<\/p>\n<!-- \/wp:paragraph -->\n\n<!-- wp:paragraph -->\n<p><strong>Example:<\/strong><\/p>\n<!-- \/wp:paragraph -->\n\n<!-- wp:image {\"align\":\"center\"} -->\n<div class=\"wp-block-image\"><figure class=\"aligncenter\"><img src=\"https:\/\/user-images.githubusercontent.com\/47741431\/110649281-bf19bd00-81b9-11eb-803e-846a3fb0ca48.png\" alt=\"image\"\/><\/figure><\/div>\n<!-- \/wp:image -->\n\n<!-- wp:paragraph -->\n<p>In this template we have the example of a team made up of five people. Each one has some tasks assigned (its responsabilities), but they are able to exchange tasks with some other partner. That possibility will depend on the context of the enterprise, and in the given example we don\u2019t know it (because it\u2019s not indicated in its description, that\u2019s why we don\u2019t draw the arrows in the previous image) but a priori, the flow of cards between lists is completely free (from one person or department to another).<\/p>\n<!-- \/wp:paragraph -->\n\n<!-- wp:paragraph -->\n<p><strong>Trello Templates<\/strong> <strong>Examples:<\/strong><\/p>\n<!-- \/wp:paragraph -->\n\n<!-- wp:list -->\n<ul><li><a href=\"https:\/\/trello.com\/templates\/team-management\/team-tasks---5-things-workflow-DQDXYzN7\">Team Tasks - 5 Things Workflow<\/a><\/li><\/ul>\n<!-- \/wp:list -->\n\n<!-- wp:paragraph -->\n<p><\/p>\n<!-- \/wp:paragraph -->","_en_post_name":"","_en_post_excerpt":"","_en_post_title":"ASSIGNED TASKS","edit_language":"es"},"yoast_head":"<!-- This site is optimized with the Yoast SEO plugin v16.0.1 - https:\/\/yoast.com\/wordpress\/plugins\/seo\/ -->\n<title>ASSIGNED TASKS - ECP - Enterprise Conversation Planning<\/title>\n<meta name=\"description\" content=\"Description and examples of &quot;Assigned Tasks&quot; design pattern for board-based collaborative work management software tools.\" \/>\n<link rel=\"canonical\" href=\"https:\/\/grupo.us.es\/ecplab\/assigned-tasks\/\" \/>\n<meta property=\"og:locale\" content=\"es_ES\" \/>\n<meta property=\"og:type\" content=\"article\" \/>\n<meta property=\"og:title\" content=\"ASSIGNED TASKS - ECP - Enterprise Conversation Planning\" \/>\n<meta property=\"og:description\" content=\"Description and examples of &quot;Assigned Tasks&quot; design pattern for board-based collaborative work management software tools.\" \/>\n<meta property=\"og:url\" content=\"https:\/\/grupo.us.es\/ecplab\/assigned-tasks\/\" \/>\n<meta property=\"og:site_name\" content=\"ECP - Enterprise Conversation Planning\" \/>\n<meta property=\"article:modified_time\" content=\"2021-04-08T09:08:29+00:00\" \/>\n<meta property=\"og:image\" content=\"https:\/\/user-images.githubusercontent.com\/47741431\/111295307-83647480-864b-11eb-97d3-b2e942d7dc0c.png\" \/>\n<meta name=\"twitter:card\" content=\"summary_large_image\" \/>\n<meta name=\"twitter:label1\" content=\"Tiempo de lectura\">\n\t<meta name=\"twitter:data1\" content=\"2 minutos\">\n<script type=\"application\/ld+json\" class=\"yoast-schema-graph\">{\"@context\":\"https:\/\/schema.org\",\"@graph\":[{\"@type\":\"WebSite\",\"@id\":\"https:\/\/grupo.us.es\/ecplab\/en\/#website\",\"url\":\"https:\/\/grupo.us.es\/ecplab\/en\/\",\"name\":\"ECP - Enterprise Conversation Planning\",\"description\":\"Research on Digitalized Productivity Management - University of Seville\",\"potentialAction\":[{\"@type\":\"SearchAction\",\"target\":\"https:\/\/grupo.us.es\/ecplab\/en\/?s={search_term_string}\",\"query-input\":\"required name=search_term_string\"}],\"inLanguage\":\"es\"},{\"@type\":\"ImageObject\",\"@id\":\"https:\/\/grupo.us.es\/ecplab\/assigned-tasks\/#primaryimage\",\"inLanguage\":\"es\",\"url\":\"https:\/\/user-images.githubusercontent.com\/47741431\/111295307-83647480-864b-11eb-97d3-b2e942d7dc0c.png\"},{\"@type\":\"WebPage\",\"@id\":\"https:\/\/grupo.us.es\/ecplab\/assigned-tasks\/#webpage\",\"url\":\"https:\/\/grupo.us.es\/ecplab\/assigned-tasks\/\",\"name\":\"ASSIGNED TASKS - ECP - Enterprise Conversation Planning\",\"isPartOf\":{\"@id\":\"https:\/\/grupo.us.es\/ecplab\/en\/#website\"},\"primaryImageOfPage\":{\"@id\":\"https:\/\/grupo.us.es\/ecplab\/assigned-tasks\/#primaryimage\"},\"datePublished\":\"2021-03-22T10:23:36+00:00\",\"dateModified\":\"2021-04-08T09:08:29+00:00\",\"description\":\"Description and examples of \\\"Assigned Tasks\\\" design pattern for board-based collaborative work management software tools.\",\"breadcrumb\":{\"@id\":\"https:\/\/grupo.us.es\/ecplab\/assigned-tasks\/#breadcrumb\"},\"inLanguage\":\"es\",\"potentialAction\":[{\"@type\":\"ReadAction\",\"target\":[\"https:\/\/grupo.us.es\/ecplab\/assigned-tasks\/\"]}]},{\"@type\":\"BreadcrumbList\",\"@id\":\"https:\/\/grupo.us.es\/ecplab\/assigned-tasks\/#breadcrumb\",\"itemListElement\":[{\"@type\":\"ListItem\",\"position\":1,\"item\":{\"@type\":\"WebPage\",\"@id\":\"https:\/\/grupo.us.es\/ecplab\/en\/\",\"url\":\"https:\/\/grupo.us.es\/ecplab\/en\/\",\"name\":\"Portada\"}},{\"@type\":\"ListItem\",\"position\":2,\"item\":{\"@type\":\"WebPage\",\"@id\":\"https:\/\/grupo.us.es\/ecplab\/assigned-tasks\/\",\"url\":\"https:\/\/grupo.us.es\/ecplab\/assigned-tasks\/\",\"name\":\"ASSIGNED TASKS\"}}]}]}<\/script>\n<!-- \/ Yoast SEO plugin. -->","_links":{"self":[{"href":"https:\/\/grupo.us.es\/ecplab\/wp-json\/wp\/v2\/pages\/217"}],"collection":[{"href":"https:\/\/grupo.us.es\/ecplab\/wp-json\/wp\/v2\/pages"}],"about":[{"href":"https:\/\/grupo.us.es\/ecplab\/wp-json\/wp\/v2\/types\/page"}],"author":[{"embeddable":true,"href":"https:\/\/grupo.us.es\/ecplab\/wp-json\/wp\/v2\/users\/3"}],"replies":[{"embeddable":true,"href":"https:\/\/grupo.us.es\/ecplab\/wp-json\/wp\/v2\/comments?post=217"}],"version-history":[{"count":9,"href":"https:\/\/grupo.us.es\/ecplab\/wp-json\/wp\/v2\/pages\/217\/revisions"}],"predecessor-version":[{"id":418,"href":"https:\/\/grupo.us.es\/ecplab\/wp-json\/wp\/v2\/pages\/217\/revisions\/418"}],"wp:attachment":[{"href":"https:\/\/grupo.us.es\/ecplab\/wp-json\/wp\/v2\/media?parent=217"}],"curies":[{"name":"wp","href":"https:\/\/api.w.org\/{rel}","templated":true}]}}