{"id":219,"date":"2021-03-22T10:27:23","date_gmt":"2021-03-22T10:27:23","guid":{"rendered":"http:\/\/grupo.us.es\/ecplab\/?page_id=219"},"modified":"2021-04-08T09:38:06","modified_gmt":"2021-04-08T09:38:06","slug":"","status":"publish","type":"page","link":"https:\/\/grupo.us.es\/ecplab\/categorized-tasks\/","title":{"rendered":"CATEGORIZED TASKS","raw":"CATEGORIZED TASKS"},"content":{"rendered":"\n<h1>Pattern: CATEGORIZED TASKS<\/h1>\n\n\n\n<p><strong>Problem:<\/strong>\u202f Situations or projects in which we need to manage multiple to-do lists, with tasks categorized by its topic.<\/p>\n\n\n\n<p><strong>Motivation:<\/strong>&nbsp;We will use this pattern when we want to focus on the classification of the tasks, regardless its status at each moment. One of the most frequent uses of this pattern is the management of multiple task lists to guide the user in the step by step of a project.<\/p>\n\n\n\n<p><strong>Solution and graphic representation:<\/strong>\u202f Each list represents a topic, which is completely independent of the others, without any type of precedence or order between them. Each list will contain the tasks related to its corresponding topic. The resulting board will be similar to many to-do lists, independent of each other, but together in the same board.<\/p>\n\n\n\n<div class=\"wp-block-image\"><figure class=\"aligncenter size-large\"><a href=\"https:\/\/user-images.githubusercontent.com\/47741431\/110808758-96122e80-8284-11eb-9d0b-9b7a12452d2c.png\" target=\"_blank\" rel=\"noopener noreferrer\"><img src=\"https:\/\/user-images.githubusercontent.com\/47741431\/110808398-3d429600-8284-11eb-952d-0b424cd43ab1.png\" alt=\"categorized tasks board design\"\/><\/a><\/figure><\/div>\n\n\n\n<p><strong>Related Patterns:<\/strong><\/p>\n\n\n\n<p>This pattern is quite similar to \u201c<a href=\"http:\/\/grupo.us.es\/ecplab\/process-tasks\/\">Process Tasks<\/a>\u201d with the difference that in this second pattern the lists follow an established order, meaningful in the context of the problem, while in &#8220;Categorized Tasks&#8221;, they represent independent topics (habits and personal areas, in the two examples), without relationship or precedence between them.<\/p>\n\n\n\n<p><strong>Examples:<\/strong><\/p>\n\n\n\n<div class=\"wp-block-image\"><figure class=\"aligncenter\"><img src=\"https:\/\/user-images.githubusercontent.com\/47741431\/110642744-97275b00-81b3-11eb-87b9-ea63943402ea.png\" alt=\"image\"\/><\/figure><\/div>\n\n\n\n<p>In this template we have eight topics in which we clasify the tasks that we have to do for improve each area (we only show five of them in the above image for a better visualization). Topics are completely independent between them, as there isn\u2019t any type of order or precedence between the lists. We can consider this solution as eight independent to-do lists, as for example: \u201clist of tasks that I have to do for developing my skills\u201d, in the case of the first list.<\/p>\n\n\n\n<p><strong>Trello Templates<\/strong> <strong>Examples:<\/strong><\/p>\n\n\n\n<ul><li><a href=\"https:\/\/trello.com\/templates\/personal\/4-ls-exercise-Bay7DwxN\">4Ls Exercise<\/a><\/li><li><a href=\"https:\/\/trello.com\/templates\/productivity\/8-creative-habits-L6SJcYm6\">8 Creative Habits<\/a><\/li><li><a href=\"https:\/\/trello.com\/templates\/business\/okrs-ZE5BzGZD\">OKRs<\/a><\/li><li><a href=\"https:\/\/trello.com\/templates\/productivity\/personal-&amp;-work-goals-QvHVksDa\">Personal &amp; Work Goals<\/a><\/li><\/ul>\n","protected":false,"raw":"<!-- wp:heading {\"level\":1} -->\n<h1>Pattern: CATEGORIZED TASKS<\/h1>\n<!-- \/wp:heading -->\n\n<!-- wp:paragraph -->\n<p><strong>Problem:<\/strong>\u202f Situations or projects in which we need to manage multiple to-do lists, with tasks categorized by its topic.<\/p>\n<!-- \/wp:paragraph -->\n\n<!-- wp:paragraph -->\n<p><strong>Motivation:<\/strong>&nbsp;We will use this pattern when we want to focus on the classification of the tasks, regardless its status at each moment. One of the most frequent uses of this pattern is the management of multiple task lists to guide the user in the step by step of a project.<\/p>\n<!-- \/wp:paragraph -->\n\n<!-- wp:paragraph -->\n<p><strong>Solution and graphic representation:<\/strong>\u202f Each list represents a topic, which is completely independent of the others, without any type of precedence or order between them. Each list will contain the tasks related to its corresponding topic. The resulting board will be similar to many to-do lists, independent of each other, but together in the same board.<\/p>\n<!-- \/wp:paragraph -->\n\n<!-- wp:image {\"align\":\"center\",\"sizeSlug\":\"large\",\"linkDestination\":\"custom\"} -->\n<div class=\"wp-block-image\"><figure class=\"aligncenter size-large\"><a href=\"https:\/\/user-images.githubusercontent.com\/47741431\/110808758-96122e80-8284-11eb-9d0b-9b7a12452d2c.png\" target=\"_blank\" rel=\"noopener noreferrer\"><img src=\"https:\/\/user-images.githubusercontent.com\/47741431\/110808398-3d429600-8284-11eb-952d-0b424cd43ab1.png\" alt=\"categorized tasks board design\"\/><\/a><\/figure><\/div>\n<!-- \/wp:image -->\n\n<!-- wp:paragraph -->\n<p><strong>Related Patterns:<\/strong><\/p>\n<!-- \/wp:paragraph -->\n\n<!-- wp:paragraph -->\n<p>This pattern is quite similar to \u201c<a href=\"http:\/\/grupo.us.es\/ecplab\/process-tasks\/\">Process Tasks<\/a>\u201d with the difference that in this second pattern the lists follow an established order, meaningful in the context of the problem, while in \"Categorized Tasks\", they represent independent topics (habits and personal areas, in the two examples), without relationship or precedence between them.<\/p>\n<!-- \/wp:paragraph -->\n\n<!-- wp:paragraph -->\n<p><strong>Examples:<\/strong><\/p>\n<!-- \/wp:paragraph -->\n\n<!-- wp:image {\"align\":\"center\"} -->\n<div class=\"wp-block-image\"><figure class=\"aligncenter\"><img src=\"https:\/\/user-images.githubusercontent.com\/47741431\/110642744-97275b00-81b3-11eb-87b9-ea63943402ea.png\" alt=\"image\"\/><\/figure><\/div>\n<!-- \/wp:image -->\n\n<!-- wp:paragraph -->\n<p>In this template we have eight topics in which we clasify the tasks that we have to do for improve each area (we only show five of them in the above image for a better visualization). Topics are completely independent between them, as there isn\u2019t any type of order or precedence between the lists. We can consider this solution as eight independent to-do lists, as for example: \u201clist of tasks that I have to do for developing my skills\u201d, in the case of the first list.<\/p>\n<!-- \/wp:paragraph -->\n\n<!-- wp:paragraph -->\n<p><strong>Trello Templates<\/strong> <strong>Examples:<\/strong><\/p>\n<!-- \/wp:paragraph -->\n\n<!-- wp:list -->\n<ul><li><a href=\"https:\/\/trello.com\/templates\/personal\/4-ls-exercise-Bay7DwxN\">4Ls Exercise<\/a><\/li><li><a href=\"https:\/\/trello.com\/templates\/productivity\/8-creative-habits-L6SJcYm6\">8 Creative Habits<\/a><\/li><li><a href=\"https:\/\/trello.com\/templates\/business\/okrs-ZE5BzGZD\">OKRs<\/a><\/li><li><a href=\"https:\/\/trello.com\/templates\/productivity\/personal-&amp;-work-goals-QvHVksDa\">Personal &amp; Work Goals<\/a><\/li><\/ul>\n<!-- \/wp:list -->"},"excerpt":{"rendered":"","protected":false,"raw":""},"author":3,"featured_media":0,"parent":0,"menu_order":0,"comment_status":"closed","ping_status":"closed","template":"","meta":{"_es_post_content":"<!-- wp:heading {\"level\":1} -->\n<h1>Patr\u00f3n: CATEGORIZED TASKS<\/h1>\n<!-- \/wp:heading -->\n\n<!-- wp:paragraph -->\n<p><strong>Problema<\/strong>: Situaciones o proyectos en los que necesitamos administrar m\u00faltiples listas de tareas pendientes, con las distintas tareas clasificadas seg\u00fan su tema.<\/p>\n<!-- \/wp:paragraph -->\n\n<!-- wp:paragraph -->\n<p><strong>Motivaci\u00f3n<\/strong>: Utilizaremos este patr\u00f3n cuando queramos centrarnos en la clasificaci\u00f3n de las tareas, independientemente de su estado en cada momento puntual. Uno de los usos m\u00e1s frecuentes de este patr\u00f3n es la gesti\u00f3n de m\u00faltiples listas de tareas para guiar al usuario en el paso a paso de un proyecto.<\/p>\n<!-- \/wp:paragraph -->\n\n<!-- wp:paragraph -->\n<p><strong>Soluci\u00f3n y representaci\u00f3n gr\u00e1fica<\/strong>: Cada lista representa un tema, que es completamente independiente de los dem\u00e1s, sin ning\u00fan tipo de precedencia u orden entre ellos. Cada lista contendr\u00e1 las tareas relacionadas con el tema correspondiente. El tablero resultante ser\u00e1 similar a tener muchas listas de tareas pendientes, independientes entre s\u00ed, pero juntas en un mismo tablero.<\/p>\n<!-- \/wp:paragraph -->\n\n<!-- wp:image {\"align\":\"center\",\"sizeSlug\":\"large\",\"linkDestination\":\"custom\"} -->\n<div class=\"wp-block-image\"><figure class=\"aligncenter size-large\"><a href=\"https:\/\/user-images.githubusercontent.com\/47741431\/110808758-96122e80-8284-11eb-9d0b-9b7a12452d2c.png\" target=\"_blank\" rel=\"noopener noreferrer\"><img src=\"https:\/\/user-images.githubusercontent.com\/47741431\/110808398-3d429600-8284-11eb-952d-0b424cd43ab1.png\" alt=\"categorized tasks board design\"\/><\/a><\/figure><\/div>\n<!-- \/wp:image -->\n\n<!-- wp:paragraph -->\n<p><strong>Patrones Relacionados:<\/strong><br><br>Este patr\u00f3n es bastante similar a \"<a href=\"http:\/\/grupo.us.es\/ecplab\/process-tasks\/\">Process Tasks<\/a>\", con la diferencia de que en este segundo patr\u00f3n las listas siguen un orden establecido, significativo en el contexto del problema, mientras que en \"Categorized Tasks\", las listas representan temas independientes (h\u00e1bitos o \u00e1reas personales, por ejemplo), sin que haya relaci\u00f3n de orden ni precedencia entre ellos.<\/p>\n<!-- \/wp:paragraph -->\n\n<!-- wp:paragraph -->\n<p><strong>Ejemplos:<\/strong><\/p>\n<!-- \/wp:paragraph -->\n\n<!-- wp:image {\"align\":\"center\"} -->\n<div class=\"wp-block-image\"><figure class=\"aligncenter\"><img src=\"https:\/\/user-images.githubusercontent.com\/47741431\/110642744-97275b00-81b3-11eb-87b9-ea63943402ea.png\" alt=\"image\"\/><\/figure><\/div>\n<!-- \/wp:image -->\n\n<!-- wp:paragraph -->\n<p>En esta plantilla tenemos ocho temas en los que clasificamos las tareas que debemos realizar para mejorar en cada \u00e1rea (se muestran solo cinco en la imagen para una mejor visualizaci\u00f3n). Los temas son completamente independientes entre s\u00ed, sin que exista tampoco ningun tipo de orden o precedencia entre dichas listas. Podr\u00edamos considerar esta soluci\u00f3n como ocho listas independientes de cosas por hacer (\"to-do lists\"), como, por ejemplo: \"lista de tareas que debo hacer para mejorar mis habilidades\", que corresponder\u00eda a la primera de las listas.<\/p>\n<!-- \/wp:paragraph -->\n\n<!-- wp:paragraph -->\n<p><strong>Ejemplos de Plantillas de Trello:<\/strong><\/p>\n<!-- \/wp:paragraph -->\n\n<!-- wp:list -->\n<ul><li><a href=\"https:\/\/trello.com\/templates\/personal\/4-ls-exercise-Bay7DwxN\">4Ls Exercise<\/a><\/li><li><a href=\"https:\/\/trello.com\/templates\/productivity\/8-creative-habits-L6SJcYm6\">8 Creative Habits<\/a><\/li><li><a href=\"https:\/\/trello.com\/templates\/business\/okrs-ZE5BzGZD\">OKRs<\/a><\/li><li><a href=\"https:\/\/trello.com\/templates\/productivity\/personal-&amp;-work-goals-QvHVksDa\">Personal &amp; Work Goals<\/a><\/li><\/ul>\n<!-- \/wp:list -->","_es_post_name":"categorized-tasks","_es_post_excerpt":"","_es_post_title":"CATEGORIZED TASKS","_en_post_content":"<!-- wp:heading {\"level\":1} -->\n<h1>Pattern: CATEGORIZED TASKS<\/h1>\n<!-- \/wp:heading -->\n\n<!-- wp:paragraph -->\n<p><strong>Problem:<\/strong>\u202f Situations or projects in which we need to manage multiple to-do lists, with tasks categorized by its topic.<\/p>\n<!-- \/wp:paragraph -->\n\n<!-- wp:paragraph -->\n<p><strong>Motivation:<\/strong>&nbsp;We will use this pattern when we want to focus on the classification of the tasks, regardless its status at each moment. One of the most frequent uses of this pattern is the management of multiple task lists to guide the user in the step by step of a project.<\/p>\n<!-- \/wp:paragraph -->\n\n<!-- wp:paragraph -->\n<p><strong>Solution and graphic representation:<\/strong>\u202f Each list represents a topic, which is completely independent of the others, without any type of precedence or order between them. Each list will contain the tasks related to its corresponding topic. The resulting board will be similar to many to-do lists, independent of each other, but together in the same board.<\/p>\n<!-- \/wp:paragraph -->\n\n<!-- wp:image {\"align\":\"center\",\"sizeSlug\":\"large\",\"linkDestination\":\"custom\"} -->\n<div class=\"wp-block-image\"><figure class=\"aligncenter size-large\"><a href=\"https:\/\/user-images.githubusercontent.com\/47741431\/110808758-96122e80-8284-11eb-9d0b-9b7a12452d2c.png\" target=\"_blank\" rel=\"noopener noreferrer\"><img src=\"https:\/\/user-images.githubusercontent.com\/47741431\/110808398-3d429600-8284-11eb-952d-0b424cd43ab1.png\" alt=\"categorized tasks board design\"\/><\/a><\/figure><\/div>\n<!-- \/wp:image -->\n\n<!-- wp:paragraph -->\n<p><strong>Related Patterns:<\/strong><\/p>\n<!-- \/wp:paragraph -->\n\n<!-- wp:paragraph -->\n<p>This pattern is quite similar to \u201c<a href=\"http:\/\/grupo.us.es\/ecplab\/process-tasks\/\">Process Tasks<\/a>\u201d with the difference that in this second pattern the lists follow an established order, meaningful in the context of the problem, while in \"Categorized Tasks\", they represent independent topics (habits and personal areas, in the two examples), without relationship or precedence between them.<\/p>\n<!-- \/wp:paragraph -->\n\n<!-- wp:paragraph -->\n<p><strong>Examples:<\/strong><\/p>\n<!-- \/wp:paragraph -->\n\n<!-- wp:image {\"align\":\"center\"} -->\n<div class=\"wp-block-image\"><figure class=\"aligncenter\"><img src=\"https:\/\/user-images.githubusercontent.com\/47741431\/110642744-97275b00-81b3-11eb-87b9-ea63943402ea.png\" alt=\"image\"\/><\/figure><\/div>\n<!-- \/wp:image -->\n\n<!-- wp:paragraph -->\n<p>In this template we have eight topics in which we clasify the tasks that we have to do for improve each area (we only show five of them in the above image for a better visualization). Topics are completely independent between them, as there isn\u2019t any type of order or precedence between the lists. We can consider this solution as eight independent to-do lists, as for example: \u201clist of tasks that I have to do for developing my skills\u201d, in the case of the first list.<\/p>\n<!-- \/wp:paragraph -->\n\n<!-- wp:paragraph -->\n<p><strong>Trello Templates<\/strong> <strong>Examples:<\/strong><\/p>\n<!-- \/wp:paragraph -->\n\n<!-- wp:list -->\n<ul><li><a href=\"https:\/\/trello.com\/templates\/personal\/4-ls-exercise-Bay7DwxN\">4Ls Exercise<\/a><\/li><li><a href=\"https:\/\/trello.com\/templates\/productivity\/8-creative-habits-L6SJcYm6\">8 Creative Habits<\/a><\/li><li><a href=\"https:\/\/trello.com\/templates\/business\/okrs-ZE5BzGZD\">OKRs<\/a><\/li><li><a href=\"https:\/\/trello.com\/templates\/productivity\/personal-&amp;-work-goals-QvHVksDa\">Personal &amp; Work Goals<\/a><\/li><\/ul>\n<!-- \/wp:list -->","_en_post_name":"","_en_post_excerpt":"","_en_post_title":"CATEGORIZED TASKS","edit_language":"en"},"yoast_head":"<!-- This site is optimized with the Yoast SEO plugin v16.0.1 - https:\/\/yoast.com\/wordpress\/plugins\/seo\/ -->\n<title>CATEGORIZED TASKS - ECP - Enterprise Conversation Planning<\/title>\n<meta name=\"description\" content=\"Description and examples of &quot;Categorized Tasks&quot; design pattern for board-based collaborative work management software tools.\" \/>\n<link rel=\"canonical\" href=\"https:\/\/grupo.us.es\/ecplab\/categorized-tasks\/\" \/>\n<meta property=\"og:locale\" content=\"en_GB\" \/>\n<meta property=\"og:type\" content=\"article\" \/>\n<meta property=\"og:title\" content=\"CATEGORIZED TASKS - ECP - Enterprise Conversation Planning\" \/>\n<meta property=\"og:description\" content=\"Description and examples of &quot;Categorized Tasks&quot; design pattern for board-based collaborative work management software tools.\" \/>\n<meta property=\"og:url\" content=\"https:\/\/grupo.us.es\/ecplab\/categorized-tasks\/\" \/>\n<meta property=\"og:site_name\" content=\"ECP - Enterprise Conversation Planning\" \/>\n<meta property=\"article:modified_time\" content=\"2021-04-08T09:38:06+00:00\" \/>\n<meta property=\"og:image\" content=\"https:\/\/user-images.githubusercontent.com\/47741431\/110808398-3d429600-8284-11eb-952d-0b424cd43ab1.png\" \/>\n<meta name=\"twitter:card\" content=\"summary_large_image\" \/>\n<meta name=\"twitter:label1\" content=\"Est. reading time\">\n\t<meta name=\"twitter:data1\" content=\"2 minutes\">\n<script type=\"application\/ld+json\" class=\"yoast-schema-graph\">{\"@context\":\"https:\/\/schema.org\",\"@graph\":[{\"@type\":\"WebSite\",\"@id\":\"https:\/\/grupo.us.es\/ecplab\/en\/#website\",\"url\":\"https:\/\/grupo.us.es\/ecplab\/en\/\",\"name\":\"ECP - Enterprise Conversation Planning\",\"description\":\"Research on Digitalized Productivity Management - University of Seville\",\"potentialAction\":[{\"@type\":\"SearchAction\",\"target\":\"https:\/\/grupo.us.es\/ecplab\/en\/?s={search_term_string}\",\"query-input\":\"required name=search_term_string\"}],\"inLanguage\":\"en-GB\"},{\"@type\":\"ImageObject\",\"@id\":\"https:\/\/grupo.us.es\/ecplab\/categorized-tasks\/#primaryimage\",\"inLanguage\":\"en-GB\",\"url\":\"https:\/\/user-images.githubusercontent.com\/47741431\/110808398-3d429600-8284-11eb-952d-0b424cd43ab1.png\"},{\"@type\":\"WebPage\",\"@id\":\"https:\/\/grupo.us.es\/ecplab\/categorized-tasks\/#webpage\",\"url\":\"https:\/\/grupo.us.es\/ecplab\/categorized-tasks\/\",\"name\":\"CATEGORIZED TASKS - ECP - Enterprise Conversation Planning\",\"isPartOf\":{\"@id\":\"https:\/\/grupo.us.es\/ecplab\/en\/#website\"},\"primaryImageOfPage\":{\"@id\":\"https:\/\/grupo.us.es\/ecplab\/categorized-tasks\/#primaryimage\"},\"datePublished\":\"2021-03-22T10:27:23+00:00\",\"dateModified\":\"2021-04-08T09:38:06+00:00\",\"description\":\"Description and examples of \\\"Categorized Tasks\\\" design pattern for board-based collaborative work management software tools.\",\"breadcrumb\":{\"@id\":\"https:\/\/grupo.us.es\/ecplab\/categorized-tasks\/#breadcrumb\"},\"inLanguage\":\"en-GB\",\"potentialAction\":[{\"@type\":\"ReadAction\",\"target\":[\"https:\/\/grupo.us.es\/ecplab\/categorized-tasks\/\"]}]},{\"@type\":\"BreadcrumbList\",\"@id\":\"https:\/\/grupo.us.es\/ecplab\/categorized-tasks\/#breadcrumb\",\"itemListElement\":[{\"@type\":\"ListItem\",\"position\":1,\"item\":{\"@type\":\"WebPage\",\"@id\":\"https:\/\/grupo.us.es\/ecplab\/en\/\",\"url\":\"https:\/\/grupo.us.es\/ecplab\/en\/\",\"name\":\"Portada\"}},{\"@type\":\"ListItem\",\"position\":2,\"item\":{\"@type\":\"WebPage\",\"@id\":\"https:\/\/grupo.us.es\/ecplab\/categorized-tasks\/\",\"url\":\"https:\/\/grupo.us.es\/ecplab\/categorized-tasks\/\",\"name\":\"CATEGORIZED TASKS\"}}]}]}<\/script>\n<!-- \/ Yoast SEO plugin. -->","_links":{"self":[{"href":"https:\/\/grupo.us.es\/ecplab\/wp-json\/wp\/v2\/pages\/219"}],"collection":[{"href":"https:\/\/grupo.us.es\/ecplab\/wp-json\/wp\/v2\/pages"}],"about":[{"href":"https:\/\/grupo.us.es\/ecplab\/wp-json\/wp\/v2\/types\/page"}],"author":[{"embeddable":true,"href":"https:\/\/grupo.us.es\/ecplab\/wp-json\/wp\/v2\/users\/3"}],"replies":[{"embeddable":true,"href":"https:\/\/grupo.us.es\/ecplab\/wp-json\/wp\/v2\/comments?post=219"}],"version-history":[{"count":8,"href":"https:\/\/grupo.us.es\/ecplab\/wp-json\/wp\/v2\/pages\/219\/revisions"}],"predecessor-version":[{"id":422,"href":"https:\/\/grupo.us.es\/ecplab\/wp-json\/wp\/v2\/pages\/219\/revisions\/422"}],"wp:attachment":[{"href":"https:\/\/grupo.us.es\/ecplab\/wp-json\/wp\/v2\/media?parent=219"}],"curies":[{"name":"wp","href":"https:\/\/api.w.org\/{rel}","templated":true}]}}