{"id":212,"date":"2021-03-22T10:22:29","date_gmt":"2021-03-22T10:22:29","guid":{"rendered":"http:\/\/grupo.us.es\/ecplab\/?page_id=212"},"modified":"2021-04-08T08:31:48","modified_gmt":"2021-04-08T08:31:48","slug":"","status":"publish","type":"page","link":"https:\/\/grupo.us.es\/ecplab\/assigned-information\/","title":{"rendered":"ASSIGNED INFORMATION","raw":"ASSIGNED INFORMATION"},"content":{"rendered":"\n<h1>Pattern:\u202fASSIGNED INFORMATION<\/h1>\n\n\n\n<p><strong>Problem:<\/strong>\u202fSituations or projects in which we need to organize information or resources whose classification could change over time.<\/p>\n\n\n\n<p><strong>Motivation:<\/strong>&nbsp;We will use this pattern for visualizing quickly which is the state of our resources, or who has it assigned. One of the most frequent uses of this pattern is having people represented in lists and its assigned resources as cards. That information could flow between the different lists, but without any predetermined order. Lists could also be used for representing status of the resource, for example, when they don\u2019t follow an established order (as in a pipeline) or a determined sequence of steps.<\/p>\n\n\n\n<p><strong>Solution and graphic representation:<\/strong>&nbsp;Each list represents the state of the resource where it is assigned temporarily, or the person assigned as responsible of that information. The divisions representated with lists shouldn\u2019t follow any determined order. For example, if we represent people in lists, there mustn\u2019t be any precedence or hierarchical relationship between them. If we use this pattern for representing something more abstract, list shouldn\u2019t have a predetermined order as in a pipeline, where all activities are sequenced and follow a linear order. The resources represented in cards will flow between the different lists as they change their assigned person or their status.<\/p>\n\n\n\n<div class=\"wp-block-image\"><figure class=\"aligncenter size-large\"><a href=\"https:\/\/user-images.githubusercontent.com\/47741431\/110808758-96122e80-8284-11eb-9d0b-9b7a12452d2c.png\" target=\"_blank\" rel=\"noopener noreferrer\"><img src=\"https:\/\/raw.githubusercontent.com\/isa-group\/board-design-patterns\/main\/styles-graphic-language-representation\/png\/assigned-information-or-resources-board-design.png\" alt=\"assigned information board design\"\/><\/a><\/figure><\/div>\n\n\n\n<p><strong>Example:<\/strong><\/p>\n\n\n\n<div class=\"wp-block-image\"><figure class=\"aligncenter\"><img src=\"https:\/\/user-images.githubusercontent.com\/47741431\/110648101-b5dc2080-81b8-11eb-8838-4bb771152a05.png\" alt=\"image\"\/><\/figure><\/div>\n\n\n\n<p>In this template we have a first list where the components of a music group are stored. The other two lists are two examples of pubs where concerts will be held. Artists will flow indistinctly to one pub or another, depending on where they play. Pubs will not be ordered by any criteria, and artists could flow completely free.<\/p>\n\n\n\n<p><strong>Related Patterns:<\/strong><\/p>\n\n\n\n<p>This pattern is quite similar to \u201c<a href=\"http:\/\/grupo.us.es\/ecplab\/information-or-resources-lifecycle\/\">Information or resources lifecycle<\/a>\u201d, but without an established order between the lists. For this reason, &#8220;<a href=\"http:\/\/grupo.us.es\/ecplab\/information-or-resources-lifecycle\/\">Information or resources lifecycle<\/a>\u201d is intended for representing pipelines or process with a determined order in their steps. With \u201cAssigned Information\u201d, the flow of the cards is unpredictable a priori and only depends on the real life factors that determine the assignment of the resource.<\/p>\n\n\n\n<p><strong>Trello Templates<\/strong> <strong>Examples:<\/strong><\/p>\n\n\n\n<ul><li><a href=\"https:\/\/trello.com\/templates\/personal\/book-clubs-tP0ROvp8\">Book Clubs<\/a><\/li><li><a href=\"https:\/\/trello.com\/templates\/personal\/setlist-organizer-E3s5vqAm\">Setlist Organizer<\/a><\/li><\/ul>\n","protected":false,"raw":"<!-- wp:heading {\"level\":1} -->\n<h1>Pattern:\u202fASSIGNED INFORMATION<\/h1>\n<!-- \/wp:heading -->\n\n<!-- wp:paragraph -->\n<p><strong>Problem:<\/strong>\u202fSituations or projects in which we need to organize information or resources whose classification could change over time.<\/p>\n<!-- \/wp:paragraph -->\n\n<!-- wp:paragraph -->\n<p><strong>Motivation:<\/strong>&nbsp;We will use this pattern for visualizing quickly which is the state of our resources, or who has it assigned. One of the most frequent uses of this pattern is having people represented in lists and its assigned resources as cards. That information could flow between the different lists, but without any predetermined order. Lists could also be used for representing status of the resource, for example, when they don\u2019t follow an established order (as in a pipeline) or a determined sequence of steps.<\/p>\n<!-- \/wp:paragraph -->\n\n<!-- wp:paragraph -->\n<p><strong>Solution and graphic representation:<\/strong>&nbsp;Each list represents the state of the resource where it is assigned temporarily, or the person assigned as responsible of that information. The divisions representated with lists shouldn\u2019t follow any determined order. For example, if we represent people in lists, there mustn\u2019t be any precedence or hierarchical relationship between them. If we use this pattern for representing something more abstract, list shouldn\u2019t have a predetermined order as in a pipeline, where all activities are sequenced and follow a linear order. The resources represented in cards will flow between the different lists as they change their assigned person or their status.<\/p>\n<!-- \/wp:paragraph -->\n\n<!-- wp:image {\"align\":\"center\",\"sizeSlug\":\"large\",\"linkDestination\":\"custom\"} -->\n<div class=\"wp-block-image\"><figure class=\"aligncenter size-large\"><a href=\"https:\/\/user-images.githubusercontent.com\/47741431\/110808758-96122e80-8284-11eb-9d0b-9b7a12452d2c.png\" target=\"_blank\" rel=\"noopener noreferrer\"><img src=\"https:\/\/raw.githubusercontent.com\/isa-group\/board-design-patterns\/main\/styles-graphic-language-representation\/png\/assigned-information-or-resources-board-design.png\" alt=\"assigned information board design\"\/><\/a><\/figure><\/div>\n<!-- \/wp:image -->\n\n<!-- wp:paragraph -->\n<p><strong>Example:<\/strong><\/p>\n<!-- \/wp:paragraph -->\n\n<!-- wp:image {\"align\":\"center\"} -->\n<div class=\"wp-block-image\"><figure class=\"aligncenter\"><img src=\"https:\/\/user-images.githubusercontent.com\/47741431\/110648101-b5dc2080-81b8-11eb-8838-4bb771152a05.png\" alt=\"image\"\/><\/figure><\/div>\n<!-- \/wp:image -->\n\n<!-- wp:paragraph -->\n<p>In this template we have a first list where the components of a music group are stored. The other two lists are two examples of pubs where concerts will be held. Artists will flow indistinctly to one pub or another, depending on where they play. Pubs will not be ordered by any criteria, and artists could flow completely free.<\/p>\n<!-- \/wp:paragraph -->\n\n<!-- wp:paragraph -->\n<p><strong>Related Patterns:<\/strong><\/p>\n<!-- \/wp:paragraph -->\n\n<!-- wp:paragraph -->\n<p>This pattern is quite similar to \u201c<a href=\"http:\/\/grupo.us.es\/ecplab\/information-or-resources-lifecycle\/\">Information or resources lifecycle<\/a>\u201d, but without an established order between the lists. For this reason, \"<a href=\"http:\/\/grupo.us.es\/ecplab\/information-or-resources-lifecycle\/\">Information or resources lifecycle<\/a>\u201d is intended for representing pipelines or process with a determined order in their steps. With \u201cAssigned Information\u201d, the flow of the cards is unpredictable a priori and only depends on the real life factors that determine the assignment of the resource.<\/p>\n<!-- \/wp:paragraph -->\n\n<!-- wp:paragraph -->\n<p><strong>Trello Templates<\/strong> <strong>Examples:<\/strong><\/p>\n<!-- \/wp:paragraph -->\n\n<!-- wp:list -->\n<ul><li><a href=\"https:\/\/trello.com\/templates\/personal\/book-clubs-tP0ROvp8\">Book Clubs<\/a><\/li><li><a href=\"https:\/\/trello.com\/templates\/personal\/setlist-organizer-E3s5vqAm\">Setlist Organizer<\/a><\/li><\/ul>\n<!-- \/wp:list -->"},"excerpt":{"rendered":"","protected":false,"raw":""},"author":3,"featured_media":0,"parent":0,"menu_order":0,"comment_status":"closed","ping_status":"closed","template":"","meta":{"_es_post_content":"<!-- wp:heading {\"level\":1} -->\n<h1>Patr\u00f3n:\u202fASSIGNED INFORMATION<\/h1>\n<!-- \/wp:heading -->\n\n<!-- wp:paragraph -->\n<p><strong>Problema:<\/strong>\u202fSituaciones o proyectos en los que necesitamos organizar informaci\u00f3n o recursos cuya clasificaci\u00f3n podr\u00eda cambiar con el paso del tiempo.<\/p>\n<!-- \/wp:paragraph -->\n\n<!-- wp:paragraph -->\n<p><strong>Motivaci\u00f3n:<\/strong>&nbsp;Usaremos este patr\u00f3n para visualizar r\u00e1pidamente cu\u00e1l es el estado de nuestros recursos, o qui\u00e9n lo tiene asignado. Uno de los usos m\u00e1s frecuentes de este patr\u00f3n es tener personas representadas en listas y sus recursos asignados como tarjetas. Esos recursos podr\u00edan fluir entre las diferentes listas, pero sin ning\u00fan orden predeterminado. Las listas tambi\u00e9n se pueden usar para representar el estado del recurso, por ejemplo, cuando estos no siguen un orden establecido (como en un pipeline).<\/p>\n<!-- \/wp:paragraph -->\n\n<!-- wp:paragraph -->\n<p><strong>Soluci\u00f3n y representaci\u00f3n gr\u00e1fica:<\/strong>&nbsp;Cada lista representa el estado del recurso al que est\u00e1 asignado temporalmente, o la persona asignada como responsable de esa informaci\u00f3n. Las divisiones representadas con las listas no deben seguir ning\u00fan orden determinado. Por ejemplo, si representamos a personas en las listas, no debe haber ninguna precedencia o relaci\u00f3n jer\u00e1rquica entre ellas. Si usamos este patr\u00f3n para representar algo m\u00e1s abstracto, la lista no deber\u00eda tener un orden predeterminado como en un pipeline, donde todas las actividades est\u00e1n secuenciadas y siguen un orden lineal (ver \"<a href=\"http:\/\/grupo.us.es\/ecplab\/information-or-resources-lifecycle\/\">Information or resources lifecycle<\/a>\u201d). Los recursos representados en tarjetas fluir\u00e1n entre las diferentes listas a medida que cambien su persona responsable asignada o su estado (dependiendo de lo que queramos representar).<\/p>\n<!-- \/wp:paragraph -->\n\n<!-- wp:image {\"align\":\"center\",\"sizeSlug\":\"large\",\"linkDestination\":\"custom\"} -->\n<div class=\"wp-block-image\"><figure class=\"aligncenter size-large\"><a href=\"https:\/\/user-images.githubusercontent.com\/47741431\/110808758-96122e80-8284-11eb-9d0b-9b7a12452d2c.png\" target=\"_blank\" rel=\"noopener noreferrer\"><img src=\"https:\/\/raw.githubusercontent.com\/isa-group\/board-design-patterns\/main\/styles-graphic-language-representation\/png\/assigned-information-or-resources-board-design.png\" alt=\"assigned information board design\"\/><\/a><\/figure><\/div>\n<!-- \/wp:image -->\n\n<!-- wp:paragraph -->\n<p><strong>Patrones relacionados:<\/strong><\/p>\n<!-- \/wp:paragraph -->\n\n<!-- wp:paragraph -->\n<p>Este patr\u00f3n es bastante similar al \u201c<a href=\"http:\/\/grupo.us.es\/ecplab\/information-or-resources-lifecycle\/\">Information or resources lifecycle<\/a>\u201d, pero sin un orden preestablecido entre las listas. Por este motivo, \"<a href=\"http:\/\/grupo.us.es\/ecplab\/information-or-resources-lifecycle\/\">Information or resources lifecycle<\/a>\" est\u00e1 destinado a representar pipelines o procesos con un orden determinado en sus etapas. Con \"Assigned Information\", el flujo de las tarjetas es impredecible a priori y solo depende de los factores que en la vida real vayan determinando la asignaci\u00f3n del recurso.<\/p>\n<!-- \/wp:paragraph -->\n\n<!-- wp:paragraph -->\n<p><strong>Ejemplo:<\/strong><\/p>\n<!-- \/wp:paragraph -->\n\n<!-- wp:image {\"align\":\"center\"} -->\n<div class=\"wp-block-image\"><figure class=\"aligncenter\"><img src=\"https:\/\/user-images.githubusercontent.com\/47741431\/110648101-b5dc2080-81b8-11eb-8838-4bb771152a05.png\" alt=\"image\"\/><\/figure><\/div>\n<!-- \/wp:image -->\n\n<!-- wp:paragraph -->\n<p>Con la plantilla \"Setlist Organizer\" podremos gestionar los componentes de un grupo de m\u00fasica y sus conciertos. As\u00ed, los m\u00fasicos inicialmente estar\u00e1n almacenados en la primera de las listas, e ir\u00e1n fluyendo al resto de listas, que representan los distintos conciertos previstos, en funci\u00f3n de si tocan o no en cada uno de ellos.<\/p>\n<!-- \/wp:paragraph -->\n\n<!-- wp:paragraph -->\n<p><strong>Ejemplos de Plantillas de Trello:<\/strong><\/p>\n<!-- \/wp:paragraph -->\n\n<!-- wp:list -->\n<ul><li><a href=\"https:\/\/trello.com\/templates\/personal\/book-clubs-tP0ROvp8\">Book Clubs<\/a><\/li><li><a href=\"https:\/\/trello.com\/templates\/personal\/setlist-organizer-E3s5vqAm\">Setlist Organizer<\/a><\/li><\/ul>\n<!-- \/wp:list -->","_es_post_name":"assigned-information","_es_post_excerpt":"","_es_post_title":"ASSIGNED INFORMATION","_en_post_content":"<!-- wp:heading {\"level\":1} -->\n<h1>Pattern:\u202fASSIGNED INFORMATION<\/h1>\n<!-- \/wp:heading -->\n\n<!-- wp:paragraph -->\n<p><strong>Problem:<\/strong>\u202fSituations or projects in which we need to organize information or resources whose classification could change over time.<\/p>\n<!-- \/wp:paragraph -->\n\n<!-- wp:paragraph -->\n<p><strong>Motivation:<\/strong>&nbsp;We will use this pattern for visualizing quickly which is the state of our resources, or who has it assigned. One of the most frequent uses of this pattern is having people represented in lists and its assigned resources as cards. That information could flow between the different lists, but without any predetermined order. Lists could also be used for representing status of the resource, for example, when they don\u2019t follow an established order (as in a pipeline) or a determined sequence of steps.<\/p>\n<!-- \/wp:paragraph -->\n\n<!-- wp:paragraph -->\n<p><strong>Solution and graphic representation:<\/strong>&nbsp;Each list represents the state of the resource where it is assigned temporarily, or the person assigned as responsible of that information. The divisions representated with lists shouldn\u2019t follow any determined order. For example, if we represent people in lists, there mustn\u2019t be any precedence or hierarchical relationship between them. If we use this pattern for representing something more abstract, list shouldn\u2019t have a predetermined order as in a pipeline, where all activities are sequenced and follow a linear order. The resources represented in cards will flow between the different lists as they change their assigned person or their status.<\/p>\n<!-- \/wp:paragraph -->\n\n<!-- wp:image {\"align\":\"center\",\"sizeSlug\":\"large\",\"linkDestination\":\"custom\"} -->\n<div class=\"wp-block-image\"><figure class=\"aligncenter size-large\"><a href=\"https:\/\/user-images.githubusercontent.com\/47741431\/110808758-96122e80-8284-11eb-9d0b-9b7a12452d2c.png\" target=\"_blank\" rel=\"noopener noreferrer\"><img src=\"https:\/\/raw.githubusercontent.com\/isa-group\/board-design-patterns\/main\/styles-graphic-language-representation\/png\/assigned-information-or-resources-board-design.png\" alt=\"assigned information board design\"\/><\/a><\/figure><\/div>\n<!-- \/wp:image -->\n\n<!-- wp:paragraph -->\n<p><strong>Example:<\/strong><\/p>\n<!-- \/wp:paragraph -->\n\n<!-- wp:image {\"align\":\"center\"} -->\n<div class=\"wp-block-image\"><figure class=\"aligncenter\"><img src=\"https:\/\/user-images.githubusercontent.com\/47741431\/110648101-b5dc2080-81b8-11eb-8838-4bb771152a05.png\" alt=\"image\"\/><\/figure><\/div>\n<!-- \/wp:image -->\n\n<!-- wp:paragraph -->\n<p>In this template we have a first list where the components of a music group are stored. The other two lists are two examples of pubs where concerts will be held. Artists will flow indistinctly to one pub or another, depending on where they play. Pubs will not be ordered by any criteria, and artists could flow completely free.<\/p>\n<!-- \/wp:paragraph -->\n\n<!-- wp:paragraph -->\n<p><strong>Related Patterns:<\/strong><\/p>\n<!-- \/wp:paragraph -->\n\n<!-- wp:paragraph -->\n<p>This pattern is quite similar to \u201c<a href=\"http:\/\/grupo.us.es\/ecplab\/information-or-resources-lifecycle\/\">Information or resources lifecycle<\/a>\u201d, but without an established order between the lists. For this reason, \"<a href=\"http:\/\/grupo.us.es\/ecplab\/information-or-resources-lifecycle\/\">Information or resources lifecycle<\/a>\u201d is intended for representing pipelines or process with a determined order in their steps. With \u201cAssigned Information\u201d, the flow of the cards is unpredictable a priori and only depends on the real life factors that determine the assignment of the resource.<\/p>\n<!-- \/wp:paragraph -->\n\n<!-- wp:paragraph -->\n<p><strong>Trello Templates<\/strong> <strong>Examples:<\/strong><\/p>\n<!-- \/wp:paragraph -->\n\n<!-- wp:list -->\n<ul><li><a href=\"https:\/\/trello.com\/templates\/personal\/book-clubs-tP0ROvp8\">Book Clubs<\/a><\/li><li><a href=\"https:\/\/trello.com\/templates\/personal\/setlist-organizer-E3s5vqAm\">Setlist Organizer<\/a><\/li><\/ul>\n<!-- \/wp:list -->","_en_post_name":"","_en_post_excerpt":"","_en_post_title":"ASSIGNED INFORMATION","edit_language":"en"},"yoast_head":"<!-- This site is optimized with the Yoast SEO plugin v16.0.1 - https:\/\/yoast.com\/wordpress\/plugins\/seo\/ -->\n<title>ASSIGNED INFORMATION - ECP - Enterprise Conversation Planning<\/title>\n<meta name=\"description\" content=\"Description and examples of &quot;Assigned Information&quot; design pattern for board-based collaborative work management software tools.\" \/>\n<link rel=\"canonical\" href=\"https:\/\/grupo.us.es\/ecplab\/en\/assigned-information\/\" \/>\n<meta property=\"og:locale\" content=\"en_GB\" \/>\n<meta property=\"og:type\" content=\"article\" \/>\n<meta property=\"og:title\" content=\"ASSIGNED INFORMATION - ECP - Enterprise Conversation Planning\" \/>\n<meta property=\"og:description\" content=\"Description and examples of &quot;Assigned Information&quot; design pattern for board-based collaborative work management software tools.\" \/>\n<meta property=\"og:url\" content=\"https:\/\/grupo.us.es\/ecplab\/en\/assigned-information\/\" \/>\n<meta property=\"og:site_name\" content=\"ECP - Enterprise Conversation Planning\" \/>\n<meta property=\"article:modified_time\" content=\"2021-04-08T08:31:48+00:00\" \/>\n<meta property=\"og:image\" content=\"https:\/\/raw.githubusercontent.com\/isa-group\/board-design-patterns\/main\/styles-graphic-language-representation\/png\/assigned-information-or-resources-board-design.png\" \/>\n<meta name=\"twitter:card\" content=\"summary_large_image\" \/>\n<meta name=\"twitter:label1\" content=\"Est. reading time\">\n\t<meta name=\"twitter:data1\" content=\"2 minutes\">\n<script type=\"application\/ld+json\" class=\"yoast-schema-graph\">{\"@context\":\"https:\/\/schema.org\",\"@graph\":[{\"@type\":\"WebSite\",\"@id\":\"https:\/\/grupo.us.es\/ecplab\/en\/#website\",\"url\":\"https:\/\/grupo.us.es\/ecplab\/en\/\",\"name\":\"ECP - Enterprise Conversation Planning\",\"description\":\"Research on Digitalized Productivity Management - University of Seville\",\"potentialAction\":[{\"@type\":\"SearchAction\",\"target\":\"https:\/\/grupo.us.es\/ecplab\/en\/?s={search_term_string}\",\"query-input\":\"required name=search_term_string\"}],\"inLanguage\":\"en-GB\"},{\"@type\":\"ImageObject\",\"@id\":\"https:\/\/grupo.us.es\/ecplab\/en\/assigned-information\/#primaryimage\",\"inLanguage\":\"en-GB\",\"url\":\"https:\/\/raw.githubusercontent.com\/isa-group\/board-design-patterns\/main\/styles-graphic-language-representation\/png\/assigned-information-or-resources-board-design.png\"},{\"@type\":\"WebPage\",\"@id\":\"https:\/\/grupo.us.es\/ecplab\/en\/assigned-information\/#webpage\",\"url\":\"https:\/\/grupo.us.es\/ecplab\/en\/assigned-information\/\",\"name\":\"ASSIGNED INFORMATION - ECP - Enterprise Conversation Planning\",\"isPartOf\":{\"@id\":\"https:\/\/grupo.us.es\/ecplab\/en\/#website\"},\"primaryImageOfPage\":{\"@id\":\"https:\/\/grupo.us.es\/ecplab\/en\/assigned-information\/#primaryimage\"},\"datePublished\":\"2021-03-22T10:22:29+00:00\",\"dateModified\":\"2021-04-08T08:31:48+00:00\",\"description\":\"Description and examples of \\\"Assigned Information\\\" design pattern for board-based collaborative work management software tools.\",\"breadcrumb\":{\"@id\":\"https:\/\/grupo.us.es\/ecplab\/en\/assigned-information\/#breadcrumb\"},\"inLanguage\":\"en-GB\",\"potentialAction\":[{\"@type\":\"ReadAction\",\"target\":[\"https:\/\/grupo.us.es\/ecplab\/en\/assigned-information\/\"]}]},{\"@type\":\"BreadcrumbList\",\"@id\":\"https:\/\/grupo.us.es\/ecplab\/en\/assigned-information\/#breadcrumb\",\"itemListElement\":[{\"@type\":\"ListItem\",\"position\":1,\"item\":{\"@type\":\"WebPage\",\"@id\":\"https:\/\/grupo.us.es\/ecplab\/en\/\",\"url\":\"https:\/\/grupo.us.es\/ecplab\/en\/\",\"name\":\"Portada\"}},{\"@type\":\"ListItem\",\"position\":2,\"item\":{\"@type\":\"WebPage\",\"@id\":\"https:\/\/grupo.us.es\/ecplab\/en\/assigned-information\/\",\"url\":\"https:\/\/grupo.us.es\/ecplab\/en\/assigned-information\/\",\"name\":\"ASSIGNED INFORMATION\"}}]}]}<\/script>\n<!-- \/ Yoast SEO plugin. -->","_links":{"self":[{"href":"https:\/\/grupo.us.es\/ecplab\/wp-json\/wp\/v2\/pages\/212"}],"collection":[{"href":"https:\/\/grupo.us.es\/ecplab\/wp-json\/wp\/v2\/pages"}],"about":[{"href":"https:\/\/grupo.us.es\/ecplab\/wp-json\/wp\/v2\/types\/page"}],"author":[{"embeddable":true,"href":"https:\/\/grupo.us.es\/ecplab\/wp-json\/wp\/v2\/users\/3"}],"replies":[{"embeddable":true,"href":"https:\/\/grupo.us.es\/ecplab\/wp-json\/wp\/v2\/comments?post=212"}],"version-history":[{"count":12,"href":"https:\/\/grupo.us.es\/ecplab\/wp-json\/wp\/v2\/pages\/212\/revisions"}],"predecessor-version":[{"id":414,"href":"https:\/\/grupo.us.es\/ecplab\/wp-json\/wp\/v2\/pages\/212\/revisions\/414"}],"wp:attachment":[{"href":"https:\/\/grupo.us.es\/ecplab\/wp-json\/wp\/v2\/media?parent=212"}],"curies":[{"name":"wp","href":"https:\/\/api.w.org\/{rel}","templated":true}]}}