{"id":210,"date":"2021-03-22T10:34:16","date_gmt":"2021-03-22T10:34:16","guid":{"rendered":"http:\/\/grupo.us.es\/ecplab\/?page_id=210"},"modified":"2021-04-08T10:13:34","modified_gmt":"2021-04-08T10:13:34","slug":"","status":"publish","type":"page","link":"https:\/\/grupo.us.es\/ecplab\/process-tasks\/","title":{"rendered":"PROCESS TASKS","raw":"PROCESS TASKS"},"content":{"rendered":"\n<h1>Pattern:\u202fPROCESS TASKS<\/h1>\n\n\n\n<p><strong>Problem:<\/strong>\u202f Situations or projects in which we have to provide a sequenced tasks guide, divided and ordered according to the different stages that make up the process.<\/p>\n\n\n\n<p><strong>Motivation:<\/strong>&nbsp;We will use this pattern when we want to detail the tasks to be done to make up a process. With this pattern we want to focus on the task list, not in the state of each task at each moment (as in a Kanban). One of the most frequent uses of this pattern is enumerating all the steps (tasks) that we have to do for make up a step of a project, represented in the lists. When we complete all tasks of all lists, we would have completed the project.<\/p>\n\n\n\n<p><strong>Solution and graphic representation:<\/strong>\u202f Each list represents a phase of the process that we are representing with the whole board. Cards are the tasks of each phase. In this way, we will provide the user a sequenced guide for completing the process, as the steps of a recipe.<\/p>\n\n\n\n<div class=\"wp-block-image\"><figure class=\"aligncenter size-large\"><a href=\"https:\/\/user-images.githubusercontent.com\/47741431\/110808758-96122e80-8284-11eb-9d0b-9b7a12452d2c.png\" target=\"_blank\" rel=\"noopener noreferrer\"><img src=\"https:\/\/user-images.githubusercontent.com\/47741431\/110809788-847d5680-8285-11eb-9387-5eb8d787431f.png\" alt=\"process tasks board design\"\/><\/a><\/figure><\/div>\n\n\n\n<p><strong>Related Patterns:<\/strong><\/p>\n\n\n\n<p>This pattern is quite similar to &#8220;<a href=\"http:\/\/grupo.us.es\/ecplab\/kanban\/\">Kanban<\/a>&#8220;, but in this pattern the cards don\u2019t flow between lists. We will choose &#8220;<a href=\"http:\/\/grupo.us.es\/ecplab\/kanban\/\">Kanban<\/a>&#8221; if we want to focus on the evolution of each card, while we will choose \u201cProcess Task\u201d if we want to have \u201cto-do\u201d lists of tasks for each phase of the project, following a determined order, but without managing its evolution with the time.<\/p>\n\n\n\n<p>\u201cProcess Tasks\u201d is also similar to \u201c<a href=\"http:\/\/grupo.us.es\/ecplab\/categorized-tasks\/\">Categorized Tasks<\/a>\u201d, with the difference that in the first pattern the lists follow an established order (in the two examples showed above, this precedence is temporal), while in the second one, they generally represent independent topics, without relationship or precedence between them.<\/p>\n\n\n\n<p><strong>Example:<\/strong><\/p>\n\n\n\n<div class=\"wp-block-image\"><figure class=\"aligncenter\"><img src=\"https:\/\/user-images.githubusercontent.com\/47741431\/110648556-19664e00-81b9-11eb-95fe-36ff3a0aed28.png\" alt=\"image\"\/><\/figure><\/div>\n\n\n\n<p>In this template we are representing the six phases in which the project is divided. In each list we have all the task that we have to do for completing the phase. Phases are ordered, in this case, temporarily, by the time in real life that each phase occurs and their precedences (Pre-Sprint Prep is before Understand, Understand is before Diverge&#8230;)<\/p>\n\n\n\n<p><strong>Trello Templates<\/strong> <strong>Examples:<\/strong><\/p>\n\n\n\n<ul><li><a href=\"https:\/\/trello.com\/templates\/operations-hr\/30-60-90-day-plan-template-a597dVjV\">90 day plan<\/a><\/li><li><a href=\"https:\/\/trello.com\/templates\/support\/building-a-customer-feedback-program-C2ZIBftB\">Building A Customer Feedback Program<\/a><\/li><li><a href=\"https:\/\/trello.com\/templates\/design\/design-sprint-6NanhvtF\">Design Sprint<\/a><\/li><li><a href=\"https:\/\/trello.com\/templates\/education\/project-based-learning-suSC9geN\">Project Based Learning<\/a><\/li><li><a href=\"Teaching: Weekly Planning\">Teaching: Weekly Planning<\/a><\/li><li><a href=\"https:\/\/trello.com\/templates\/personal\/wedding-party-wFECC39M\">Wedding Party<\/a><\/li><li><a href=\"https:\/\/trello.com\/templates\/personal\/wedding-planning-JeOMdNMH\">Wedding Planning<\/a><\/li><\/ul>\n","protected":false,"raw":"<!-- wp:heading {\"level\":1} -->\n<h1>Pattern:\u202fPROCESS TASKS<\/h1>\n<!-- \/wp:heading -->\n\n<!-- wp:paragraph -->\n<p><strong>Problem:<\/strong>\u202f Situations or projects in which we have to provide a sequenced tasks guide, divided and ordered according to the different stages that make up the process.<\/p>\n<!-- \/wp:paragraph -->\n\n<!-- wp:paragraph -->\n<p><strong>Motivation:<\/strong>&nbsp;We will use this pattern when we want to detail the tasks to be done to make up a process. With this pattern we want to focus on the task list, not in the state of each task at each moment (as in a Kanban). One of the most frequent uses of this pattern is enumerating all the steps (tasks) that we have to do for make up a step of a project, represented in the lists. When we complete all tasks of all lists, we would have completed the project.<\/p>\n<!-- \/wp:paragraph -->\n\n<!-- wp:paragraph -->\n<p><strong>Solution and graphic representation:<\/strong>\u202f Each list represents a phase of the process that we are representing with the whole board. Cards are the tasks of each phase. In this way, we will provide the user a sequenced guide for completing the process, as the steps of a recipe.<\/p>\n<!-- \/wp:paragraph -->\n\n<!-- wp:image {\"align\":\"center\",\"sizeSlug\":\"large\",\"linkDestination\":\"custom\"} -->\n<div class=\"wp-block-image\"><figure class=\"aligncenter size-large\"><a href=\"https:\/\/user-images.githubusercontent.com\/47741431\/110808758-96122e80-8284-11eb-9d0b-9b7a12452d2c.png\" target=\"_blank\" rel=\"noopener noreferrer\"><img src=\"https:\/\/user-images.githubusercontent.com\/47741431\/110809788-847d5680-8285-11eb-9387-5eb8d787431f.png\" alt=\"process tasks board design\"\/><\/a><\/figure><\/div>\n<!-- \/wp:image -->\n\n<!-- wp:paragraph -->\n<p><strong>Related Patterns:<\/strong><\/p>\n<!-- \/wp:paragraph -->\n\n<!-- wp:paragraph -->\n<p>This pattern is quite similar to \"<a href=\"http:\/\/grupo.us.es\/ecplab\/kanban\/\">Kanban<\/a>\", but in this pattern the cards don\u2019t flow between lists. We will choose \"<a href=\"http:\/\/grupo.us.es\/ecplab\/kanban\/\">Kanban<\/a>\" if we want to focus on the evolution of each card, while we will choose \u201cProcess Task\u201d if we want to have \u201cto-do\u201d lists of tasks for each phase of the project, following a determined order, but without managing its evolution with the time.<\/p>\n<!-- \/wp:paragraph -->\n\n<!-- wp:paragraph -->\n<p>\u201cProcess Tasks\u201d is also similar to \u201c<a href=\"http:\/\/grupo.us.es\/ecplab\/categorized-tasks\/\">Categorized Tasks<\/a>\u201d, with the difference that in the first pattern the lists follow an established order (in the two examples showed above, this precedence is temporal), while in the second one, they generally represent independent topics, without relationship or precedence between them.<\/p>\n<!-- \/wp:paragraph -->\n\n<!-- wp:paragraph -->\n<p><strong>Example:<\/strong><\/p>\n<!-- \/wp:paragraph -->\n\n<!-- wp:image {\"align\":\"center\"} -->\n<div class=\"wp-block-image\"><figure class=\"aligncenter\"><img src=\"https:\/\/user-images.githubusercontent.com\/47741431\/110648556-19664e00-81b9-11eb-95fe-36ff3a0aed28.png\" alt=\"image\"\/><\/figure><\/div>\n<!-- \/wp:image -->\n\n<!-- wp:paragraph -->\n<p>In this template we are representing the six phases in which the project is divided. In each list we have all the task that we have to do for completing the phase. Phases are ordered, in this case, temporarily, by the time in real life that each phase occurs and their precedences (Pre-Sprint Prep is before Understand, Understand is before Diverge...)<\/p>\n<!-- \/wp:paragraph -->\n\n<!-- wp:paragraph -->\n<p><strong>Trello Templates<\/strong> <strong>Examples:<\/strong><\/p>\n<!-- \/wp:paragraph -->\n\n<!-- wp:list -->\n<ul><li><a href=\"https:\/\/trello.com\/templates\/operations-hr\/30-60-90-day-plan-template-a597dVjV\">90 day plan<\/a><\/li><li><a href=\"https:\/\/trello.com\/templates\/support\/building-a-customer-feedback-program-C2ZIBftB\">Building A Customer Feedback Program<\/a><\/li><li><a href=\"https:\/\/trello.com\/templates\/design\/design-sprint-6NanhvtF\">Design Sprint<\/a><\/li><li><a href=\"https:\/\/trello.com\/templates\/education\/project-based-learning-suSC9geN\">Project Based Learning<\/a><\/li><li><a href=\"Teaching: Weekly Planning\">Teaching: Weekly Planning<\/a><\/li><li><a href=\"https:\/\/trello.com\/templates\/personal\/wedding-party-wFECC39M\">Wedding Party<\/a><\/li><li><a href=\"https:\/\/trello.com\/templates\/personal\/wedding-planning-JeOMdNMH\">Wedding Planning<\/a><\/li><\/ul>\n<!-- \/wp:list -->"},"excerpt":{"rendered":"","protected":false,"raw":""},"author":3,"featured_media":0,"parent":0,"menu_order":0,"comment_status":"closed","ping_status":"closed","template":"","meta":{"_es_post_content":"<!-- wp:heading {\"level\":1} -->\n<h1>Patr\u00f3n:\u202fPROCESS TASKS<\/h1>\n<!-- \/wp:heading -->\n\n<!-- wp:paragraph -->\n<p><strong>Problema<\/strong>: Situaciones o proyectos en los que necesitamos una gu\u00eda de tareas secuenciadas, divididas y ordenadas seg\u00fan las diferentes etapas que componen el proceso.<\/p>\n<!-- \/wp:paragraph -->\n\n<!-- wp:paragraph -->\n<p><strong>Motivaci\u00f3n<\/strong>: Usaremos este patr\u00f3n cuando queramos detallar las tareas a realizar para llevar a cabo un proceso. Con este patr\u00f3n nos centraremos en la lista de tareas, no en el estado de cada tarea en cada momento (como en <a href=\"http:\/\/grupo.us.es\/ecplab\/kanban\/\">Kanban<\/a>). Uno de los usos m\u00e1s frecuentes de este patr\u00f3n es enumerar todos los pasos (tareas) que tenemos que realizar para completar un paso de un proyecto, representados en las listas. Cuando completemos todas las tareas de todas las listas, habremos completado el proyecto.<\/p>\n<!-- \/wp:paragraph -->\n\n<!-- wp:paragraph -->\n<p><strong>Soluci\u00f3n y representaci\u00f3n gr\u00e1fica<\/strong>: Cada lista representa una fase del proceso que estamos representando en el tablero. Las cartas son las tareas de cada fase o etapa. De esta forma, proporcionaremos al usuario una gu\u00eda secuenciada para completar el proceso, como si fueran los pasos de una receta.<\/p>\n<!-- \/wp:paragraph -->\n\n<!-- wp:image {\"align\":\"center\",\"sizeSlug\":\"large\",\"linkDestination\":\"custom\"} -->\n<div class=\"wp-block-image\"><figure class=\"aligncenter size-large\"><a href=\"https:\/\/user-images.githubusercontent.com\/47741431\/110808758-96122e80-8284-11eb-9d0b-9b7a12452d2c.png\" target=\"_blank\" rel=\"noopener noreferrer\"><img src=\"https:\/\/user-images.githubusercontent.com\/47741431\/110809788-847d5680-8285-11eb-9387-5eb8d787431f.png\" alt=\"process tasks board design\"\/><\/a><\/figure><\/div>\n<!-- \/wp:image -->\n\n<!-- wp:paragraph -->\n<p><strong>Patrones Relacionados:<\/strong><\/p>\n<!-- \/wp:paragraph -->\n\n<!-- wp:paragraph -->\n<p>Este patr\u00f3n es bastante similar a \"<a href=\"http:\/\/grupo.us.es\/ecplab\/kanban\/\">Kanban<\/a>\", pero en \"Process Tasks\" las cartas no fluyen entre listas. Elegiremos \"<a href=\"http:\/\/grupo.us.es\/ecplab\/kanban\/\">Kanban<\/a>\" si queremos centrarnos en la evoluci\u00f3n de cada tarea, mientras que elegiremos \"Process Tasks\" si queremos tener listas de tareas \"por hacer\" para cada fase del proyecto, siguiendo un orden determinado , pero sin gestionar su evoluci\u00f3n con el paso del tiempo en la vida real.<\/p>\n<!-- \/wp:paragraph -->\n\n<!-- wp:paragraph -->\n<p>\u201cProcess Tasks\u201d tambi\u00e9n es similar a \u201c<a href=\"http:\/\/grupo.us.es\/ecplab\/categorized-tasks\/\">Categorized Tasks<\/a>\u201d, con la diferencia de que en el primer patr\u00f3n, las listas siguen un orden establecido, mientras que en \"<a href=\"http:\/\/grupo.us.es\/ecplab\/categorized-tasks\/\">Categorized Tasks<\/a>\", generalmente representan temas independientes, sin relaci\u00f3n, ni orden, ni precedencia entre ellos.<\/p>\n<!-- \/wp:paragraph -->\n\n<!-- wp:paragraph -->\n<p><strong>Ejemplo:<\/strong><\/p>\n<!-- \/wp:paragraph -->\n\n<!-- wp:image {\"align\":\"center\"} -->\n<div class=\"wp-block-image\"><figure class=\"aligncenter\"><img src=\"https:\/\/user-images.githubusercontent.com\/47741431\/110648556-19664e00-81b9-11eb-95fe-36ff3a0aed28.png\" alt=\"image\"\/><\/figure><\/div>\n<!-- \/wp:image -->\n\n<!-- wp:paragraph -->\n<p>En esta plantilla representamos las seis fases en las que se divide el proyeceto. En cada lista tenemos todas las tareas que debemos realizar para completar dicha fase. Las fases (listas) est\u00e1n ordenadas, en este caso, temporalmente, siguiento el orden en que se realizar\u00edan en la vida real y sus respectivas precedencias (\"Pre-Sprint va antes que \"Understand\", \"Understand\" antes que \"Diverge\"...).<\/p>\n<!-- \/wp:paragraph -->\n\n<!-- wp:paragraph -->\n<p><strong>Ejemplos de Plantillas de Trello:<\/strong><\/p>\n<!-- \/wp:paragraph -->\n\n<!-- wp:list -->\n<ul><li><a href=\"https:\/\/trello.com\/templates\/operations-hr\/30-60-90-day-plan-template-a597dVjV\">90 day plan<\/a><\/li><li><a href=\"https:\/\/trello.com\/templates\/support\/building-a-customer-feedback-program-C2ZIBftB\">Building A Customer Feedback Program<\/a><\/li><li><a href=\"https:\/\/trello.com\/templates\/design\/design-sprint-6NanhvtF\">Design Sprint<\/a><\/li><li><a href=\"https:\/\/trello.com\/templates\/education\/project-based-learning-suSC9geN\">Project Based Learning<\/a><\/li><li><a href=\"Teaching: Weekly Planning\">Teaching: Weekly Planning<\/a><\/li><li><a href=\"https:\/\/trello.com\/templates\/personal\/wedding-party-wFECC39M\">Wedding Party<\/a><\/li><li><a href=\"https:\/\/trello.com\/templates\/personal\/wedding-planning-JeOMdNMH\">Wedding Planning<\/a><\/li><\/ul>\n<!-- \/wp:list -->","_es_post_name":"process-tasks","_es_post_excerpt":"","_es_post_title":"PROCESS TASKS","_en_post_content":"<!-- wp:heading {\"level\":1} -->\n<h1>Pattern:\u202fPROCESS TASKS<\/h1>\n<!-- \/wp:heading -->\n\n<!-- wp:paragraph -->\n<p><strong>Problem:<\/strong>\u202f Situations or projects in which we have to provide a sequenced tasks guide, divided and ordered according to the different stages that make up the process.<\/p>\n<!-- \/wp:paragraph -->\n\n<!-- wp:paragraph -->\n<p><strong>Motivation:<\/strong>&nbsp;We will use this pattern when we want to detail the tasks to be done to make up a process. With this pattern we want to focus on the task list, not in the state of each task at each moment (as in a Kanban). One of the most frequent uses of this pattern is enumerating all the steps (tasks) that we have to do for make up a step of a project, represented in the lists. When we complete all tasks of all lists, we would have completed the project.<\/p>\n<!-- \/wp:paragraph -->\n\n<!-- wp:paragraph -->\n<p><strong>Solution and graphic representation:<\/strong>\u202f Each list represents a phase of the process that we are representing with the whole board. Cards are the tasks of each phase. In this way, we will provide the user a sequenced guide for completing the process, as the steps of a recipe.<\/p>\n<!-- \/wp:paragraph -->\n\n<!-- wp:image {\"align\":\"center\",\"sizeSlug\":\"large\",\"linkDestination\":\"custom\"} -->\n<div class=\"wp-block-image\"><figure class=\"aligncenter size-large\"><a href=\"https:\/\/user-images.githubusercontent.com\/47741431\/110808758-96122e80-8284-11eb-9d0b-9b7a12452d2c.png\" target=\"_blank\" rel=\"noopener noreferrer\"><img src=\"https:\/\/user-images.githubusercontent.com\/47741431\/110809788-847d5680-8285-11eb-9387-5eb8d787431f.png\" alt=\"process tasks board design\"\/><\/a><\/figure><\/div>\n<!-- \/wp:image -->\n\n<!-- wp:paragraph -->\n<p><strong>Related Patterns:<\/strong><\/p>\n<!-- \/wp:paragraph -->\n\n<!-- wp:paragraph -->\n<p>This pattern is quite similar to \"<a href=\"http:\/\/grupo.us.es\/ecplab\/kanban\/\">Kanban<\/a>\", but in this pattern the cards don\u2019t flow between lists. We will choose \"<a href=\"http:\/\/grupo.us.es\/ecplab\/kanban\/\">Kanban<\/a>\" if we want to focus on the evolution of each card, while we will choose \u201cProcess Task\u201d if we want to have \u201cto-do\u201d lists of tasks for each phase of the project, following a determined order, but without managing its evolution with the time.<\/p>\n<!-- \/wp:paragraph -->\n\n<!-- wp:paragraph -->\n<p>\u201cProcess Tasks\u201d is also similar to \u201c<a href=\"http:\/\/grupo.us.es\/ecplab\/categorized-tasks\/\">Categorized Tasks<\/a>\u201d, with the difference that in the first pattern the lists follow an established order (in the two examples showed above, this precedence is temporal), while in the second one, they generally represent independent topics, without relationship or precedence between them.<\/p>\n<!-- \/wp:paragraph -->\n\n<!-- wp:paragraph -->\n<p><strong>Example:<\/strong><\/p>\n<!-- \/wp:paragraph -->\n\n<!-- wp:image {\"align\":\"center\"} -->\n<div class=\"wp-block-image\"><figure class=\"aligncenter\"><img src=\"https:\/\/user-images.githubusercontent.com\/47741431\/110648556-19664e00-81b9-11eb-95fe-36ff3a0aed28.png\" alt=\"image\"\/><\/figure><\/div>\n<!-- \/wp:image -->\n\n<!-- wp:paragraph -->\n<p>In this template we are representing the six phases in which the project is divided. In each list we have all the task that we have to do for completing the phase. Phases are ordered, in this case, temporarily, by the time in real life that each phase occurs and their precedences (Pre-Sprint Prep is before Understand, Understand is before Diverge...)<\/p>\n<!-- \/wp:paragraph -->\n\n<!-- wp:paragraph -->\n<p><strong>Trello Templates<\/strong> <strong>Examples:<\/strong><\/p>\n<!-- \/wp:paragraph -->\n\n<!-- wp:list -->\n<ul><li><a href=\"https:\/\/trello.com\/templates\/operations-hr\/30-60-90-day-plan-template-a597dVjV\">90 day plan<\/a><\/li><li><a href=\"https:\/\/trello.com\/templates\/support\/building-a-customer-feedback-program-C2ZIBftB\">Building A Customer Feedback Program<\/a><\/li><li><a href=\"https:\/\/trello.com\/templates\/design\/design-sprint-6NanhvtF\">Design Sprint<\/a><\/li><li><a href=\"https:\/\/trello.com\/templates\/education\/project-based-learning-suSC9geN\">Project Based Learning<\/a><\/li><li><a href=\"Teaching: Weekly Planning\">Teaching: Weekly Planning<\/a><\/li><li><a href=\"https:\/\/trello.com\/templates\/personal\/wedding-party-wFECC39M\">Wedding Party<\/a><\/li><li><a href=\"https:\/\/trello.com\/templates\/personal\/wedding-planning-JeOMdNMH\">Wedding Planning<\/a><\/li><\/ul>\n<!-- \/wp:list -->","_en_post_name":"","_en_post_excerpt":"","_en_post_title":"PROCESS TASKS","edit_language":"en"},"yoast_head":"<!-- This site is optimized with the Yoast SEO plugin v16.0.1 - https:\/\/yoast.com\/wordpress\/plugins\/seo\/ -->\n<title>PROCESS TASKS - ECP - Enterprise Conversation Planning<\/title>\n<meta name=\"description\" content=\"Description and examples of &quot;Process Tasks&quot; design pattern for board - based collaborative work management software tools.\" \/>\n<link rel=\"canonical\" href=\"https:\/\/grupo.us.es\/ecplab\/en\/process-tasks\/\" \/>\n<meta property=\"og:locale\" content=\"en_GB\" \/>\n<meta property=\"og:type\" content=\"article\" \/>\n<meta property=\"og:title\" content=\"PROCESS TASKS - ECP - Enterprise Conversation Planning\" \/>\n<meta property=\"og:description\" content=\"Description and examples of &quot;Process Tasks&quot; design pattern for board - based collaborative work management software tools.\" \/>\n<meta property=\"og:url\" content=\"https:\/\/grupo.us.es\/ecplab\/en\/process-tasks\/\" \/>\n<meta property=\"og:site_name\" content=\"ECP - Enterprise Conversation Planning\" \/>\n<meta property=\"article:modified_time\" content=\"2021-04-08T10:13:34+00:00\" \/>\n<meta property=\"og:image\" content=\"https:\/\/user-images.githubusercontent.com\/47741431\/110809788-847d5680-8285-11eb-9387-5eb8d787431f.png\" \/>\n<meta name=\"twitter:card\" content=\"summary_large_image\" \/>\n<meta name=\"twitter:label1\" content=\"Est. reading time\">\n\t<meta name=\"twitter:data1\" content=\"2 minutes\">\n<script type=\"application\/ld+json\" class=\"yoast-schema-graph\">{\"@context\":\"https:\/\/schema.org\",\"@graph\":[{\"@type\":\"WebSite\",\"@id\":\"https:\/\/grupo.us.es\/ecplab\/en\/#website\",\"url\":\"https:\/\/grupo.us.es\/ecplab\/en\/\",\"name\":\"ECP - Enterprise Conversation Planning\",\"description\":\"Research on Digitalized Productivity Management - University of Seville\",\"potentialAction\":[{\"@type\":\"SearchAction\",\"target\":\"https:\/\/grupo.us.es\/ecplab\/en\/?s={search_term_string}\",\"query-input\":\"required name=search_term_string\"}],\"inLanguage\":\"en-GB\"},{\"@type\":\"ImageObject\",\"@id\":\"https:\/\/grupo.us.es\/ecplab\/en\/process-tasks\/#primaryimage\",\"inLanguage\":\"en-GB\",\"url\":\"https:\/\/user-images.githubusercontent.com\/47741431\/110809788-847d5680-8285-11eb-9387-5eb8d787431f.png\"},{\"@type\":\"WebPage\",\"@id\":\"https:\/\/grupo.us.es\/ecplab\/en\/process-tasks\/#webpage\",\"url\":\"https:\/\/grupo.us.es\/ecplab\/en\/process-tasks\/\",\"name\":\"PROCESS TASKS - ECP - Enterprise Conversation Planning\",\"isPartOf\":{\"@id\":\"https:\/\/grupo.us.es\/ecplab\/en\/#website\"},\"primaryImageOfPage\":{\"@id\":\"https:\/\/grupo.us.es\/ecplab\/en\/process-tasks\/#primaryimage\"},\"datePublished\":\"2021-03-22T10:34:16+00:00\",\"dateModified\":\"2021-04-08T10:13:34+00:00\",\"description\":\"Description and examples of \\\"Process Tasks\\\" design pattern for board - based collaborative work management software tools.\",\"breadcrumb\":{\"@id\":\"https:\/\/grupo.us.es\/ecplab\/en\/process-tasks\/#breadcrumb\"},\"inLanguage\":\"en-GB\",\"potentialAction\":[{\"@type\":\"ReadAction\",\"target\":[\"https:\/\/grupo.us.es\/ecplab\/en\/process-tasks\/\"]}]},{\"@type\":\"BreadcrumbList\",\"@id\":\"https:\/\/grupo.us.es\/ecplab\/en\/process-tasks\/#breadcrumb\",\"itemListElement\":[{\"@type\":\"ListItem\",\"position\":1,\"item\":{\"@type\":\"WebPage\",\"@id\":\"https:\/\/grupo.us.es\/ecplab\/en\/\",\"url\":\"https:\/\/grupo.us.es\/ecplab\/en\/\",\"name\":\"Portada\"}},{\"@type\":\"ListItem\",\"position\":2,\"item\":{\"@type\":\"WebPage\",\"@id\":\"https:\/\/grupo.us.es\/ecplab\/en\/process-tasks\/\",\"url\":\"https:\/\/grupo.us.es\/ecplab\/en\/process-tasks\/\",\"name\":\"PROCESS TASKS\"}}]}]}<\/script>\n<!-- \/ Yoast SEO plugin. -->","_links":{"self":[{"href":"https:\/\/grupo.us.es\/ecplab\/wp-json\/wp\/v2\/pages\/210"}],"collection":[{"href":"https:\/\/grupo.us.es\/ecplab\/wp-json\/wp\/v2\/pages"}],"about":[{"href":"https:\/\/grupo.us.es\/ecplab\/wp-json\/wp\/v2\/types\/page"}],"author":[{"embeddable":true,"href":"https:\/\/grupo.us.es\/ecplab\/wp-json\/wp\/v2\/users\/3"}],"replies":[{"embeddable":true,"href":"https:\/\/grupo.us.es\/ecplab\/wp-json\/wp\/v2\/comments?post=210"}],"version-history":[{"count":9,"href":"https:\/\/grupo.us.es\/ecplab\/wp-json\/wp\/v2\/pages\/210\/revisions"}],"predecessor-version":[{"id":435,"href":"https:\/\/grupo.us.es\/ecplab\/wp-json\/wp\/v2\/pages\/210\/revisions\/435"}],"wp:attachment":[{"href":"https:\/\/grupo.us.es\/ecplab\/wp-json\/wp\/v2\/media?parent=210"}],"curies":[{"name":"wp","href":"https:\/\/api.w.org\/{rel}","templated":true}]}}