{"id":206,"date":"2021-03-22T10:32:29","date_gmt":"2021-03-22T10:32:29","guid":{"rendered":"http:\/\/grupo.us.es\/ecplab\/?page_id=206"},"modified":"2021-04-08T09:59:55","modified_gmt":"2021-04-08T09:59:55","slug":"","status":"publish","type":"page","link":"https:\/\/grupo.us.es\/ecplab\/ordered-information\/","title":{"rendered":"ORDERED INFORMATION","raw":"ORDERED INFORMATION"},"content":{"rendered":"\n<h1>Pattern:\u202fORDERED INFORMATION<\/h1>\n\n\n\n<p><strong>Problem:<\/strong>\u202fSituations or projects in which we have to organize information in lists that follow some kind of sorting criteria.<\/p>\n\n\n\n<p><strong>Motivation:<\/strong> We will use this pattern when we want to clasify information and there is a relevant order for prioritizing that resources and we need to focus not only in the classification, but also in the order between the categories. One of the most frequent uses of this pattern is having an editorial calendar, or some variant of this, as for example representing people instead of temporal divisions. This pattern will allow the user to manage static information with a determined order.<\/p>\n\n\n\n<p><strong>Solution and graphic representation:<\/strong>\u202fEach list represents a possible subdivision for storing the information, as for example temporal divisions (weeks, months\u2026). These lists must be ordered or have some precedence relationship, not as in \u201cCategorized Information\u201d, where topics are completely independents. Each card will be stored in one and only one list, without flow between different lists.<\/p>\n\n\n\n<div class=\"wp-block-image\"><figure class=\"aligncenter size-large\"><a href=\"https:\/\/user-images.githubusercontent.com\/47741431\/110808758-96122e80-8284-11eb-9d0b-9b7a12452d2c.png\" target=\"_blank\" rel=\"noopener noreferrer\"><img src=\"https:\/\/user-images.githubusercontent.com\/47741431\/110809281-08830e80-8285-11eb-8427-158b0fc6ff94.png\" alt=\"ordered information\"\/><\/a><\/figure><\/div>\n\n\n\n<p><strong>Related Patterns:<\/strong><\/p>\n\n\n\n<p>This pattern is quite similar to \u201c<a href=\"http:\/\/grupo.us.es\/ecplab\/categorized-information\/\">Categorized Information<\/a>\u201d, differing from each other in whether there ir presence or abscence of order between the lists. We will choose one or another depending on what do we want to represent in the list: for example, if we represent months, as in the first example of this pattern, we will use \u201cOrdered Information\u201d, because the months have a determined order. Nevertheless, if we are going to represent independent topics, without any type of rank between them, we will use \u201c<a href=\"http:\/\/grupo.us.es\/ecplab\/categorized-information\/\">Categorized Information<\/a>\u201d.<\/p>\n\n\n\n<p><strong>Example:<\/strong><\/p>\n\n\n\n<div class=\"wp-block-image\"><figure class=\"aligncenter is-resized\"><img loading=\"lazy\" src=\"https:\/\/user-images.githubusercontent.com\/47741431\/110646575-4d407400-81b7-11eb-9894-95cd04328e43.png\" alt=\"image\" width=\"649\" height=\"254\"\/><\/figure><\/div>\n\n\n\n<p>In this template we are representing an annual editorial calendar. Each list is a month of the year, and into each one we will put the publications of that period, represented by the cards. We will be able to add all relevant information of the publication in the card elements (due date, writer or platform of publication, for example). As months are ordered, following the natural order of the calendar, we use \u201cOrdered Information\u201d instead of \u201cCategorized Information\u201d.<\/p>\n\n\n\n<p><strong>Trello Templates<\/strong> <strong>Examples:<\/strong><\/p>\n\n\n\n<ul><li><a href=\"https:\/\/trello.com\/templates\/marketing\/annual-email-marketing-calendar-VCaIAYFR\">Annual Email Marketing Calendar<\/a><\/li><li><a href=\"https:\/\/trello.com\/templates\/marketing\/blog-content-schedule-Y84uxh4d\">Blog Content Schedule<\/a><\/li><li><a href=\"https:\/\/trello.com\/templates\/business\/company-overview-lGQZunS7\">Company Overview<\/a><\/li><li><a href=\"https:\/\/trello.com\/templates\/marketing\/copywriting-D4zmNSO4\">Copywriting<\/a><\/li><li><a href=\"https:\/\/trello.com\/templates\/personal\/discover-the-best-of-rome-in-48-hours-DMjcCS8A\">Discover the best of Rome in 48 hours<\/a><\/li><li><a href=\"https:\/\/trello.com\/templates\/design\/freelance-branding-project-Z5m66HsJ\">Freelance Branding Project<\/a><\/li><li><a href=\"https:\/\/trello.com\/templates\/team-management\/offsite-planning-QFFN55LD\">Offsite Planning<\/a><\/li><li><a href=\"https:\/\/trello.com\/templates\/product-management\/tability's-public-start-up-roadmap-tixmANrR\">Tability&#8217;s Public Start Up Roadmap<\/a><\/li><li><a href=\"https:\/\/trello.com\/templates\/business\/town-hall-meetings-K0ZOiQ7U\">Town Hall Meetings<\/a><\/li><\/ul>\n","protected":false,"raw":"<!-- wp:heading {\"level\":1} -->\n<h1>Pattern:\u202fORDERED INFORMATION<\/h1>\n<!-- \/wp:heading -->\n\n<!-- wp:paragraph -->\n<p><strong>Problem:<\/strong>\u202fSituations or projects in which we have to organize information in lists that follow some kind of sorting criteria.<\/p>\n<!-- \/wp:paragraph -->\n\n<!-- wp:paragraph -->\n<p><strong>Motivation:<\/strong> We will use this pattern when we want to clasify information and there is a relevant order for prioritizing that resources and we need to focus not only in the classification, but also in the order between the categories. One of the most frequent uses of this pattern is having an editorial calendar, or some variant of this, as for example representing people instead of temporal divisions. This pattern will allow the user to manage static information with a determined order.<\/p>\n<!-- \/wp:paragraph -->\n\n<!-- wp:paragraph -->\n<p><strong>Solution and graphic representation:<\/strong>\u202fEach list represents a possible subdivision for storing the information, as for example temporal divisions (weeks, months\u2026). These lists must be ordered or have some precedence relationship, not as in \u201cCategorized Information\u201d, where topics are completely independents. Each card will be stored in one and only one list, without flow between different lists.<\/p>\n<!-- \/wp:paragraph -->\n\n<!-- wp:image {\"align\":\"center\",\"sizeSlug\":\"large\",\"linkDestination\":\"custom\"} -->\n<div class=\"wp-block-image\"><figure class=\"aligncenter size-large\"><a href=\"https:\/\/user-images.githubusercontent.com\/47741431\/110808758-96122e80-8284-11eb-9d0b-9b7a12452d2c.png\" target=\"_blank\" rel=\"noopener noreferrer\"><img src=\"https:\/\/user-images.githubusercontent.com\/47741431\/110809281-08830e80-8285-11eb-8427-158b0fc6ff94.png\" alt=\"ordered information\"\/><\/a><\/figure><\/div>\n<!-- \/wp:image -->\n\n<!-- wp:paragraph -->\n<p><strong>Related Patterns:<\/strong><\/p>\n<!-- \/wp:paragraph -->\n\n<!-- wp:paragraph -->\n<p>This pattern is quite similar to \u201c<a href=\"http:\/\/grupo.us.es\/ecplab\/categorized-information\/\">Categorized Information<\/a>\u201d, differing from each other in whether there ir presence or abscence of order between the lists. We will choose one or another depending on what do we want to represent in the list: for example, if we represent months, as in the first example of this pattern, we will use \u201cOrdered Information\u201d, because the months have a determined order. Nevertheless, if we are going to represent independent topics, without any type of rank between them, we will use \u201c<a href=\"http:\/\/grupo.us.es\/ecplab\/categorized-information\/\">Categorized Information<\/a>\u201d.<\/p>\n<!-- \/wp:paragraph -->\n\n<!-- wp:paragraph -->\n<p><strong>Example:<\/strong><\/p>\n<!-- \/wp:paragraph -->\n\n<!-- wp:image {\"align\":\"center\",\"width\":649,\"height\":254} -->\n<div class=\"wp-block-image\"><figure class=\"aligncenter is-resized\"><img src=\"https:\/\/user-images.githubusercontent.com\/47741431\/110646575-4d407400-81b7-11eb-9894-95cd04328e43.png\" alt=\"image\" width=\"649\" height=\"254\"\/><\/figure><\/div>\n<!-- \/wp:image -->\n\n<!-- wp:paragraph -->\n<p>In this template we are representing an annual editorial calendar. Each list is a month of the year, and into each one we will put the publications of that period, represented by the cards. We will be able to add all relevant information of the publication in the card elements (due date, writer or platform of publication, for example). As months are ordered, following the natural order of the calendar, we use \u201cOrdered Information\u201d instead of \u201cCategorized Information\u201d.<\/p>\n<!-- \/wp:paragraph -->\n\n<!-- wp:paragraph -->\n<p><strong>Trello Templates<\/strong> <strong>Examples:<\/strong><\/p>\n<!-- \/wp:paragraph -->\n\n<!-- wp:list -->\n<ul><li><a href=\"https:\/\/trello.com\/templates\/marketing\/annual-email-marketing-calendar-VCaIAYFR\">Annual Email Marketing Calendar<\/a><\/li><li><a href=\"https:\/\/trello.com\/templates\/marketing\/blog-content-schedule-Y84uxh4d\">Blog Content Schedule<\/a><\/li><li><a href=\"https:\/\/trello.com\/templates\/business\/company-overview-lGQZunS7\">Company Overview<\/a><\/li><li><a href=\"https:\/\/trello.com\/templates\/marketing\/copywriting-D4zmNSO4\">Copywriting<\/a><\/li><li><a href=\"https:\/\/trello.com\/templates\/personal\/discover-the-best-of-rome-in-48-hours-DMjcCS8A\">Discover the best of Rome in 48 hours<\/a><\/li><li><a href=\"https:\/\/trello.com\/templates\/design\/freelance-branding-project-Z5m66HsJ\">Freelance Branding Project<\/a><\/li><li><a href=\"https:\/\/trello.com\/templates\/team-management\/offsite-planning-QFFN55LD\">Offsite Planning<\/a><\/li><li><a href=\"https:\/\/trello.com\/templates\/product-management\/tability's-public-start-up-roadmap-tixmANrR\">Tability's Public Start Up Roadmap<\/a><\/li><li><a href=\"https:\/\/trello.com\/templates\/business\/town-hall-meetings-K0ZOiQ7U\">Town Hall Meetings<\/a><\/li><\/ul>\n<!-- \/wp:list -->"},"excerpt":{"rendered":"","protected":false,"raw":""},"author":3,"featured_media":0,"parent":0,"menu_order":0,"comment_status":"closed","ping_status":"closed","template":"","meta":{"_es_post_content":"<!-- wp:heading {\"level\":1} -->\n<h1>Patr\u00f3n:\u202fORDERED INFORMATION<\/h1>\n<!-- \/wp:heading -->\n\n<!-- wp:paragraph -->\n<p><strong>Problema<\/strong>: Situaciones o proyectos en los que tenemos que organizar la informaci\u00f3n en listas que siguen alg\u00fan criterio de ordenaci\u00f3n.<\/p>\n<!-- \/wp:paragraph -->\n\n<!-- wp:paragraph -->\n<p><strong>Motivaci\u00f3n<\/strong>: Usaremos este patr\u00f3n cuando queramos clasificar informaci\u00f3n, siempre que exista un orden relevante para priorizarla y necesitamos enfocarnos no solo en su clasificaci\u00f3n, sino tambi\u00e9n en el orden entre dichas categor\u00edas. Uno de los usos m\u00e1s frecuentes de este patr\u00f3n es tener un calendario editorial, o alguna variante, como por ejemplo, representar personas en lugar de divisiones temporales. Este patr\u00f3n permitir\u00e1 al usuario gestionar informaci\u00f3n est\u00e1tica con un orden determinado.<\/p>\n<!-- \/wp:paragraph -->\n\n<!-- wp:paragraph -->\n<p><strong>Soluci\u00f3n y representaci\u00f3n gr\u00e1fica<\/strong>: Cada lista representa una posible subdivisi\u00f3n para almacenar la informaci\u00f3n, como por ejemplo divisiones temporales (semanas, meses\u2026). Estas listas deben estar ordenadas o tener alguna relaci\u00f3n de precedencia, no como en \u201c<a href=\"http:\/\/grupo.us.es\/ecplab\/categorized-information\/\">Categorized Information<\/a>\", donde las categor\u00edas (listas) son completamente independientes. Cada carta se almacenar\u00e1 en una y solo una lista, sin posibilidad de flujo entre las diferentes listas.<\/p>\n<!-- \/wp:paragraph -->\n\n<!-- wp:image {\"align\":\"center\",\"sizeSlug\":\"large\",\"linkDestination\":\"custom\"} -->\n<div class=\"wp-block-image\"><figure class=\"aligncenter size-large\"><a href=\"https:\/\/user-images.githubusercontent.com\/47741431\/110808758-96122e80-8284-11eb-9d0b-9b7a12452d2c.png\" target=\"_blank\" rel=\"noopener noreferrer\"><img src=\"https:\/\/user-images.githubusercontent.com\/47741431\/110809281-08830e80-8285-11eb-8427-158b0fc6ff94.png\" alt=\"ordered information\"\/><\/a><\/figure><\/div>\n<!-- \/wp:image -->\n\n<!-- wp:paragraph -->\n<p><strong>Patrones Relacionados:<\/strong><\/p>\n<!-- \/wp:paragraph -->\n\n<!-- wp:paragraph -->\n<p>Este patr\u00f3n es bastante similar a \u201c<a href=\"http:\/\/grupo.us.es\/ecplab\/categorized-information\/\">Categorized Information<\/a>\u201d, diferenci\u00e1ndose entre s\u00ed en la presencia o ausencia de orden entre las listas. Elegiremos uno u otro en funci\u00f3n de lo que queramos representar en las listas: por ejemplo, si representamos meses, usaremos \u201cOrdered Information\u201d, porque los meses tienen un orden determinado . Sin embargo, si vamos a representar temas independientes, sin ning\u00fan tipo de precedencia entre ellos, usaremos \u201c<a href=\"http:\/\/grupo.us.es\/ecplab\/categorized-information\/\">Categorized Information<\/a>\u201d.<\/p>\n<!-- \/wp:paragraph -->\n\n<!-- wp:paragraph -->\n<p><strong>Ejemplo:<\/strong><\/p>\n<!-- \/wp:paragraph -->\n\n<!-- wp:image {\"align\":\"center\",\"width\":649,\"height\":254} -->\n<div class=\"wp-block-image\"><figure class=\"aligncenter is-resized\"><img src=\"https:\/\/user-images.githubusercontent.com\/47741431\/110646575-4d407400-81b7-11eb-9894-95cd04328e43.png\" alt=\"image\" width=\"649\" height=\"254\"\/><\/figure><\/div>\n<!-- \/wp:image -->\n\n<!-- wp:paragraph -->\n<p>En esta plantilla estamos representando un calendario editorial anual. Cada lista es un mes, y en cada una de ellas pondremos las publicaciones que se realizar\u00e1 en dicho per\u00edodo. Estas publicaciones ser\u00e1n representadas por cartas. Podremos a\u00f1adir informaci\u00f3n relevante de la publicaci\u00f3n en los elementos de la carta (fecha de vencimiento, escritor, o plataforma en la que se publicar\u00e1, por ejemplo). El orden de los meses es el natural, siendo esta la precedencia que estructura y ordena las listas del tablero.<\/p>\n<!-- \/wp:paragraph -->\n\n<!-- wp:paragraph -->\n<p><strong>Ejemplos de Plantillas de Trello:<\/strong><\/p>\n<!-- \/wp:paragraph -->\n\n<!-- wp:list -->\n<ul><li><a href=\"https:\/\/trello.com\/templates\/marketing\/annual-email-marketing-calendar-VCaIAYFR\">Annual Email Marketing Calendar<\/a><\/li><li><a href=\"https:\/\/trello.com\/templates\/marketing\/blog-content-schedule-Y84uxh4d\">Blog Content Schedule<\/a><\/li><li><a href=\"https:\/\/trello.com\/templates\/business\/company-overview-lGQZunS7\">Company Overview<\/a><\/li><li><a href=\"https:\/\/trello.com\/templates\/marketing\/copywriting-D4zmNSO4\">Copywriting<\/a><\/li><li><a href=\"https:\/\/trello.com\/templates\/personal\/discover-the-best-of-rome-in-48-hours-DMjcCS8A\">Discover the best of Rome in 48 hours<\/a><\/li><li><a href=\"https:\/\/trello.com\/templates\/design\/freelance-branding-project-Z5m66HsJ\">Freelance Branding Project<\/a><\/li><li><a href=\"https:\/\/trello.com\/templates\/team-management\/offsite-planning-QFFN55LD\">Offsite Planning<\/a><\/li><li><a href=\"https:\/\/trello.com\/templates\/product-management\/tability's-public-start-up-roadmap-tixmANrR\">Tability's Public Start Up Roadmap<\/a><\/li><li><a href=\"https:\/\/trello.com\/templates\/business\/town-hall-meetings-K0ZOiQ7U\">Town Hall Meetings<\/a><\/li><\/ul>\n<!-- \/wp:list -->","_es_post_name":"ordered-information","_es_post_excerpt":"","_es_post_title":"ORDERED INFORMATION","_en_post_content":"<!-- wp:heading {\"level\":1} -->\n<h1>Pattern:\u202fORDERED INFORMATION<\/h1>\n<!-- \/wp:heading -->\n\n<!-- wp:paragraph -->\n<p><strong>Problem:<\/strong>\u202fSituations or projects in which we have to organize information in lists that follow some kind of sorting criteria.<\/p>\n<!-- \/wp:paragraph -->\n\n<!-- wp:paragraph -->\n<p><strong>Motivation:<\/strong> We will use this pattern when we want to clasify information and there is a relevant order for prioritizing that resources and we need to focus not only in the classification, but also in the order between the categories. One of the most frequent uses of this pattern is having an editorial calendar, or some variant of this, as for example representing people instead of temporal divisions. This pattern will allow the user to manage static information with a determined order.<\/p>\n<!-- \/wp:paragraph -->\n\n<!-- wp:paragraph -->\n<p><strong>Solution and graphic representation:<\/strong>\u202fEach list represents a possible subdivision for storing the information, as for example temporal divisions (weeks, months\u2026). These lists must be ordered or have some precedence relationship, not as in \u201cCategorized Information\u201d, where topics are completely independents. Each card will be stored in one and only one list, without flow between different lists.<\/p>\n<!-- \/wp:paragraph -->\n\n<!-- wp:image {\"align\":\"center\",\"sizeSlug\":\"large\",\"linkDestination\":\"custom\"} -->\n<div class=\"wp-block-image\"><figure class=\"aligncenter size-large\"><a href=\"https:\/\/user-images.githubusercontent.com\/47741431\/110808758-96122e80-8284-11eb-9d0b-9b7a12452d2c.png\" target=\"_blank\" rel=\"noopener noreferrer\"><img src=\"https:\/\/user-images.githubusercontent.com\/47741431\/110809281-08830e80-8285-11eb-8427-158b0fc6ff94.png\" alt=\"ordered information\"\/><\/a><\/figure><\/div>\n<!-- \/wp:image -->\n\n<!-- wp:paragraph -->\n<p><strong>Related Patterns:<\/strong><\/p>\n<!-- \/wp:paragraph -->\n\n<!-- wp:paragraph -->\n<p>This pattern is quite similar to \u201c<a href=\"http:\/\/grupo.us.es\/ecplab\/categorized-information\/\">Categorized Information<\/a>\u201d, differing from each other in whether there ir presence or abscence of order between the lists. We will choose one or another depending on what do we want to represent in the list: for example, if we represent months, as in the first example of this pattern, we will use \u201cOrdered Information\u201d, because the months have a determined order. Nevertheless, if we are going to represent independent topics, without any type of rank between them, we will use \u201c<a href=\"http:\/\/grupo.us.es\/ecplab\/categorized-information\/\">Categorized Information<\/a>\u201d.<\/p>\n<!-- \/wp:paragraph -->\n\n<!-- wp:paragraph -->\n<p><strong>Example:<\/strong><\/p>\n<!-- \/wp:paragraph -->\n\n<!-- wp:image {\"align\":\"center\",\"width\":649,\"height\":254} -->\n<div class=\"wp-block-image\"><figure class=\"aligncenter is-resized\"><img src=\"https:\/\/user-images.githubusercontent.com\/47741431\/110646575-4d407400-81b7-11eb-9894-95cd04328e43.png\" alt=\"image\" width=\"649\" height=\"254\"\/><\/figure><\/div>\n<!-- \/wp:image -->\n\n<!-- wp:paragraph -->\n<p>In this template we are representing an annual editorial calendar. Each list is a month of the year, and into each one we will put the publications of that period, represented by the cards. We will be able to add all relevant information of the publication in the card elements (due date, writer or platform of publication, for example). As months are ordered, following the natural order of the calendar, we use \u201cOrdered Information\u201d instead of \u201cCategorized Information\u201d.<\/p>\n<!-- \/wp:paragraph -->\n\n<!-- wp:paragraph -->\n<p><strong>Trello Templates<\/strong> <strong>Examples:<\/strong><\/p>\n<!-- \/wp:paragraph -->\n\n<!-- wp:list -->\n<ul><li><a href=\"https:\/\/trello.com\/templates\/marketing\/annual-email-marketing-calendar-VCaIAYFR\">Annual Email Marketing Calendar<\/a><\/li><li><a href=\"https:\/\/trello.com\/templates\/marketing\/blog-content-schedule-Y84uxh4d\">Blog Content Schedule<\/a><\/li><li><a href=\"https:\/\/trello.com\/templates\/business\/company-overview-lGQZunS7\">Company Overview<\/a><\/li><li><a href=\"https:\/\/trello.com\/templates\/marketing\/copywriting-D4zmNSO4\">Copywriting<\/a><\/li><li><a href=\"https:\/\/trello.com\/templates\/personal\/discover-the-best-of-rome-in-48-hours-DMjcCS8A\">Discover the best of Rome in 48 hours<\/a><\/li><li><a href=\"https:\/\/trello.com\/templates\/design\/freelance-branding-project-Z5m66HsJ\">Freelance Branding Project<\/a><\/li><li><a href=\"https:\/\/trello.com\/templates\/team-management\/offsite-planning-QFFN55LD\">Offsite Planning<\/a><\/li><li><a href=\"https:\/\/trello.com\/templates\/product-management\/tability's-public-start-up-roadmap-tixmANrR\">Tability's Public Start Up Roadmap<\/a><\/li><li><a href=\"https:\/\/trello.com\/templates\/business\/town-hall-meetings-K0ZOiQ7U\">Town Hall Meetings<\/a><\/li><\/ul>\n<!-- \/wp:list -->","_en_post_name":"","_en_post_excerpt":"","_en_post_title":"ORDERED INFORMATION","edit_language":"en"},"yoast_head":"<!-- This site is optimized with the Yoast SEO plugin v16.0.1 - https:\/\/yoast.com\/wordpress\/plugins\/seo\/ -->\n<title>ORDERED INFORMATION - ECP - Enterprise Conversation Planning<\/title>\n<meta name=\"description\" content=\"Description and examples of &quot;Ordered Information&quot; design pattern for board-based collaborative work management software tools.\" \/>\n<link rel=\"canonical\" href=\"https:\/\/grupo.us.es\/ecplab\/en\/ordered-information\/\" \/>\n<meta property=\"og:locale\" content=\"en_GB\" \/>\n<meta property=\"og:type\" content=\"article\" \/>\n<meta property=\"og:title\" content=\"ORDERED INFORMATION - ECP - Enterprise Conversation Planning\" \/>\n<meta property=\"og:description\" content=\"Description and examples of &quot;Ordered Information&quot; design pattern for board-based collaborative work management software tools.\" \/>\n<meta property=\"og:url\" content=\"https:\/\/grupo.us.es\/ecplab\/en\/ordered-information\/\" \/>\n<meta property=\"og:site_name\" content=\"ECP - Enterprise Conversation Planning\" \/>\n<meta property=\"article:modified_time\" content=\"2021-04-08T09:59:55+00:00\" \/>\n<meta property=\"og:image\" content=\"https:\/\/user-images.githubusercontent.com\/47741431\/110809281-08830e80-8285-11eb-8427-158b0fc6ff94.png\" \/>\n<meta name=\"twitter:card\" content=\"summary_large_image\" \/>\n<meta name=\"twitter:label1\" content=\"Est. reading time\">\n\t<meta name=\"twitter:data1\" content=\"3 minutes\">\n<script type=\"application\/ld+json\" class=\"yoast-schema-graph\">{\"@context\":\"https:\/\/schema.org\",\"@graph\":[{\"@type\":\"WebSite\",\"@id\":\"https:\/\/grupo.us.es\/ecplab\/en\/#website\",\"url\":\"https:\/\/grupo.us.es\/ecplab\/en\/\",\"name\":\"ECP - Enterprise Conversation Planning\",\"description\":\"Research on Digitalized Productivity Management - University of Seville\",\"potentialAction\":[{\"@type\":\"SearchAction\",\"target\":\"https:\/\/grupo.us.es\/ecplab\/en\/?s={search_term_string}\",\"query-input\":\"required name=search_term_string\"}],\"inLanguage\":\"en-GB\"},{\"@type\":\"ImageObject\",\"@id\":\"https:\/\/grupo.us.es\/ecplab\/en\/ordered-information\/#primaryimage\",\"inLanguage\":\"en-GB\",\"url\":\"https:\/\/user-images.githubusercontent.com\/47741431\/110809281-08830e80-8285-11eb-8427-158b0fc6ff94.png\"},{\"@type\":\"WebPage\",\"@id\":\"https:\/\/grupo.us.es\/ecplab\/en\/ordered-information\/#webpage\",\"url\":\"https:\/\/grupo.us.es\/ecplab\/en\/ordered-information\/\",\"name\":\"ORDERED INFORMATION - ECP - Enterprise Conversation Planning\",\"isPartOf\":{\"@id\":\"https:\/\/grupo.us.es\/ecplab\/en\/#website\"},\"primaryImageOfPage\":{\"@id\":\"https:\/\/grupo.us.es\/ecplab\/en\/ordered-information\/#primaryimage\"},\"datePublished\":\"2021-03-22T10:32:29+00:00\",\"dateModified\":\"2021-04-08T09:59:55+00:00\",\"description\":\"Description and examples of \\\"Ordered Information\\\" design pattern for board-based collaborative work management software tools.\",\"breadcrumb\":{\"@id\":\"https:\/\/grupo.us.es\/ecplab\/en\/ordered-information\/#breadcrumb\"},\"inLanguage\":\"en-GB\",\"potentialAction\":[{\"@type\":\"ReadAction\",\"target\":[\"https:\/\/grupo.us.es\/ecplab\/en\/ordered-information\/\"]}]},{\"@type\":\"BreadcrumbList\",\"@id\":\"https:\/\/grupo.us.es\/ecplab\/en\/ordered-information\/#breadcrumb\",\"itemListElement\":[{\"@type\":\"ListItem\",\"position\":1,\"item\":{\"@type\":\"WebPage\",\"@id\":\"https:\/\/grupo.us.es\/ecplab\/en\/\",\"url\":\"https:\/\/grupo.us.es\/ecplab\/en\/\",\"name\":\"Portada\"}},{\"@type\":\"ListItem\",\"position\":2,\"item\":{\"@type\":\"WebPage\",\"@id\":\"https:\/\/grupo.us.es\/ecplab\/en\/ordered-information\/\",\"url\":\"https:\/\/grupo.us.es\/ecplab\/en\/ordered-information\/\",\"name\":\"ORDERED INFORMATION\"}}]}]}<\/script>\n<!-- \/ Yoast SEO plugin. -->","_links":{"self":[{"href":"https:\/\/grupo.us.es\/ecplab\/wp-json\/wp\/v2\/pages\/206"}],"collection":[{"href":"https:\/\/grupo.us.es\/ecplab\/wp-json\/wp\/v2\/pages"}],"about":[{"href":"https:\/\/grupo.us.es\/ecplab\/wp-json\/wp\/v2\/types\/page"}],"author":[{"embeddable":true,"href":"https:\/\/grupo.us.es\/ecplab\/wp-json\/wp\/v2\/users\/3"}],"replies":[{"embeddable":true,"href":"https:\/\/grupo.us.es\/ecplab\/wp-json\/wp\/v2\/comments?post=206"}],"version-history":[{"count":9,"href":"https:\/\/grupo.us.es\/ecplab\/wp-json\/wp\/v2\/pages\/206\/revisions"}],"predecessor-version":[{"id":433,"href":"https:\/\/grupo.us.es\/ecplab\/wp-json\/wp\/v2\/pages\/206\/revisions\/433"}],"wp:attachment":[{"href":"https:\/\/grupo.us.es\/ecplab\/wp-json\/wp\/v2\/media?parent=206"}],"curies":[{"name":"wp","href":"https:\/\/api.w.org\/{rel}","templated":true}]}}