{"id":185,"date":"2021-03-23T08:28:03","date_gmt":"2021-03-23T08:28:03","guid":{"rendered":"http:\/\/grupo.us.es\/ecplab\/?page_id=185"},"modified":"2021-10-14T10:00:19","modified_gmt":"2021-10-14T10:00:19","slug":"a-catalogue-of-patterns-for-board-based-tools","status":"publish","type":"page","link":"https:\/\/grupo.us.es\/ecplab\/a-catalogue-of-patterns-for-board-based-tools\/","title":{"rendered":"Catalogue of Patterns","raw":"Catalogue of Patterns"},"content":{"rendered":"\n<h2>A Catalogue of Patterns for Board-based Tools<\/h2>\n\n\n\n<p>Board-based software tools for managing collaborative work (e.g. Trello or Microsoft Planner) are highly configurable information systems. Their structure is based on boards that contain cards organized in lists. This structure allows users to organize a wide variety of formal or informal information and work processes in a very flexible way. However, this flexibility means that in every situation the user is required to make decisions to design a new board from scratch, which is not a straightforward task, specially if performed by non-technical users.<\/p>\n\n\n\n<p>We have carried out a study following an inductive approach consisting of analyzing 91 Trello board designs from board <a href=\"https:\/\/trello.com\/templates\">templates proposed by Trello users<\/a>, which cover a wide variety of domains and use cases. From this analysis we characterize the following 8 patterns that are commonly used in board designs and are applicable to all collaborative board-based tools:<\/p>\n\n\n\n<ul><li><a href=\"http:\/\/grupo.us.es\/ecplab\/information-or-resources-lifecycle\/\">Information or resources lifecycle<\/a><\/li><li><a href=\"http:\/\/grupo.us.es\/ecplab\/ordered-information\/\">Ordered Information<\/a><\/li><li><a href=\"http:\/\/grupo.us.es\/ecplab\/kanban\/\">Kanban<\/a><\/li><li><a href=\"http:\/\/grupo.us.es\/ecplab\/process-tasks\/\">Process Tasks<\/a><\/li><li><a href=\"http:\/\/grupo.us.es\/ecplab\/assigned-information\/\">Assigned Information<\/a><\/li><li><a href=\"http:\/\/grupo.us.es\/ecplab\/categorized-information\/\">Categorized Information<\/a><\/li><li><a href=\"http:\/\/grupo.us.es\/ecplab\/assigned-tasks\/\">Assigned Tasks<\/a><\/li><li><a href=\"http:\/\/grupo.us.es\/ecplab\/categorized-tasks\/\">Categorized Tasks<\/a><\/li><\/ul>\n\n\n\n<h2>About the analysis performed<\/h2>\n\n\n\n<p>Summary<\/p>\n\n\n\n<p>see: https:\/\/github.com\/isa-group\/board-design-patterns<\/p>\n","protected":false,"raw":"<!-- wp:heading -->\n<h2>A Catalogue of Patterns for Board-based Tools<\/h2>\n<!-- \/wp:heading -->\n\n<!-- wp:paragraph -->\n<p>Board-based software tools for managing collaborative work (e.g. Trello or Microsoft Planner) are highly configurable information systems. Their structure is based on boards that contain cards organized in lists. This structure allows users to organize a wide variety of formal or informal information and work processes in a very flexible way. However, this flexibility means that in every situation the user is required to make decisions to design a new board from scratch, which is not a straightforward task, specially if performed by non-technical users.<\/p>\n<!-- \/wp:paragraph -->\n\n<!-- wp:paragraph -->\n<p>We have carried out a study following an inductive approach consisting of analyzing 91 Trello board designs from board <a href=\"https:\/\/trello.com\/templates\">templates proposed by Trello users<\/a>, which cover a wide variety of domains and use cases. From this analysis we characterize the following 8 patterns that are commonly used in board designs and are applicable to all collaborative board-based tools:<\/p>\n<!-- \/wp:paragraph -->\n\n<!-- wp:list -->\n<ul><li><a href=\"http:\/\/grupo.us.es\/ecplab\/information-or-resources-lifecycle\/\">Information or resources lifecycle<\/a><\/li><li><a href=\"http:\/\/grupo.us.es\/ecplab\/ordered-information\/\">Ordered Information<\/a><\/li><li><a href=\"http:\/\/grupo.us.es\/ecplab\/kanban\/\">Kanban<\/a><\/li><li><a href=\"http:\/\/grupo.us.es\/ecplab\/process-tasks\/\">Process Tasks<\/a><\/li><li><a href=\"http:\/\/grupo.us.es\/ecplab\/assigned-information\/\">Assigned Information<\/a><\/li><li><a href=\"http:\/\/grupo.us.es\/ecplab\/categorized-information\/\">Categorized Information<\/a><\/li><li><a href=\"http:\/\/grupo.us.es\/ecplab\/assigned-tasks\/\">Assigned Tasks<\/a><\/li><li><a href=\"http:\/\/grupo.us.es\/ecplab\/categorized-tasks\/\">Categorized Tasks<\/a><\/li><\/ul>\n<!-- \/wp:list -->\n\n<!-- wp:heading -->\n<h2>About the analysis performed<\/h2>\n<!-- \/wp:heading -->\n\n<!-- wp:paragraph -->\n<p>Summary<\/p>\n<!-- \/wp:paragraph -->\n\n<!-- wp:paragraph -->\n<p>see: https:\/\/github.com\/isa-group\/board-design-patterns<\/p>\n<!-- \/wp:paragraph -->"},"excerpt":{"rendered":"","protected":false,"raw":""},"author":2,"featured_media":0,"parent":0,"menu_order":0,"comment_status":"closed","ping_status":"closed","template":"","meta":{"_es_post_content":"<!-- wp:heading -->\n<h2>Cat\u00e1logo de patrones para herramientas de trabajo colaborativo basadas en tableros<\/h2>\n<!-- \/wp:heading -->\n\n<!-- wp:paragraph -->\n<p>Las herramientas de trabajo colaborativo basadas en tableros (por ejemplo, Trello o Microsoft Planner) son sistemas de informaci\u00f3n altamente configurables. Su estructura se basa en tableros que contienen tarjetas organizadas en listas. Esta estructura permite a los usuarios organizar una amplia variedad de informaci\u00f3n y procesos de trabajo formales o informales de una manera muy flexible. Sin embargo, esta flexibilidad significa que en cada situaci\u00f3n el usuario debe tomar decisiones para dise\u00f1ar un nuevo tablero desde cero, lo que no es una tarea sencilla, especialmente si la realizan usuarios no t\u00e9cnicos.<\/p>\n<!-- \/wp:paragraph -->\n\n<!-- wp:paragraph -->\n<p>Hemos realizado un estudio siguiendo un enfoque inductivo que consiste en analizar 91 dise\u00f1os de tableros de Trello a partir de <a href=\"https:\/\/trello.com\/templates\">plantillas propuestas por los usuarios de Trello <\/a>, que cubren una amplia variedad de dominios y casos de uso. A partir de este an\u00e1lisis, caracterizamos los siguientes 8 patrones que se utilizan com\u00fanmente en los dise\u00f1os de tableros y que son aplicables a todas las herramientas colaborativas basadas en tableros:<\/p>\n<!-- \/wp:paragraph -->\n\n<!-- wp:list -->\n<ul><li><a href=\"http:\/\/grupo.us.es\/ecplab\/information-or-resources-lifecycle\/\">Information or resources lifecycle<\/a><\/li><li><a href=\"http:\/\/grupo.us.es\/ecplab\/ordered-information\/\">Ordered Information<\/a><\/li><li><a href=\"http:\/\/grupo.us.es\/ecplab\/kanban\/\">Kanban<\/a><\/li><li><a href=\"http:\/\/grupo.us.es\/ecplab\/process-tasks\/\">Process Tasks<\/a><\/li><li><a href=\"http:\/\/grupo.us.es\/ecplab\/assigned-information\/\">Assigned Information<\/a><\/li><li><a href=\"http:\/\/grupo.us.es\/ecplab\/categorized-information\/\">Categorized Information<\/a><\/li><li><a href=\"http:\/\/grupo.us.es\/ecplab\/assigned-tasks\/\">Assigned Tasks<\/a><\/li><li><a href=\"http:\/\/grupo.us.es\/ecplab\/categorized-tasks\/\">Categorized Tasks<\/a><\/li><\/ul>\n<!-- \/wp:list -->\n\n<!-- wp:heading -->\n<h2>Sobre el an\u00e1lisis realizado:<\/h2>\n<!-- \/wp:heading -->\n\n<!-- wp:paragraph -->\n<p>Summary<\/p>\n<!-- \/wp:paragraph -->\n\n<!-- wp:paragraph -->\n<p>ver: https:\/\/github.com\/isa-group\/board-design-patterns<\/p>\n<!-- \/wp:paragraph -->","_es_post_name":"a-catalogue-of-patterns-for-board-based-tools","_es_post_excerpt":"","_es_post_title":"Catalogue of Patterns","_en_post_content":"<!-- wp:heading -->\n<h2>A Catalogue of Patterns for Board-based Tools<\/h2>\n<!-- \/wp:heading -->\n\n<!-- wp:paragraph -->\n<p>Board-based software tools for managing collaborative work (e.g. Trello or Microsoft Planner) are highly configurable information systems. Their structure is based on boards that contain cards organized in lists. This structure allows users to organize a wide variety of formal or informal information and work processes in a very flexible way. However, this flexibility means that in every situation the user is required to make decisions to design a new board from scratch, which is not a straightforward task, specially if performed by non-technical users.<\/p>\n<!-- \/wp:paragraph -->\n\n<!-- wp:paragraph -->\n<p>We have carried out a study following an inductive approach consisting of analyzing 91 Trello board designs from board <a href=\"https:\/\/trello.com\/templates\">templates proposed by Trello users<\/a>, which cover a wide variety of domains and use cases. From this analysis we characterize the following 8 patterns that are commonly used in board designs and are applicable to all collaborative board-based tools:<\/p>\n<!-- \/wp:paragraph -->\n\n<!-- wp:list -->\n<ul><li><a href=\"http:\/\/grupo.us.es\/ecplab\/information-or-resources-lifecycle\/\">Information or resources lifecycle<\/a><\/li><li><a href=\"http:\/\/grupo.us.es\/ecplab\/ordered-information\/\">Ordered Information<\/a><\/li><li><a href=\"http:\/\/grupo.us.es\/ecplab\/kanban\/\">Kanban<\/a><\/li><li><a href=\"http:\/\/grupo.us.es\/ecplab\/process-tasks\/\">Process Tasks<\/a><\/li><li><a href=\"http:\/\/grupo.us.es\/ecplab\/assigned-information\/\">Assigned Information<\/a><\/li><li><a href=\"http:\/\/grupo.us.es\/ecplab\/categorized-information\/\">Categorized Information<\/a><\/li><li><a href=\"http:\/\/grupo.us.es\/ecplab\/assigned-tasks\/\">Assigned Tasks<\/a><\/li><li><a href=\"http:\/\/grupo.us.es\/ecplab\/categorized-tasks\/\">Categorized Tasks<\/a><\/li><\/ul>\n<!-- \/wp:list -->\n\n<!-- wp:heading -->\n<h2>About the analysis performed<\/h2>\n<!-- \/wp:heading -->\n\n<!-- wp:paragraph -->\n<p>Summary<\/p>\n<!-- \/wp:paragraph -->\n\n<!-- wp:paragraph -->\n<p>see: https:\/\/github.com\/isa-group\/board-design-patterns<\/p>\n<!-- \/wp:paragraph -->","_en_post_name":"a-catalogue-of-patterns-for-board-based-tools","_en_post_excerpt":"","_en_post_title":"Catalogue of Patterns","edit_language":"en"},"yoast_head":"<!-- This site is optimized with the Yoast SEO plugin v16.0.1 - https:\/\/yoast.com\/wordpress\/plugins\/seo\/ -->\n<title>Catalogue of Patterns - ECP - Enterprise Conversation Planning<\/title>\n<meta name=\"description\" content=\"Board-based software for managing collaborative work are highly configurable tools. However, this flexibility means that in every situation the user is required to make decisions to design a new board from scratch. We characterize the following 8 patterns that are commonly used in board designs and are applicable to all board-based tools.\" \/>\n<link rel=\"canonical\" href=\"https:\/\/grupo.us.es\/ecplab\/a-catalogue-of-patterns-for-board-based-tools\/\" \/>\n<meta property=\"og:locale\" content=\"en_GB\" \/>\n<meta property=\"og:type\" content=\"article\" \/>\n<meta property=\"og:title\" content=\"Catalogue of Patterns - ECP - Enterprise Conversation Planning\" \/>\n<meta property=\"og:description\" content=\"Board-based software for managing collaborative work are highly configurable tools. However, this flexibility means that in every situation the user is required to make decisions to design a new board from scratch. We characterize the following 8 patterns that are commonly used in board designs and are applicable to all board-based tools.\" \/>\n<meta property=\"og:url\" content=\"https:\/\/grupo.us.es\/ecplab\/a-catalogue-of-patterns-for-board-based-tools\/\" \/>\n<meta property=\"og:site_name\" content=\"ECP - Enterprise Conversation Planning\" \/>\n<meta property=\"article:modified_time\" content=\"2021-10-14T10:00:19+00:00\" \/>\n<meta name=\"twitter:card\" content=\"summary_large_image\" \/>\n<meta name=\"twitter:label1\" content=\"Est. reading time\">\n\t<meta name=\"twitter:data1\" content=\"1 minute\">\n<script type=\"application\/ld+json\" class=\"yoast-schema-graph\">{\"@context\":\"https:\/\/schema.org\",\"@graph\":[{\"@type\":\"WebSite\",\"@id\":\"https:\/\/grupo.us.es\/ecplab\/en\/#website\",\"url\":\"https:\/\/grupo.us.es\/ecplab\/en\/\",\"name\":\"ECP - Enterprise Conversation Planning\",\"description\":\"Research on Digitalized Productivity Management - University of Seville\",\"potentialAction\":[{\"@type\":\"SearchAction\",\"target\":\"https:\/\/grupo.us.es\/ecplab\/en\/?s={search_term_string}\",\"query-input\":\"required name=search_term_string\"}],\"inLanguage\":\"en-GB\"},{\"@type\":\"WebPage\",\"@id\":\"https:\/\/grupo.us.es\/ecplab\/a-catalogue-of-patterns-for-board-based-tools\/#webpage\",\"url\":\"https:\/\/grupo.us.es\/ecplab\/a-catalogue-of-patterns-for-board-based-tools\/\",\"name\":\"Catalogue of Patterns - ECP - Enterprise Conversation Planning\",\"isPartOf\":{\"@id\":\"https:\/\/grupo.us.es\/ecplab\/en\/#website\"},\"datePublished\":\"2021-03-23T08:28:03+00:00\",\"dateModified\":\"2021-10-14T10:00:19+00:00\",\"description\":\"Board-based software for managing collaborative work are highly configurable tools. However, this flexibility means that in every situation the user is required to make decisions to design a new board from scratch. We characterize the following 8 patterns that are commonly used in board designs and are applicable to all board-based tools.\",\"breadcrumb\":{\"@id\":\"https:\/\/grupo.us.es\/ecplab\/a-catalogue-of-patterns-for-board-based-tools\/#breadcrumb\"},\"inLanguage\":\"en-GB\",\"potentialAction\":[{\"@type\":\"ReadAction\",\"target\":[\"https:\/\/grupo.us.es\/ecplab\/a-catalogue-of-patterns-for-board-based-tools\/\"]}]},{\"@type\":\"BreadcrumbList\",\"@id\":\"https:\/\/grupo.us.es\/ecplab\/a-catalogue-of-patterns-for-board-based-tools\/#breadcrumb\",\"itemListElement\":[{\"@type\":\"ListItem\",\"position\":1,\"item\":{\"@type\":\"WebPage\",\"@id\":\"https:\/\/grupo.us.es\/ecplab\/en\/\",\"url\":\"https:\/\/grupo.us.es\/ecplab\/en\/\",\"name\":\"Portada\"}},{\"@type\":\"ListItem\",\"position\":2,\"item\":{\"@type\":\"WebPage\",\"@id\":\"https:\/\/grupo.us.es\/ecplab\/a-catalogue-of-patterns-for-board-based-tools\/\",\"url\":\"https:\/\/grupo.us.es\/ecplab\/a-catalogue-of-patterns-for-board-based-tools\/\",\"name\":\"Catalogue of Patterns\"}}]}]}<\/script>\n<!-- \/ Yoast SEO plugin. -->","_links":{"self":[{"href":"https:\/\/grupo.us.es\/ecplab\/wp-json\/wp\/v2\/pages\/185"}],"collection":[{"href":"https:\/\/grupo.us.es\/ecplab\/wp-json\/wp\/v2\/pages"}],"about":[{"href":"https:\/\/grupo.us.es\/ecplab\/wp-json\/wp\/v2\/types\/page"}],"author":[{"embeddable":true,"href":"https:\/\/grupo.us.es\/ecplab\/wp-json\/wp\/v2\/users\/2"}],"replies":[{"embeddable":true,"href":"https:\/\/grupo.us.es\/ecplab\/wp-json\/wp\/v2\/comments?post=185"}],"version-history":[{"count":13,"href":"https:\/\/grupo.us.es\/ecplab\/wp-json\/wp\/v2\/pages\/185\/revisions"}],"predecessor-version":[{"id":485,"href":"https:\/\/grupo.us.es\/ecplab\/wp-json\/wp\/v2\/pages\/185\/revisions\/485"}],"wp:attachment":[{"href":"https:\/\/grupo.us.es\/ecplab\/wp-json\/wp\/v2\/media?parent=185"}],"curies":[{"name":"wp","href":"https:\/\/api.w.org\/{rel}","templated":true}]}}