{"id":80,"date":"2024-10-01T20:51:18","date_gmt":"2024-10-01T18:51:18","guid":{"rendered":"http:\/\/grupo.us.es\/dgclab\/?page_id=80"},"modified":"2024-10-06T17:34:25","modified_gmt":"2024-10-06T15:34:25","slug":"lineas","status":"publish","type":"page","link":"http:\/\/grupo.us.es\/dgclab\/lineas\/","title":{"rendered":"L\u00edneas de Investigaci\u00f3n"},"content":{"rendered":"\n<div class=\"wp-block-group alignfull has-global-padding is-layout-constrained wp-container-core-group-is-layout-2 wp-block-group-is-layout-constrained\" style=\"padding-top:var(--wp--preset--spacing--50);padding-right:var(--wp--preset--spacing--50);padding-bottom:var(--wp--preset--spacing--50);padding-left:var(--wp--preset--spacing--50)\">\n<div class=\"wp-block-group has-global-padding is-layout-constrained wp-container-core-group-is-layout-1 wp-block-group-is-layout-constrained\">\n<h1 class=\"wp-block-heading has-text-align-center has-large-font-size\">Nuestras l\u00edneas de investigaci\u00f3n<\/h1>\n\n\n\n<div style=\"height:1.25rem\" aria-hidden=\"true\" class=\"wp-block-spacer\"><\/div>\n\n\n\n<p class=\"has-text-align-center\">Estas son nuestras l\u00edneas de Investigaci\u00f3n que llevamos a cabo en el laborator\u00eda de Din\u00e1mica del Genoma en C\u00e1ncer<\/p>\n\n\n\n<div style=\"height:1.25rem\" aria-hidden=\"true\" class=\"wp-block-spacer\"><\/div>\n\n\n\n<div class=\"wp-block-buttons is-content-justification-center is-layout-flex wp-container-core-buttons-is-layout-1 wp-block-buttons-is-layout-flex\">\n<div class=\"wp-block-button\"><a class=\"wp-block-button__link has-text-align-center wp-element-button\" href=\"http:\/\/www.grupo.us.es\/dgclab\/jobs\">\u00bfQuieres trabajar con nosotros?<\/a><\/div>\n<\/div>\n<\/div>\n\n\n\n<p><\/p>\n<\/div>\n\n\n\n<figure class=\"wp-block-video alignwide\"><video autoplay loop src=\"http:\/\/grupo.us.es\/dgclab\/wp-content\/uploads\/2024\/10\/DNA-2000x1200-1.mp4\"><\/video><\/figure>\n\n\n\n<div class=\"wp-block-group alignfull has-global-padding is-layout-constrained wp-container-core-group-is-layout-3 wp-block-group-is-layout-constrained\" style=\"margin-top:0;margin-bottom:0;padding-top:var(--wp--preset--spacing--50);padding-right:var(--wp--preset--spacing--50);padding-bottom:var(--wp--preset--spacing--50);padding-left:var(--wp--preset--spacing--50)\">\n<div class=\"wp-block-columns alignwide are-vertically-aligned-center is-layout-flex wp-container-core-columns-is-layout-1 wp-block-columns-is-layout-flex\">\n<div class=\"wp-block-column is-vertically-aligned-center is-layout-flow wp-block-column-is-layout-flow\" style=\"flex-basis:50%\">\n<h2 class=\"wp-block-heading\">Estr\u00e9s Nucleolar<\/h2>\n\n\n\n<ul style=\"line-height:1.75\" class=\"wp-block-list is-style-checkmark-list\">\n<li>Implicaci\u00f3n en tumorog\u00e9nesis<\/li>\n\n\n\n<li>Estr\u00e9s generado por roturas de doble cadena del DNA ribos\u00f3mico<\/li>\n\n\n\n<li>Uso de tecnolog\u00eda CRISPR para conocer su impacto en c\u00e9lulas tumorales<\/li>\n<\/ul>\n\n\n\n<div class=\"wp-block-buttons is-layout-flex wp-block-buttons-is-layout-flex\">\n<div class=\"wp-block-button\"><a class=\"wp-block-button__link wp-element-button\">Equipo de trabajo<\/a><\/div>\n\n\n\n<div class=\"wp-block-button is-style-outline is-style-outline--1\"><a class=\"wp-block-button__link wp-element-button\">Quiero mas detalles<\/a><\/div>\n<\/div>\n<\/div>\n\n\n\n<div class=\"wp-block-column is-vertically-aligned-center is-layout-flow wp-block-column-is-layout-flow\" style=\"flex-basis:50%\">\n<figure class=\"wp-block-image size-full is-style-rounded wp-duotone-unset-3 is-style-rounded--2\"><img loading=\"lazy\" decoding=\"async\" width=\"768\" height=\"593\" src=\"http:\/\/grupo.us.es\/dgclab\/wp-content\/uploads\/2024\/10\/Composite2-768x593-1.png\" alt=\"\" class=\"wp-image-82\" style=\"aspect-ratio:4\/3;object-fit:cover\" srcset=\"http:\/\/grupo.us.es\/dgclab\/wp-content\/uploads\/2024\/10\/Composite2-768x593-1.png 768w, http:\/\/grupo.us.es\/dgclab\/wp-content\/uploads\/2024\/10\/Composite2-768x593-1-300x232.png 300w\" sizes=\"auto, (max-width: 768px) 100vw, 768px\" \/><\/figure>\n<\/div>\n<\/div>\n<\/div>\n\n\n\n<p><\/p>\n\n\n\n<div class=\"wp-block-group alignfull has-global-padding is-layout-constrained wp-container-core-group-is-layout-4 wp-block-group-is-layout-constrained\" style=\"margin-top:0;margin-bottom:0;padding-top:var(--wp--preset--spacing--50);padding-right:var(--wp--preset--spacing--50);padding-bottom:var(--wp--preset--spacing--50);padding-left:var(--wp--preset--spacing--50)\">\n<div class=\"wp-block-columns alignwide are-vertically-aligned-center is-layout-flex wp-container-core-columns-is-layout-2 wp-block-columns-is-layout-flex\">\n<div class=\"wp-block-column is-vertically-aligned-center is-layout-flow wp-block-column-is-layout-flow\" style=\"flex-basis:50%\">\n<h2 class=\"wp-block-heading\">Epigen\u00e9tica asociada a da\u00f1o en el ADN ribos\u00f3mico<\/h2>\n\n\n\n<ul style=\"line-height:1.75\" class=\"wp-block-list is-style-checkmark-list\">\n<li>Cambios en remodelaci\u00f3n de cromatina en DNA ribos\u00f3mico<\/li>\n\n\n\n<li>B\u00fasqueda de factores asociados a da\u00f1o en el DNA ribos\u00f3mico<\/li>\n\n\n\n<li>Modificaciones de histonas asociadas a nucleolar caps<\/li>\n<\/ul>\n\n\n\n<div class=\"wp-block-buttons is-layout-flex wp-block-buttons-is-layout-flex\">\n<div class=\"wp-block-button\"><a class=\"wp-block-button__link wp-element-button\">Equipo de Trabajo<\/a><\/div>\n\n\n\n<div class=\"wp-block-button is-style-outline is-style-outline--4\"><a class=\"wp-block-button__link wp-element-button\">Quiero mas detalles<\/a><\/div>\n<\/div>\n<\/div>\n\n\n\n<div class=\"wp-block-column is-vertically-aligned-center is-layout-flow wp-block-column-is-layout-flow\" style=\"flex-basis:50%\">\n<figure class=\"wp-block-image size-full is-style-rounded wp-duotone-unset-6 is-style-rounded--5\"><img loading=\"lazy\" decoding=\"async\" width=\"960\" height=\"678\" src=\"http:\/\/grupo.us.es\/dgclab\/wp-content\/uploads\/2024\/10\/csm_epigenetics_bc593213b0.jpg\" alt=\"\" class=\"wp-image-90\" style=\"aspect-ratio:4\/3;object-fit:cover\" srcset=\"http:\/\/grupo.us.es\/dgclab\/wp-content\/uploads\/2024\/10\/csm_epigenetics_bc593213b0.jpg 960w, http:\/\/grupo.us.es\/dgclab\/wp-content\/uploads\/2024\/10\/csm_epigenetics_bc593213b0-300x212.jpg 300w, http:\/\/grupo.us.es\/dgclab\/wp-content\/uploads\/2024\/10\/csm_epigenetics_bc593213b0-768x542.jpg 768w\" sizes=\"auto, (max-width: 960px) 100vw, 960px\" \/><\/figure>\n<\/div>\n<\/div>\n<\/div>\n\n\n\n<div class=\"wp-block-group alignfull has-global-padding is-layout-constrained wp-container-core-group-is-layout-5 wp-block-group-is-layout-constrained\" style=\"margin-top:0;margin-bottom:0;padding-top:var(--wp--preset--spacing--50);padding-right:var(--wp--preset--spacing--50);padding-bottom:var(--wp--preset--spacing--50);padding-left:var(--wp--preset--spacing--50)\">\n<div class=\"wp-block-columns alignwide are-vertically-aligned-center is-layout-flex wp-container-core-columns-is-layout-3 wp-block-columns-is-layout-flex\">\n<div class=\"wp-block-column is-vertically-aligned-center is-layout-flow wp-block-column-is-layout-flow\" style=\"flex-basis:50%\">\n<h2 class=\"wp-block-heading\">Reparosoma como biomarcador en radioterapia<\/h2>\n\n\n\n<ul style=\"line-height:1.75\" class=\"wp-block-list is-style-checkmark-list\">\n<li>Ves\u00edculas Extracelulares asociadas a radioterapia<\/li>\n\n\n\n<li>Biomol\u00e9culas en respuesta a da\u00f1o en DNA<\/li>\n\n\n\n<li>Respuesta a radioterapia en C\u00e1ncer de Pulm\u00f3n<\/li>\n<\/ul>\n\n\n\n<div class=\"wp-block-buttons is-layout-flex wp-block-buttons-is-layout-flex\">\n<div class=\"wp-block-button\"><a class=\"wp-block-button__link wp-element-button\">Equipo de Trabajo<\/a><\/div>\n\n\n\n<div class=\"wp-block-button is-style-outline is-style-outline--7\"><a class=\"wp-block-button__link wp-element-button\">Quiero mas detalles<\/a><\/div>\n<\/div>\n<\/div>\n\n\n\n<div class=\"wp-block-column is-vertically-aligned-center is-layout-flow wp-block-column-is-layout-flow\" style=\"flex-basis:50%\">\n<figure class=\"wp-block-image size-full is-style-rounded wp-duotone-unset-9 is-style-rounded--8\"><img loading=\"lazy\" decoding=\"async\" width=\"300\" height=\"225\" src=\"http:\/\/grupo.us.es\/dgclab\/wp-content\/uploads\/2024\/10\/repairosome-1-300x225-1.jpg\" alt=\"\" class=\"wp-image-91\" style=\"aspect-ratio:4\/3;object-fit:cover\"\/><\/figure>\n<\/div>\n<\/div>\n<\/div>\n\n\n\n<div class=\"wp-block-group alignfull has-global-padding is-layout-constrained wp-container-core-group-is-layout-6 wp-block-group-is-layout-constrained\" style=\"margin-top:0;margin-bottom:0;padding-top:var(--wp--preset--spacing--50);padding-right:var(--wp--preset--spacing--50);padding-bottom:var(--wp--preset--spacing--50);padding-left:var(--wp--preset--spacing--50)\">\n<div class=\"wp-block-columns alignwide are-vertically-aligned-center is-layout-flex wp-container-core-columns-is-layout-4 wp-block-columns-is-layout-flex\">\n<div class=\"wp-block-column is-vertically-aligned-center is-layout-flow wp-block-column-is-layout-flow\" style=\"flex-basis:50%\">\n<h2 class=\"wp-block-heading\">Metabolismo del ARN en Reparaci\u00f3n del ADN<\/h2>\n\n\n\n<ul style=\"line-height:1.75\" class=\"wp-block-list is-style-checkmark-list\">\n<li>Papel de la prote\u00edna RAD52 en reparaci\u00f3n del DNA<\/li>\n\n\n\n<li>Sinergia entre inhibidores de da\u00f1o y transcripci\u00f3n<\/li>\n\n\n\n<li>Mecanismos moleculares de Recombinaci\u00f3n Hom\u00f3loga<\/li>\n<\/ul>\n\n\n\n<div class=\"wp-block-buttons is-layout-flex wp-block-buttons-is-layout-flex\">\n<div class=\"wp-block-button\"><a class=\"wp-block-button__link wp-element-button\">Equipo de Trabajo<\/a><\/div>\n\n\n\n<div class=\"wp-block-button is-style-outline is-style-outline--10\"><a class=\"wp-block-button__link wp-element-button\">Quiero mas detallles<\/a><\/div>\n<\/div>\n<\/div>\n\n\n\n<div class=\"wp-block-column is-vertically-aligned-center is-layout-flow wp-block-column-is-layout-flow\" style=\"flex-basis:50%\">\n<figure class=\"wp-block-image size-full is-style-rounded wp-duotone-unset-12 is-style-rounded--11\"><img loading=\"lazy\" decoding=\"async\" width=\"768\" height=\"543\" src=\"http:\/\/grupo.us.es\/dgclab\/wp-content\/uploads\/2024\/10\/Totem-repair-768x543-1.jpg\" alt=\"\" class=\"wp-image-95\" style=\"aspect-ratio:4\/3;object-fit:cover\" srcset=\"http:\/\/grupo.us.es\/dgclab\/wp-content\/uploads\/2024\/10\/Totem-repair-768x543-1.jpg 768w, http:\/\/grupo.us.es\/dgclab\/wp-content\/uploads\/2024\/10\/Totem-repair-768x543-1-300x212.jpg 300w\" sizes=\"auto, (max-width: 768px) 100vw, 768px\" \/><\/figure>\n<\/div>\n<\/div>\n<\/div>\n","protected":false},"excerpt":{"rendered":"<p>Nuestras l\u00edneas de investigaci\u00f3n Estas son nuestras l\u00edneas de Investigaci\u00f3n que llevamos a cabo en el laborator\u00eda de Din\u00e1mica del Genoma en C\u00e1ncer Estr\u00e9s Nucleolar Epigen\u00e9tica asociada a da\u00f1o en el ADN ribos\u00f3mico Reparosoma como biomarcador en radioterapia Metabolismo del ARN en Reparaci\u00f3n del ADN<\/p>\n","protected":false},"author":1,"featured_media":0,"parent":0,"menu_order":0,"comment_status":"closed","ping_status":"closed","template":"","meta":{"footnotes":""},"class_list":["post-80","page","type-page","status-publish","hentry"],"_links":{"self":[{"href":"http:\/\/grupo.us.es\/dgclab\/wp-json\/wp\/v2\/pages\/80","targetHints":{"allow":["GET"]}}],"collection":[{"href":"http:\/\/grupo.us.es\/dgclab\/wp-json\/wp\/v2\/pages"}],"about":[{"href":"http:\/\/grupo.us.es\/dgclab\/wp-json\/wp\/v2\/types\/page"}],"author":[{"embeddable":true,"href":"http:\/\/grupo.us.es\/dgclab\/wp-json\/wp\/v2\/users\/1"}],"replies":[{"embeddable":true,"href":"http:\/\/grupo.us.es\/dgclab\/wp-json\/wp\/v2\/comments?post=80"}],"version-history":[{"count":15,"href":"http:\/\/grupo.us.es\/dgclab\/wp-json\/wp\/v2\/pages\/80\/revisions"}],"predecessor-version":[{"id":173,"href":"http:\/\/grupo.us.es\/dgclab\/wp-json\/wp\/v2\/pages\/80\/revisions\/173"}],"wp:attachment":[{"href":"http:\/\/grupo.us.es\/dgclab\/wp-json\/wp\/v2\/media?parent=80"}],"curies":[{"name":"wp","href":"https:\/\/api.w.org\/{rel}","templated":true}]}}