{"id":64,"date":"2024-10-01T20:19:28","date_gmt":"2024-10-01T18:19:28","guid":{"rendered":"http:\/\/grupo.us.es\/dgclab\/?page_id=64"},"modified":"2026-05-03T18:14:54","modified_gmt":"2026-05-03T16:14:54","slug":"about","status":"publish","type":"page","link":"http:\/\/grupo.us.es\/dgclab\/about\/","title":{"rendered":"About Us"},"content":{"rendered":"\n<p class=\"has-text-align-center has-medium-font-size\" id=\"Nosotros\">Additionally, our team focuses on investigating how the synergy between radiotherapy and immunotherapy can enhance cancer treatments, particularly in lung cancer, by optimizing therapeutic responses and improving the effectiveness of malignant cell elimination.<\/p>\n\n\n\n<div class=\"wp-block-buttons is-layout-flex wp-block-buttons-is-layout-flex\">\n<div class=\"wp-block-button\"><a class=\"wp-block-button__link wp-element-button\" href=\"http:\/\/grupo.us.es\/dgclab\/nosotros\" target=\"_blank\" rel=\"noreferrer noopener\">Espa\u00f1ol<\/a><\/div>\n<\/div>\n\n\n\n<figure class=\"wp-block-image aligncenter size-large wp-duotone-unset-1\"><img loading=\"lazy\" decoding=\"async\" width=\"1024\" height=\"682\" src=\"http:\/\/grupo.us.es\/dgclab\/wp-content\/uploads\/2024\/10\/Cintia-Bea-y-yo-1024x682.jpeg\" alt=\"\" class=\"wp-image-43\" srcset=\"http:\/\/grupo.us.es\/dgclab\/wp-content\/uploads\/2024\/10\/Cintia-Bea-y-yo-1024x682.jpeg 1024w, http:\/\/grupo.us.es\/dgclab\/wp-content\/uploads\/2024\/10\/Cintia-Bea-y-yo-300x200.jpeg 300w, http:\/\/grupo.us.es\/dgclab\/wp-content\/uploads\/2024\/10\/Cintia-Bea-y-yo-768x512.jpeg 768w, http:\/\/grupo.us.es\/dgclab\/wp-content\/uploads\/2024\/10\/Cintia-Bea-y-yo-1536x1023.jpeg 1536w, http:\/\/grupo.us.es\/dgclab\/wp-content\/uploads\/2024\/10\/Cintia-Bea-y-yo.jpeg 1600w\" sizes=\"auto, (max-width: 1024px) 100vw, 1024px\" \/><\/figure>\n\n\n\n<figure class=\"wp-block-image aligncenter size-large wp-duotone-unset-2\"><img loading=\"lazy\" decoding=\"async\" width=\"1024\" height=\"768\" src=\"http:\/\/grupo.us.es\/dgclab\/wp-content\/uploads\/2025\/04\/20250318_225029-1024x768.jpg\" alt=\"\" class=\"wp-image-249\" srcset=\"http:\/\/grupo.us.es\/dgclab\/wp-content\/uploads\/2025\/04\/20250318_225029-1024x768.jpg 1024w, http:\/\/grupo.us.es\/dgclab\/wp-content\/uploads\/2025\/04\/20250318_225029-300x225.jpg 300w, http:\/\/grupo.us.es\/dgclab\/wp-content\/uploads\/2025\/04\/20250318_225029-768x576.jpg 768w, http:\/\/grupo.us.es\/dgclab\/wp-content\/uploads\/2025\/04\/20250318_225029-1536x1152.jpg 1536w, http:\/\/grupo.us.es\/dgclab\/wp-content\/uploads\/2025\/04\/20250318_225029-2048x1536.jpg 2048w\" sizes=\"auto, (max-width: 1024px) 100vw, 1024px\" \/><\/figure>\n\n\n\n<div class=\"wp-block-group alignfull has-global-padding is-layout-constrained wp-container-core-group-is-layout-6 wp-block-group-is-layout-constrained\" style=\"margin-top:0;margin-bottom:0;padding-top:var(--wp--preset--spacing--50);padding-right:var(--wp--preset--spacing--50);padding-bottom:var(--wp--preset--spacing--50);padding-left:var(--wp--preset--spacing--50)\">\n<div class=\"wp-block-group is-vertical is-content-justification-center is-layout-flex wp-container-core-group-is-layout-1 wp-block-group-is-layout-flex\">\n<h2 class=\"wp-block-heading has-text-align-center has-xx-large-font-size\">Meet our Team<\/h2>\n<\/div>\n\n\n\n<div style=\"height:var(--wp--preset--spacing--30)\" aria-hidden=\"true\" class=\"wp-block-spacer\"><\/div>\n\n\n\n<div class=\"wp-block-columns alignwide is-layout-flex wp-container-core-columns-is-layout-1 wp-block-columns-is-layout-flex\" style=\"padding-right:0;padding-left:0\">\n<div class=\"wp-block-column is-layout-flow wp-block-column-is-layout-flow\">\n<figure class=\"wp-block-image size-full is-style-rounded wp-duotone-unset-4 is-style-rounded--3\"><img loading=\"lazy\" decoding=\"async\" width=\"300\" height=\"350\" src=\"http:\/\/grupo.us.es\/dgclab\/wp-content\/uploads\/2024\/10\/Foto-Individual-Dani.png\" alt=\"\" class=\"wp-image-120\" style=\"aspect-ratio:1;object-fit:cover\" srcset=\"http:\/\/grupo.us.es\/dgclab\/wp-content\/uploads\/2024\/10\/Foto-Individual-Dani.png 300w, http:\/\/grupo.us.es\/dgclab\/wp-content\/uploads\/2024\/10\/Foto-Individual-Dani-257x300.png 257w\" sizes=\"auto, (max-width: 300px) 100vw, 300px\" \/><\/figure>\n\n\n\n<div class=\"wp-block-group is-vertical is-content-justification-center is-nowrap is-layout-flex wp-container-core-group-is-layout-2 wp-block-group-is-layout-flex\">\n<p class=\"has-text-align-center has-small-font-size\"><strong>Daniel G\u00f3mez-Cabello<\/strong><\/p>\n\n\n\n<p class=\"has-text-align-justify has-small-font-size\"><\/p>\n<\/div>\n<\/div>\n\n\n\n<div class=\"wp-block-column is-layout-flow wp-block-column-is-layout-flow\">\n<figure class=\"wp-block-image size-full is-style-rounded wp-duotone-unset-6 is-style-rounded--5\"><img loading=\"lazy\" decoding=\"async\" width=\"300\" height=\"350\" src=\"http:\/\/grupo.us.es\/dgclab\/wp-content\/uploads\/2024\/10\/Foto-Individual-Cintia.png\" alt=\"\" class=\"wp-image-123\" style=\"aspect-ratio:1;object-fit:cover\" srcset=\"http:\/\/grupo.us.es\/dgclab\/wp-content\/uploads\/2024\/10\/Foto-Individual-Cintia.png 300w, http:\/\/grupo.us.es\/dgclab\/wp-content\/uploads\/2024\/10\/Foto-Individual-Cintia-257x300.png 257w\" sizes=\"auto, (max-width: 300px) 100vw, 300px\" \/><\/figure>\n\n\n\n<div class=\"wp-block-group is-vertical is-content-justification-center is-nowrap is-layout-flex wp-container-core-group-is-layout-3 wp-block-group-is-layout-flex\">\n<p class=\"has-text-align-center has-small-font-size\"><strong>Cintia Checa-Rodr\u00edguez<\/strong><\/p>\n\n\n\n<p class=\"has-text-align-justify has-small-font-size\"><p class=\"has-text-align-center has-small-font-size\">Postdoctoral Researcher<\/p><\/p>\n<\/div>\n<\/div>\n\n\n\n<div class=\"wp-block-column is-layout-flow wp-block-column-is-layout-flow\">\n<figure class=\"wp-block-image size-full is-style-rounded wp-duotone-unset-8 is-style-rounded--7\"><img loading=\"lazy\" decoding=\"async\" width=\"300\" height=\"350\" src=\"http:\/\/grupo.us.es\/dgclab\/wp-content\/uploads\/2024\/10\/Foto-Individual-Bea.png\" alt=\"\" class=\"wp-image-124\" style=\"aspect-ratio:1;object-fit:cover\" srcset=\"http:\/\/grupo.us.es\/dgclab\/wp-content\/uploads\/2024\/10\/Foto-Individual-Bea.png 300w, http:\/\/grupo.us.es\/dgclab\/wp-content\/uploads\/2024\/10\/Foto-Individual-Bea-257x300.png 257w\" sizes=\"auto, (max-width: 300px) 100vw, 300px\" \/><\/figure>\n\n\n\n<div class=\"wp-block-group is-vertical is-content-justification-center is-nowrap is-layout-flex wp-container-core-group-is-layout-4 wp-block-group-is-layout-flex\">\n<p class=\"has-text-align-center has-small-font-size\"><strong>Beatriz Su\u00e1rez Quintero<\/strong><\/p>\n\n\n\n<p class=\"has-text-align-justify has-small-font-size\"><p class=\"has-text-align-center has-small-font-size\">Predoctoral researcher FPU<\/p><\/p>\n<\/div>\n<\/div>\n\n\n\n<div class=\"wp-block-column is-layout-flow wp-block-column-is-layout-flow\">\n<figure class=\"wp-block-image size-full is-style-rounded wp-duotone-unset-10 is-style-rounded--9\"><img loading=\"lazy\" decoding=\"async\" width=\"600\" height=\"900\" src=\"http:\/\/grupo.us.es\/dgclab\/wp-content\/uploads\/2024\/10\/Daniel-recorte.png\" alt=\"\" class=\"wp-image-59\" style=\"aspect-ratio:1;object-fit:cover\" srcset=\"http:\/\/grupo.us.es\/dgclab\/wp-content\/uploads\/2024\/10\/Daniel-recorte.png 600w, http:\/\/grupo.us.es\/dgclab\/wp-content\/uploads\/2024\/10\/Daniel-recorte-200x300.png 200w\" sizes=\"auto, (max-width: 600px) 100vw, 600px\" \/><\/figure>\n\n\n\n<div class=\"wp-block-group is-vertical is-content-justification-center is-nowrap is-layout-flex wp-container-core-group-is-layout-5 wp-block-group-is-layout-flex\">\n<p class=\"has-text-align-center has-small-font-size\"><strong>Mario Masero Le\u00f3n<\/strong><\/p>\n\n\n\n<p class=\"has-text-align-justify has-small-font-size\"><p class=\"has-text-align-center has-small-font-size\">Master Student<\/p><\/p>\n<\/div>\n<\/div>\n<\/div>\n<\/div>\n\n\n\n<p><\/p>\n","protected":false},"excerpt":{"rendered":"<p>Additionally, our team focuses on investigating how the synergy between radiotherapy and immunotherapy can enhance cancer treatments, particularly in lung cancer, by optimizing therapeutic responses and improving the effectiveness of malignant cell elimination. Meet our Team Daniel G\u00f3mez-Cabello Cintia Checa-Rodr\u00edguez Postdoctoral Researcher Beatriz Su\u00e1rez Quintero Predoctoral researcher FPU Mario Masero Le\u00f3n Master Student<\/p>\n","protected":false},"author":1,"featured_media":0,"parent":0,"menu_order":0,"comment_status":"closed","ping_status":"closed","template":"","meta":{"footnotes":""},"class_list":["post-64","page","type-page","status-publish","hentry"],"_links":{"self":[{"href":"http:\/\/grupo.us.es\/dgclab\/wp-json\/wp\/v2\/pages\/64","targetHints":{"allow":["GET"]}}],"collection":[{"href":"http:\/\/grupo.us.es\/dgclab\/wp-json\/wp\/v2\/pages"}],"about":[{"href":"http:\/\/grupo.us.es\/dgclab\/wp-json\/wp\/v2\/types\/page"}],"author":[{"embeddable":true,"href":"http:\/\/grupo.us.es\/dgclab\/wp-json\/wp\/v2\/users\/1"}],"replies":[{"embeddable":true,"href":"http:\/\/grupo.us.es\/dgclab\/wp-json\/wp\/v2\/comments?post=64"}],"version-history":[{"count":8,"href":"http:\/\/grupo.us.es\/dgclab\/wp-json\/wp\/v2\/pages\/64\/revisions"}],"predecessor-version":[{"id":283,"href":"http:\/\/grupo.us.es\/dgclab\/wp-json\/wp\/v2\/pages\/64\/revisions\/283"}],"wp:attachment":[{"href":"http:\/\/grupo.us.es\/dgclab\/wp-json\/wp\/v2\/media?parent=64"}],"curies":[{"name":"wp","href":"https:\/\/api.w.org\/{rel}","templated":true}]}}