{"id":34,"date":"2024-10-01T19:30:00","date_gmt":"2024-10-01T17:30:00","guid":{"rendered":"http:\/\/grupo.us.es\/dgclab\/?page_id=34"},"modified":"2025-04-16T20:08:22","modified_gmt":"2025-04-16T18:08:22","slug":"fotos-lab-pictures","status":"publish","type":"page","link":"http:\/\/grupo.us.es\/dgclab\/fotos-lab-pictures\/","title":{"rendered":"Fotos-Lab Pictures"},"content":{"rendered":"\n<div class=\"wp-block-columns alignwide are-vertically-aligned-top is-layout-flex wp-container-core-columns-is-layout-1 wp-block-columns-is-layout-flex\">\n<div class=\"wp-block-column is-vertically-aligned-top is-layout-flow wp-block-column-is-layout-flow\">\n<div class=\"wp-block-group wp-container-content-1 is-vertical is-content-justification-left is-nowrap is-layout-flex wp-container-core-group-is-layout-2 wp-block-group-is-layout-flex\" style=\"margin-top:0;margin-bottom:0\">\n<figure class=\"wp-block-gallery has-nested-images columns-default is-cropped wp-block-gallery-2 is-layout-flex wp-block-gallery-is-layout-flex\">\n<figure class=\"wp-block-image size-large wp-duotone-unset-1\"><img loading=\"lazy\" decoding=\"async\" width=\"768\" height=\"1024\" src=\"http:\/\/grupo.us.es\/dgclab\/wp-content\/uploads\/2025\/04\/EscapeRoom_2025-768x1024.jpg\" alt=\"\" class=\"wp-image-237\" srcset=\"http:\/\/grupo.us.es\/dgclab\/wp-content\/uploads\/2025\/04\/EscapeRoom_2025-768x1024.jpg 768w, http:\/\/grupo.us.es\/dgclab\/wp-content\/uploads\/2025\/04\/EscapeRoom_2025-225x300.jpg 225w, http:\/\/grupo.us.es\/dgclab\/wp-content\/uploads\/2025\/04\/EscapeRoom_2025-1152x1536.jpg 1152w, http:\/\/grupo.us.es\/dgclab\/wp-content\/uploads\/2025\/04\/EscapeRoom_2025-1536x2048.jpg 1536w, http:\/\/grupo.us.es\/dgclab\/wp-content\/uploads\/2025\/04\/EscapeRoom_2025-scaled.jpg 1920w\" sizes=\"auto, (max-width: 768px) 100vw, 768px\" \/><\/figure>\n<\/figure>\n\n\n\n<div class=\"wp-block-group is-vertical is-nowrap is-layout-flex wp-container-core-group-is-layout-1 wp-block-group-is-layout-flex\">\n<p class=\"has-medium-font-size\"><strong>EscapeRoom 2025<\/strong><\/p>\n\n\n\n<p class=\"has-small-font-size\">No todo es el lab \ud83d\ude09<\/p>\n\n\n\n<p><\/p>\n<\/div>\n<\/div>\n<\/div>\n\n\n\n<div class=\"wp-block-column is-vertically-aligned-top is-layout-flow wp-block-column-is-layout-flow\">\n<div class=\"wp-block-group wp-container-content-3 is-vertical is-layout-flex wp-container-core-group-is-layout-4 wp-block-group-is-layout-flex\" style=\"margin-top:0;margin-bottom:0\">\n<div class=\"wp-block-group is-vertical is-nowrap is-layout-flex wp-container-core-group-is-layout-3 wp-block-group-is-layout-flex\">\n<div style=\"height:0px\" aria-hidden=\"true\" class=\"wp-block-spacer wp-container-content-2\"><\/div>\n\n\n\n<p class=\"has-medium-font-size\"><strong>Divulgaci\u00f3n<\/strong><\/p>\n\n\n\n<p class=\"has-small-font-size\">Actividades del grupo para divulgar ciencia a la sociedad. Noche de los investigadores 2024, en La Casa de la Ciencia (Universidad de Sevilla y CSIC) y Caixa Forum. Tambi\u00e9n en el d\u00eda de la Mujer y la Ni\u00f1a en Ciencia, en el CEIP Juan Sebast\u00edan Elcano.<\/p>\n<\/div>\n\n\n\n<figure class=\"wp-block-gallery has-nested-images columns-default is-cropped wp-block-gallery-6 is-layout-flex wp-block-gallery-is-layout-flex\">\n<figure class=\"wp-block-image size-large wp-duotone-unset-3\"><img loading=\"lazy\" decoding=\"async\" width=\"768\" height=\"1024\" src=\"http:\/\/grupo.us.es\/dgclab\/wp-content\/uploads\/2025\/04\/image3-768x1024.jpg\" alt=\"\" class=\"wp-image-239\" srcset=\"http:\/\/grupo.us.es\/dgclab\/wp-content\/uploads\/2025\/04\/image3-768x1024.jpg 768w, http:\/\/grupo.us.es\/dgclab\/wp-content\/uploads\/2025\/04\/image3-225x300.jpg 225w, http:\/\/grupo.us.es\/dgclab\/wp-content\/uploads\/2025\/04\/image3-1152x1536.jpg 1152w, http:\/\/grupo.us.es\/dgclab\/wp-content\/uploads\/2025\/04\/image3.jpg 1500w\" sizes=\"auto, (max-width: 768px) 100vw, 768px\" \/><\/figure>\n\n\n\n<figure class=\"wp-block-image size-large wp-duotone-unset-4\"><img loading=\"lazy\" decoding=\"async\" width=\"1024\" height=\"771\" src=\"http:\/\/grupo.us.es\/dgclab\/wp-content\/uploads\/2025\/04\/IMG_20240927_202830-1024x771.jpg\" alt=\"\" class=\"wp-image-240\" srcset=\"http:\/\/grupo.us.es\/dgclab\/wp-content\/uploads\/2025\/04\/IMG_20240927_202830-1024x771.jpg 1024w, http:\/\/grupo.us.es\/dgclab\/wp-content\/uploads\/2025\/04\/IMG_20240927_202830-300x226.jpg 300w, http:\/\/grupo.us.es\/dgclab\/wp-content\/uploads\/2025\/04\/IMG_20240927_202830-768x578.jpg 768w, http:\/\/grupo.us.es\/dgclab\/wp-content\/uploads\/2025\/04\/IMG_20240927_202830-1536x1157.jpg 1536w, http:\/\/grupo.us.es\/dgclab\/wp-content\/uploads\/2025\/04\/IMG_20240927_202830-2048x1542.jpg 2048w\" sizes=\"auto, (max-width: 1024px) 100vw, 1024px\" \/><\/figure>\n\n\n\n<figure class=\"wp-block-image size-large wp-duotone-unset-5\"><img loading=\"lazy\" decoding=\"async\" width=\"1024\" height=\"576\" src=\"http:\/\/grupo.us.es\/dgclab\/wp-content\/uploads\/2025\/04\/La-mejor-foto-1024x576.jpeg\" alt=\"\" class=\"wp-image-241\" srcset=\"http:\/\/grupo.us.es\/dgclab\/wp-content\/uploads\/2025\/04\/La-mejor-foto-1024x576.jpeg 1024w, http:\/\/grupo.us.es\/dgclab\/wp-content\/uploads\/2025\/04\/La-mejor-foto-300x169.jpeg 300w, http:\/\/grupo.us.es\/dgclab\/wp-content\/uploads\/2025\/04\/La-mejor-foto-768x432.jpeg 768w, http:\/\/grupo.us.es\/dgclab\/wp-content\/uploads\/2025\/04\/La-mejor-foto-1536x864.jpeg 1536w, http:\/\/grupo.us.es\/dgclab\/wp-content\/uploads\/2025\/04\/La-mejor-foto.jpeg 1600w\" sizes=\"auto, (max-width: 1024px) 100vw, 1024px\" \/><\/figure>\n<\/figure>\n<\/div>\n<\/div>\n<\/div>\n\n\n\n<figure class=\"wp-block-image size-large wp-duotone-unset-7\"><img loading=\"lazy\" decoding=\"async\" width=\"1024\" height=\"433\" src=\"http:\/\/grupo.us.es\/dgclab\/wp-content\/uploads\/2025\/04\/20241114_203343-1024x433.jpg\" alt=\"\" class=\"wp-image-243\" srcset=\"http:\/\/grupo.us.es\/dgclab\/wp-content\/uploads\/2025\/04\/20241114_203343-1024x433.jpg 1024w, http:\/\/grupo.us.es\/dgclab\/wp-content\/uploads\/2025\/04\/20241114_203343-300x127.jpg 300w, http:\/\/grupo.us.es\/dgclab\/wp-content\/uploads\/2025\/04\/20241114_203343-768x325.jpg 768w, http:\/\/grupo.us.es\/dgclab\/wp-content\/uploads\/2025\/04\/20241114_203343-1536x650.jpg 1536w, http:\/\/grupo.us.es\/dgclab\/wp-content\/uploads\/2025\/04\/20241114_203343-2048x866.jpg 2048w\" sizes=\"auto, (max-width: 1024px) 100vw, 1024px\" \/><\/figure>\n\n\n\n<p><strong>Congreso ASEICA Zaragoza 2024.<\/strong><\/p>\n\n\n\n<p><\/p>\n","protected":false},"excerpt":{"rendered":"<p>EscapeRoom 2025 No todo es el lab \ud83d\ude09 Divulgaci\u00f3n Actividades del grupo para divulgar ciencia a la sociedad. Noche de [&hellip;]<\/p>\n","protected":false},"author":1,"featured_media":0,"parent":0,"menu_order":0,"comment_status":"closed","ping_status":"closed","template":"","meta":{"site-sidebar-layout":"default","site-content-layout":"","ast-site-content-layout":"default","site-content-style":"default","site-sidebar-style":"default","ast-global-header-display":"","ast-banner-title-visibility":"","ast-main-header-display":"","ast-hfb-above-header-display":"","ast-hfb-below-header-display":"","ast-hfb-mobile-header-display":"","site-post-title":"","ast-breadcrumbs-content":"","ast-featured-img":"","footer-sml-layout":"","ast-disable-related-posts":"","theme-transparent-header-meta":"","adv-header-id-meta":"","stick-header-meta":"","header-above-stick-meta":"","header-main-stick-meta":"","header-below-stick-meta":"","astra-migrate-meta-layouts":"default","ast-page-background-enabled":"default","ast-page-background-meta":{"desktop":{"background-color":"var(--ast-global-color-5)","background-image":"","background-repeat":"repeat","background-position":"center center","background-size":"auto","background-attachment":"scroll","background-type":"","background-media":"","overlay-type":"","overlay-color":"","overlay-opacity":"","overlay-gradient":""},"tablet":{"background-color":"","background-image":"","background-repeat":"repeat","background-position":"center center","background-size":"auto","background-attachment":"scroll","background-type":"","background-media":"","overlay-type":"","overlay-color":"","overlay-opacity":"","overlay-gradient":""},"mobile":{"background-color":"","background-image":"","background-repeat":"repeat","background-position":"center center","background-size":"auto","background-attachment":"scroll","background-type":"","background-media":"","overlay-type":"","overlay-color":"","overlay-opacity":"","overlay-gradient":""}},"ast-content-background-meta":{"desktop":{"background-color":"var(--ast-global-color-4)","background-image":"","background-repeat":"repeat","background-position":"center center","background-size":"auto","background-attachment":"scroll","background-type":"","background-media":"","overlay-type":"","overlay-color":"","overlay-opacity":"","overlay-gradient":""},"tablet":{"background-color":"var(--ast-global-color-4)","background-image":"","background-repeat":"repeat","background-position":"center center","background-size":"auto","background-attachment":"scroll","background-type":"","background-media":"","overlay-type":"","overlay-color":"","overlay-opacity":"","overlay-gradient":""},"mobile":{"background-color":"var(--ast-global-color-4)","background-image":"","background-repeat":"repeat","background-position":"center center","background-size":"auto","background-attachment":"scroll","background-type":"","background-media":"","overlay-type":"","overlay-color":"","overlay-opacity":"","overlay-gradient":""}},"footnotes":""},"class_list":["post-34","page","type-page","status-publish","hentry"],"_links":{"self":[{"href":"http:\/\/grupo.us.es\/dgclab\/wp-json\/wp\/v2\/pages\/34","targetHints":{"allow":["GET"]}}],"collection":[{"href":"http:\/\/grupo.us.es\/dgclab\/wp-json\/wp\/v2\/pages"}],"about":[{"href":"http:\/\/grupo.us.es\/dgclab\/wp-json\/wp\/v2\/types\/page"}],"author":[{"embeddable":true,"href":"http:\/\/grupo.us.es\/dgclab\/wp-json\/wp\/v2\/users\/1"}],"replies":[{"embeddable":true,"href":"http:\/\/grupo.us.es\/dgclab\/wp-json\/wp\/v2\/comments?post=34"}],"version-history":[{"count":5,"href":"http:\/\/grupo.us.es\/dgclab\/wp-json\/wp\/v2\/pages\/34\/revisions"}],"predecessor-version":[{"id":244,"href":"http:\/\/grupo.us.es\/dgclab\/wp-json\/wp\/v2\/pages\/34\/revisions\/244"}],"wp:attachment":[{"href":"http:\/\/grupo.us.es\/dgclab\/wp-json\/wp\/v2\/media?parent=34"}],"curies":[{"name":"wp","href":"https:\/\/api.w.org\/{rel}","templated":true}]}}