{"id":128,"date":"2024-10-01T23:20:51","date_gmt":"2024-10-01T21:20:51","guid":{"rendered":"http:\/\/grupo.us.es\/dgclab\/?page_id=128"},"modified":"2026-03-16T16:20:12","modified_gmt":"2026-03-16T15:20:12","slug":"danielgc","status":"publish","type":"page","link":"http:\/\/grupo.us.es\/dgclab\/danielgc\/","title":{"rendered":"Daniel GC"},"content":{"rendered":"\n<div class=\"wp-block-group alignfull has-accent-5-background-color has-background is-content-justification-center is-layout-constrained wp-container-core-group-is-layout-3 wp-block-group-is-layout-constrained\" style=\"margin-top:0;margin-bottom:0;padding-top:var(--wp--preset--spacing--50);padding-right:var(--wp--preset--spacing--50);padding-bottom:var(--wp--preset--spacing--50);padding-left:var(--wp--preset--spacing--50)\">\n<div class=\"wp-block-columns alignwide is-layout-flex wp-container-core-columns-is-layout-2 wp-block-columns-is-layout-flex\">\n<div class=\"wp-block-column is-vertically-aligned-stretch is-layout-flow wp-block-column-is-layout-flow\" style=\"flex-basis:40%\">\n<div class=\"wp-block-group is-vertical is-content-justification-left is-layout-flex wp-container-core-group-is-layout-2 wp-block-group-is-layout-flex\" style=\"min-height:100%\">\n<h4 class=\"wp-block-heading has-text-align-right\" style=\"margin-right:0;margin-left:calc( var(--wp--preset--spacing--20) * -1);font-size:4.9rem;line-height:1;writing-mode:vertical-rl\">Investigador Principal<\/h4>\n\n\n\n<div class=\"wp-block-group is-content-justification-left is-layout-constrained wp-container-core-group-is-layout-1 wp-block-group-is-layout-constrained\">\n<p class=\"wp-container-content-1\">La Ciencia no debe hacernos esclavos, sino part\u00edcipe de su belleza.<\/p>\n\n\n\n<div class=\"wp-block-columns is-layout-flex wp-container-core-columns-is-layout-1 wp-block-columns-is-layout-flex\">\n<div class=\"wp-block-column is-layout-flow wp-block-column-is-layout-flow\">\n<figure class=\"wp-block-image size-large\"><img decoding=\"async\" src=\"https:\/\/piunikaweb.com\/wp-content\/uploads\/2023\/12\/twiter-new.svg\" alt=\"\"\/><\/figure>\n<\/div>\n\n\n\n<div class=\"wp-block-column is-layout-flow wp-block-column-is-layout-flow\"><\/div>\n<\/div>\n\n\n\n<div class=\"wp-block-buttons is-layout-flex wp-block-buttons-is-layout-flex\">\n<div class=\"wp-block-button\"><a class=\"wp-block-button__link wp-element-button\" href=\"http:\/\/grupo.us.es\/dgclab\/wp-content\/uploads\/2024\/10\/2024-06-02-CVA_English.pdf\" target=\"_blank\" rel=\"noreferrer noopener\"> CV  <\/a><\/div>\n\n\n\n<div class=\"wp-block-button\"><a class=\"wp-block-button__link wp-element-button\" href=\"https:\/\/orcid.org\/0000-0002-2807-8438\" target=\"_blank\" rel=\"noreferrer noopener\">ORCID<\/a><\/div>\n<\/div>\n<\/div>\n<\/div>\n<\/div>\n\n\n\n<div class=\"wp-block-column is-vertically-aligned-top is-layout-flow wp-block-column-is-layout-flow\" style=\"flex-basis:60%\">\n<figure class=\"wp-block-image size-full is-style-rounded wp-duotone-varpresetduotoneduotone-5-1\"><img loading=\"lazy\" decoding=\"async\" width=\"600\" height=\"900\" src=\"http:\/\/grupo.us.es\/dgclab\/wp-content\/uploads\/2024\/10\/Daniel-IBIS-2.png\" alt=\"\" class=\"wp-image-129\" style=\"aspect-ratio:3\/4;object-fit:cover\" srcset=\"http:\/\/grupo.us.es\/dgclab\/wp-content\/uploads\/2024\/10\/Daniel-IBIS-2.png 600w, http:\/\/grupo.us.es\/dgclab\/wp-content\/uploads\/2024\/10\/Daniel-IBIS-2-200x300.png 200w\" sizes=\"auto, (max-width: 600px) 100vw, 600px\" \/><figcaption class=\"wp-element-caption\"><strong>                                                             Investigador AECC- Universidad de Sevilla<\/strong><\/figcaption><\/figure>\n<\/div>\n<\/div>\n\n\n\n<p style=\"margin-top:0;margin-bottom:0\">Soy investigador en Biolog\u00eda Celular y Molecular del C\u00e1ncer y profesor en la Universidad de Sevilla, liderando investigaciones b\u00e1sicas y traslacionales en el Instituto de Biomedicina de Sevilla. El grupo \u00abDin\u00e1mica del Genoma en C\u00e1ncer\u00bb se basa en mi amplia experiencia en centros como Danish Cancer Society, MD Anderson Cancer Center, CNIO y CABIMER. Actualmente, nuestro grupo est\u00e1 financiado por dos proyectos del Ministerio de Innovaci\u00f3n, Ciencia y Universidades, y uno por la Asociaci\u00f3n Espa\u00f1ola Contra el C\u00e1ncer. He recibido la Marie S. Curie Individual Fellowship y he trabajado en proyectos internacionales con Lundbeck en Dinamarca.<\/p>\n\n\n\n<p>Mis principales \u00e1reas de investigaci\u00f3n son: 1) Papel del microARN en la senescencia en el c\u00e1ncer, descubriendo la conexi\u00f3n entre microARN y prote\u00ednas supresoras de tumores como ING1 y p53. 2) Desarrollo de f\u00e1rmacos para c\u00e1ncer de mama, analizando derivados de CGCH contra el gen FASN, altamente expresado en c\u00e1ncer de mama HER2 positivo. 3) Nuevos objetivos en la reparaci\u00f3n del ADN y desarrollo del c\u00e1ncer, identificando m\u00e1s de 200 factores en la reparaci\u00f3n de roturas de doble cadena de ADN usando la herramienta SeeSaw Reporter. 4) Recombinaci\u00f3n hom\u00f3loga en reprogramaci\u00f3n celular y pluripotencia, estudiando la elecci\u00f3n de la v\u00eda de reparaci\u00f3n del ADN. 5) Enfoque de sistema complejo intensivo en datos para investigaci\u00f3n gen\u00f3mica del c\u00e1ncer. 6) Estudio del estr\u00e9s nucleolar en tumorog\u00e9nesis. 7) Bases moleculares de la sinergia entre radioterapia e inmunoterapia en c\u00e1ncer de pulm\u00f3n.<\/p>\n\n\n\n<p>He participado en 17 proyectos nacionales e internacionales, 8 como Investigador Principal en los \u00faltimos 5 a\u00f1os, y publicado en revistas prestigiosas como Nature Communications, Stem Cell Report, Aging Cell y Cancer Research. Mis 14 art\u00edculos han sido citados 330 veces con una media de citas por art\u00edculos de 23,57 y un \u00edndice h de 9. He coordinado proyectos de investigaci\u00f3n competitivos y supervisado a j\u00f3venes investigadores. Mi actividad docente incluye la ense\u00f1anza en la Universidad de Sevilla, Universidad de Santiago-Vigo, Universidad de Copenhague, y el M\u00e1ster de Oncolog\u00eda Radioter\u00e1pica en la Universidad Francisco de Vitoria.<\/p>\n\n\n\n<p>He desempe\u00f1ado roles de gesti\u00f3n, siendo presidente de la Asociaci\u00f3n de Investigadores Espa\u00f1oles en Dinamarca (CED) y vicepresidente de la Red de Asociaciones de Investigadores Espa\u00f1oles en el Extranjero (RAICEX). Coordin\u00e9 la secci\u00f3n \u00abAtracci\u00f3n y Retenci\u00f3n de Talento\u00bb en el informe ATRAE para el Ministerio de Ciencia e Innovaci\u00f3n. Organizo simposios, conferencias y talleres para mejorar el networking entre los pa\u00edses n\u00f3rdicos y Espa\u00f1a, y fund\u00e9 los Encuentros de Diplomacia Cient\u00edfica.<\/p>\n\n\n\n<p>Comprometido con la divulgaci\u00f3n cient\u00edfica, desarroll\u00e9 el sitio web \u00abpreguntaauncientifico.es\u00bb y organic\u00e9 los simposios \u00abComunica y Divulga Ciencia\u00bb. Fund\u00e9 IlluSciences para ilustraciones cient\u00edficas y coordin\u00e9 Pint of Science-Sevilla. Actualmente, coordino las jornadas \u00abIBiSiviliza la Ciencia\u00bb para acercar el Instituto de Biomedicina de Sevilla a pacientes y familiares. Mi trayectoria cient\u00edfica est\u00e1 avalada por publicaciones de alto impacto y financiaci\u00f3n continua para investigaciones centradas en la Din\u00e1mica del Genoma en C\u00e1ncer.<\/p>\n<\/div>\n","protected":false},"excerpt":{"rendered":"<p>Investigador Principal La Ciencia no debe hacernos esclavos, sino part\u00edcipe de su belleza. Soy investigador en Biolog\u00eda Celular y Molecular [&hellip;]<\/p>\n","protected":false},"author":1,"featured_media":0,"parent":0,"menu_order":0,"comment_status":"closed","ping_status":"closed","template":"","meta":{"site-sidebar-layout":"default","site-content-layout":"","ast-site-content-layout":"default","site-content-style":"default","site-sidebar-style":"default","ast-global-header-display":"","ast-banner-title-visibility":"","ast-main-header-display":"","ast-hfb-above-header-display":"","ast-hfb-below-header-display":"","ast-hfb-mobile-header-display":"","site-post-title":"","ast-breadcrumbs-content":"","ast-featured-img":"","footer-sml-layout":"","ast-disable-related-posts":"","theme-transparent-header-meta":"","adv-header-id-meta":"","stick-header-meta":"","header-above-stick-meta":"","header-main-stick-meta":"","header-below-stick-meta":"","astra-migrate-meta-layouts":"default","ast-page-background-enabled":"default","ast-page-background-meta":{"desktop":{"background-color":"var(--ast-global-color-5)","background-image":"","background-repeat":"repeat","background-position":"center center","background-size":"auto","background-attachment":"scroll","background-type":"","background-media":"","overlay-type":"","overlay-color":"","overlay-opacity":"","overlay-gradient":""},"tablet":{"background-color":"","background-image":"","background-repeat":"repeat","background-position":"center center","background-size":"auto","background-attachment":"scroll","background-type":"","background-media":"","overlay-type":"","overlay-color":"","overlay-opacity":"","overlay-gradient":""},"mobile":{"background-color":"","background-image":"","background-repeat":"repeat","background-position":"center center","background-size":"auto","background-attachment":"scroll","background-type":"","background-media":"","overlay-type":"","overlay-color":"","overlay-opacity":"","overlay-gradient":""}},"ast-content-background-meta":{"desktop":{"background-color":"var(--ast-global-color-4)","background-image":"","background-repeat":"repeat","background-position":"center center","background-size":"auto","background-attachment":"scroll","background-type":"","background-media":"","overlay-type":"","overlay-color":"","overlay-opacity":"","overlay-gradient":""},"tablet":{"background-color":"var(--ast-global-color-4)","background-image":"","background-repeat":"repeat","background-position":"center center","background-size":"auto","background-attachment":"scroll","background-type":"","background-media":"","overlay-type":"","overlay-color":"","overlay-opacity":"","overlay-gradient":""},"mobile":{"background-color":"var(--ast-global-color-4)","background-image":"","background-repeat":"repeat","background-position":"center center","background-size":"auto","background-attachment":"scroll","background-type":"","background-media":"","overlay-type":"","overlay-color":"","overlay-opacity":"","overlay-gradient":""}},"footnotes":""},"class_list":["post-128","page","type-page","status-publish","hentry"],"_links":{"self":[{"href":"http:\/\/grupo.us.es\/dgclab\/wp-json\/wp\/v2\/pages\/128","targetHints":{"allow":["GET"]}}],"collection":[{"href":"http:\/\/grupo.us.es\/dgclab\/wp-json\/wp\/v2\/pages"}],"about":[{"href":"http:\/\/grupo.us.es\/dgclab\/wp-json\/wp\/v2\/types\/page"}],"author":[{"embeddable":true,"href":"http:\/\/grupo.us.es\/dgclab\/wp-json\/wp\/v2\/users\/1"}],"replies":[{"embeddable":true,"href":"http:\/\/grupo.us.es\/dgclab\/wp-json\/wp\/v2\/comments?post=128"}],"version-history":[{"count":8,"href":"http:\/\/grupo.us.es\/dgclab\/wp-json\/wp\/v2\/pages\/128\/revisions"}],"predecessor-version":[{"id":264,"href":"http:\/\/grupo.us.es\/dgclab\/wp-json\/wp\/v2\/pages\/128\/revisions\/264"}],"wp:attachment":[{"href":"http:\/\/grupo.us.es\/dgclab\/wp-json\/wp\/v2\/media?parent=128"}],"curies":[{"name":"wp","href":"https:\/\/api.w.org\/{rel}","templated":true}]}}