{"id":754,"date":"2019-10-23T10:13:04","date_gmt":"2019-10-23T10:13:04","guid":{"rendered":"http:\/\/grupo.us.es\/derematerialia\/?page_id=754"},"modified":"2019-10-28T10:39:33","modified_gmt":"2019-10-28T10:39:33","slug":"simulador-del-ensayo-de-traccion","status":"publish","type":"page","link":"https:\/\/grupo.us.es\/derematerialia\/simulador-del-ensayo-de-traccion\/","title":{"rendered":"Recursos did\u00e1cticos"},"content":{"rendered":"\n<p><em><strong><span style=\"font-size: 18pt;\">Simulador del ensayo de tracci\u00f3n<\/span><\/strong><\/em><\/p>\n<p style=\"text-align: justify;\">El <em>ensayo de tracci\u00f3n<\/em> es uno de los ensayos predilectos para la caracterizaci\u00f3n mec\u00e1nica de los materiales. Aunque no puede catalogarse de completamente universal (pues solo es aplicable a materiales d\u00factiles) resulta ser un ensayo relativamente sencillo, a partir del cual se puede extraer mucha informaci\u00f3n. La denominada <em>curva de esfuerzo-deformaci\u00f3n<\/em>, que es la que se obtiene con el ensayo, constituye una especie de r\u00fabrica que distingue al material. Estas curvas constituyen una herramienta b\u00e1sica y son habitualmente utilizadas para la descripci\u00f3n de las propiedades mec\u00e1nicas de los materiales d\u00factiles, como es el caso de los met\u00e1licos. Su amplio uso y la existencia de compendios que re\u00fanen las curvas de tracci\u00f3n de muchos materiales puede llevar a concluir que no existen secretos en relaci\u00f3n a ellas. Desgraciadamente, no es as\u00ed; muchos aspectos relevantes, como la influencia de la temperatura o del ritmo de deformaci\u00f3n, no han llegado a\u00fan a ser completamente comprendidos. Tampoco existe un consenso sobre los modelos te\u00f3ricos que podr\u00edan describir estas sensibilidades. No obstante, algunos aspectos como el estudio de la sensibilidad a la temperatura, han cobrado un renovado inter\u00e9s desde el atentado de las Torres Gemelas. El intento de buscar una explicaci\u00f3n a c\u00f3mo sucedi\u00f3 el colapso de la estructura puso en evidencia nuestro conocimiento solo parcial de estas sensibilidades, sobre todo, en intervalos muy grandes de temperatura. Aunque muchos de los nuevos estudios se han centrado en las propiedades de los aceros empleados en la construcci\u00f3n, lo cierto es que han devuelto este asunto a un primer plano de la investigaci\u00f3n.<\/p>\n<p style=\"text-align: justify;\">Hemos desarrollado un simulador de la curva de tracci\u00f3n, semicuantitativo, y cuyas predicciones solo deben ser tenidas en cuenta con car\u00e1cter did\u00e1ctico, pero es capaz de simular la curva de tracci\u00f3n de cualquier material (<em>met\u00e1lico<\/em>, <em>termopl\u00e1stico<\/em>, <em>termoestable<\/em> o <em>elastom\u00e9rico<\/em>) siempre que sea alimentado con los par\u00e1metros adecuados, bajo un rango amplio de condiciones de ensayo (de temperatura y ritmo de deformaci\u00f3n).<\/p>\n<p style=\"text-align: justify;\">El prop\u00f3sito del simulador aqu\u00ed ofrecido es dar a conocer la diversidad de formas que pueden adoptar las curvas de tracci\u00f3n en materiales de la misma familia o de diferentes familias, as\u00ed como de proporcionar la oportunidad de constatar la influencia que la temperatura y la velocidad de deformaci\u00f3n tienen en la curva de tracci\u00f3n, algo que resultar\u00eda costoso implementar experimentalmente, y que a menudo no aparece discutido en los libros de texto. (Una excepci\u00f3n la constituye la referencia \u201cCiencia e Ingenier\u00eda de los materiales\u201d, Editorial Paraninfo, 2014)<\/p>\n<p style=\"text-align: justify;\"><img loading=\"lazy\" decoding=\"async\" class=\"size-full wp-image-757 aligncenter\" src=\"http:\/\/grupo.us.es\/derematerialia\/wp-content\/uploads\/2019\/10\/Metal1-b.png\" alt=\"\" width=\"1006\" height=\"788\" srcset=\"https:\/\/grupo.us.es\/derematerialia\/wp-content\/uploads\/2019\/10\/Metal1-b.png 1006w, https:\/\/grupo.us.es\/derematerialia\/wp-content\/uploads\/2019\/10\/Metal1-b-300x235.png 300w, https:\/\/grupo.us.es\/derematerialia\/wp-content\/uploads\/2019\/10\/Metal1-b-768x602.png 768w, https:\/\/grupo.us.es\/derematerialia\/wp-content\/uploads\/2019\/10\/Metal1-b-900x705.png 900w\" sizes=\"(max-width: 1006px) 100vw, 1006px\" \/><\/p>\n<p><strong>Figura 1.<\/strong> Panel de la aplicaci\u00f3n que permite simular el ensayo de tracci\u00f3n para diferentes materiales y diferentes condiciones de ensayo.<\/p>\n<p style=\"text-align: justify;\">Descargue el programa que se ha elaborado al efecto y ensaye diferentes valores de las distintas propiedades y condiciones de ensayo, comprobando su efecto sobre la forma de las curvas resultantes. Encontrar\u00e1 \u00fatil ver la evoluci\u00f3n del cuello, en los casos en los que se produzca<\/p>\n<p>Que lo disfruten.<\/p>\n<p><a href=\"http:\/\/grupo.us.es\/derematerialia\/descargas\/Tracci\u00f3n_drm.rar\">[Pulse aqu\u00ed para descargar el Programa Ensayo de Tracci\u00f3n]<\/a><\/p>\n","protected":false},"excerpt":{"rendered":"<p>Simulador del ensayo de tracci\u00f3n El ensayo de tracci\u00f3n es uno de los ensayos predilectos para la caracterizaci\u00f3n mec\u00e1nica de los materiales. Aunque no puede catalogarse de completamente universal (pues solo es aplicable a materiales d\u00factiles) resulta ser un ensayo relativamente sencillo, a partir del cual se puede extraer mucha informaci\u00f3n. La denominada curva de [&hellip;]<\/p>\n","protected":false},"author":1,"featured_media":680,"parent":0,"menu_order":0,"comment_status":"closed","ping_status":"closed","template":"","meta":{"ngg_post_thumbnail":0,"footnotes":"","_mc_calendar":[]},"_links":{"self":[{"href":"https:\/\/grupo.us.es\/derematerialia\/wp-json\/wp\/v2\/pages\/754"}],"collection":[{"href":"https:\/\/grupo.us.es\/derematerialia\/wp-json\/wp\/v2\/pages"}],"about":[{"href":"https:\/\/grupo.us.es\/derematerialia\/wp-json\/wp\/v2\/types\/page"}],"author":[{"embeddable":true,"href":"https:\/\/grupo.us.es\/derematerialia\/wp-json\/wp\/v2\/users\/1"}],"replies":[{"embeddable":true,"href":"https:\/\/grupo.us.es\/derematerialia\/wp-json\/wp\/v2\/comments?post=754"}],"version-history":[{"count":3,"href":"https:\/\/grupo.us.es\/derematerialia\/wp-json\/wp\/v2\/pages\/754\/revisions"}],"predecessor-version":[{"id":797,"href":"https:\/\/grupo.us.es\/derematerialia\/wp-json\/wp\/v2\/pages\/754\/revisions\/797"}],"wp:featuredmedia":[{"embeddable":true,"href":"https:\/\/grupo.us.es\/derematerialia\/wp-json\/wp\/v2\/media\/680"}],"wp:attachment":[{"href":"https:\/\/grupo.us.es\/derematerialia\/wp-json\/wp\/v2\/media?parent=754"}],"curies":[{"name":"wp","href":"https:\/\/api.w.org\/{rel}","templated":true}]}}