{"id":620,"date":"2019-10-17T09:58:17","date_gmt":"2019-10-17T09:58:17","guid":{"rendered":"http:\/\/grupo.us.es\/derematerialia\/?page_id=620"},"modified":"2019-10-28T10:03:36","modified_gmt":"2019-10-28T10:03:36","slug":"acerca-del-nombre","status":"publish","type":"page","link":"https:\/\/grupo.us.es\/derematerialia\/acerca-del-nombre\/","title":{"rendered":"Informaci\u00f3n"},"content":{"rendered":"\n<p><em><span style=\"font-size: 18pt;\"><strong>Acerca del nombre<\/strong><\/span><\/em><\/p>\n<p style=\"text-align: justify;\">En 1556, justo un a\u00f1o despu\u00e9s de la muerte de su autor, Georg Bauer, vio la luz en Alemania un libro titulado \u00abDe re metallica\u00bb (que podr\u00edamos traducir como\u00a0<em>Sobre los metales<\/em>). Se trataba de un detallado compendio de los saberes acumulados hasta la fecha sobre miner\u00eda, refinado y fundici\u00f3n de metales. Como era costumbre en aquella \u00e9poca, los libros cultos se escrib\u00edan en lat\u00edn, e, incluso, el autor firmaba con su nombre latinizado. Esta no fue una excepci\u00f3n; el libro se escribi\u00f3 en lat\u00edn y su autor firm\u00f3 como Georgius Agricola. El tratado de Agricola alcanz\u00f3 tal relevancia y notoriedad que fue el texto de referencia sobre miner\u00eda durante los casi dos siglos siguientes a su publicaci\u00f3n.<\/p>\n<p style=\"text-align: justify;\">Con el volumen actual de conocimientos, emular hoy d\u00eda la haza\u00f1a de Agricola constituir\u00eda una tarea tit\u00e1nica, inabarcable para un solo hombre, pues los materiales de hoy no solo son los metales. Ni siquiera reduci\u00e9ndose a ellos la tarea dejar\u00eda de ser ingente.<\/p>\n<p style=\"text-align: justify;\">Nada nos impide, sin embargo, imaginar c\u00f3mo habr\u00eda llamado Agricola a un tratado que versara sobre todos los materiales y no solo sobre los metales. Tal vez, \u00abDe re materialia\u00bb, algo as\u00ed como <em>Sobre los materiales<\/em>.<\/p>\n<p style=\"text-align: justify;\">Y sin la m\u00e1s m\u00ednima intenci\u00f3n de remedar la proeza de Agricola, pero s\u00ed con el prop\u00f3sito de rendirle homenaje y, sobre todo, hablar sobre materiales, as\u00ed nace esta p\u00e1gina.<\/p>\n<p style=\"text-align: justify;\">Que la disfruten.<\/p>\n","protected":false},"excerpt":{"rendered":"<p>Acerca del nombre En 1556, justo un a\u00f1o despu\u00e9s de la muerte de su autor, Georg Bauer, vio la luz en Alemania un libro titulado \u00abDe re metallica\u00bb (que podr\u00edamos traducir como\u00a0Sobre los metales). Se trataba de un detallado compendio de los saberes acumulados hasta la fecha sobre miner\u00eda, refinado y fundici\u00f3n de metales. Como [&hellip;]<\/p>\n","protected":false},"author":1,"featured_media":678,"parent":0,"menu_order":0,"comment_status":"closed","ping_status":"closed","template":"","meta":{"ngg_post_thumbnail":0,"footnotes":"","_mc_calendar":[]},"_links":{"self":[{"href":"https:\/\/grupo.us.es\/derematerialia\/wp-json\/wp\/v2\/pages\/620"}],"collection":[{"href":"https:\/\/grupo.us.es\/derematerialia\/wp-json\/wp\/v2\/pages"}],"about":[{"href":"https:\/\/grupo.us.es\/derematerialia\/wp-json\/wp\/v2\/types\/page"}],"author":[{"embeddable":true,"href":"https:\/\/grupo.us.es\/derematerialia\/wp-json\/wp\/v2\/users\/1"}],"replies":[{"embeddable":true,"href":"https:\/\/grupo.us.es\/derematerialia\/wp-json\/wp\/v2\/comments?post=620"}],"version-history":[{"count":4,"href":"https:\/\/grupo.us.es\/derematerialia\/wp-json\/wp\/v2\/pages\/620\/revisions"}],"predecessor-version":[{"id":775,"href":"https:\/\/grupo.us.es\/derematerialia\/wp-json\/wp\/v2\/pages\/620\/revisions\/775"}],"wp:featuredmedia":[{"embeddable":true,"href":"https:\/\/grupo.us.es\/derematerialia\/wp-json\/wp\/v2\/media\/678"}],"wp:attachment":[{"href":"https:\/\/grupo.us.es\/derematerialia\/wp-json\/wp\/v2\/media?parent=620"}],"curies":[{"name":"wp","href":"https:\/\/api.w.org\/{rel}","templated":true}]}}