{"id":503,"date":"2019-03-08T09:32:51","date_gmt":"2019-03-08T09:32:51","guid":{"rendered":"http:\/\/grupo.us.es\/derematerialia\/?page_id=503"},"modified":"2020-04-01T08:14:59","modified_gmt":"2020-04-01T08:14:59","slug":"libro-ciencia-de-los-materiales-fantasticos","status":"publish","type":"page","link":"https:\/\/grupo.us.es\/derematerialia\/libro-ciencia-de-los-materiales-fantasticos\/","title":{"rendered":"Libros"},"content":{"rendered":"<p><span style=\"font-size: 18pt;\"><em><strong>Ciencia de los Materiales Fant\u00e1sticos<\/strong><\/em><\/span><\/p>\n<p><a href=\"#caracteristica\">Caracter\u00edsticas de esta edici\u00f3n<\/a><br \/>\n<a href=\"#sinopsis\">Sinopsis<\/a><br \/>\n<a href=\"#indice\">\u00cdndice<\/a><br \/>\n<a href=\"#rese\u00f1as\">Rese\u00f1as<\/a><\/p>\n<p><span style=\"color: #000000;\"><strong>Caracter\u00edsticas de esta edici\u00f3n<\/strong><\/span><\/p>\n<p><img loading=\"lazy\" decoding=\"async\" class=\"alignnone size-full wp-image-504\" src=\"http:\/\/grupo.us.es\/derematerialia\/wp-content\/uploads\/2019\/03\/Libro-CMF.jpg\" alt=\"\" width=\"205\" height=\"291\" \/><\/p>\n<p>Impresi\u00f3n: Color.<br \/>\nEditorial: <a href=\"https:\/\/www.paraninfo.es\/catalogo\/9788428342759\/ciencia-de-los-materiales-fantasticos\" target=\"_blank\" rel=\"noopener noreferrer\">Paraninfo<\/a><br \/>\nAutores: Juan Manuel Montes Martos, F\u00e1tima Ternero Fern\u00e1ndez<br \/>\nP\u00e1ginas: 208<br \/>\nFormato: 17 x 24<br \/>\nISBN 13: 9788428342759<br \/>\nISBN 10: 842834275X<br \/>\n<a href=\"https:\/\/www.paraninfo.es\/catalogo\/9788428342759\/ciencia-de-los-materiales-fantasticos\" target=\"_blank\" rel=\"noopener noreferrer\">Enlace a la editorial<\/a><\/p>\n<p style=\"text-align: justify;\"><span style=\"color: #00ccff;\"><strong><a id=\"sinopsis\"><\/a><span style=\"color: #000000;\">Sinopsis<\/span><\/strong><\/span><br \/>\nVivimos un momento apasionante, en el que han cobrado fuerza y vigor los g\u00e9neros de ciencia ficci\u00f3n y de narrativa fant\u00e1stica. Es una suerte, adem\u00e1s, que la televisi\u00f3n y el cine se hayan sumado a esta corriente, reforzando los canales literarios habituales.<br \/>\nAlgunas de las historias narradas por estos g\u00e9neros (en cualquiera de sus modalidades) pueden aparentar cierto car\u00e1cter predictivo o anticipatorio de los avances de la ciencia y la tecnolog\u00eda que est\u00e1n por llegar. (Incluso la \u00abmagia\u00bb podr\u00eda esconder \u00abalta tecnolog\u00eda\u00bb.) Naturalmente, dentro de esos avances cient\u00edfico-tecnol\u00f3gicos est\u00e1n los relativos a los materiales. En estas obras de ficci\u00f3n se describen a menudo gran n\u00famero de materiales singulares, poseedores de propiedades igualmente \u00fanicas y fant\u00e1sticas. Son estos materiales los que nos interesan, pues supone todo un reto conocer si en cierto modo ya existen, si podr\u00edan existir alg\u00fan d\u00eda o si son completamente imposibles.<br \/>\n\u00bfPodr\u00edan las obras de ficci\u00f3n ayudarnos en esa labor? \u00bfY la Ciencia de los Materiales, podr\u00eda ayudarnos a discernir lo real de lo irreal, lo factible de lo definitivamente imposible? Esta disciplina tiene por objetivo no solo estudiar y describir las propiedades de los materiales, sino adem\u00e1s \u2015y esa es la clave\u2015 comprender qu\u00e9 caracter\u00edsticas internas del material hacen posibles estas propiedades. La historia ha dado la raz\u00f3n a este m\u00e9todo de trabajo; hoy sabemos que controlando las caracter\u00edsticas internas de los materiales, podemos alterar a conveniencia sus propiedades. Con esa poderosa herramienta es f\u00e1cil entender que los avances sobre materiales no parar\u00e1n de sucederse, solo restringidos por los l\u00edmites que imponen las inexorables leyes de la F\u00edsica y de la Qu\u00edmica. Considere este libro un humilde intento por describir el pasado, presente y el fant\u00e1stico futuro de los materiales, guiado por las sugerencias de las obras de ficci\u00f3n.<\/p>\n<p><span style=\"color: #00ccff;\"><strong><a id=\"indice\"><\/a><span style=\"color: #000000;\">Indice<\/span><\/strong><\/span><br \/>\nPrefacio<br \/>\n1. El oro de los dioses<br \/>\n2. El vidriag\u00f3n<br \/>\n3. El aluminio<br \/>\n4. El oricalco<br \/>\n5. El acero valyrio<br \/>\n6. El oro de Sauron<br \/>\n7. El mithril<br \/>\n8. La piedra de Orthanc<br \/>\n9. La piedra de Magnesia<br \/>\n10. La piedra de Asgard<br \/>\n11. El quinto elemento<br \/>\n12. La piedra filosofal<br \/>\n13. El adamantio<br \/>\n14. El vibranio<br \/>\n15. El japonio<br \/>\n16. La superaleaci\u00f3n Z<br \/>\n17. El aluminio transparente<br \/>\n18. La cavorita<br \/>\n19. La piedra de Pandora<br \/>\n20. La gomavol<br \/>\n21. El caucho Wayne<br \/>\n22. El adhesivo Stark<br \/>\n23. El jacobio<br \/>\n24. El invisibilio<br \/>\n25. La polialeaci\u00f3n mim\u00e9tica<br \/>\nBibliograf\u00eda<br \/>\nCr\u00e9ditos de las im\u00e1genes<\/p>\n<div id=\"gtx-trans\" style=\"position: absolute; left: -2px; top: 741.25px;\">\n<div class=\"gtx-trans-icon\"><\/div>\n<\/div>\n<p><span style=\"color: #00ccff;\"><strong><a id=\"rese\u00f1as\"><\/a><span style=\"color: #000000;\">Rese\u00f1as<\/span><\/strong><\/span><\/p>\n<p><a href=\"http:\/\/grupo.us.es\/derematerialia\/descargas\/Art\u00edculo publicado.pdf\" target=\"_blank\" rel=\"noopener noreferrer\" data-wplink-url-error=\"true\">Art\u00edculo sobre la utilizaci\u00f3n del libro en docencia<\/a><\/p>\n<p><a href=\"https:\/\/noticiasdelaciencia.com\/art\/32509\/ciencia-de-los-materiales-fantasticos-juan-manuel-montes-martos-fatima-ternero-fernandez\" target=\"_blank\" rel=\"noopener noreferrer\">Noticias de la Ciencia y la Tecnolog\u00eda<\/a><\/p>\n<p class=\"x_MsoNormal\"><a href=\"https:\/\/uvadoc.uva.es\/handle\/10324\/38527\" target=\"_blank\" rel=\"noopener noreferrer\"><span style=\"font-size: 12pt;\">\u201cLOS NUEVOS MATERIALES EN EL CURR\u00cdCULO DE ESO Y BACHILLERATO. PROPUESTA DE UNIDAD DID\u00c1CTICA \u201c, TFM<\/span><\/a><\/p>\n","protected":false},"excerpt":{"rendered":"<p>Ciencia de los Materiales Fant\u00e1sticos Caracter\u00edsticas de esta edici\u00f3n Sinopsis \u00cdndice Rese\u00f1as Caracter\u00edsticas de esta edici\u00f3n Impresi\u00f3n: Color. Editorial: Paraninfo Autores: Juan Manuel Montes Martos, F\u00e1tima Ternero Fern\u00e1ndez P\u00e1ginas: 208 Formato: 17 x 24 ISBN 13: 9788428342759 ISBN 10: 842834275X Enlace a la editorial Sinopsis Vivimos un momento apasionante, en el que han cobrado fuerza [&hellip;]<\/p>\n","protected":false},"author":1,"featured_media":681,"parent":0,"menu_order":0,"comment_status":"closed","ping_status":"closed","template":"","meta":{"ngg_post_thumbnail":0,"footnotes":"","_mc_calendar":[]},"_links":{"self":[{"href":"https:\/\/grupo.us.es\/derematerialia\/wp-json\/wp\/v2\/pages\/503"}],"collection":[{"href":"https:\/\/grupo.us.es\/derematerialia\/wp-json\/wp\/v2\/pages"}],"about":[{"href":"https:\/\/grupo.us.es\/derematerialia\/wp-json\/wp\/v2\/types\/page"}],"author":[{"embeddable":true,"href":"https:\/\/grupo.us.es\/derematerialia\/wp-json\/wp\/v2\/users\/1"}],"replies":[{"embeddable":true,"href":"https:\/\/grupo.us.es\/derematerialia\/wp-json\/wp\/v2\/comments?post=503"}],"version-history":[{"count":8,"href":"https:\/\/grupo.us.es\/derematerialia\/wp-json\/wp\/v2\/pages\/503\/revisions"}],"predecessor-version":[{"id":1276,"href":"https:\/\/grupo.us.es\/derematerialia\/wp-json\/wp\/v2\/pages\/503\/revisions\/1276"}],"wp:featuredmedia":[{"embeddable":true,"href":"https:\/\/grupo.us.es\/derematerialia\/wp-json\/wp\/v2\/media\/681"}],"wp:attachment":[{"href":"https:\/\/grupo.us.es\/derematerialia\/wp-json\/wp\/v2\/media?parent=503"}],"curies":[{"name":"wp","href":"https:\/\/api.w.org\/{rel}","templated":true}]}}