{"id":25,"date":"2017-12-14T10:50:06","date_gmt":"2017-12-14T10:50:06","guid":{"rendered":"http:\/\/s334468219.mialojamiento.es\/Derematerialia_\/?page_id=25"},"modified":"2025-11-14T11:22:03","modified_gmt":"2025-11-14T10:22:03","slug":"acerca-de","status":"publish","type":"page","link":"https:\/\/grupo.us.es\/derematerialia\/acerca-de\/","title":{"rendered":"Informaci\u00f3n"},"content":{"rendered":"<p><em><strong><span style=\"font-size: 18pt;\">Qui\u00e9nes somos<\/span><\/strong><\/em><\/p>\n<p style=\"text-align: justify;\"><strong>de<\/strong><span style=\"color: red;\">re<\/span><strong>materialia<\/strong> es un portal de contenidos relacionados con la Ingenier\u00eda y la Ciencia de los Materiales.<\/p>\n<p style=\"text-align: justify;\">Pretende servir como canal de noticias, pero tambi\u00e9n como expositor de recursos did\u00e1cticos para la ense\u00f1anza de materiales, de creaci\u00f3n propia, y un expositor de las principales l\u00edneas de investigaci\u00f3n del grupo que sustenta la p\u00e1gina.<\/p>\n<p style=\"text-align: justify;\"><strong>de<\/strong><span style=\"color: red;\">re<\/span><strong>materialia<\/strong> est\u00e1 integrada actualmente por seis profesores y un T\u00e9cnico, cinco de la Universidad de Sevilla y uno de la Universidad de Huelva.<\/p>\n<ul>\n<li><a href=\"https:\/\/prisma.us.es\/investigador\/4144\" target=\"_blank\" rel=\"noopener noreferrer\">F\u00e1tima \u00c1ngela Ternero Fern\u00e1ndez<\/a> (<span style=\"color: #000000;\"><a style=\"color: #000000;\" href=\"http:\/\/orcid.org\/0000-0002-9818-1473\" target=\"_blank\" rel=\"noopener noreferrer\">ORCID<\/a><\/span>)- <span style=\"font-size: 10pt;\"><span style=\"color: #000000;\">Universidad de Sevilla.<\/span><\/span><\/li>\n<li><a href=\"https:\/\/prisma.us.es\/investigador\/4212\" target=\"_blank\" rel=\"noopener noreferrer\">Petr Urban<\/a>&nbsp;(<span style=\"color: #000000;\"><a style=\"color: #000000;\" href=\"https:\/\/orcid.org\/0000-0002-2106-5378\" target=\"_blank\" rel=\"noopener noreferrer\">ORCID<\/a><\/span>)- <span style=\"font-size: 10pt;\"><span style=\"color: #000000;\">Universidad de Sevilla.<\/span><\/span><\/li>\n<li><a href=\"https:\/\/prisma.us.es\/investigador\/2761\" target=\"_blank\" rel=\"noopener noreferrer\">Juan Manuel Montes Martos<\/a> (<span style=\"color: #000000;\"><a style=\"color: #000000;\" href=\"http:\/\/orcid.org\/0000-0002-4103-6291\" target=\"_blank\" rel=\"noopener noreferrer\">ORCID<\/a><\/span>)- <span style=\"font-size: 10pt;\"><span style=\"color: #000000;\">Universidad de Sevilla.<\/span><\/span><\/li>\n<li><a href=\"https:\/\/prisma.us.es\/investigador\/851\" target=\"_blank\" rel=\"noopener noreferrer\">Jes\u00fas Cintas F\u00edsico<\/a> (<a href=\"http:\/\/orcid.org\/0000-0002-6661-916X\" target=\"_blank\" rel=\"noopener noreferrer\"><span style=\"color: #000000;\">ORCID<\/span><\/a>)- <span style=\"font-size: 10pt;\"><span style=\"color: #000000;\">Universidad de Sevilla.<\/span><\/span><\/li>\n<li><a title=\"SISIUS\" href=\"https:\/\/investigacion.us.es\/sisius\/sis_showpub.php?ct=1&amp;cs=1&amp;idpers=5226\">Jes\u00fas Pinto Quintana<\/a> <span style=\"font-size: 10pt;\"><span style=\"color: #000000;\">Universidad de Sevilla.<\/span><\/span><\/li>\n<li><a href=\"https:\/\/produccioncientifica.uhu.es\/investigadores\/210913\/detalle\" target=\"_blank\" rel=\"noopener noreferrer\">Francisco P. G\u00f3mez Cuevas<\/a> (<span style=\"color: #000000;\"><a style=\"color: #000000;\" href=\"http:\/\/orcid.org\/0000-0002-1167-1569\" target=\"_blank\" rel=\"noopener noreferrer\">ORCID<\/a><\/span>)- <span style=\"font-size: 10pt;\"><span style=\"color: #000000;\">Universidad de Huelva.<\/span><\/span><\/li>\n<\/ul>\n","protected":false},"excerpt":{"rendered":"<p>Qui\u00e9nes somos derematerialia es un portal de contenidos relacionados con la Ingenier\u00eda y la Ciencia de los Materiales. Pretende servir como canal de noticias, pero tambi\u00e9n como expositor de recursos did\u00e1cticos para la ense\u00f1anza de materiales, de creaci\u00f3n propia, y un expositor de las principales l\u00edneas de investigaci\u00f3n del grupo que sustenta la p\u00e1gina. derematerialia [&hellip;]<\/p>\n","protected":false},"author":1,"featured_media":678,"parent":0,"menu_order":0,"comment_status":"closed","ping_status":"closed","template":"","meta":{"ngg_post_thumbnail":0,"footnotes":"","_mc_calendar":[]},"_links":{"self":[{"href":"https:\/\/grupo.us.es\/derematerialia\/wp-json\/wp\/v2\/pages\/25"}],"collection":[{"href":"https:\/\/grupo.us.es\/derematerialia\/wp-json\/wp\/v2\/pages"}],"about":[{"href":"https:\/\/grupo.us.es\/derematerialia\/wp-json\/wp\/v2\/types\/page"}],"author":[{"embeddable":true,"href":"https:\/\/grupo.us.es\/derematerialia\/wp-json\/wp\/v2\/users\/1"}],"replies":[{"embeddable":true,"href":"https:\/\/grupo.us.es\/derematerialia\/wp-json\/wp\/v2\/comments?post=25"}],"version-history":[{"count":33,"href":"https:\/\/grupo.us.es\/derematerialia\/wp-json\/wp\/v2\/pages\/25\/revisions"}],"predecessor-version":[{"id":1392,"href":"https:\/\/grupo.us.es\/derematerialia\/wp-json\/wp\/v2\/pages\/25\/revisions\/1392"}],"wp:featuredmedia":[{"embeddable":true,"href":"https:\/\/grupo.us.es\/derematerialia\/wp-json\/wp\/v2\/media\/678"}],"wp:attachment":[{"href":"https:\/\/grupo.us.es\/derematerialia\/wp-json\/wp\/v2\/media?parent=25"}],"curies":[{"name":"wp","href":"https:\/\/api.w.org\/{rel}","templated":true}]}}