{"id":221,"date":"2018-05-16T11:54:18","date_gmt":"2018-05-16T11:54:18","guid":{"rendered":"http:\/\/grupo.us.es\/derematerialia\/?page_id=221"},"modified":"2019-11-13T12:48:23","modified_gmt":"2019-11-13T12:48:23","slug":"el-adamantio","status":"publish","type":"page","link":"https:\/\/grupo.us.es\/derematerialia\/el-adamantio\/","title":{"rendered":"Ensayos: Materiales fant\u00e1sticos"},"content":{"rendered":"<p><span style=\"font-size: 18pt;\"><em><strong>El Adamantio<\/strong><\/em><\/span><\/p>\n<p style=\"text-align: justify;\"><strong><em>Juan Manuel Montes <\/em><\/strong>(13-05-2018)<\/p>\n<p style=\"text-align: justify;\"><span style=\"font-size: 24pt;\">E<\/span>l nombre de <em>adamantio <\/em>deriva del vocablo griego <em>adamas<\/em> que significa <em>indomable<\/em>, en clara alusi\u00f3n a su extrema dureza. La palabra <em>diamante<\/em> tiene la misma etimolog\u00eda. Siguiendo la misma estela, los mineralogistas actuales califican como <em>adamantinos<\/em> a aquellos minerales que exhiben extraordinaria dureza.<\/p>\n<p style=\"text-align: justify;\">As\u00ed pues, el t\u00e9rmino no es nuevo, y antes de que apareciera en los c\u00f3mics de superh\u00e9roes, ya se mencionaba en fuentes antiguas sobre mitolog\u00eda para aludir a un material especialmente resistente, el \u00fanico capaz de herir o retener a las deidades.<\/p>\n<p style=\"text-align: justify;\">No es de extra\u00f1ar, por tanto, que con tan solemnes antecedentes las virtudes que los c\u00f3mics de Marvel le atribuyen a este material sean tan extraordinarias. De acuerdo con estas fuentes fant\u00e1sticas, el <em>adamantio<\/em><em> (adamantium) <\/em>es un metal de enlace covalente libre de defectos; el material m\u00e1s resistente del Universo, solo superado por la aleaci\u00f3n de acero y vibranio con la que se fabric\u00f3 el escudo del Capit\u00e1n Am\u00e9rica.<\/p>\n<p style=\"text-align: justify;\">La propia historia del adamantio es rocambolesca. Seg\u00fan los c\u00f3mics, fue desarrollado por el Dr. Myron Maclain, en un intento desesperado de reproducir las caracter\u00edsticas de la aleaci\u00f3n del escudo. Todos sus intentos fueron infructuosos, pero al menos obtuvo una aleaci\u00f3n suced\u00e1nea, extraordinariamente resistente, a la que denomin\u00f3 <em>adamantio<\/em>. Las garras de Lobezno est\u00e1n hechas de adamantio.<\/p>\n<p style=\"text-align: justify;\">Bonita historia\u2026 Me pregunto si existir\u00e1 alg\u00fan material as\u00ed en este mundo.<\/p>\n<p style=\"text-align: justify;\">Seducidos por el nombre, casi con toda seguridad, el primer candidato que acude a nuestra mente sea el diamante. En efecto, este es el material m\u00e1s duro que nos brinda la naturaleza. De manera artificial, sin embargo, el hombre ha sido capaz de desarrollar materiales m\u00e1s duros que el propio diamante. Por ejemplo, los denominados agregados de nanobarras de diamante (o ADNR por sus iniciales de su nombre en ingl\u00e9s, <em>Aggregated Diamond NanoRods<\/em>) son una forma nanocristalina de diamante, conocida tambi\u00e9n como <em>nanodiamante<\/em> o <em>hiperdiamante<\/em>, que poseen una dureza superior a la del propio diamante. Fueron fabricados por primera vez en 2003, comprimiendo grafito a presiones elevad\u00edsimas, y resultaron ser mucho m\u00e1s duros que el diamante convencional y ligeramente m\u00e1s densos.<\/p>\n<p style=\"text-align: justify;\">\u00bfPero es solo dureza lo que perseguimos? No. De hecho, no podremos avanzar en la direcci\u00f3n correcta sin entender, antes de nada, que las propiedades de <em>dureza<\/em> y <em>resistencia<\/em> est\u00e1n m\u00e1s o menos relacionadas, pero que ninguna de ellas describe bien la cualidad que esperamos que tenga una espada o el mejor de los escudos. Esa preciada propiedad por la que los materiales soportan fuertes deformaciones sin llegar a romperse es lo que denominamos <em>tenacidad<\/em>. Naturalmente, el material de una espada debe ser <em>tenaz<\/em>. Y lo muy duro, no tiene por qu\u00e9 ser tenaz. El diamante, por ejemplo, pese a su extraordinaria dureza, no soporta golpes. La debilidad de estos materiales proviene del hecho de que ineludiblemente contienen grietas, a veces peque\u00f1\u00edsimas, creadas desde el momento mismo de la formaci\u00f3n del material. Cuando los materiales son golpeados, la dureza del material se vuelve su peor enemigo porque facilita el crecimiento de esas grietas, lo que termina por romper el material. El intento de superar esos inconvenientes ha forzado en los \u00faltimos a\u00f1os a una intensa investigaci\u00f3n para producir materiales cer\u00e1micos (por lo general, muy duros) que sean a la vez tenaces. Hoy d\u00eda ya es posible disponer de cuchillos cer\u00e1micos, que tienen la suficiente tenacidad para soportar peque\u00f1os golpes sin romperse y que nos proporcionan, debido a su dureza, un filo extraordinariamente cortante que no se desafila. Los avances logrados pasan por fabricar con menos grietas e impedir el avance de estas. Por eso, como muy bien apuntaba el c\u00f3mic, el adamantio deb\u00eda estar libre de defectos (grietas).<\/p>\n<p style=\"text-align: justify;\">Con todo, el adamantio es descrito en los c\u00f3mics como un metal con enlace covalente. El diamante tiene enlace covalente, pero los metales tienen enlace met\u00e1lico. Podemos sortear esta cuesti\u00f3n admitiendo, como s\u00ed que es posible, que el enlace del adamantio es fundamentalmente met\u00e1lico, pero con cierto car\u00e1cter covalente. Las ventajas de su car\u00e1cter met\u00e1lico provienen de mayor conformabilidad y mayor tenacidad. \u00bfPodr\u00eda existir un material met\u00e1lico que fuera a la vez extraordinariamente duro, de dureza comparable a la del diamante? Es eso lo que buscamos.<\/p>\n<p style=\"text-align: justify;\">Pues tengo que decirles que s\u00ed, que existe un buen candidato que re\u00fane esas caracter\u00edsticas. Se trata del <em>diboruro de renio <\/em>(ReB<sub>2<\/sub>). En abril de 2007, la revista <em>Science<\/em> dio a conocer que un grupo de investigadores de la Universidad de California en los \u00c1ngeles hab\u00eda conseguido sintetizar ese compuesto (el diboruro de renio), y que presentaba unas propiedades de dureza similares a la del diamante, pero con la gran ventaja de poder ser fabricado a presiones normales, lo que abarata tremendamente su coste de producci\u00f3n. Este compuesto se forma a partir de una mezcla de renio, un metal notable por su resistencia a la alta presi\u00f3n, y el boro, un metaloide capaz de entablar enlaces covalentes cortos y muy fuertes con el renio, aun cuando el enlace tenga car\u00e1cter globalmente met\u00e1lico. El material resultante es lo suficientemente duro como para rayar al diamante, pero conformable como un metal.<\/p>\n<p style=\"text-align: justify;\"><span style=\"font-size: 13 pt;\">\u00bfNo es lo que buscamos? Sin duda se le parece. Tal vez el sue\u00f1o se ha visto realizado.<\/span><\/p>\n","protected":false},"excerpt":{"rendered":"<p>El Adamantio Juan Manuel Montes (13-05-2018) El nombre de adamantio deriva del vocablo griego adamas que significa indomable, en clara alusi\u00f3n a su extrema dureza. La palabra diamante tiene la misma etimolog\u00eda. Siguiendo la misma estela, los mineralogistas actuales califican como adamantinos a aquellos minerales que exhiben extraordinaria dureza. As\u00ed pues, el t\u00e9rmino no es [&hellip;]<\/p>\n","protected":false},"author":1,"featured_media":679,"parent":0,"menu_order":0,"comment_status":"closed","ping_status":"closed","template":"","meta":{"ngg_post_thumbnail":0,"footnotes":"","_mc_calendar":[]},"_links":{"self":[{"href":"https:\/\/grupo.us.es\/derematerialia\/wp-json\/wp\/v2\/pages\/221"}],"collection":[{"href":"https:\/\/grupo.us.es\/derematerialia\/wp-json\/wp\/v2\/pages"}],"about":[{"href":"https:\/\/grupo.us.es\/derematerialia\/wp-json\/wp\/v2\/types\/page"}],"author":[{"embeddable":true,"href":"https:\/\/grupo.us.es\/derematerialia\/wp-json\/wp\/v2\/users\/1"}],"replies":[{"embeddable":true,"href":"https:\/\/grupo.us.es\/derematerialia\/wp-json\/wp\/v2\/comments?post=221"}],"version-history":[{"count":7,"href":"https:\/\/grupo.us.es\/derematerialia\/wp-json\/wp\/v2\/pages\/221\/revisions"}],"predecessor-version":[{"id":916,"href":"https:\/\/grupo.us.es\/derematerialia\/wp-json\/wp\/v2\/pages\/221\/revisions\/916"}],"wp:featuredmedia":[{"embeddable":true,"href":"https:\/\/grupo.us.es\/derematerialia\/wp-json\/wp\/v2\/media\/679"}],"wp:attachment":[{"href":"https:\/\/grupo.us.es\/derematerialia\/wp-json\/wp\/v2\/media?parent=221"}],"curies":[{"name":"wp","href":"https:\/\/api.w.org\/{rel}","templated":true}]}}