{"id":207,"date":"2018-05-16T11:41:13","date_gmt":"2018-05-16T11:41:13","guid":{"rendered":"http:\/\/grupo.us.es\/derematerialia\/?page_id=207"},"modified":"2019-11-14T08:52:22","modified_gmt":"2019-11-14T08:52:22","slug":"el-vibranio","status":"publish","type":"page","link":"https:\/\/grupo.us.es\/derematerialia\/el-vibranio\/","title":{"rendered":"Ensayos: Materiales fant\u00e1sticos"},"content":{"rendered":"<p><em><strong><span style=\"font-size: 18pt;\">El Vibranio<\/span><\/strong><\/em><\/p>\n<p><strong><em>Juan Manuel Montes <\/em><\/strong>(13-05-2018)<\/p>\n<p style=\"text-align: justify;\"><span style=\"font-size: 24pt;\">S<\/span>e nos olvida a veces lo privilegiado que es el momento que nos ha tocado vivir. Y me refiero \u00fanicamente al aspecto tecnol\u00f3gico de la historia de nuestra civilizaci\u00f3n. Nos rodean todo tipo de utensilios, objetos y m\u00e1quinas hechos de liger\u00edsimo y resistente pl\u00e1stico, de cer\u00e1micas tenaces (incluso cuchillos), y de un ampl\u00edsimo cat\u00e1logo de materiales met\u00e1licos, entre los que destaca el <em>hierro<\/em> (el <em>acero<\/em>, en realidad, que es hierro con algo de carbono en su seno). Hoy dominamos plenamente ese material, y aunque todav\u00eda hoy nos depara sorpresas y mejoras, nuestra situaci\u00f3n actual habr\u00eda sido envidiada y codiciada por cualquier pueblo de la antig\u00fcedad.<\/p>\n<p style=\"text-align: justify;\">Los antiguos egipcios ya conoc\u00edan el <em>hierro<\/em>. Puesto que ignoraban c\u00f3mo extraerlo de sus minerales, que yac\u00edan en las entra\u00f1as de la tierra, solo pod\u00edan obtenerlo a partir de meteoritos ca\u00eddos desde los cielos (en este caso, siempre aleados con algo de n\u00edquel). Muy posiblemente esta sea la explicaci\u00f3n por la que el t\u00e9rmino <em>siderurgia<\/em>, con el que se conoce a la industria del acero, comparte ra\u00edz con la palabra que remite a lo relativo a los cielos: <em>sid\u00e9reo<\/em> o <em>sideral.<\/em> Los cielos siempre han sido la morada de los dioses. El hierro fue, desde su inicio, un metal divino. Y as\u00ed lo atesoraron algunos faraones que se llevaron a la otra vida peque\u00f1os objetos de valios\u00edsimo hierro, envueltos entre sus vendajes momificadores. Naturalmente, un lujo no al alcance de ning\u00fan otro mortal.<\/p>\n<p style=\"text-align: justify;\"><span style=\"font-size: 13 pt;\">Pero el hierro meteor\u00edtico no abunda precisamente, lo que unido a la perenne escasez de bronce, volv\u00eda imperativo conseguir extraer el hierro de su mineral (curiosamente muy abundante), acerarlo y aprender los secretos de su forja. No fue f\u00e1cil. El primer pueblo que consigui\u00f3 extraer hierro a partir de su mineral, conformarlo y dotarlo de propiedades superiores a las del bronce (lo que no sucede con todos los porcentajes de carbono) fueron los Hititas. La superioridad de las armas de acero que consiguieron fabricar (especialmente, su mayor ligereza, flexibilidad y tenacidad), les concedi\u00f3 una ventaja que les permiti\u00f3 imponerse a todos los pueblos del entorno. Los Hititas debieron resultar un pueblo temible, pues hab\u00edan logrado extraer de la tierra lo que antes solo estaba vedado a los cielos.<\/span><\/p>\n\n\n<table class=\"wp-block-table aligncenter\" style=\"width: 50%;\"><tbody><tr><td>\n<img decoding=\"async\" src=\"http:\/\/grupo.us.es\/derematerialia\/wp-content\/uploads\/2018\/05\/el_vibranio_01.jpg\" alt=\"\"><\/td><\/tr>\n<\/tbody><\/table>\n\n\n\n<p style=\"text-align: justify;\">Como ecos de esa realidad pasada, los mitos y leyendas est\u00e1n llenos de materiales ca\u00eddos, llovidos, de los cielos. El c\u00f3mic de superh\u00e9roes (y ahora el cine) no deja de ser un renacimiento de los trajines de los antiguos dioses, de los del Olimpo y de los de m\u00e1s all\u00e1. Es l\u00f3gico, por tanto, que los materiales fant\u00e1sticos que en ellos abundan tambi\u00e9n tengan un protagonismo sobresaliente. Algunos de esos materiales fant\u00e1sticos resultan ser simples reverberaciones de los legendarios y mitol\u00f3gicos. Otros son m\u00e1s originales, pero sin renunciar a algunas de las mismas caracter\u00edsticas que los hacen \u00fanicos.<\/p>\n<p style=\"text-align: justify;\">Un caso paradigm\u00e1tico es el \u00abvibranio\u00bb. El <em>vibranio<\/em>, del t\u00e9rmino latino <em>vibranium<\/em>, apareci\u00f3 por primera vez en los c\u00f3mics de Marvel en el n\u00famero 53 de \u00abLos 4 fant\u00e1sticos\u00bb, all\u00e1 por el a\u00f1o 1966. Como no pod\u00eda ser de otra manera, ese material cay\u00f3 de los cielos, y su principal fuente se encuentra en el pa\u00eds africano de Wakanda (ficticio, faltar\u00eda m\u00e1s). Descubierto por el rey de Wakanda, Pantera Negra, r\u00e1pidamente lo emple\u00f3 en la fabricaci\u00f3n de su armamento, para explotar sus singulares caracter\u00edsticas. Porque el vibranio, seg\u00fan la misma febril fuente, tiene la portentosa capacidad de absorber todos los golpes e impactos convirtiendo su energ\u00eda en vibraci\u00f3n intensificada de sus \u00e1tomos, para devolverla r\u00e1pidamente convertida en alguna otra forma de energ\u00eda, no muy bien aclarada, pero de \u00edndole probablemente lum\u00ednica, en la zona infrarroja del espectro (por eso el vibranio no se ve resplandecer cuando emite esa energ\u00eda).<\/p>\n<p style=\"text-align: justify;\">La coraza del Capit\u00e1n Am\u00e9rica fue fabricada a partir de una aleaci\u00f3n de vibranio y acero (americano, naturalmente). El proceso de aleaci\u00f3n fue fortuito y accidental por lo que no se registraron las proporciones de la mezcla, ni las condiciones exactas en la que se llev\u00f3 a cabo, por lo que no se ha podido reproducir de nuevo. La capacidad del vibranio para absorber las vibraciones, unida a la resistencia y tenacidad del acero es lo que hace tan poderosa la coraza del Capit\u00e1n Am\u00e9rica, capaz incluso de detener el temible martillo de Thor.<\/p>\n\n\n\n<table class=\"wp-block-table aligncenter\" style=\"width:50%;\"><tbody><tr><td>\n<img decoding=\"async\" src=\"http:\/\/grupo.us.es\/derematerialia\/wp-content\/uploads\/2018\/05\/el_vibranio_02.png\" alt=\"\"><\/td><\/tr>\n<\/tbody><\/table>\n\n\n\n<p style=\"text-align: justify;\">\u00bfMe pregunto si podremos encontrar alg\u00fan d\u00eda un material as\u00ed?<\/p>\n<p style=\"text-align: justify;\">Empezar\u00e9 habl\u00e1ndoles de algo que s\u00ed es completamente real: <em>la luminiscencia<\/em>. Por <em>Luminiscencia<\/em> entendemos todo proceso consistente en la emisi\u00f3n de luz. Este fen\u00f3meno puede generarse por efecto de la alta temperatura (<em>termoluminicencia<\/em>), por absorci\u00f3n de energ\u00eda lum\u00ednica no visible (<em>fotoluminiscencia<\/em>), debido a una reacci\u00f3n qu\u00edmica (<em>quimioluminiscencia<\/em>), por aplicaci\u00f3n de energ\u00eda mec\u00e1nica (<em>triboluminiscencia<\/em>), de energ\u00eda el\u00e9ctrica (electroluminiscencia), energ\u00eda biol\u00f3gica (<em>bioluminiscencia<\/em>), de ondas sonoras (<em>sonoluminiscencia<\/em> o <em>fonoluminiscencia<\/em>), entre otros.<\/p>\n<p style=\"text-align: justify;\">Es esta \u00faltima modalidad la que nos interesa, pues se acerca mucho a las virtudes del vibranio. Y bien, \u00bfexisten materiales <em>fonoluminiscentes<\/em>? Pues, por el momento, no se conoce ning\u00fan material s\u00f3lido que lo sea; pero el fen\u00f3meno s\u00ed se ha documentado en l\u00edquidos. En efecto, en el seno de ciertos l\u00edquidos expuestos a ultrasonidos se originan burbujas que desaparecen emitiendo una radiaci\u00f3n visible bastante espectacular. Se especula que ello es posible porque localmente, en el interior de dichas burbujas, llegan a alcanzarse temperaturas por encima de los 16\u00a0000 \u00baC (\u00a1S\u00ed, cerca de tres veces la temperatura en la superficie del Sol!) Incluso, aunque sin evidencia experimental, algunos cient\u00edficos especulan que durante la fonoluminiscencia pudiera tener lugar la fusi\u00f3n de \u00e1tomos de hidr\u00f3geno para dar lugar a \u00e1tomos de helio (el mismo proceso que sucede en el coraz\u00f3n de las estrellas), lo que se conoce como \u00abfusi\u00f3n fr\u00eda\u00bb. Un controvertido asunto que arrastra pol\u00e9mica desde hace d\u00e9cadas.<\/p>\n<p style=\"text-align: justify;\">Sea como fuere, lo cierto es que muy probablemente jam\u00e1s dispondremos de un material como el del escudo del archiconocido Capit\u00e1n. M\u00e1s seguramente a\u00fan puedo decirles que su descubrimiento, de lograrse, nada tendr\u00eda que ver con las circunstancias fortuitas relatadas en el c\u00f3mic. Pero no es para nada descabellado que alg\u00fan d\u00eda pudi\u00e9ramos descubrir un material s\u00f3lido fonoluminiscente, aunque el mecanismo que lo hiciera posible poco o nada tuviera que ver con el que lo hace posible en l\u00edquidos.<\/p>\n<p style=\"text-align: justify;\">Veremos.<\/p>\n","protected":false},"excerpt":{"rendered":"<p>El Vibranio Juan Manuel Montes (13-05-2018) Se nos olvida a veces lo privilegiado que es el momento que nos ha tocado vivir. Y me refiero \u00fanicamente al aspecto tecnol\u00f3gico de la historia de nuestra civilizaci\u00f3n. Nos rodean todo tipo de utensilios, objetos y m\u00e1quinas hechos de liger\u00edsimo y resistente pl\u00e1stico, de cer\u00e1micas tenaces (incluso cuchillos), [&hellip;]<\/p>\n","protected":false},"author":1,"featured_media":679,"parent":0,"menu_order":0,"comment_status":"closed","ping_status":"closed","template":"","meta":{"ngg_post_thumbnail":0,"footnotes":"","_mc_calendar":[]},"_links":{"self":[{"href":"https:\/\/grupo.us.es\/derematerialia\/wp-json\/wp\/v2\/pages\/207"}],"collection":[{"href":"https:\/\/grupo.us.es\/derematerialia\/wp-json\/wp\/v2\/pages"}],"about":[{"href":"https:\/\/grupo.us.es\/derematerialia\/wp-json\/wp\/v2\/types\/page"}],"author":[{"embeddable":true,"href":"https:\/\/grupo.us.es\/derematerialia\/wp-json\/wp\/v2\/users\/1"}],"replies":[{"embeddable":true,"href":"https:\/\/grupo.us.es\/derematerialia\/wp-json\/wp\/v2\/comments?post=207"}],"version-history":[{"count":15,"href":"https:\/\/grupo.us.es\/derematerialia\/wp-json\/wp\/v2\/pages\/207\/revisions"}],"predecessor-version":[{"id":1034,"href":"https:\/\/grupo.us.es\/derematerialia\/wp-json\/wp\/v2\/pages\/207\/revisions\/1034"}],"wp:featuredmedia":[{"embeddable":true,"href":"https:\/\/grupo.us.es\/derematerialia\/wp-json\/wp\/v2\/media\/679"}],"wp:attachment":[{"href":"https:\/\/grupo.us.es\/derematerialia\/wp-json\/wp\/v2\/media?parent=207"}],"curies":[{"name":"wp","href":"https:\/\/api.w.org\/{rel}","templated":true}]}}