{"id":1369,"date":"2025-06-12T12:42:43","date_gmt":"2025-06-12T10:42:43","guid":{"rendered":"https:\/\/grupo.us.es\/derematerialia\/?page_id=1369"},"modified":"2025-10-17T12:24:02","modified_gmt":"2025-10-17T10:24:02","slug":"curvas-de-enfriamiento","status":"publish","type":"page","link":"https:\/\/grupo.us.es\/derematerialia\/curvas-de-enfriamiento\/","title":{"rendered":"Curvas de enfriamiento"},"content":{"rendered":"\n<p style=\"text-align: justify;\">El potencial de la herramienta gr\u00e1fica que suponen los diagramas de fases en equilibrio solo es apreciable plenamente con la predicci\u00f3n de la evoluci\u00f3n microestructural que experimentar\u00e1 un determinado sistema y composici\u00f3n a medida que el sistema se enfr\u00eda.<\/p>\n<p style=\"text-align: justify;\">A menudo, los libros solo muestran una serie de vi\u00f1etas que el lector ha de interpolar para hacerse una idea de la pel\u00edcula completa. No hay aplicaciones (que conozcamos) que muestren la evoluci\u00f3n microestructural de manera continua, a medida que se traza la correspondiente curva de enfriamiento y se realizan los an\u00e1lisis de fase y de microconstituyentes. Menos a\u00fan, aplicaciones que permitan al usuario elegir la composici\u00f3n que quiera.<\/p>\n<p style=\"text-align: justify;\">Hemos dise\u00f1ado una serie de simuladores para suplir esta laguna did\u00e1ctica. Nuestra intenci\u00f3n es abarcar los diagramas b\u00e1sicos de tipo I, II, III y IV.<\/p>\n<p>\u00a1Que lo disfruten!<\/p>\n<p>&nbsp;<\/p>\n\n\n\n<!DOCTYPE html>\n<html lang=\"en\">\n<head>\n    <meta charset=\"UTF-8\">\n    <meta name=\"viewport\" content=\"width=device-width, initial-scale=1.0\">\n    <link rel=\"stylesheet\" href=\"https:\/\/grupo.us.es\/derematerialia\/descargas\/style_curvaenfriamiento.css\">\n    <title>Document<\/title>\n<\/head>\n<body>\n    <div class=\"canvas-container\">\n        <canvas id=\"diagrama\" width=\"429\" height=\"373\">Diagrama<\/canvas>\n        <canvas id=\"curva\" width=\"360\" height=\"373\">Curva<\/canvas>\n    <\/div>\n\n    <div class=\"controls-and-micro\">\n      <!-- Panel 1: controles y tablas -->\n      <div class=\"panel panel-controls\">\n        <div class=\"controlC\">\n          <button id=\"butIzq\">\u25c1<\/button>\n          <button id=\"butDer\">\u25b7<\/button>\n          <input type=\"range\" id=\"HScroll1\" min=\"0\" max=\"100\" step=\"1\" value=\"0\">\n        <\/div>\n        <!-- 2) Composici\u00f3n y Temperatura -->\n\n        <div class=\"stats-container\">\n          <div class=\"cell\">\n            <label for=\"porcentajeC\">Composici\u00f3n (%B):<\/label>\n            <span id=\"porcentajeC\">0<\/span> %\n          <\/div>\n          <div class=\"cell\">\n            <label for=\"tempC\">Temperatura (\u00baC):<\/label>\n            <span id=\"tempC\">300<\/span> \u00baC\n          <\/div>\n        <\/div>\n\n    \n        <!-- 3) Botones -->\n        <div class=\"botones\">\n          <button id=\"iniciaBtn\">Enfriar<\/button>\n          <button id=\"abortaBtn\">Abortar<\/button>\n        <\/div>\n    \n        <!-- 4) Tabla de fases -->\n        <table id=\"tablaFases\">\n          <thead>\n            <tr>\n              <th>Fases<\/th>\n              <th>Composici\u00f3n (%B)<\/th>\n              <th>Porcentaje (%)<\/th>\n            <\/tr>\n          <\/thead>\n          <tbody>\n            <tr><th id=\"tablaFases1\">L\u00edquido<\/th><td id=\"f1Comp\"><\/td><td id=\"f1Frac\"><\/td><\/tr>\n            <tr><th id=\"tablaFases2\">alfa<\/th><td id=\"f2Comp\"><\/td><td id=\"f2Frac\"><\/td><\/tr>\n            <tr><th id=\"tablaFases3\">beta<\/th><td id=\"f3Comp\"><\/td><td id=\"f3Frac\"><\/td><\/tr>\n          <\/tbody>\n        <\/table>\n    \n        <!-- 5) Tabla de microconstituyentes -->\n        <table id=\"tablaMicro\">\n          <thead>\n            <tr>\n              <th>Microconstituyentes<\/th>\n              <th>Composici\u00f3n (%B)<\/th>\n              <th>Porcentaje (%)<\/th>\n            <\/tr>\n          <\/thead>\n          <tbody>\n            <tr><th id=\"tablaMicro1\"><\/th><td id=\"m1Comp\"><\/td><td id=\"m1Frac\"><\/td><\/tr>\n            <tr><th id=\"tablaMicro2\"><\/th><td id=\"m2Comp\"><\/td><td id=\"m2Frac\"><\/td><\/tr>\n            <tr><th id=\"tablaMicro3\"><\/th><td id=\"m3Comp\"><\/td><td id=\"m3Frac\"><\/td><\/tr>\n          <\/tbody>\n        <\/table>\n      <\/div>\n    \n      <!-- Panel 2: microestructura -->\n      <div class=\"panel panel-micro\">\n        <canvas id=\"panelMicro\" width=\"398\" height=\"398\">Micrograf\u00eda<\/canvas>\n      <\/div>\n    <\/div>\n\n    <div class = \"tiposBut\">\n      <button id=\"tipo1\">Tipo 1<\/button>\n      <button id=\"tipo2\">Tipo 2<\/button>\n      <button id=\"tipo3\">Tipo 3<\/button>\n    <\/div>\n\n    <script src=\"https:\/\/grupo.us.es\/derematerialia\/descargas\/index_curvaenfriamiento.js\"><\/script>\n<\/body>\n<\/html>\n\n\n\n<p>(versi\u00f3n web realizada por Gonzalo Jaime Coladas, a partir del c\u00f3digo original en vb6 de J.M. Montes)<\/p>\n<p><strong>Diagramas de tipo IV<\/strong><\/p>\n<p>(en preparaci\u00f3n)<\/p>\n","protected":false},"excerpt":{"rendered":"<p>El potencial de la herramienta gr\u00e1fica que suponen los diagramas de fases en equilibrio solo es apreciable plenamente con la predicci\u00f3n de la evoluci\u00f3n microestructural que experimentar\u00e1 un determinado sistema y composici\u00f3n a medida que el sistema se enfr\u00eda. A menudo, los libros solo muestran una serie de vi\u00f1etas que el lector ha de interpolar [&hellip;]<\/p>\n","protected":false},"author":1,"featured_media":0,"parent":0,"menu_order":0,"comment_status":"closed","ping_status":"closed","template":"full-width-page-template.php","meta":{"ngg_post_thumbnail":0,"footnotes":"","_mc_calendar":[]},"_links":{"self":[{"href":"https:\/\/grupo.us.es\/derematerialia\/wp-json\/wp\/v2\/pages\/1369"}],"collection":[{"href":"https:\/\/grupo.us.es\/derematerialia\/wp-json\/wp\/v2\/pages"}],"about":[{"href":"https:\/\/grupo.us.es\/derematerialia\/wp-json\/wp\/v2\/types\/page"}],"author":[{"embeddable":true,"href":"https:\/\/grupo.us.es\/derematerialia\/wp-json\/wp\/v2\/users\/1"}],"replies":[{"embeddable":true,"href":"https:\/\/grupo.us.es\/derematerialia\/wp-json\/wp\/v2\/comments?post=1369"}],"version-history":[{"count":12,"href":"https:\/\/grupo.us.es\/derematerialia\/wp-json\/wp\/v2\/pages\/1369\/revisions"}],"predecessor-version":[{"id":1389,"href":"https:\/\/grupo.us.es\/derematerialia\/wp-json\/wp\/v2\/pages\/1369\/revisions\/1389"}],"wp:attachment":[{"href":"https:\/\/grupo.us.es\/derematerialia\/wp-json\/wp\/v2\/media?parent=1369"}],"curies":[{"name":"wp","href":"https:\/\/api.w.org\/{rel}","templated":true}]}}