{"id":1107,"date":"2020-04-14T16:40:45","date_gmt":"2020-04-14T16:40:45","guid":{"rendered":"http:\/\/grupo.us.es\/derematerialia\/?page_id=1107"},"modified":"2020-04-15T04:17:48","modified_gmt":"2020-04-15T04:17:48","slug":"laboratorio-virtual-de-materiales","status":"publish","type":"page","link":"https:\/\/grupo.us.es\/derematerialia\/laboratorio-virtual-de-materiales\/","title":{"rendered":"Laboratorio Virtual de Materiales"},"content":{"rendered":"\n<p>Actualmente estamos trabajando en el que es, sin duda, nuestro m\u00e1s ambicioso proyecto: el de desarrollar un entorno virtual capaz de recrear con realismo los equipos de ensayo de un laboratorio t\u00edpico de materiales, y que permitir\u00e1 al alumno adiestrarse en el manejo de equipamiento costoso y tener una mayor interacci\u00f3n con \u00e9l, reservando as\u00ed los equipos reales para las tareas de investigaci\u00f3n.<\/p>\n<p>El <strong>MVLab: Laboratorio Virtual de Materiales <\/strong>constituye un completo entorno virtual de trabajo, donde pueden ensayarse las propiedades de los materiales: ensayos de durezas, de tracci\u00f3n, de compresi\u00f3n, de termofluencia, de resistividad el\u00e9ctrica, de hist\u00e9resis magn\u00e9tica, etc. La aplicaci\u00f3n consta de un entorno amigable que permite elegir infinidad de condiciones de ensayos y materiales, con unos resultados realistas (dentro de unos prop\u00f3sitos siempre did\u00e1cticos).<\/p>\n<p><img loading=\"lazy\" decoding=\"async\" class=\"size-full wp-image-1108 aligncenter\" src=\"http:\/\/grupo.us.es\/derematerialia\/wp-content\/uploads\/2020\/04\/MVLab.jpg\" alt=\"\" width=\"556\" height=\"315\" srcset=\"https:\/\/grupo.us.es\/derematerialia\/wp-content\/uploads\/2020\/04\/MVLab.jpg 556w, https:\/\/grupo.us.es\/derematerialia\/wp-content\/uploads\/2020\/04\/MVLab-300x170.jpg 300w\" sizes=\"(max-width: 556px) 100vw, 556px\" \/><\/p>\n<p>Esta aplicaci\u00f3n puede resultar de gran utilidad para el desarrollo de pr\u00e1cticas. Lo deseable es que las pr\u00e1cticas tuvieran un car\u00e1cter eminentemente manipulativo, pero la masificaci\u00f3n supone para esto un serio problema. A veces, razones de fuerza mayor, obligan a un aprendizaje virtual de los contenidos pr\u00e1cticos. Una forma de solventar estos problemas podr\u00eda consistir en la utilizaci\u00f3n de entornos virtuales de recreaci\u00f3n de laboratorios. Nuestra propuesta es el entorno <strong>MVLab: Laboratorio Virtual de Materiales<\/strong>, que estamos actualmente desarrollando. La ventaja de este entorno es que re\u00fane un buen n\u00famero de equipos a un precio irrisorio, no resta tiempo de uso en investigaci\u00f3n a los equipos reales, y permite al alumno el manejo aut\u00f3nomo de muchas m\u00e1s situaciones a las que se enfrentar\u00eda en las pr\u00e1cticas reales.<\/p>\n<p>Este instrumento, no obstante, no deber\u00eda inducir a eliminar la visita al laboratorio real para algunas pr\u00e1cticas muy concretas como la de preparaci\u00f3n de muestras reales para la observaci\u00f3n mediante microscop\u00eda \u00f3ptica y el conocimiento de los equipos reales y modo de trabajo de los laboratorios de investigaci\u00f3n.<\/p>\n<p>Como bot\u00f3n de muestra aqu\u00ed les dejamos algunos v\u00eddeos que demuestran la capacidad del entorno.<\/p>\n\n\n\n<video src=\"http:\/\/grupo.us.es\/derematerialia\/descargas\/0 Principal 23_09_2017 12_33_47.mp4\" width=\"600\" height=\"400\" poster=\"http:\/\/grupo.us.es\/derematerialia\/descargas\/0.PNG\" controls=\"\"><\/video>\n\n\n\n<video src=\"http:\/\/grupo.us.es\/derematerialia\/descargas\/1 Dur\u00f3metro 23_09_2017 12_34_20.mp4\" width=\"600\" height=\"400\" poster=\"http:\/\/grupo.us.es\/derematerialia\/descargas\/1.PNG\" controls=\"\"><\/video>\n\n\n\n<video src=\"http:\/\/grupo.us.es\/derematerialia\/descargas\/2 Traccion 23_09_2017 12_43_33.mp4\" width=\"600\" height=\"400\" poster=\"http:\/\/grupo.us.es\/derematerialia\/descargas\/2.PNG\" controls=\"\"><\/video>\n\n\n\n<video src=\"http:\/\/grupo.us.es\/derematerialia\/descargas\/MVLab Mic.mp4\" width=\"600\" height=\"400\" poster=\"http:\/\/grupo.us.es\/derematerialia\/descargas\/3.PNG\" controls=\"\"><\/video>\n\n\n","protected":false},"excerpt":{"rendered":"<p>Actualmente estamos trabajando en el que es, sin duda, nuestro m\u00e1s ambicioso proyecto: el de desarrollar un entorno virtual capaz de recrear con realismo los equipos de ensayo de un laboratorio t\u00edpico de materiales, y que permitir\u00e1 al alumno adiestrarse en el manejo de equipamiento costoso y tener una mayor interacci\u00f3n con \u00e9l, reservando as\u00ed [&hellip;]<\/p>\n","protected":false},"author":1,"featured_media":0,"parent":0,"menu_order":0,"comment_status":"closed","ping_status":"closed","template":"","meta":{"ngg_post_thumbnail":0,"footnotes":"","_mc_calendar":[]},"_links":{"self":[{"href":"https:\/\/grupo.us.es\/derematerialia\/wp-json\/wp\/v2\/pages\/1107"}],"collection":[{"href":"https:\/\/grupo.us.es\/derematerialia\/wp-json\/wp\/v2\/pages"}],"about":[{"href":"https:\/\/grupo.us.es\/derematerialia\/wp-json\/wp\/v2\/types\/page"}],"author":[{"embeddable":true,"href":"https:\/\/grupo.us.es\/derematerialia\/wp-json\/wp\/v2\/users\/1"}],"replies":[{"embeddable":true,"href":"https:\/\/grupo.us.es\/derematerialia\/wp-json\/wp\/v2\/comments?post=1107"}],"version-history":[{"count":6,"href":"https:\/\/grupo.us.es\/derematerialia\/wp-json\/wp\/v2\/pages\/1107\/revisions"}],"predecessor-version":[{"id":1119,"href":"https:\/\/grupo.us.es\/derematerialia\/wp-json\/wp\/v2\/pages\/1107\/revisions\/1119"}],"wp:attachment":[{"href":"https:\/\/grupo.us.es\/derematerialia\/wp-json\/wp\/v2\/media?parent=1107"}],"curies":[{"name":"wp","href":"https:\/\/api.w.org\/{rel}","templated":true}]}}