{"id":92,"date":"2017-12-17T10:48:40","date_gmt":"2017-12-17T10:48:40","guid":{"rendered":"http:\/\/grupo.us.es\/derematerialia\/practicas-metalograficas\/?page_id=92"},"modified":"2020-02-06T08:27:53","modified_gmt":"2020-02-06T08:27:53","slug":"identificacion","status":"publish","type":"page","link":"https:\/\/grupo.us.es\/derematerialia\/practicas-metalograficas\/identificacion\/","title":{"rendered":"Identificaci\u00f3n"},"content":{"rendered":"<p style=\"text-align: justify;\">La muestra debe ser marcada inmediatamente despu\u00e9s del montaje, con objeto de que no pueda confundirse con ninguna otra muestra.<\/p>\n<p style=\"text-align: justify;\">El marcado debe realizarse en la parte posterior de la resina de montaje, empleando para ello una etiqueta adhesiva, o bien realizando la identificaci\u00f3n directamente sobre la resina mediante un grabador. En el caso de que estemos empleando una resina transparente, la forma m\u00e1s conveniente es introducir la etiqueta en la resina de montaje, durante la etapa de empastillado. De esta forma ser\u00e1 visible, y quedar\u00e1 inalterada con la preparaci\u00f3n y el ataque posterior.<\/p>\n","protected":false},"excerpt":{"rendered":"<p>La muestra debe ser marcada inmediatamente despu\u00e9s del montaje, con objeto de que no pueda confundirse con ninguna otra muestra. El marcado debe realizarse en la parte posterior de la resina de montaje, empleando para ello una etiqueta adhesiva, o bien realizando la identificaci\u00f3n directamente sobre la resina mediante un grabador. En el caso de [&hellip;]<\/p>\n","protected":false},"author":1,"featured_media":0,"parent":0,"menu_order":0,"comment_status":"closed","ping_status":"closed","template":"","meta":{"ngg_post_thumbnail":0,"footnotes":"","_mc_calendar":[]},"_links":{"self":[{"href":"https:\/\/grupo.us.es\/derematerialia\/practicas-metalograficas\/wp-json\/wp\/v2\/pages\/92"}],"collection":[{"href":"https:\/\/grupo.us.es\/derematerialia\/practicas-metalograficas\/wp-json\/wp\/v2\/pages"}],"about":[{"href":"https:\/\/grupo.us.es\/derematerialia\/practicas-metalograficas\/wp-json\/wp\/v2\/types\/page"}],"author":[{"embeddable":true,"href":"https:\/\/grupo.us.es\/derematerialia\/practicas-metalograficas\/wp-json\/wp\/v2\/users\/1"}],"replies":[{"embeddable":true,"href":"https:\/\/grupo.us.es\/derematerialia\/practicas-metalograficas\/wp-json\/wp\/v2\/comments?post=92"}],"version-history":[{"count":3,"href":"https:\/\/grupo.us.es\/derematerialia\/practicas-metalograficas\/wp-json\/wp\/v2\/pages\/92\/revisions"}],"predecessor-version":[{"id":1237,"href":"https:\/\/grupo.us.es\/derematerialia\/practicas-metalograficas\/wp-json\/wp\/v2\/pages\/92\/revisions\/1237"}],"wp:attachment":[{"href":"https:\/\/grupo.us.es\/derematerialia\/practicas-metalograficas\/wp-json\/wp\/v2\/media?parent=92"}],"curies":[{"name":"wp","href":"https:\/\/api.w.org\/{rel}","templated":true}]}}