{"id":81,"date":"2017-12-17T10:43:51","date_gmt":"2017-12-17T10:43:51","guid":{"rendered":"http:\/\/grupo.us.es\/derematerialia\/practicas-metalograficas\/?page_id=81"},"modified":"2020-11-13T19:38:35","modified_gmt":"2020-11-13T19:38:35","slug":"ataque","status":"publish","type":"page","link":"https:\/\/grupo.us.es\/derematerialia\/practicas-metalograficas\/ataque\/","title":{"rendered":"Ataque"},"content":{"rendered":"<p style=\"text-align: justify;\">Tras la cuidadosa limpieza de la muestra que sigue al pulido, esta ha de ser atacada para revelar completamente su microestructura. Principalmente, se persigue resaltar los l\u00edmites de grano del material, las posibles maclas y aumentar el contraste de las diferentes fases que lo forman.<\/p>\n<p style=\"text-align: justify;\">El ataque puede ser de tipo qu\u00edmico o electrol\u00edtico. El proceso a seguir para realizar un ataque electrol\u00edtico es id\u00e9ntico al explicado anteriormente para el pulido electrol\u00edtico y, por tanto tiene sus mismas ventajas e inconvenientes.<\/p>\n<p style=\"text-align: justify;\">El ataque qu\u00edmico es el m\u00e9todo m\u00e1s empleado, y consiste en exponer la muestra a la acci\u00f3n de un reactivo de car\u00e1cter \u00e1cido. Dicho \u00e1cido reacciona preferentemente con los \u00e1tomos de la superficie que tienen mayor energ\u00eda (los m\u00e1s reactivos), es decir, los que se encuentran en los l\u00edmites de grano, maclas,\u2026 Este arranque selectivo de \u00e1tomos hace que dichas zonas no reflejen perfectamente la luz, mostr\u00e1ndose en un tono m\u00e1s oscuro. La micrograf\u00eda de la Figura corresponde a la misma muestra de la Figura que aparece en la seccion pulido que, tras el ataque con el reactivo revelador, pone de manifiesto los l\u00edmites de grano existentes.<\/p>\n<p style=\"text-align: justify;\">Las distintas fases del material y las diferentes orientaciones de los granos de una misma fase tambi\u00e9n se comportan de modo distinto frente al reactivo, por lo que aparecen contrastadas cuando se observan al microscopio.<\/p>\n<p>\u00a0<\/p>\n<center><img decoding=\"async\" src=\"http:\/\/grupo.us.es\/derematerialia\/practicas-metalograficas\/wp-content\/uploads\/sites\/2\/2017\/12\/Fig-9.adenda7.jpg\" alt=\"\" width=\"250\" \/><\/center>\n\n\n<video src=\"http:\/\/grupo.us.es\/derematerialia\/descargas\/Ataque por fortaci\u00f3n.mp4\" width=\"600\" height=\"400\" poster=\"http:\/\/grupo.us.es\/derematerialia\/descargas\/ataqueporfrotacion.PNG\" controls=\"\"><\/video>\n\n\n\n<video src=\"http:\/\/grupo.us.es\/derematerialia\/descargas\/ataque por inmersi\u00f3n.mp4\" width=\"600\" height=\"400\" poster=\"http:\/\/grupo.us.es\/derematerialia\/descargas\/ataqueporinmersion.PNG\" controls=\"\"><\/video>\n\n\n\n<video src=\"http:\/\/grupo.us.es\/derematerialia\/descargas\/ataque electrol\u00edtico.mp4\" width=\"600\" height=\"400\" poster=\"http:\/\/grupo.us.es\/derematerialia\/descargas\/ataqueelectrolictico.PNG\" controls=\"\"><\/video>\n\n\n","protected":false},"excerpt":{"rendered":"<p>Tras la cuidadosa limpieza de la muestra que sigue al pulido, esta ha de ser atacada para revelar completamente su microestructura. Principalmente, se persigue resaltar los l\u00edmites de grano del material, las posibles maclas y aumentar el contraste de las diferentes fases que lo forman. El ataque puede ser de tipo qu\u00edmico o electrol\u00edtico. El [&hellip;]<\/p>\n","protected":false},"author":1,"featured_media":0,"parent":0,"menu_order":0,"comment_status":"closed","ping_status":"closed","template":"","meta":{"ngg_post_thumbnail":0,"footnotes":"","_mc_calendar":[]},"_links":{"self":[{"href":"https:\/\/grupo.us.es\/derematerialia\/practicas-metalograficas\/wp-json\/wp\/v2\/pages\/81"}],"collection":[{"href":"https:\/\/grupo.us.es\/derematerialia\/practicas-metalograficas\/wp-json\/wp\/v2\/pages"}],"about":[{"href":"https:\/\/grupo.us.es\/derematerialia\/practicas-metalograficas\/wp-json\/wp\/v2\/types\/page"}],"author":[{"embeddable":true,"href":"https:\/\/grupo.us.es\/derematerialia\/practicas-metalograficas\/wp-json\/wp\/v2\/users\/1"}],"replies":[{"embeddable":true,"href":"https:\/\/grupo.us.es\/derematerialia\/practicas-metalograficas\/wp-json\/wp\/v2\/comments?post=81"}],"version-history":[{"count":10,"href":"https:\/\/grupo.us.es\/derematerialia\/practicas-metalograficas\/wp-json\/wp\/v2\/pages\/81\/revisions"}],"predecessor-version":[{"id":1492,"href":"https:\/\/grupo.us.es\/derematerialia\/practicas-metalograficas\/wp-json\/wp\/v2\/pages\/81\/revisions\/1492"}],"wp:attachment":[{"href":"https:\/\/grupo.us.es\/derematerialia\/practicas-metalograficas\/wp-json\/wp\/v2\/media?parent=81"}],"curies":[{"name":"wp","href":"https:\/\/api.w.org\/{rel}","templated":true}]}}