{"id":70,"date":"2017-12-17T10:35:02","date_gmt":"2017-12-17T10:35:02","guid":{"rendered":"http:\/\/grupo.us.es\/derematerialia\/practicas-metalograficas\/?page_id=70"},"modified":"2020-02-06T08:41:23","modified_gmt":"2020-02-06T08:41:23","slug":"desbaste","status":"publish","type":"page","link":"https:\/\/grupo.us.es\/derematerialia\/practicas-metalograficas\/desbaste\/","title":{"rendered":"Desbaste"},"content":{"rendered":"<p style=\"text-align: justify;\">Mediante la etapa de desbaste se eliminan las posibles capas carentes de inter\u00e9s que pudiera haber sobre la muestra (como pintura, \u00f3xido, grasa,\u2026) a la vez que se consigue que esta tenga una superficie plana. Para ello, la muestra se lija con una secuencia de papeles abrasivos cada vez m\u00e1s finos. El papel de lija m\u00e1s empleado tiene como elemento abrasivo part\u00edculas de SiC. Existen en el mercado papeles de SiC con las numeraciones 60, 120, 180, 220, 320, 500, 1000, 2400, y 4000. Dicho n\u00famero indica la cantidad de part\u00edculas de abrasivo por pulgada cuadrada, por lo que un papel con n\u00famero bajo poseer\u00e1 part\u00edculas de abrasivo de mayor tama\u00f1o (papel basto), y viceversa.<\/p>\n<p style=\"text-align: justify;\">El desbaste puede realizarse manualmente, mediante cajas de desbaste, o de modo asistido, mediante desbastadoras. En el desbaste manual (<em>Figura a<\/em>), se comienza frotando la muestra sobre la lija m\u00e1s basta, con un movimiento lineal. Una vez que se ha conseguido un rayado uniforme con una de las lijas, la muestra se gira 90\u00ba y comienza a frotarse sobre una lija m\u00e1s fina. Con el giro de la muestra se consigue eliminar el rayado procedente de la lija m\u00e1s basta, a la vez que es f\u00e1cil controlar cu\u00e1ndo se elimina completamente. Al final del proceso, la muestra deber\u00eda tener una superficie plana con un rayado uniforme y fino procedente del \u00faltimo papel de abrasivo empleado. El lijado ha de realizarse en presencia de un refrigerante (normalmente, agua) que no solo evita el calentamiento de la muestra, sino que tambi\u00e9n sirve para retirar los restos de material que se van desprendiendo.<\/p>\n<p><center><\/p>\n<table>\n<tbody>\n<tr>\n<td style=\"width: 50%;\" colspan=\"2\"><img decoding=\"async\" src=\"http:\/\/grupo.us.es\/derematerialia\/practicas-metalograficas\/wp-content\/uploads\/sites\/2\/2017\/12\/Fig-9.adenda3_.png\" alt=\"Desbaste\" width=\"600\" \/><\/td>\n<\/tr>\n<tr>\n<td style=\"width: 50%; text-align: center;\"><em>Figura a<\/em><\/td>\n<td style=\"width: 50%; text-align: center;\"><em>Figura b<\/em><\/td>\n<\/tr>\n<\/tbody>\n<\/table>\n<p><\/center><\/p>\n<p style=\"text-align: justify;\">En el desbaste asistido (<em>Figura b<\/em>), los papeles de lija son circulares y est\u00e1n montados sobre un plato giratorio. Para conseguir un rayado uniforme en la muestra, en lugar de moverla linealmente como se hace en la caja de desbaste, esta se ha de mantener inm\u00f3vil sobre el papel de lija. Al cambiar de papel de lija, la muestra deber\u00e1, igualmente, ser girada 90\u00ba.<\/p>\n","protected":false},"excerpt":{"rendered":"<p>Mediante la etapa de desbaste se eliminan las posibles capas carentes de inter\u00e9s que pudiera haber sobre la muestra (como pintura, \u00f3xido, grasa,\u2026) a la vez que se consigue que esta tenga una superficie plana. Para ello, la muestra se lija con una secuencia de papeles abrasivos cada vez m\u00e1s finos. El papel de lija [&hellip;]<\/p>\n","protected":false},"author":1,"featured_media":0,"parent":0,"menu_order":0,"comment_status":"closed","ping_status":"closed","template":"","meta":{"ngg_post_thumbnail":0,"footnotes":"","_mc_calendar":[]},"_links":{"self":[{"href":"https:\/\/grupo.us.es\/derematerialia\/practicas-metalograficas\/wp-json\/wp\/v2\/pages\/70"}],"collection":[{"href":"https:\/\/grupo.us.es\/derematerialia\/practicas-metalograficas\/wp-json\/wp\/v2\/pages"}],"about":[{"href":"https:\/\/grupo.us.es\/derematerialia\/practicas-metalograficas\/wp-json\/wp\/v2\/types\/page"}],"author":[{"embeddable":true,"href":"https:\/\/grupo.us.es\/derematerialia\/practicas-metalograficas\/wp-json\/wp\/v2\/users\/1"}],"replies":[{"embeddable":true,"href":"https:\/\/grupo.us.es\/derematerialia\/practicas-metalograficas\/wp-json\/wp\/v2\/comments?post=70"}],"version-history":[{"count":8,"href":"https:\/\/grupo.us.es\/derematerialia\/practicas-metalograficas\/wp-json\/wp\/v2\/pages\/70\/revisions"}],"predecessor-version":[{"id":1242,"href":"https:\/\/grupo.us.es\/derematerialia\/practicas-metalograficas\/wp-json\/wp\/v2\/pages\/70\/revisions\/1242"}],"wp:attachment":[{"href":"https:\/\/grupo.us.es\/derematerialia\/practicas-metalograficas\/wp-json\/wp\/v2\/media?parent=70"}],"curies":[{"name":"wp","href":"https:\/\/api.w.org\/{rel}","templated":true}]}}