{"id":68,"date":"2017-12-17T10:27:35","date_gmt":"2017-12-17T10:27:35","guid":{"rendered":"http:\/\/grupo.us.es\/derematerialia\/practicas-metalograficas\/?page_id=68"},"modified":"2020-02-06T08:25:51","modified_gmt":"2020-02-06T08:25:51","slug":"empastillado","status":"publish","type":"page","link":"https:\/\/grupo.us.es\/derematerialia\/practicas-metalograficas\/empastillado\/","title":{"rendered":"Empastillado"},"content":{"rendered":"<p style=\"text-align: justify;\">Si el tama\u00f1o de la muestra es demasiado peque\u00f1o para que pueda manipularse con comodidad, la pieza habr\u00e1 de ser embutida en alg\u00fan material polim\u00e9rico (usualmente baquelita o alg\u00fan tipo de resina epoxy) de modo que el conjunto sea adecuado para su manipulaci\u00f3n.<\/p>\n<p><center><img loading=\"lazy\" decoding=\"async\" src=\"http:\/\/grupo.us.es\/derematerialia\/practicas-metalograficas\/wp-content\/uploads\/sites\/2\/2017\/12\/Fig-9.adenda2-300x225.jpg\" alt=\"\" width=\"315\" height=\"235\" \/><\/center><\/p>\n<p style=\"text-align: justify;\">En caso de que se desee observar los bordes de la muestra, porque \u00e9stos tengan alg\u00fan tipo de recubrimiento o tratamiento t\u00e9rmico superficial, la resina empleada deber\u00e1 contener part\u00edculas de vidrio. Con ello se persigue aumentar la dureza de la resina, acerc\u00e1ndola a la dureza de la muestra, de modo que en la siguiente etapa de la preparaci\u00f3n (la de desbaste, una vez se ha identificado la muestra) ambos materiales se desgasten por igual, preserv\u00e1ndose as\u00ed la geometr\u00eda de la superficie de la muestra. A este tipo de empastillado se le denomina de preservaci\u00f3n de bordes.<\/p>\n","protected":false},"excerpt":{"rendered":"<p>Si el tama\u00f1o de la muestra es demasiado peque\u00f1o para que pueda manipularse con comodidad, la pieza habr\u00e1 de ser embutida en alg\u00fan material polim\u00e9rico (usualmente baquelita o alg\u00fan tipo de resina epoxy) de modo que el conjunto sea adecuado para su manipulaci\u00f3n. En caso de que se desee observar los bordes de la muestra, [&hellip;]<\/p>\n","protected":false},"author":1,"featured_media":0,"parent":0,"menu_order":0,"comment_status":"closed","ping_status":"closed","template":"","meta":{"ngg_post_thumbnail":0,"footnotes":"","_mc_calendar":[]},"_links":{"self":[{"href":"https:\/\/grupo.us.es\/derematerialia\/practicas-metalograficas\/wp-json\/wp\/v2\/pages\/68"}],"collection":[{"href":"https:\/\/grupo.us.es\/derematerialia\/practicas-metalograficas\/wp-json\/wp\/v2\/pages"}],"about":[{"href":"https:\/\/grupo.us.es\/derematerialia\/practicas-metalograficas\/wp-json\/wp\/v2\/types\/page"}],"author":[{"embeddable":true,"href":"https:\/\/grupo.us.es\/derematerialia\/practicas-metalograficas\/wp-json\/wp\/v2\/users\/1"}],"replies":[{"embeddable":true,"href":"https:\/\/grupo.us.es\/derematerialia\/practicas-metalograficas\/wp-json\/wp\/v2\/comments?post=68"}],"version-history":[{"count":3,"href":"https:\/\/grupo.us.es\/derematerialia\/practicas-metalograficas\/wp-json\/wp\/v2\/pages\/68\/revisions"}],"predecessor-version":[{"id":1236,"href":"https:\/\/grupo.us.es\/derematerialia\/practicas-metalograficas\/wp-json\/wp\/v2\/pages\/68\/revisions\/1236"}],"wp:attachment":[{"href":"https:\/\/grupo.us.es\/derematerialia\/practicas-metalograficas\/wp-json\/wp\/v2\/media?parent=68"}],"curies":[{"name":"wp","href":"https:\/\/api.w.org\/{rel}","templated":true}]}}