{"id":185,"date":"2017-12-17T12:33:35","date_gmt":"2017-12-17T12:33:35","guid":{"rendered":"http:\/\/grupo.us.es\/derematerialia\/practicas-metalograficas\/?page_id=185"},"modified":"2020-10-08T09:16:48","modified_gmt":"2020-10-08T09:16:48","slug":"diagrama-fe-c","status":"publish","type":"page","link":"https:\/\/grupo.us.es\/derematerialia\/practicas-metalograficas\/diagrama-fe-c\/","title":{"rendered":"Diagrama Metaestable Fe-Fe3C: Aceros"},"content":{"rendered":"<p>La Figura 1 muestra el diagrama Fe-Fe<sub>3<\/sub>C. Realmente, lo que se muestra es s\u00f3lo una porci\u00f3n, la zona rica en hierro que se interrumpe en la composici\u00f3n del 6.69% C.<\/p>\n<p><center><\/p>\n<div id=\"attachment_1322\" style=\"width: 1542px\" class=\"wp-caption aligncenter\"><img loading=\"lazy\" decoding=\"async\" aria-describedby=\"caption-attachment-1322\" class=\"wp-image-1322 size-full\" src=\"http:\/\/grupo.us.es\/derematerialia\/practicas-metalograficas\/wp-content\/uploads\/sites\/2\/2020\/10\/Fig-12-1.jpg\" alt=\"\" width=\"1532\" height=\"1141\" srcset=\"https:\/\/grupo.us.es\/derematerialia\/practicas-metalograficas\/wp-content\/uploads\/sites\/2\/2020\/10\/Fig-12-1.jpg 1532w, https:\/\/grupo.us.es\/derematerialia\/practicas-metalograficas\/wp-content\/uploads\/sites\/2\/2020\/10\/Fig-12-1-300x223.jpg 300w, https:\/\/grupo.us.es\/derematerialia\/practicas-metalograficas\/wp-content\/uploads\/sites\/2\/2020\/10\/Fig-12-1-1024x763.jpg 1024w, https:\/\/grupo.us.es\/derematerialia\/practicas-metalograficas\/wp-content\/uploads\/sites\/2\/2020\/10\/Fig-12-1-768x572.jpg 768w, https:\/\/grupo.us.es\/derematerialia\/practicas-metalograficas\/wp-content\/uploads\/sites\/2\/2020\/10\/Fig-12-1-900x670.jpg 900w, https:\/\/grupo.us.es\/derematerialia\/practicas-metalograficas\/wp-content\/uploads\/sites\/2\/2020\/10\/Fig-12-1-1280x953.jpg 1280w\" sizes=\"(max-width: 1532px) 100vw, 1532px\" \/><p id=\"caption-attachment-1322\" class=\"wp-caption-text\">Figura 1<\/p><\/div>\n<p style=\"text-align: justify;\"><span style=\"font-size: 14pt;\">El diagrama Fe-Fe<sub>3<\/sub>C se denomina <em>metaestable<\/em> porque en \u00e9l se recoge una fase metaestable; es decir, una fase que, con el tiempo, tiende a evolucionar a otras verdaderamente estables. Concretamente, la fase metaestable que aparece es la <a href=\"http:\/\/grupo.us.es\/derematerialia\/practicas-metalograficas\/cementita\/\">cementita<\/a> (Fe<sub>3<\/sub>C); un compuesto estequiom\u00e9trico con un porcentaje relativamente alto de carbono, concretamente del 6.69% en masa, justo por donde se interrumpe el diagrama.<\/span><\/p>\n<p><\/center><\/p>\n<p style=\"text-align: justify;\">Como corresponde a los compuestos estequiom\u00e9tricos, para los cuales las composiciones de los componentes son fijas, la cementita aparece representada en el diagrama de fases por una l\u00ednea recta vertical. Si, adem\u00e1s, el compuesto es de fusi\u00f3n congruente, como es el caso, entonces es posible dividir el diagrama por dicha l\u00ednea, seleccionando \u00fanicamente con una porci\u00f3n de \u00e9l. En el caso que nos ocupa, como los aceros tienen un porcentaje de carbono inferior al 2.11%, en lugar de usar el diagrama metaestable completo, se trabaja con la porci\u00f3n que comprende desde el 0 hasta el 6.69% de carbono. Obs\u00e9rvese que aunque el diagrama se denomine Fe-Fe<sub>3<\/sub>C, los componentes del sistema son el hierro y el carbono (no la cementita), por tanto, los porcentajes indicados en el eje X se refieren al contenido de carbono, y no de Fe<sub>3<\/sub>C. El eje de ordenadas de la izquierda es, por tanto, el que se\u00f1ala la evoluci\u00f3n del Fe puro, y el de la derecha es el correspondiente al Fe<sub>3<\/sub>C.<\/p>\n<p style=\"text-align: justify;\">Ahora bien, \u00bftiene alg\u00fan sentido usar un diagrama en el que se recoge una fase que tiende a desaparecer para estudiar la microestructura de aceros con los que vamos a construir piezas que esperamos duren mucho tiempo? La respuesta es afirmativa. La cementita, por ser metaestable, tiende a evolucionar hacia las fases estables <a href=\"http:\/\/grupo.us.es\/derematerialia\/practicas-metalograficas\/ferrita\/\">ferrita<\/a> (<em>\u03b1<\/em>) y carbono (en forma de grafito, C<sub>(<em>gr<\/em>)<\/sub>), esto es: Fe<sub>3<\/sub>C\u00a0\u2192\u00a0<em>\u03b1<\/em>\u00a0+\u00a0C<sub>(<em>gr<\/em>)<\/sub><\/p>\n<p style=\"text-align: justify;\">No obstante, pese a haber tendencia termodin\u00e1mica para que se produzca esta descomposici\u00f3n, la cin\u00e9tica de la transformaci\u00f3n es tremendamente lenta; tanto que, a efectos pr\u00e1cticos, puede tratarse a la cementita como si fuese una fase perfectamente estable. La situaci\u00f3n cambia notablemente a medida que aumenta la proporci\u00f3n de carbono; entonces la cementita se vuelve cada vez m\u00e1s inestable en beneficio del grafito.<\/p>\n","protected":false},"excerpt":{"rendered":"<p>La Figura 1 muestra el diagrama Fe-Fe3C. Realmente, lo que se muestra es s\u00f3lo una porci\u00f3n, la zona rica en hierro que se interrumpe en la composici\u00f3n del 6.69% C. El diagrama Fe-Fe3C se denomina metaestable porque en \u00e9l se recoge una fase metaestable; es decir, una fase que, con el tiempo, tiende a evolucionar [&hellip;]<\/p>\n","protected":false},"author":1,"featured_media":0,"parent":0,"menu_order":0,"comment_status":"closed","ping_status":"closed","template":"","meta":{"ngg_post_thumbnail":0,"footnotes":"","_mc_calendar":[]},"_links":{"self":[{"href":"https:\/\/grupo.us.es\/derematerialia\/practicas-metalograficas\/wp-json\/wp\/v2\/pages\/185"}],"collection":[{"href":"https:\/\/grupo.us.es\/derematerialia\/practicas-metalograficas\/wp-json\/wp\/v2\/pages"}],"about":[{"href":"https:\/\/grupo.us.es\/derematerialia\/practicas-metalograficas\/wp-json\/wp\/v2\/types\/page"}],"author":[{"embeddable":true,"href":"https:\/\/grupo.us.es\/derematerialia\/practicas-metalograficas\/wp-json\/wp\/v2\/users\/1"}],"replies":[{"embeddable":true,"href":"https:\/\/grupo.us.es\/derematerialia\/practicas-metalograficas\/wp-json\/wp\/v2\/comments?post=185"}],"version-history":[{"count":7,"href":"https:\/\/grupo.us.es\/derematerialia\/practicas-metalograficas\/wp-json\/wp\/v2\/pages\/185\/revisions"}],"predecessor-version":[{"id":1461,"href":"https:\/\/grupo.us.es\/derematerialia\/practicas-metalograficas\/wp-json\/wp\/v2\/pages\/185\/revisions\/1461"}],"wp:attachment":[{"href":"https:\/\/grupo.us.es\/derematerialia\/practicas-metalograficas\/wp-json\/wp\/v2\/media?parent=185"}],"curies":[{"name":"wp","href":"https:\/\/api.w.org\/{rel}","templated":true}]}}