{"id":179,"date":"2017-12-17T12:24:13","date_gmt":"2017-12-17T12:24:13","guid":{"rendered":"http:\/\/grupo.us.es\/derematerialia\/practicas-metalograficas\/?page_id=179"},"modified":"2020-10-06T07:58:08","modified_gmt":"2020-10-06T07:58:08","slug":"martensita","status":"publish","type":"page","link":"https:\/\/grupo.us.es\/derematerialia\/practicas-metalograficas\/martensita\/","title":{"rendered":"Martensita"},"content":{"rendered":"<p style=\"text-align: justify;\">Surge a partir de realizar enfriamientos r\u00e1pidos a un acero al carbono. Si el enfriamiento es lo suficientemente brusco, se produce una transformaci\u00f3n de fase sin que intervenga la difusi\u00f3n (<em>transformaci\u00f3n martens\u00edtica<\/em>). Sin el concurso de los mecanismos difusivos, los \u00e1tomos de carbono ven impedido su movimiento por lo que quedan atrapados en la red c\u00fabica de la austenita, que al descender la temperatura termina deform\u00e1ndose y transform\u00e1ndose en una red tetragonal, sobresaturada de carbono. Como resultado, aparece una nueva fase, de inequilibrio, que se denomina <em>martensita<\/em>.<\/p>\n<p><center><\/p>\n<div id=\"attachment_357\" style=\"width: 639px\" class=\"wp-caption alignnone\"><img loading=\"lazy\" decoding=\"async\" aria-describedby=\"caption-attachment-357\" class=\"wp-image-357 size-large\" style=\"font-size: inherit;\" src=\"http:\/\/grupo.us.es\/derematerialia\/practicas-metalograficas\/wp-content\/uploads\/sites\/2\/2017\/12\/x25-x400_1-1024x759.jpg\" alt=\"Acero templado x400\" width=\"629\" height=\"466\" srcset=\"https:\/\/grupo.us.es\/derematerialia\/practicas-metalograficas\/wp-content\/uploads\/sites\/2\/2017\/12\/x25-x400_1-1024x759.jpg 1024w, https:\/\/grupo.us.es\/derematerialia\/practicas-metalograficas\/wp-content\/uploads\/sites\/2\/2017\/12\/x25-x400_1-300x222.jpg 300w, https:\/\/grupo.us.es\/derematerialia\/practicas-metalograficas\/wp-content\/uploads\/sites\/2\/2017\/12\/x25-x400_1-768x569.jpg 768w\" sizes=\"(max-width: 629px) 100vw, 629px\" \/><p id=\"caption-attachment-357\" class=\"wp-caption-text\">Figura 1<\/p><\/div>\n<p style=\"text-align: justify;\"><span style=\"font-size: inherit; text-align: justify;\">Se han detectado dos diferentes morfolog\u00edas en la martensita formada en aceros (Figura 2). La martensita que aparece en la mayor\u00eda de los aceros con contenido de carbono inferior al 0.6% se denomina <\/span><em style=\"font-size: inherit; text-align: justify;\">martensita en tablillas<\/em><span style=\"font-size: inherit; text-align: justify;\"> o en paquetes, y la que aparece en aceros con porcentajes de carbono superiores al 1% se designa <\/span><em style=\"font-size: inherit; text-align: justify;\">martensita lenticular<\/em><span style=\"font-size: inherit; text-align: justify;\">. En aceros con porcentajes entre 0.6% y 1% aparece martensita con ambas morfolog\u00edas.<\/span><\/p>\n<p><\/center><center><\/p>\n<div id=\"attachment_1314\" style=\"width: 533px\" class=\"wp-caption aligncenter\"><img loading=\"lazy\" decoding=\"async\" aria-describedby=\"caption-attachment-1314\" class=\"wp-image-1314\" src=\"http:\/\/grupo.us.es\/derematerialia\/practicas-metalograficas\/wp-content\/uploads\/sites\/2\/2020\/10\/Fig-12-9.jpg\" alt=\"\" width=\"523\" height=\"187\" srcset=\"https:\/\/grupo.us.es\/derematerialia\/practicas-metalograficas\/wp-content\/uploads\/sites\/2\/2020\/10\/Fig-12-9.jpg 1889w, https:\/\/grupo.us.es\/derematerialia\/practicas-metalograficas\/wp-content\/uploads\/sites\/2\/2020\/10\/Fig-12-9-300x107.jpg 300w, https:\/\/grupo.us.es\/derematerialia\/practicas-metalograficas\/wp-content\/uploads\/sites\/2\/2020\/10\/Fig-12-9-1024x366.jpg 1024w, https:\/\/grupo.us.es\/derematerialia\/practicas-metalograficas\/wp-content\/uploads\/sites\/2\/2020\/10\/Fig-12-9-768x274.jpg 768w, https:\/\/grupo.us.es\/derematerialia\/practicas-metalograficas\/wp-content\/uploads\/sites\/2\/2020\/10\/Fig-12-9-1536x549.jpg 1536w, https:\/\/grupo.us.es\/derematerialia\/practicas-metalograficas\/wp-content\/uploads\/sites\/2\/2020\/10\/Fig-12-9-900x322.jpg 900w, https:\/\/grupo.us.es\/derematerialia\/practicas-metalograficas\/wp-content\/uploads\/sites\/2\/2020\/10\/Fig-12-9-1280x457.jpg 1280w\" sizes=\"(max-width: 523px) 100vw, 523px\" \/><p id=\"caption-attachment-1314\" class=\"wp-caption-text\">Figura 2<\/p><\/div>\n<p><\/center><\/p>\n","protected":false},"excerpt":{"rendered":"<p>Surge a partir de realizar enfriamientos r\u00e1pidos a un acero al carbono. Si el enfriamiento es lo suficientemente brusco, se produce una transformaci\u00f3n de fase sin que intervenga la difusi\u00f3n (transformaci\u00f3n martens\u00edtica). Sin el concurso de los mecanismos difusivos, los \u00e1tomos de carbono ven impedido su movimiento por lo que quedan atrapados en la red [&hellip;]<\/p>\n","protected":false},"author":1,"featured_media":0,"parent":0,"menu_order":0,"comment_status":"closed","ping_status":"closed","template":"","meta":{"ngg_post_thumbnail":0,"footnotes":"","_mc_calendar":[]},"_links":{"self":[{"href":"https:\/\/grupo.us.es\/derematerialia\/practicas-metalograficas\/wp-json\/wp\/v2\/pages\/179"}],"collection":[{"href":"https:\/\/grupo.us.es\/derematerialia\/practicas-metalograficas\/wp-json\/wp\/v2\/pages"}],"about":[{"href":"https:\/\/grupo.us.es\/derematerialia\/practicas-metalograficas\/wp-json\/wp\/v2\/types\/page"}],"author":[{"embeddable":true,"href":"https:\/\/grupo.us.es\/derematerialia\/practicas-metalograficas\/wp-json\/wp\/v2\/users\/1"}],"replies":[{"embeddable":true,"href":"https:\/\/grupo.us.es\/derematerialia\/practicas-metalograficas\/wp-json\/wp\/v2\/comments?post=179"}],"version-history":[{"count":5,"href":"https:\/\/grupo.us.es\/derematerialia\/practicas-metalograficas\/wp-json\/wp\/v2\/pages\/179\/revisions"}],"predecessor-version":[{"id":1449,"href":"https:\/\/grupo.us.es\/derematerialia\/practicas-metalograficas\/wp-json\/wp\/v2\/pages\/179\/revisions\/1449"}],"wp:attachment":[{"href":"https:\/\/grupo.us.es\/derematerialia\/practicas-metalograficas\/wp-json\/wp\/v2\/media?parent=179"}],"curies":[{"name":"wp","href":"https:\/\/api.w.org\/{rel}","templated":true}]}}