{"id":177,"date":"2017-12-17T12:23:32","date_gmt":"2017-12-17T12:23:32","guid":{"rendered":"http:\/\/grupo.us.es\/derematerialia\/practicas-metalograficas\/?page_id=177"},"modified":"2020-10-06T07:58:30","modified_gmt":"2020-10-06T07:58:30","slug":"perlita","status":"publish","type":"page","link":"https:\/\/grupo.us.es\/derematerialia\/practicas-metalograficas\/perlita\/","title":{"rendered":"Perlita"},"content":{"rendered":"<p style=\"text-align: justify;\">El microconstituyente formado por laminillas alternas de <a href=\"http:\/\/grupo.us.es\/derematerialia\/practicas-metalograficas\/ferrita\/\">ferrita<\/a> y <a href=\"http:\/\/grupo.us.es\/derematerialia\/practicas-metalograficas\/cementita\/\">cementita<\/a> se llama <em>perlita<\/em>. Su nombre proviene del hecho de que, observada al microscopio con pocos aumentos, produce una irisaci\u00f3n de la luz semejante a la originada por las perlas. La morfolog\u00eda m\u00e1s com\u00fan de la perlita es la <em>laminar<\/em> (Figura 1), en la que se disponen l\u00e1minas alternas de ferrita y cementita.<\/p>\n<p><center><\/p>\n<div id=\"attachment_323\" style=\"width: 1034px\" class=\"wp-caption aligncenter\"><img loading=\"lazy\" decoding=\"async\" aria-describedby=\"caption-attachment-323\" class=\"size-large wp-image-323\" src=\"http:\/\/grupo.us.es\/derematerialia\/practicas-metalograficas\/wp-content\/uploads\/sites\/2\/2017\/12\/x18-x1000_1-1024x759.jpg\" alt=\"Acero eutectoide x1000\" width=\"1024\" height=\"759\" srcset=\"https:\/\/grupo.us.es\/derematerialia\/practicas-metalograficas\/wp-content\/uploads\/sites\/2\/2017\/12\/x18-x1000_1-1024x759.jpg 1024w, https:\/\/grupo.us.es\/derematerialia\/practicas-metalograficas\/wp-content\/uploads\/sites\/2\/2017\/12\/x18-x1000_1-300x222.jpg 300w, https:\/\/grupo.us.es\/derematerialia\/practicas-metalograficas\/wp-content\/uploads\/sites\/2\/2017\/12\/x18-x1000_1-768x569.jpg 768w\" sizes=\"(max-width: 1024px) 100vw, 1024px\" \/><p id=\"caption-attachment-323\" class=\"wp-caption-text\">Figura 1<\/p><\/div>\n<p style=\"text-align: justify;\"><span style=\"font-size: inherit; text-align: justify;\">Tambi\u00e9n puede aparecer constituida por una matriz ferr\u00edtica sobre la que se distribuye la cementita con morfolog\u00eda esferoidal. Este tipo de perlita se denomina <\/span><em style=\"font-size: inherit; text-align: justify;\">nodular<\/em><span style=\"font-size: inherit; text-align: justify;\"> o <\/span><em style=\"font-size: inherit; text-align: justify;\">esferoidal<\/em><span style=\"font-size: inherit; text-align: justify;\"> (Figura 2).<\/span><\/p>\n<p><\/center><center><\/p>\n<div id=\"attachment_317\" style=\"width: 1034px\" class=\"wp-caption aligncenter\"><img loading=\"lazy\" decoding=\"async\" aria-describedby=\"caption-attachment-317\" class=\"size-large wp-image-317\" src=\"http:\/\/grupo.us.es\/derematerialia\/practicas-metalograficas\/wp-content\/uploads\/sites\/2\/2017\/12\/x17-x400_1-1024x759.jpg\" alt=\"Acero eutectoide recocido x400\" width=\"1024\" height=\"759\" srcset=\"https:\/\/grupo.us.es\/derematerialia\/practicas-metalograficas\/wp-content\/uploads\/sites\/2\/2017\/12\/x17-x400_1-1024x759.jpg 1024w, https:\/\/grupo.us.es\/derematerialia\/practicas-metalograficas\/wp-content\/uploads\/sites\/2\/2017\/12\/x17-x400_1-300x222.jpg 300w, https:\/\/grupo.us.es\/derematerialia\/practicas-metalograficas\/wp-content\/uploads\/sites\/2\/2017\/12\/x17-x400_1-768x569.jpg 768w\" sizes=\"(max-width: 1024px) 100vw, 1024px\" \/><p id=\"caption-attachment-317\" class=\"wp-caption-text\">Figura 2<\/p><\/div>\n<p><\/center><\/p>\n","protected":false},"excerpt":{"rendered":"<p>El microconstituyente formado por laminillas alternas de ferrita y cementita se llama perlita. Su nombre proviene del hecho de que, observada al microscopio con pocos aumentos, produce una irisaci\u00f3n de la luz semejante a la originada por las perlas. La morfolog\u00eda m\u00e1s com\u00fan de la perlita es la laminar (Figura 1), en la que se [&hellip;]<\/p>\n","protected":false},"author":1,"featured_media":0,"parent":0,"menu_order":0,"comment_status":"closed","ping_status":"closed","template":"","meta":{"ngg_post_thumbnail":0,"footnotes":"","_mc_calendar":[]},"_links":{"self":[{"href":"https:\/\/grupo.us.es\/derematerialia\/practicas-metalograficas\/wp-json\/wp\/v2\/pages\/177"}],"collection":[{"href":"https:\/\/grupo.us.es\/derematerialia\/practicas-metalograficas\/wp-json\/wp\/v2\/pages"}],"about":[{"href":"https:\/\/grupo.us.es\/derematerialia\/practicas-metalograficas\/wp-json\/wp\/v2\/types\/page"}],"author":[{"embeddable":true,"href":"https:\/\/grupo.us.es\/derematerialia\/practicas-metalograficas\/wp-json\/wp\/v2\/users\/1"}],"replies":[{"embeddable":true,"href":"https:\/\/grupo.us.es\/derematerialia\/practicas-metalograficas\/wp-json\/wp\/v2\/comments?post=177"}],"version-history":[{"count":6,"href":"https:\/\/grupo.us.es\/derematerialia\/practicas-metalograficas\/wp-json\/wp\/v2\/pages\/177\/revisions"}],"predecessor-version":[{"id":1507,"href":"https:\/\/grupo.us.es\/derematerialia\/practicas-metalograficas\/wp-json\/wp\/v2\/pages\/177\/revisions\/1507"}],"wp:attachment":[{"href":"https:\/\/grupo.us.es\/derematerialia\/practicas-metalograficas\/wp-json\/wp\/v2\/media?parent=177"}],"curies":[{"name":"wp","href":"https:\/\/api.w.org\/{rel}","templated":true}]}}