{"id":175,"date":"2017-12-17T12:22:37","date_gmt":"2017-12-17T12:22:37","guid":{"rendered":"http:\/\/grupo.us.es\/derematerialia\/practicas-metalograficas\/?page_id=175"},"modified":"2020-10-02T10:25:14","modified_gmt":"2020-10-02T10:25:14","slug":"cementita","status":"publish","type":"page","link":"https:\/\/grupo.us.es\/derematerialia\/practicas-metalograficas\/cementita\/","title":{"rendered":"Cementita"},"content":{"rendered":"<p style=\"text-align: justify;\">La <em>cementita<\/em>, a diferencia de las fases del acero vistas hasta ahora, no es una soluci\u00f3n s\u00f3lida, sino un compuesto intersticial de carbono en hierro con estructura ortorr\u00f3mbica y un contenido en carbono del 6.69%. La mayor fortaleza de su enlace hace que sea m\u00e1s duro y fr\u00e1gil que la <a href=\"http:\/\/grupo.us.es\/derematerialia\/practicas-metalograficas\/ferrita\/\">ferrita<\/a>, y que la <a href=\"http:\/\/grupo.us.es\/derematerialia\/practicas-metalograficas\/austenita\/\">austenita<\/a>.<\/p>\n<p style=\"text-align: justify;\">En los aceros, la cementita libre (no asociada con otras fases) suele aparecer en los aceros <a href=\"http:\/\/grupo.us.es\/derematerialia\/practicas-metalograficas\/acero-1-3-c\/\">hipereutectoides<\/a> formando una red continua enmarcando una estructura formada por colonias de perlita. A este tipo de cementita se le conoce como <em>cementita secundaria<\/em>. Tambi\u00e9n, aparece como consecuencia de una precipitaci\u00f3n en estado s\u00f3lido en aceros con muy poco carbono, como consecuencia de la disminuci\u00f3n de la solubilidad del mismo por debajo de la temperatura de transformaci\u00f3n eutectoide. A esta se la denomina <em>cementita terciaria<\/em>.<\/p>\n<p style=\"text-align: justify;\">La cementita no libre aparece asociada a la ferrita, formando <a href=\"http:\/\/grupo.us.es\/derematerialia\/practicas-metalograficas\/perlita\/\">perlita<\/a>, adoptando una disposici\u00f3n de l\u00e1minas alternas de una y otra fase.<\/p>\n","protected":false},"excerpt":{"rendered":"<p>La cementita, a diferencia de las fases del acero vistas hasta ahora, no es una soluci\u00f3n s\u00f3lida, sino un compuesto intersticial de carbono en hierro con estructura ortorr\u00f3mbica y un contenido en carbono del 6.69%. La mayor fortaleza de su enlace hace que sea m\u00e1s duro y fr\u00e1gil que la ferrita, y que la austenita. [&hellip;]<\/p>\n","protected":false},"author":1,"featured_media":0,"parent":0,"menu_order":0,"comment_status":"closed","ping_status":"closed","template":"","meta":{"ngg_post_thumbnail":0,"footnotes":"","_mc_calendar":[]},"_links":{"self":[{"href":"https:\/\/grupo.us.es\/derematerialia\/practicas-metalograficas\/wp-json\/wp\/v2\/pages\/175"}],"collection":[{"href":"https:\/\/grupo.us.es\/derematerialia\/practicas-metalograficas\/wp-json\/wp\/v2\/pages"}],"about":[{"href":"https:\/\/grupo.us.es\/derematerialia\/practicas-metalograficas\/wp-json\/wp\/v2\/types\/page"}],"author":[{"embeddable":true,"href":"https:\/\/grupo.us.es\/derematerialia\/practicas-metalograficas\/wp-json\/wp\/v2\/users\/1"}],"replies":[{"embeddable":true,"href":"https:\/\/grupo.us.es\/derematerialia\/practicas-metalograficas\/wp-json\/wp\/v2\/comments?post=175"}],"version-history":[{"count":3,"href":"https:\/\/grupo.us.es\/derematerialia\/practicas-metalograficas\/wp-json\/wp\/v2\/pages\/175\/revisions"}],"predecessor-version":[{"id":1331,"href":"https:\/\/grupo.us.es\/derematerialia\/practicas-metalograficas\/wp-json\/wp\/v2\/pages\/175\/revisions\/1331"}],"wp:attachment":[{"href":"https:\/\/grupo.us.es\/derematerialia\/practicas-metalograficas\/wp-json\/wp\/v2\/media?parent=175"}],"curies":[{"name":"wp","href":"https:\/\/api.w.org\/{rel}","templated":true}]}}