{"id":173,"date":"2017-12-17T12:21:21","date_gmt":"2017-12-17T12:21:21","guid":{"rendered":"http:\/\/grupo.us.es\/derematerialia\/practicas-metalograficas\/?page_id=173"},"modified":"2020-10-06T07:55:29","modified_gmt":"2020-10-06T07:55:29","slug":"ferrita","status":"publish","type":"page","link":"https:\/\/grupo.us.es\/derematerialia\/practicas-metalograficas\/ferrita\/","title":{"rendered":"Ferrita"},"content":{"rendered":"<p style=\"text-align: justify;\">Es una soluci\u00f3n s\u00f3lida intersticial de carbono en una red c\u00fabica centrada en el interior (CCI) de hierro. La cantidad m\u00e1xima de carbono que es capaz de disolver, 0.022%, lo consigue a 727 \u00baC, mientras que a temperatura ambiente s\u00f3lo disuelve un 0.008% C. En cualquier caso, la cantidad de carbono que puede incorporar es muy peque\u00f1a, lo que unido a que se trata de una soluci\u00f3n s\u00f3lida hace que sea la estructura m\u00e1s blanda que puede aparecer en un acero a temperatura ambiente. Su resistencia es de unos 28 kg\/mm<sup>2<\/sup>. Morfol\u00f3gicamente suele aparecer con geometr\u00eda equiaxial (Figura 1), en forma de l\u00e1minas (como consecuencia de una transformaci\u00f3n eutectoide), o con estructura de Widmanst\u00e4tten (Figura 2).<\/p>\n<p><center><img decoding=\"async\" src=\"http:\/\/grupo.us.es\/derematerialia\/practicas-metalograficas\/wp-content\/uploads\/sites\/2\/2017\/12\/x28-x200_1-1024x759.jpg\" alt=\"Hierro x200\" width=\"600\" \/>Figura 1<\/center><center><img decoding=\"async\" src=\"http:\/\/grupo.us.es\/derematerialia\/practicas-metalograficas\/wp-content\/uploads\/sites\/2\/2018\/01\/P2-x10-1024x768.jpg\" alt=\"Acero 0.2 C\" width=\"600\" \/>Figura 2<\/center><\/p>\n","protected":false},"excerpt":{"rendered":"<p>Es una soluci\u00f3n s\u00f3lida intersticial de carbono en una red c\u00fabica centrada en el interior (CCI) de hierro. La cantidad m\u00e1xima de carbono que es capaz de disolver, 0.022%, lo consigue a 727 \u00baC, mientras que a temperatura ambiente s\u00f3lo disuelve un 0.008% C. En cualquier caso, la cantidad de carbono que puede incorporar es [&hellip;]<\/p>\n","protected":false},"author":1,"featured_media":0,"parent":0,"menu_order":0,"comment_status":"closed","ping_status":"closed","template":"","meta":{"ngg_post_thumbnail":0,"footnotes":"","_mc_calendar":[]},"_links":{"self":[{"href":"https:\/\/grupo.us.es\/derematerialia\/practicas-metalograficas\/wp-json\/wp\/v2\/pages\/173"}],"collection":[{"href":"https:\/\/grupo.us.es\/derematerialia\/practicas-metalograficas\/wp-json\/wp\/v2\/pages"}],"about":[{"href":"https:\/\/grupo.us.es\/derematerialia\/practicas-metalograficas\/wp-json\/wp\/v2\/types\/page"}],"author":[{"embeddable":true,"href":"https:\/\/grupo.us.es\/derematerialia\/practicas-metalograficas\/wp-json\/wp\/v2\/users\/1"}],"replies":[{"embeddable":true,"href":"https:\/\/grupo.us.es\/derematerialia\/practicas-metalograficas\/wp-json\/wp\/v2\/comments?post=173"}],"version-history":[{"count":7,"href":"https:\/\/grupo.us.es\/derematerialia\/practicas-metalograficas\/wp-json\/wp\/v2\/pages\/173\/revisions"}],"predecessor-version":[{"id":1443,"href":"https:\/\/grupo.us.es\/derematerialia\/practicas-metalograficas\/wp-json\/wp\/v2\/pages\/173\/revisions\/1443"}],"wp:attachment":[{"href":"https:\/\/grupo.us.es\/derematerialia\/practicas-metalograficas\/wp-json\/wp\/v2\/media?parent=173"}],"curies":[{"name":"wp","href":"https:\/\/api.w.org\/{rel}","templated":true}]}}