{"id":160,"date":"2017-12-17T12:08:55","date_gmt":"2017-12-17T12:08:55","guid":{"rendered":"http:\/\/grupo.us.es\/derematerialia\/practicas-metalograficas\/?page_id=160"},"modified":"2020-02-06T10:42:26","modified_gmt":"2020-02-06T10:42:26","slug":"aleacion-al-4-cu-moldeada-en-arena","status":"publish","type":"page","link":"https:\/\/grupo.us.es\/derematerialia\/practicas-metalograficas\/aleacion-al-4-cu-moldeada-en-arena\/","title":{"rendered":"Aleaci\u00f3n Al -(4 % Cu); moldeada en arena"},"content":{"rendered":"<p style=\"text-align: justify;\">Se precipita en primer lugar la fase primaria k , que muestra una evidente microsegregaci\u00f3n (amplio margen de la zona bif\u00e1sica e intervalo de temperatura de transformaci\u00f3n grande).<\/p>\n<p style=\"text-align: justify;\">A mayor resoluci\u00f3n se observa la presencia de una peque\u00f1a cantidad del agregado eut\u00e9ctico ( k + q ) en forma de laminillas alternadas situado en los l\u00edmites de grano. Se debe a que el enfriamiento se ha realizado demasiado r\u00e1pido, es decir, en condiciones de no-equilibrio, enriqueci\u00e9ndose el l\u00edquido en cobre. Este fen\u00f3meno se denomina &#8220;quemado&#8221; y se considera perjudicial porque puede aparecer l\u00edquido al calentar la aleaci\u00f3n, a temperaturas m\u00e1s bajas que las esperadas para esta aleaci\u00f3n en condiciones de equilibrio. Por \u00faltimo, el enfriamiento r\u00e1pido hace que de la fase k no haya segregado la fase. Diagrama de equilibrio.<\/p>\n<p><center><img decoding=\"async\" src=\"http:\/\/grupo.us.es\/derematerialia\/practicas-metalograficas\/wp-content\/uploads\/sites\/2\/2017\/12\/x16-x50_1-1024x759.jpg\" alt=\"Al 4-Cu x50\" width=\"600\" \/>x50<\/center><center><img decoding=\"async\" src=\"http:\/\/grupo.us.es\/derematerialia\/practicas-metalograficas\/wp-content\/uploads\/sites\/2\/2017\/12\/x16-x200_1-1024x759.jpg\" alt=\"Al 4-Cu x200\" width=\"600\" \/>x200<\/center><\/p>\n","protected":false},"excerpt":{"rendered":"<p>Se precipita en primer lugar la fase primaria k , que muestra una evidente microsegregaci\u00f3n (amplio margen de la zona bif\u00e1sica e intervalo de temperatura de transformaci\u00f3n grande). A mayor resoluci\u00f3n se observa la presencia de una peque\u00f1a cantidad del agregado eut\u00e9ctico ( k + q ) en forma de laminillas alternadas situado en los [&hellip;]<\/p>\n","protected":false},"author":1,"featured_media":0,"parent":0,"menu_order":0,"comment_status":"closed","ping_status":"closed","template":"","meta":{"ngg_post_thumbnail":0,"footnotes":"","_mc_calendar":[]},"_links":{"self":[{"href":"https:\/\/grupo.us.es\/derematerialia\/practicas-metalograficas\/wp-json\/wp\/v2\/pages\/160"}],"collection":[{"href":"https:\/\/grupo.us.es\/derematerialia\/practicas-metalograficas\/wp-json\/wp\/v2\/pages"}],"about":[{"href":"https:\/\/grupo.us.es\/derematerialia\/practicas-metalograficas\/wp-json\/wp\/v2\/types\/page"}],"author":[{"embeddable":true,"href":"https:\/\/grupo.us.es\/derematerialia\/practicas-metalograficas\/wp-json\/wp\/v2\/users\/1"}],"replies":[{"embeddable":true,"href":"https:\/\/grupo.us.es\/derematerialia\/practicas-metalograficas\/wp-json\/wp\/v2\/comments?post=160"}],"version-history":[{"count":4,"href":"https:\/\/grupo.us.es\/derematerialia\/practicas-metalograficas\/wp-json\/wp\/v2\/pages\/160\/revisions"}],"predecessor-version":[{"id":1264,"href":"https:\/\/grupo.us.es\/derematerialia\/practicas-metalograficas\/wp-json\/wp\/v2\/pages\/160\/revisions\/1264"}],"wp:attachment":[{"href":"https:\/\/grupo.us.es\/derematerialia\/practicas-metalograficas\/wp-json\/wp\/v2\/media?parent=160"}],"curies":[{"name":"wp","href":"https:\/\/api.w.org\/{rel}","templated":true}]}}