{"id":1468,"date":"2020-11-10T06:48:19","date_gmt":"2020-11-10T06:48:19","guid":{"rendered":"http:\/\/grupo.us.es\/derematerialia\/practicas-metalograficas\/?page_id=1468"},"modified":"2022-02-08T08:17:26","modified_gmt":"2022-02-08T08:17:26","slug":"galeria-de-los-horrores","status":"publish","type":"page","link":"https:\/\/grupo.us.es\/derematerialia\/practicas-metalograficas\/galeria-de-los-horrores\/","title":{"rendered":"Galer\u00eda de los horrores"},"content":{"rendered":"\n<p><strong>MACROGRAF\u00cdAS DE MUESTRAS DESBASTADAS<\/strong><\/p>\n<p style=\"text-align: justify;\">La siguiente imagen corresponde a una macrograf\u00eda de una muestra de acero que ha superado correctamente la etapa de desbaste fino.<\/p>\n<center><img loading=\"lazy\" decoding=\"async\" src=\"http:\/\/grupo.us.es\/derematerialia\/practicas-metalograficas\/wp-content\/uploads\/sites\/2\/2020\/11\/macro-bien-lijada-scaled.jpg\" alt=\"\" width=\"2560\" height=\"1360\" \/><strong><em>Muestra 1<\/em><\/strong><\/center>\n<p style=\"text-align: justify;\">Desgraciadamente el proceso de desbaste requiere cierto entrenamiento y algo de pericia. Las dos im\u00e1genes macrogr\u00e1ficas que siguen (Muestras 2 y 3) corresponden a muestras similares a la anterior, pero que han sido preparadas por manos inexpertas.<\/p>\n<center><img loading=\"lazy\" decoding=\"async\" src=\"http:\/\/grupo.us.es\/derematerialia\/practicas-metalograficas\/wp-content\/uploads\/sites\/2\/2020\/11\/macro-mal-lijada-scaled.jpg\" alt=\"\" width=\"2560\" height=\"1428\" \/><strong><em>Muestra 2<\/em><\/strong><\/center><center><img loading=\"lazy\" decoding=\"async\" src=\"http:\/\/grupo.us.es\/derematerialia\/practicas-metalograficas\/wp-content\/uploads\/sites\/2\/2020\/11\/macro-dos-planos.jpg\" alt=\"\" width=\"2532\" height=\"1288\" \/><strong><em>Muestra 3<\/em><\/strong><\/center>\n<p><strong><em>Cuesti\u00f3n 1.<\/em><\/strong><em> \u00bfPodr\u00eda se\u00f1alar las diferencias y decir qu\u00e9 se hizo mal en cada caso?<\/em><\/p>\n<p>\u00a0<\/p>\n<p><strong>MICROGRAF\u00cdAS DE MUESTRAS DESBASTADAS<\/strong><\/p>\n<p style=\"text-align: justify;\">Los aparentemente peque\u00f1os defectos de preparaci\u00f3n se vuelven inaceptables cuando se observan al microscopio. La primera imagen corresponde a una micrograf\u00eda (obtenida a trav\u00e9s de microscop\u00eda \u00f3ptica) de una muestra que ha sido correctamente desbastada.<\/p>\n<center><img loading=\"lazy\" decoding=\"async\" src=\"http:\/\/grupo.us.es\/derematerialia\/practicas-metalograficas\/wp-content\/uploads\/sites\/2\/2020\/11\/micrografia-bien-lijada-scaled.jpg\" alt=\"\" width=\"2560\" height=\"1820\" \/><strong><em>Muestra 1<\/em><\/strong><\/center>\n<p style=\"text-align: justify;\">Esta segunda imagen corresponde a una micrograf\u00eda de una muestra id\u00e9ntica, pero mal desbastada.<\/p>\n<center><img loading=\"lazy\" decoding=\"async\" src=\"http:\/\/grupo.us.es\/derematerialia\/practicas-metalograficas\/wp-content\/uploads\/sites\/2\/2020\/11\/micrografia-mal-lijada-scaled.jpg\" alt=\"\" width=\"2560\" height=\"1820\" \/><strong><em>Muestra 2<\/em><\/strong><\/center>\n<p><strong><em>Cuesti\u00f3n 2. <\/em><\/strong><em>\u00bfPodr\u00eda se\u00f1alar las principales diferencias y a qu\u00e9 cree que se debieron?<\/em><\/p>\n<p>\u00a0<\/p>\n<p><strong>MICROGRAF\u00cdAS DE MUESTRAS COMPLETAMENTE PREPARADAS<\/strong><\/p>\n<p style=\"text-align: justify;\">La primera imagen corresponde a una muestra de acero del 0.35%C que ha sido correctamente preparada por un t\u00e9cnico experto.<\/p>\n<p><img loading=\"lazy\" decoding=\"async\" class=\"size-full wp-image-349\" src=\"http:\/\/grupo.us.es\/derematerialia\/practicas-metalograficas\/wp-content\/uploads\/sites\/2\/2017\/12\/x24-x50_1.jpg\" alt=\"Acero normalizado x50\" width=\"2080\" height=\"1542\" srcset=\"https:\/\/grupo.us.es\/derematerialia\/practicas-metalograficas\/wp-content\/uploads\/sites\/2\/2017\/12\/x24-x50_1.jpg 2080w, https:\/\/grupo.us.es\/derematerialia\/practicas-metalograficas\/wp-content\/uploads\/sites\/2\/2017\/12\/x24-x50_1-300x222.jpg 300w, https:\/\/grupo.us.es\/derematerialia\/practicas-metalograficas\/wp-content\/uploads\/sites\/2\/2017\/12\/x24-x50_1-768x569.jpg 768w, https:\/\/grupo.us.es\/derematerialia\/practicas-metalograficas\/wp-content\/uploads\/sites\/2\/2017\/12\/x24-x50_1-1024x759.jpg 1024w\" sizes=\"(max-width: 2080px) 100vw, 2080px\" \/><\/p>\n<p style=\"text-align: center;\"><strong><em>Muestra 1<\/em><\/strong><\/p>\n<center><img loading=\"lazy\" decoding=\"async\" src=\"http:\/\/grupo.us.es\/derematerialia\/practicas-metalograficas\/wp-content\/uploads\/sites\/2\/2020\/11\/mal-pulida-acero-0.35-C-x50-scaled.jpg\" alt=\"\" width=\"2560\" height=\"1820\" \/><strong><em>Muestra 2<\/em><\/strong><\/center><center><img loading=\"lazy\" decoding=\"async\" src=\"http:\/\/grupo.us.es\/derematerialia\/practicas-metalograficas\/wp-content\/uploads\/sites\/2\/2020\/11\/mal-pulida-y-falta-de-planitud-acero-0.35-C-x50-scaled.jpg\" alt=\"\" width=\"2560\" height=\"1820\" \/><strong>Muestra 3<\/strong><\/center>\n<p><strong><em>Cuesti\u00f3n 3.<\/em><\/strong><em> \u00bfPodr\u00eda se\u00f1alar los defectos presentes en cada una de las micrograf\u00edas mostradas?<\/em><\/p>\n<p>En esta \u00faltima, la etapa de ataque se encomend\u00f3 a un principiante.<\/p>\n<center><img loading=\"lazy\" decoding=\"async\" src=\"http:\/\/grupo.us.es\/derematerialia\/practicas-metalograficas\/wp-content\/uploads\/sites\/2\/2020\/11\/sobreatacada-acero-0.35-C-x50-scaled.jpg\" alt=\"\" width=\"2560\" height=\"1820\" \/><strong><em>Muestra 4<\/em><\/strong><\/center>\n<p><strong><em>\u00a0<\/em><\/strong><strong><em>Cuesti\u00f3n 4.<\/em><\/strong><em> \u00bfRealiz\u00f3 bien el ataque qu\u00edmico?<\/em><\/p>\n","protected":false},"excerpt":{"rendered":"<p>MACROGRAF\u00cdAS DE MUESTRAS DESBASTADAS La siguiente imagen corresponde a una macrograf\u00eda de una muestra de acero que ha superado correctamente la etapa de desbaste fino. Muestra 1 Desgraciadamente el proceso de desbaste requiere cierto entrenamiento y algo de pericia. Las dos im\u00e1genes macrogr\u00e1ficas que siguen (Muestras 2 y 3) corresponden a muestras similares a la [&hellip;]<\/p>\n","protected":false},"author":1,"featured_media":0,"parent":0,"menu_order":0,"comment_status":"closed","ping_status":"closed","template":"","meta":{"ngg_post_thumbnail":0,"footnotes":"","_mc_calendar":[]},"_links":{"self":[{"href":"https:\/\/grupo.us.es\/derematerialia\/practicas-metalograficas\/wp-json\/wp\/v2\/pages\/1468"}],"collection":[{"href":"https:\/\/grupo.us.es\/derematerialia\/practicas-metalograficas\/wp-json\/wp\/v2\/pages"}],"about":[{"href":"https:\/\/grupo.us.es\/derematerialia\/practicas-metalograficas\/wp-json\/wp\/v2\/types\/page"}],"author":[{"embeddable":true,"href":"https:\/\/grupo.us.es\/derematerialia\/practicas-metalograficas\/wp-json\/wp\/v2\/users\/1"}],"replies":[{"embeddable":true,"href":"https:\/\/grupo.us.es\/derematerialia\/practicas-metalograficas\/wp-json\/wp\/v2\/comments?post=1468"}],"version-history":[{"count":9,"href":"https:\/\/grupo.us.es\/derematerialia\/practicas-metalograficas\/wp-json\/wp\/v2\/pages\/1468\/revisions"}],"predecessor-version":[{"id":1501,"href":"https:\/\/grupo.us.es\/derematerialia\/practicas-metalograficas\/wp-json\/wp\/v2\/pages\/1468\/revisions\/1501"}],"wp:attachment":[{"href":"https:\/\/grupo.us.es\/derematerialia\/practicas-metalograficas\/wp-json\/wp\/v2\/media?parent=1468"}],"curies":[{"name":"wp","href":"https:\/\/api.w.org\/{rel}","templated":true}]}}