{"id":1431,"date":"2020-10-05T11:29:07","date_gmt":"2020-10-05T11:29:07","guid":{"rendered":"http:\/\/grupo.us.es\/derematerialia\/practicas-metalograficas\/?page_id=1431"},"modified":"2020-10-05T11:32:17","modified_gmt":"2020-10-05T11:32:17","slug":"diagrama-fe-c-y-clasificacion","status":"publish","type":"page","link":"https:\/\/grupo.us.es\/derematerialia\/practicas-metalograficas\/diagrama-fe-c-y-clasificacion\/","title":{"rendered":"Diagrama Fe-C y Clasificaci\u00f3n"},"content":{"rendered":"\n<p style=\"text-align: justify;\">El diagrama Fe-C (Figura 1) es un diagrama de equilibrio estable, porque todas las fases que en \u00e9l aparecen son verdaderamente de equilibrio, esto es, de equilibrio estable. El enfriamiento lento de una aleaci\u00f3n de hierro y carbono es uno de los modos mediante el cual se promueve la <em style=\"font-size: inherit; text-align: justify;\">grafitizaci\u00f3n<\/em><span style=\"font-size: inherit; text-align: justify;\"> (esto es, la formaci\u00f3n de grafito en lugar de cementita). Por tanto, en el caso de que se realicen enfriamientos lentos y\/o si los contenidos de carbono son muy altos, el material tiende a evolucionar seg\u00fan el diagrama estable Fe-C (l\u00ednea continua en Figura 1), y aparecer\u00e1n las fases estables ferrita (<\/span><em style=\"font-size: inherit; text-align: justify;\">\u03b1<\/em><span style=\"font-size: inherit; text-align: justify;\">) y carbono (grafito, C<\/span><sub style=\"text-align: justify;\">(<em>gr<\/em>)<\/sub><span style=\"font-size: inherit; text-align: justify;\">). Si el enfriamiento se realiza a mayores ritmos, la tendencia es a evolucionar seg\u00fan el <a href=\"http:\/\/grupo.us.es\/derematerialia\/practicas-metalograficas\/diagrama-fe-c\/\">diagrama metaestable Fe-Fe<\/a><\/span><a href=\"_wp_link_placeholder\"><sub style=\"text-align: justify;\">3<\/sub><\/a><span style=\"font-size: inherit; text-align: justify;\"><span style=\"font-size: inherit; text-align: justify;\"><a href=\"_wp_link_placeholder\">C<\/a> (l\u00edneas azules discontinuas en Figura 1), con lo cual se formar\u00e1, preferentemente, cementita en lugar de grafito.<\/span><\/span><\/p>\n<div id=\"attachment_1293\" style=\"width: 1617px\" class=\"wp-caption aligncenter\"><img loading=\"lazy\" decoding=\"async\" aria-describedby=\"caption-attachment-1293\" class=\"wp-image-1293 size-full\" src=\"http:\/\/grupo.us.es\/derematerialia\/practicas-metalograficas\/wp-content\/uploads\/sites\/2\/2020\/10\/Fig-12-28.jpg\" alt=\"\" width=\"1607\" height=\"1176\" srcset=\"https:\/\/grupo.us.es\/derematerialia\/practicas-metalograficas\/wp-content\/uploads\/sites\/2\/2020\/10\/Fig-12-28.jpg 1607w, https:\/\/grupo.us.es\/derematerialia\/practicas-metalograficas\/wp-content\/uploads\/sites\/2\/2020\/10\/Fig-12-28-300x220.jpg 300w, https:\/\/grupo.us.es\/derematerialia\/practicas-metalograficas\/wp-content\/uploads\/sites\/2\/2020\/10\/Fig-12-28-1024x749.jpg 1024w, https:\/\/grupo.us.es\/derematerialia\/practicas-metalograficas\/wp-content\/uploads\/sites\/2\/2020\/10\/Fig-12-28-768x562.jpg 768w, https:\/\/grupo.us.es\/derematerialia\/practicas-metalograficas\/wp-content\/uploads\/sites\/2\/2020\/10\/Fig-12-28-1536x1124.jpg 1536w, https:\/\/grupo.us.es\/derematerialia\/practicas-metalograficas\/wp-content\/uploads\/sites\/2\/2020\/10\/Fig-12-28-900x659.jpg 900w, https:\/\/grupo.us.es\/derematerialia\/practicas-metalograficas\/wp-content\/uploads\/sites\/2\/2020\/10\/Fig-12-28-1280x937.jpg 1280w\" sizes=\"(max-width: 1607px) 100vw, 1607px\" \/><p id=\"caption-attachment-1293\" class=\"wp-caption-text\"><center>Figura 1<\/center><\/p><\/div>\n<p style=\"text-align: justify;\">La tendencia a la formaci\u00f3n de grafito en lugar de cementita no s\u00f3lo se ve favorecida por los enfriamientos lentos y el mayor contenido de carbono, sino tambi\u00e9n por: (1) altos contenidos de silicio (tambi\u00e9n de n\u00edquel y f\u00f3sforo), (2) exposici\u00f3n prolongada a altas temperaturas, y (3) ausencia de elementos formadores de carburos, como el Cr, el Mo, etc.<\/p>\n<p style=\"text-align: justify;\">Todos estos aspectos hacen que las fundiciones presenten un variad\u00edsimo repertorio de microestructuras, en funci\u00f3n de las cuales se clasifican. Para el estudio de estas microestructuras, resulta muy \u00fatil dividir el diagrama Fe-C en tres regiones (marcadas como I, II y III en la Figura 2). Los ritmos de enfriamiento entre las diferentes zonas, favorecer\u00e1n o no la aparici\u00f3n de grafito, cementita e incluso martensita (en el caso de enfriamientos muy severos) condicionando la microestructura de la fundici\u00f3n y el tipo entre las que se clasifica.<\/p>\n<div id=\"attachment_1305\" style=\"width: 1617px\" class=\"wp-caption aligncenter\"><img loading=\"lazy\" decoding=\"async\" aria-describedby=\"caption-attachment-1305\" class=\"wp-image-1305 size-full\" src=\"http:\/\/grupo.us.es\/derematerialia\/practicas-metalograficas\/wp-content\/uploads\/sites\/2\/2020\/10\/Fig-12-30.jpg\" alt=\"\" width=\"1607\" height=\"1141\" srcset=\"https:\/\/grupo.us.es\/derematerialia\/practicas-metalograficas\/wp-content\/uploads\/sites\/2\/2020\/10\/Fig-12-30.jpg 1607w, https:\/\/grupo.us.es\/derematerialia\/practicas-metalograficas\/wp-content\/uploads\/sites\/2\/2020\/10\/Fig-12-30-300x213.jpg 300w, https:\/\/grupo.us.es\/derematerialia\/practicas-metalograficas\/wp-content\/uploads\/sites\/2\/2020\/10\/Fig-12-30-1024x727.jpg 1024w, https:\/\/grupo.us.es\/derematerialia\/practicas-metalograficas\/wp-content\/uploads\/sites\/2\/2020\/10\/Fig-12-30-768x545.jpg 768w, https:\/\/grupo.us.es\/derematerialia\/practicas-metalograficas\/wp-content\/uploads\/sites\/2\/2020\/10\/Fig-12-30-1536x1091.jpg 1536w, https:\/\/grupo.us.es\/derematerialia\/practicas-metalograficas\/wp-content\/uploads\/sites\/2\/2020\/10\/Fig-12-30-900x639.jpg 900w, https:\/\/grupo.us.es\/derematerialia\/practicas-metalograficas\/wp-content\/uploads\/sites\/2\/2020\/10\/Fig-12-30-1280x909.jpg 1280w\" sizes=\"(max-width: 1607px) 100vw, 1607px\" \/><p id=\"caption-attachment-1305\" class=\"wp-caption-text\"><center>Figura 2<\/center><\/p><\/div>\n<p style=\"text-align: justify;\">Tal y como se muestra en el esquema de la Figura 3, hay cuatro tipos principales de fundiciones: <em>blancas<\/em>, <em>maleables<\/em>, <em>grises<\/em> y <em>nodulares<\/em>. En dicho esquema se indica la morfolog\u00eda del grafito, en caso de que aparezca, el diagrama de fases aplicable, y el ritmo de enfriamiento que es necesario aplicar en cada regi\u00f3n para obtenerla. En los siguientes apartados analizaremos cada una de ellas, haciendo hincapi\u00e9 en sus caracter\u00edsticas microestructurales, que son las que determinan sus propiedades macrosc\u00f3picas y permiten identificarlas sin error.<\/p>\n<div id=\"attachment_1304\" style=\"width: 2570px\" class=\"wp-caption aligncenter\"><img loading=\"lazy\" decoding=\"async\" aria-describedby=\"caption-attachment-1304\" class=\"wp-image-1304 size-full\" src=\"http:\/\/grupo.us.es\/derematerialia\/practicas-metalograficas\/wp-content\/uploads\/sites\/2\/2020\/10\/Fig-12-31-scaled.jpg\" alt=\"\" width=\"2560\" height=\"2199\" srcset=\"https:\/\/grupo.us.es\/derematerialia\/practicas-metalograficas\/wp-content\/uploads\/sites\/2\/2020\/10\/Fig-12-31-scaled.jpg 2560w, https:\/\/grupo.us.es\/derematerialia\/practicas-metalograficas\/wp-content\/uploads\/sites\/2\/2020\/10\/Fig-12-31-300x258.jpg 300w, https:\/\/grupo.us.es\/derematerialia\/practicas-metalograficas\/wp-content\/uploads\/sites\/2\/2020\/10\/Fig-12-31-1024x880.jpg 1024w, https:\/\/grupo.us.es\/derematerialia\/practicas-metalograficas\/wp-content\/uploads\/sites\/2\/2020\/10\/Fig-12-31-768x660.jpg 768w, https:\/\/grupo.us.es\/derematerialia\/practicas-metalograficas\/wp-content\/uploads\/sites\/2\/2020\/10\/Fig-12-31-1536x1319.jpg 1536w, https:\/\/grupo.us.es\/derematerialia\/practicas-metalograficas\/wp-content\/uploads\/sites\/2\/2020\/10\/Fig-12-31-2048x1759.jpg 2048w, https:\/\/grupo.us.es\/derematerialia\/practicas-metalograficas\/wp-content\/uploads\/sites\/2\/2020\/10\/Fig-12-31-900x773.jpg 900w, https:\/\/grupo.us.es\/derematerialia\/practicas-metalograficas\/wp-content\/uploads\/sites\/2\/2020\/10\/Fig-12-31-1280x1100.jpg 1280w\" sizes=\"(max-width: 2560px) 100vw, 2560px\" \/><p id=\"caption-attachment-1304\" class=\"wp-caption-text\"><center>Figura 3<\/center><\/p><\/div>\n","protected":false},"excerpt":{"rendered":"<p>El diagrama Fe-C (Figura 1) es un diagrama de equilibrio estable, porque todas las fases que en \u00e9l aparecen son verdaderamente de equilibrio, esto es, de equilibrio estable. El enfriamiento lento de una aleaci\u00f3n de hierro y carbono es uno de los modos mediante el cual se promueve la grafitizaci\u00f3n (esto es, la formaci\u00f3n de [&hellip;]<\/p>\n","protected":false},"author":1,"featured_media":0,"parent":0,"menu_order":0,"comment_status":"closed","ping_status":"closed","template":"","meta":{"ngg_post_thumbnail":0,"footnotes":"","_mc_calendar":[]},"_links":{"self":[{"href":"https:\/\/grupo.us.es\/derematerialia\/practicas-metalograficas\/wp-json\/wp\/v2\/pages\/1431"}],"collection":[{"href":"https:\/\/grupo.us.es\/derematerialia\/practicas-metalograficas\/wp-json\/wp\/v2\/pages"}],"about":[{"href":"https:\/\/grupo.us.es\/derematerialia\/practicas-metalograficas\/wp-json\/wp\/v2\/types\/page"}],"author":[{"embeddable":true,"href":"https:\/\/grupo.us.es\/derematerialia\/practicas-metalograficas\/wp-json\/wp\/v2\/users\/1"}],"replies":[{"embeddable":true,"href":"https:\/\/grupo.us.es\/derematerialia\/practicas-metalograficas\/wp-json\/wp\/v2\/comments?post=1431"}],"version-history":[{"count":2,"href":"https:\/\/grupo.us.es\/derematerialia\/practicas-metalograficas\/wp-json\/wp\/v2\/pages\/1431\/revisions"}],"predecessor-version":[{"id":1434,"href":"https:\/\/grupo.us.es\/derematerialia\/practicas-metalograficas\/wp-json\/wp\/v2\/pages\/1431\/revisions\/1434"}],"wp:attachment":[{"href":"https:\/\/grupo.us.es\/derematerialia\/practicas-metalograficas\/wp-json\/wp\/v2\/media?parent=1431"}],"curies":[{"name":"wp","href":"https:\/\/api.w.org\/{rel}","templated":true}]}}