{"id":1391,"date":"2020-10-05T09:55:54","date_gmt":"2020-10-05T09:55:54","guid":{"rendered":"http:\/\/grupo.us.es\/derematerialia\/practicas-metalograficas\/?page_id=1391"},"modified":"2020-10-05T09:55:54","modified_gmt":"2020-10-05T09:55:54","slug":"revenido","status":"publish","type":"page","link":"https:\/\/grupo.us.es\/derematerialia\/practicas-metalograficas\/revenido\/","title":{"rendered":"Revenido"},"content":{"rendered":"\n<p style=\"text-align: justify;\">Como el resto de los tratamientos anteriormente descritos, el revenido consta de las consabidas etapas de calentamiento, mantenimiento de la temperatura y enfriamiento. Su objetivo es el de producir una descomposici\u00f3n parcial de la martensita, de modo que se obtengan estructuras intermedias entre \u00e9sta y las de equilibrio (<em>\u03b1<\/em> y Fe<sub>3<\/sub>C). Para ello, el calentamiento se hace dentro de la regi\u00f3n <em>\u03b1<\/em> + Fe<sub>3<\/sub>C; es decir, por debajo de la temperatura de la transformaci\u00f3n eutectoide. El resultado es un aumento de la <em>ductilidad<\/em> y <em>tenacidad<\/em> del acero, a costa de una disminuci\u00f3n de su <em>resistencia<\/em>. La evoluci\u00f3n de estas propiedades depende de hasta qu\u00e9 grado de completitud se llegue en la transformaci\u00f3n de martensita en ferrita y cementita.<\/p>\n","protected":false},"excerpt":{"rendered":"<p>Como el resto de los tratamientos anteriormente descritos, el revenido consta de las consabidas etapas de calentamiento, mantenimiento de la temperatura y enfriamiento. Su objetivo es el de producir una descomposici\u00f3n parcial de la martensita, de modo que se obtengan estructuras intermedias entre \u00e9sta y las de equilibrio (\u03b1 y Fe3C). Para ello, el calentamiento [&hellip;]<\/p>\n","protected":false},"author":1,"featured_media":0,"parent":0,"menu_order":0,"comment_status":"closed","ping_status":"closed","template":"","meta":{"ngg_post_thumbnail":0,"footnotes":"","_mc_calendar":[]},"_links":{"self":[{"href":"https:\/\/grupo.us.es\/derematerialia\/practicas-metalograficas\/wp-json\/wp\/v2\/pages\/1391"}],"collection":[{"href":"https:\/\/grupo.us.es\/derematerialia\/practicas-metalograficas\/wp-json\/wp\/v2\/pages"}],"about":[{"href":"https:\/\/grupo.us.es\/derematerialia\/practicas-metalograficas\/wp-json\/wp\/v2\/types\/page"}],"author":[{"embeddable":true,"href":"https:\/\/grupo.us.es\/derematerialia\/practicas-metalograficas\/wp-json\/wp\/v2\/users\/1"}],"replies":[{"embeddable":true,"href":"https:\/\/grupo.us.es\/derematerialia\/practicas-metalograficas\/wp-json\/wp\/v2\/comments?post=1391"}],"version-history":[{"count":2,"href":"https:\/\/grupo.us.es\/derematerialia\/practicas-metalograficas\/wp-json\/wp\/v2\/pages\/1391\/revisions"}],"predecessor-version":[{"id":1445,"href":"https:\/\/grupo.us.es\/derematerialia\/practicas-metalograficas\/wp-json\/wp\/v2\/pages\/1391\/revisions\/1445"}],"wp:attachment":[{"href":"https:\/\/grupo.us.es\/derematerialia\/practicas-metalograficas\/wp-json\/wp\/v2\/media?parent=1391"}],"curies":[{"name":"wp","href":"https:\/\/api.w.org\/{rel}","templated":true}]}}